{"id":155,"date":"2010-05-02T10:27:49","date_gmt":"2010-05-02T10:27:49","guid":{"rendered":"https:\/\/2010.denmark.wordcamp.org\/?page_id=155"},"modified":"2010-05-12T18:41:11","modified_gmt":"2010-05-12T18:41:11","slug":"stedet","status":"publish","type":"page","link":"https:\/\/denmark.wordcamp.org\/2010\/stedet\/","title":{"rendered":"Stedet"},"content":{"rendered":"<p><strong>Adresse<br \/>\nVesterbro Kulturhus<\/strong><br \/>\nLyrskovgade 4, 3. sal.<br \/>\n1758  K\u00f8benhavn V<\/p>\n<p><strong>Parkering<\/strong><br \/>\nL\u00f8rdag: 10,- kr. pr. time indtil kl. 17<br \/>\nS\u00f8ndag: gratis<br \/>\nSe ogs\u00e5: <a href=\"http:\/\/www.kk.dk\/Borger\/ByOgTrafik\/Parkering\/besoegende.aspx\">http:\/\/www.kk.dk\/Borger\/ByOgTrafik\/Parkering\/besoegende.aspx<\/a><\/p>\n<p><strong>Busser<br \/>\n<\/strong>Linje nummer 3A, 10 og med lidt god vilje linje 1A. Hvis du tager 1A, s\u00e5 st\u00e5 af ved Enghave Station.<\/p>\n<p><strong>Tog<\/strong><br \/>\nS-tog k\u00f8rer til Enghave St. Linje <a title=\"http:\/\/www.dsb.dk\/Global\/PDF\/Koereplaner\/S-tog\/Linje%20H.pdf\" href=\"http:\/\/www.dsb.dk\/Global\/PDF\/Koereplaner\/S-tog\/Linje%20H.pdf\" target=\"_blank\">H<\/a>, <a title=\"http:\/\/www.dsb.dk\/Global\/PDF\/Koereplaner\/S-tog\/Linje%20C.pdf\" href=\"http:\/\/www.dsb.dk\/Global\/PDF\/Koereplaner\/S-tog\/Linje%20C.pdf\" target=\"_blank\">C<\/a>, <a title=\"http:\/\/www.dsb.dk\/Global\/PDF\/Koereplaner\/S-tog\/Linje%20B.pdf\" href=\"http:\/\/www.dsb.dk\/Global\/PDF\/Koereplaner\/S-tog\/Linje%20B.pdf\" target=\"_blank\">B<\/a>.<\/p>\n<p><strong>Kort<\/strong><br \/>\n<iframe loading=\"lazy\" width=\"600\" height=\"350\" frameborder=\"0\" scrolling=\"no\" marginheight=\"0\" marginwidth=\"0\" src=\"http:\/\/maps.google.com\/maps?f=q&amp;source=embed&amp;hl=da&amp;geocode=&amp;q=Lyrskovgade+4,+3.,+1758+K%C3%B8benhavn+V,+Denmark&amp;sll=55.673955,12.548189&amp;sspn=0.03146,0.100851&amp;ie=UTF8&amp;hq=&amp;hnear=Lyrskovgade+4,+1758,+K%C3%B8benhavn,+Danmark&amp;ll=55.667646,12.543982&amp;spn=0.032821,0.100851&amp;z=14&amp;iwloc=A&amp;output=embed\"><\/iframe><br \/><small><a href=\"http:\/\/maps.google.com\/maps?f=q&amp;source=embed&amp;hl=da&amp;geocode=&amp;q=Lyrskovgade+4,+3.,+1758+K%C3%B8benhavn+V,+Denmark&amp;sll=55.673955,12.548189&amp;sspn=0.03146,0.100851&amp;ie=UTF8&amp;hq=&amp;hnear=Lyrskovgade+4,+1758,+K%C3%B8benhavn,+Danmark&amp;ll=55.667646,12.543982&amp;spn=0.032821,0.100851&amp;z=14&amp;iwloc=A\" style=\"color:#0000FF;text-align:left\">Vis stort kort<\/a><\/small><\/p>\n<p><strong>Grundplan<\/strong><br \/>\n<a href=\"https:\/\/2010.denmark.wordcamp.org\/files\/2010\/05\/grundplan_3sal.jpg\"><\/a><a href=\"https:\/\/2010.denmark.wordcamp.org\/files\/2010\/05\/grundplan_w1024.jpg\"><img loading=\"lazy\" decoding=\"async\" class=\"alignleft size-medium wp-image-213\" title=\"grundplan_w1024\" src=\"https:\/\/2010.denmark.wordcamp.org\/files\/2010\/05\/grundplan_w1024-600x206.jpg\" alt=\"\" width=\"600\" height=\"206\" srcset=\"https:\/\/denmark.wordcamp.org\/2010\/files\/2010\/05\/grundplan_w1024-600x206.jpg 600w, https:\/\/denmark.wordcamp.org\/2010\/files\/2010\/05\/grundplan_w1024.jpg 1024w\" sizes=\"auto, (max-width: 600px) 100vw, 600px\" \/><\/a><\/p>\n","protected":false},"excerpt":{"rendered":"<p>Adresse Vesterbro Kulturhus Lyrskovgade 4, 3. sal. 1758 K\u00f8benhavn V Parkering L\u00f8rdag: 10,- kr. pr. time indtil kl. 17 S\u00f8ndag: gratis Se ogs\u00e5: http:\/\/www.kk.dk\/Borger\/ByOgTrafik\/Parkering\/besoegende.aspx Busser Linje nummer 3A, 10 og med lidt god vilje linje 1A. Hvis du tager 1A, s\u00e5 st\u00e5 af ved Enghave Station. Tog S-tog k\u00f8rer til Enghave St. Linje H, C, [&hellip;]<\/p>\n","protected":false},"author":50198,"featured_media":0,"parent":0,"menu_order":6,"comment_status":"closed","ping_status":"open","template":"","meta":{"jetpack_post_was_ever_published":false,"footnotes":""},"class_list":["post-155","page","type-page","status-publish","hentry"],"_links":{"self":[{"href":"https:\/\/denmark.wordcamp.org\/2010\/wp-json\/wp\/v2\/pages\/155","targetHints":{"allow":["GET"]}}],"collection":[{"href":"https:\/\/denmark.wordcamp.org\/2010\/wp-json\/wp\/v2\/pages"}],"about":[{"href":"https:\/\/denmark.wordcamp.org\/2010\/wp-json\/wp\/v2\/types\/page"}],"author":[{"embeddable":true,"href":"https:\/\/denmark.wordcamp.org\/2010\/wp-json\/wp\/v2\/users\/50198"}],"replies":[{"embeddable":true,"href":"https:\/\/denmark.wordcamp.org\/2010\/wp-json\/wp\/v2\/comments?post=155"}],"version-history":[{"count":23,"href":"https:\/\/denmark.wordcamp.org\/2010\/wp-json\/wp\/v2\/pages\/155\/revisions"}],"predecessor-version":[{"id":237,"href":"https:\/\/denmark.wordcamp.org\/2010\/wp-json\/wp\/v2\/pages\/155\/revisions\/237"}],"wp:attachment":[{"href":"https:\/\/denmark.wordcamp.org\/2010\/wp-json\/wp\/v2\/media?parent=155"}],"curies":[{"name":"wp","href":"https:\/\/api.w.org\/{rel}","templated":true}]}}