{"id":306,"date":"2010-02-24T23:58:00","date_gmt":"2010-02-24T23:58:00","guid":{"rendered":"https:\/\/2011.denmark.wordcamp.org\/about\/"},"modified":"2011-09-12T13:48:11","modified_gmt":"2011-09-12T11:48:11","slug":"about","status":"publish","type":"page","link":"https:\/\/denmark.wordcamp.org\/2011\/about\/","title":{"rendered":"Om WordCamp Danmark"},"content":{"rendered":"<p>WordCamp Denmark startede (naturligvis) i <a title=\"http:\/\/wordpress.dk\/forum\/\" href=\"http:\/\/wordpress.dk\/forum\/\" target=\"_blank\">det danske WordPress forum<\/a>.<br \/>\nHelt n\u00f8jagtigt <a title=\"WordCamp Denmark\" href=\"http:\/\/wordpress.dk\/forum\/topic\/wordcamp-danmark-2010\" target=\"_blank\">i denne tr\u00e5d<\/a>.<\/p>\n<p>WordCamp Denamrk 2010 foregik i <a title=\"http:\/\/kubik.kk.dk\/kulturvesterbro\/om-kultur-vesterbro\/vesterbro-kulturhus\" href=\"http:\/\/kubik.kk.dk\/kulturvesterbro\/om-kultur-vesterbro\/vesterbro-kulturhus\" target=\"_blank\">Vesterbro Kulturhus<\/a> p\u00e5 Vesterbro i K\u00f8benhavn. WordCamp 2011 kommer til at v\u00e6re samme sted.<\/p>\n<p>WordCamp Denmark 2011 er ved at blive planlagt.<\/p>\n<p>Video og dokumentation fra sidste \u00e5rs WordCamp findes p\u00e5:<br \/>\n<a title=\"http:\/\/wp-danmark.dk\/blog\/2010\/05\/21\/wordcamp-2010-praesentationer-og-videoer\/\" href=\"http:\/\/wp-danmark.dk\/blog\/2010\/05\/21\/wordcamp-2010-praesentationer-og-videoer\/\">http:\/\/wp-danmark.dk\/blog\/2010\/05\/21\/wordcamp-2010-praesentationer-og-videoer\/<\/a><\/p>\n","protected":false},"excerpt":{"rendered":"<p>WordCamp Denmark startede (naturligvis) i det danske WordPress forum. Helt n\u00f8jagtigt i denne tr\u00e5d. WordCamp Denamrk 2010 foregik i Vesterbro Kulturhus p\u00e5 Vesterbro i K\u00f8benhavn. WordCamp 2011 kommer til at v\u00e6re samme sted. WordCamp Denmark 2011 er ved at blive &hellip; <a href=\"https:\/\/denmark.wordcamp.org\/2011\/about\/\">Continue reading <span class=\"screen-reader-text\">Om WordCamp Danmark<\/span>  <span class=\"meta-nav\">&rarr;<\/span><\/a><\/p>\n","protected":false},"author":5310838,"featured_media":0,"parent":0,"menu_order":1,"comment_status":"open","ping_status":"open","template":"","meta":{"jetpack_post_was_ever_published":false,"footnotes":""},"class_list":["post-306","page","type-page","status-publish","hentry"],"jetpack_shortlink":"https:\/\/wp.me\/P1Ncpa-4W","jetpack_sharing_enabled":true,"_links":{"self":[{"href":"https:\/\/denmark.wordcamp.org\/2011\/wp-json\/wp\/v2\/pages\/306","targetHints":{"allow":["GET"]}}],"collection":[{"href":"https:\/\/denmark.wordcamp.org\/2011\/wp-json\/wp\/v2\/pages"}],"about":[{"href":"https:\/\/denmark.wordcamp.org\/2011\/wp-json\/wp\/v2\/types\/page"}],"author":[{"embeddable":true,"href":"https:\/\/denmark.wordcamp.org\/2011\/wp-json\/wp\/v2\/users\/5310838"}],"replies":[{"embeddable":true,"href":"https:\/\/denmark.wordcamp.org\/2011\/wp-json\/wp\/v2\/comments?post=306"}],"version-history":[{"count":2,"href":"https:\/\/denmark.wordcamp.org\/2011\/wp-json\/wp\/v2\/pages\/306\/revisions"}],"predecessor-version":[{"id":393,"href":"https:\/\/denmark.wordcamp.org\/2011\/wp-json\/wp\/v2\/pages\/306\/revisions\/393"}],"wp:attachment":[{"href":"https:\/\/denmark.wordcamp.org\/2011\/wp-json\/wp\/v2\/media?parent=306"}],"curies":[{"name":"wp","href":"https:\/\/api.w.org\/{rel}","templated":true}]}}