{"id":418,"date":"2011-09-14T10:52:42","date_gmt":"2011-09-14T08:52:42","guid":{"rendered":"https:\/\/2011.denmark.wordcamp.org\/?page_id=418"},"modified":"2012-11-06T14:45:55","modified_gmt":"2012-11-06T12:45:55","slug":"oplaegsholdere","status":"publish","type":"page","link":"https:\/\/denmark.wordcamp.org\/2011\/oplaegsholdere\/","title":{"rendered":"Opl\u00e6gsholdere"},"content":{"rendered":"\n\t\t<div class=\"cpt-loop speaker-gravatar-list clearfix\">\n\t\t\t<p>\n\t\t\t\t\t\t\t<a href='#joen-asmussen' title='Joen Asmussen'><img alt='' src='https:\/\/secure.gravatar.com\/avatar\/abe4d94125c3772bf42b5bfd608f62cb1c9a992535fda06ee3de7a246efb7b60?s=48&#038;d=mm&#038;r=g' srcset='https:\/\/secure.gravatar.com\/avatar\/abe4d94125c3772bf42b5bfd608f62cb1c9a992535fda06ee3de7a246efb7b60?s=96&#038;d=mm&#038;r=g 2x' class='avatar avatar-48 photo' height='48' width='48' \/><\/a>\t\t\t\t\t\t\t<a href='#johannes-wehner' title='Johannes Wehner'><img alt='' src='https:\/\/secure.gravatar.com\/avatar\/c954aab304e2c624c516d13f06f0bb79534f60ea677da4b871f5deccf626fb47?s=48&#038;d=mm&#038;r=g' srcset='https:\/\/secure.gravatar.com\/avatar\/c954aab304e2c624c516d13f06f0bb79534f60ea677da4b871f5deccf626fb47?s=96&#038;d=mm&#038;r=g 2x' class='avatar avatar-48 photo' height='48' width='48' \/><\/a>\t\t\t\t\t\t\t<a href='#lisa-risager' title='Lisa Risager'><img alt='' src='https:\/\/secure.gravatar.com\/avatar\/a722568b200a1f6e48f98d3d287bb26a00673b0d859c4d910807f5861e5ac423?s=48&#038;d=mm&#038;r=g' srcset='https:\/\/secure.gravatar.com\/avatar\/a722568b200a1f6e48f98d3d287bb26a00673b0d859c4d910807f5861e5ac423?s=96&#038;d=mm&#038;r=g 2x' class='avatar avatar-48 photo' height='48' width='48' \/><\/a>\t\t\t\t\t\t\t<a href='#mark-thomas-gazel' title='Mark Thomas Gazel'><img alt='' src='https:\/\/secure.gravatar.com\/avatar\/3a92b2482da1c099794f7cf4e515487fd613b85145fbf1d2024226979328e473?s=48&#038;d=mm&#038;r=g' srcset='https:\/\/secure.gravatar.com\/avatar\/3a92b2482da1c099794f7cf4e515487fd613b85145fbf1d2024226979328e473?s=96&#038;d=mm&#038;r=g 2x' class='avatar avatar-48 photo' height='48' width='48' \/><\/a>\t\t\t\t\t\t\t<a href='#mikkel-breum' title='Mikkel Breum'><img alt='' src='https:\/\/secure.gravatar.com\/avatar\/42d4d3eb379776f40941a59a8783a4c6b913241d64cc6470043a925df0ea0648?s=48&#038;d=mm&#038;r=g' srcset='https:\/\/secure.gravatar.com\/avatar\/42d4d3eb379776f40941a59a8783a4c6b913241d64cc6470043a925df0ea0648?s=96&#038;d=mm&#038;r=g 2x' class='avatar avatar-48 photo' height='48' width='48' \/><\/a>\t\t\t\t\t\t\t<a href='#oliver-nielsen' title='Oliver Nielsen'><img alt='' src='https:\/\/secure.gravatar.com\/avatar\/02c3f611e89de82bfe1d7319be590073e753f581614bebf726e25007127dc6f1?s=48&#038;d=mm&#038;r=g' srcset='https:\/\/secure.gravatar.com\/avatar\/02c3f611e89de82bfe1d7319be590073e753f581614bebf726e25007127dc6f1?s=96&#038;d=mm&#038;r=g 2x' class='avatar avatar-48 photo' height='48' width='48' \/><\/a>\t\t\t\t\t\t\t<a href='#steffen-jorgensen' title='Steffen J\u00f8rgensen'><img alt='' src='https:\/\/secure.gravatar.com\/avatar\/a7372ee92f9cd79cd2056658b7df709597a4c66eb3df7e57f32e9f5768748c13?s=48&#038;d=mm&#038;r=g' srcset='https:\/\/secure.gravatar.com\/avatar\/a7372ee92f9cd79cd2056658b7df709597a4c66eb3df7e57f32e9f5768748c13?s=96&#038;d=mm&#038;r=g 2x' class='avatar avatar-48 photo' height='48' width='48' \/><\/a>\t\t\t\t\t\t\t<a href='#thomas' title='Thomas Clausen'><img alt='' src='https:\/\/secure.gravatar.com\/avatar\/15059d863fd27b1c41de1d23fd10018d3fc9d460cd02d351001aafe2d189e4a3?s=48&#038;d=mm&#038;r=g' srcset='https:\/\/secure.gravatar.com\/avatar\/15059d863fd27b1c41de1d23fd10018d3fc9d460cd02d351001aafe2d189e4a3?s=96&#038;d=mm&#038;r=g 2x' class='avatar avatar-48 photo' height='48' width='48' \/><\/a>\t\t\t\t\t\t<\/p>\n\t\t<\/div>\n\n\t\t\t\t\n\t\t<div class=\"cpt-loop speakers\">\n\t\t\t<div class=\"grid_6 alpha\">\n\n\t\t\t\t\n\t\t\t\t\t\n\t\t\t\t\t<div id=\"joen-asmussen\" class=\"speaker clearfix odd post-453 wcb_speaker type-wcb_speaker status-publish hentry\" >\n\t\t\t\t\t\t<h3 class=\"entry-title speaker-name\">Joen Asmussen<\/h3>\n\t\t\t\t\t\t<div class=\"entry-content speaker-bio\">\n\t\t\t\t\t\t<img alt='' src='https:\/\/secure.gravatar.com\/avatar\/abe4d94125c3772bf42b5bfd608f62cb1c9a992535fda06ee3de7a246efb7b60?s=102&#038;d=mm&#038;r=g' srcset='https:\/\/secure.gravatar.com\/avatar\/abe4d94125c3772bf42b5bfd608f62cb1c9a992535fda06ee3de7a246efb7b60?s=204&#038;d=mm&#038;r=g 2x' class='avatar avatar-102 photo' height='102' width='102' \/><p>Joen vil tale om et af f\u00f8lgende emner:<\/p>\n<p>Bukser ikke p\u00e5kr\u00e6vet (om at arbejde for Automattic)<\/p>\n\t\t\t\t\t\t<\/div>\n\t\t\t\t\t<\/div>\n\t\t\t\t\n\t\t\t\t\t\n\t\t\t\t\t<div id=\"johannes-wehner\" class=\"speaker clearfix even post-544 wcb_speaker type-wcb_speaker status-publish hentry\" >\n\t\t\t\t\t\t<h3 class=\"entry-title speaker-name\">Johannes Wehner<\/h3>\n\t\t\t\t\t\t<div class=\"entry-content speaker-bio\">\n\t\t\t\t\t\t<img alt='' src='https:\/\/secure.gravatar.com\/avatar\/c954aab304e2c624c516d13f06f0bb79534f60ea677da4b871f5deccf626fb47?s=102&#038;d=mm&#038;r=g' srcset='https:\/\/secure.gravatar.com\/avatar\/c954aab304e2c624c516d13f06f0bb79534f60ea677da4b871f5deccf626fb47?s=204&#038;d=mm&#038;r=g 2x' class='avatar avatar-102 photo' height='102' width='102' \/><p>Vil holde et opl\u00e6g om Drupal.<\/p>\n\t\t\t\t\t\t<\/div>\n\t\t\t\t\t<\/div>\n\t\t\t\t\n\t\t\t\t\t\n\t\t\t\t\t<div id=\"lisa-risager\" class=\"speaker clearfix odd post-624 wcb_speaker type-wcb_speaker status-publish hentry\" >\n\t\t\t\t\t\t<h3 class=\"entry-title speaker-name\">Lisa Risager<\/h3>\n\t\t\t\t\t\t<div class=\"entry-content speaker-bio\">\n\t\t\t\t\t\t<img alt='' src='https:\/\/secure.gravatar.com\/avatar\/a722568b200a1f6e48f98d3d287bb26a00673b0d859c4d910807f5861e5ac423?s=102&#038;d=mm&#038;r=g' srcset='https:\/\/secure.gravatar.com\/avatar\/a722568b200a1f6e48f98d3d287bb26a00673b0d859c4d910807f5861e5ac423?s=204&#038;d=mm&#038;r=g 2x' class='avatar avatar-102 photo' height='102' width='102' \/><p>Lisa vil tale om WordPress theming. Om at v\u00e6lge et tema til et website, om at tilpasse og \u00e6ndre det &#8211; eller lave et tema fra bunden.<br \/>\nHvorfor hun helst undg\u00e5r themes med &#8216;Options&#8217; og hellere bruger functions og stylesheet til sine tilpasninger.<br \/>\nSkr\u00e6ddersyet enkelthed fremfor kompliceret tagen h\u00f8jde for alle behov.<\/p>\n\t\t\t\t\t\t<\/div>\n\t\t\t\t\t<\/div>\n\t\t\t\t\n\t\t\t\t\t\n\t\t\t\t\t<div id=\"mark-thomas-gazel\" class=\"speaker clearfix even post-425 wcb_speaker type-wcb_speaker status-publish hentry\" >\n\t\t\t\t\t\t<h3 class=\"entry-title speaker-name\">Mark Thomas Gazel<\/h3>\n\t\t\t\t\t\t<div class=\"entry-content speaker-bio\">\n\t\t\t\t\t\t<img alt='' src='https:\/\/secure.gravatar.com\/avatar\/3a92b2482da1c099794f7cf4e515487fd613b85145fbf1d2024226979328e473?s=102&#038;d=mm&#038;r=g' srcset='https:\/\/secure.gravatar.com\/avatar\/3a92b2482da1c099794f7cf4e515487fd613b85145fbf1d2024226979328e473?s=204&#038;d=mm&#038;r=g 2x' class='avatar avatar-102 photo' height='102' width='102' \/><p>Arrang\u00f8r og koordinator.<\/p>\n<p>Har brugt og fulgt WordPress siden 2005 og har siden maj 2010 v\u00e6ret koordinator for WordPress i Danmark. Hvilket vil sige, at jeg samler tr\u00e5dene p\u00e5 wp-danmark.dk, tager mig af den danske overs\u00e6ttelse (som har bredt sig til bbPress, wordpress.com, iPhone, Android, samt plugins) og WordCamp, samt giver en h\u00e5nd i supportforummet.<\/p>\n\t\t\t\t\t\t<\/div>\n\t\t\t\t\t<\/div>\n\t\t\t\t\n\t\t\t\t\t<\/div><div class=\"grid_6 omega\">\n\t\t\t\t\t<div id=\"mikkel-breum\" class=\"speaker clearfix odd post-422 wcb_speaker type-wcb_speaker status-publish hentry\" >\n\t\t\t\t\t\t<h3 class=\"entry-title speaker-name\">Mikkel Breum<\/h3>\n\t\t\t\t\t\t<div class=\"entry-content speaker-bio\">\n\t\t\t\t\t\t<img alt='' src='https:\/\/secure.gravatar.com\/avatar\/42d4d3eb379776f40941a59a8783a4c6b913241d64cc6470043a925df0ea0648?s=102&#038;d=mm&#038;r=g' srcset='https:\/\/secure.gravatar.com\/avatar\/42d4d3eb379776f40941a59a8783a4c6b913241d64cc6470043a925df0ea0648?s=204&#038;d=mm&#038;r=g 2x' class='avatar avatar-102 photo' height='102' width='102' \/><p>Mikkel er med til arrangere WordCamp og vil tale om tendenser og poblematikker indenfor mere avancerede WordPress themes og s\u00e5kaldte &#8216;theme frameworks&#8217;.<\/p>\n<p>Opl\u00e6gget ser p\u00e5, hvordan WordPress themes efterh\u00e5nden har udviklet sig til avancerede produkter der g\u00e5r langt ud over det, themes oprindeligt var t\u00e6nkt som \u2013 nemlig at v\u00e6re designskabeloner.\u00a0Vi skal se p\u00e5, hvordan man v\u00e6lger et theme ud fra andet end de designm\u00e6ssige parametre, og p\u00e5, hvordan funktionaliteter kan indeb\u00e6re, at brugeren l\u00e5ses fast i et theme, s\u00e5 det ikke l\u00e6ngere let kan skiftes ud.<\/p>\n\t\t\t\t\t\t<\/div>\n\t\t\t\t\t<\/div>\n\t\t\t\t\n\t\t\t\t\t\n\t\t\t\t\t<div id=\"oliver-nielsen\" class=\"speaker clearfix even post-457 wcb_speaker type-wcb_speaker status-publish hentry\" >\n\t\t\t\t\t\t<h3 class=\"entry-title speaker-name\">Oliver Nielsen<\/h3>\n\t\t\t\t\t\t<div class=\"entry-content speaker-bio\">\n\t\t\t\t\t\t<img alt='' src='https:\/\/secure.gravatar.com\/avatar\/02c3f611e89de82bfe1d7319be590073e753f581614bebf726e25007127dc6f1?s=102&#038;d=mm&#038;r=g' srcset='https:\/\/secure.gravatar.com\/avatar\/02c3f611e89de82bfe1d7319be590073e753f581614bebf726e25007127dc6f1?s=204&#038;d=mm&#038;r=g 2x' class='avatar avatar-102 photo' height='102' width='102' \/><p>Oliver vil tale om &#8220;S\u00e5dan laver du succesfulde videoer til dit websted&#8221;.<\/p>\n\t\t\t\t\t\t<\/div>\n\t\t\t\t\t<\/div>\n\t\t\t\t\n\t\t\t\t\t\n\t\t\t\t\t<div id=\"steffen-jorgensen\" class=\"speaker clearfix odd post-459 wcb_speaker type-wcb_speaker status-publish hentry\" >\n\t\t\t\t\t\t<h3 class=\"entry-title speaker-name\">Steffen J\u00f8rgensen<\/h3>\n\t\t\t\t\t\t<div class=\"entry-content speaker-bio\">\n\t\t\t\t\t\t<img alt='' src='https:\/\/secure.gravatar.com\/avatar\/a7372ee92f9cd79cd2056658b7df709597a4c66eb3df7e57f32e9f5768748c13?s=102&#038;d=mm&#038;r=g' srcset='https:\/\/secure.gravatar.com\/avatar\/a7372ee92f9cd79cd2056658b7df709597a4c66eb3df7e57f32e9f5768748c13?s=204&#038;d=mm&#038;r=g 2x' class='avatar avatar-102 photo' height='102' width='102' \/><p>Stefen vil tale om responsive webdesign<\/p>\n\t\t\t\t\t\t<\/div>\n\t\t\t\t\t<\/div>\n\t\t\t\t\n\t\t\t\t\t\n\t\t\t\t\t<div id=\"thomas\" class=\"speaker clearfix even post-427 wcb_speaker type-wcb_speaker status-publish hentry\" >\n\t\t\t\t\t\t<h3 class=\"entry-title speaker-name\">Thomas Clausen<\/h3>\n\t\t\t\t\t\t<div class=\"entry-content speaker-bio\">\n\t\t\t\t\t\t<img alt='' src='https:\/\/secure.gravatar.com\/avatar\/15059d863fd27b1c41de1d23fd10018d3fc9d460cd02d351001aafe2d189e4a3?s=102&#038;d=mm&#038;r=g' srcset='https:\/\/secure.gravatar.com\/avatar\/15059d863fd27b1c41de1d23fd10018d3fc9d460cd02d351001aafe2d189e4a3?s=204&#038;d=mm&#038;r=g 2x' class='avatar avatar-102 photo' height='102' width='102' \/><p>Jeg er med til at arrangere WordCamp og arbejder til dagligt som projektleder i Nykredit hvor jeg blandt andet er forretningsansvarlig for Nykredit&#8217;s mobilbank app. Fritiden g\u00e5r med de 3 unger og diverse WordPress sites.<\/p>\n<ul>\n<li><a href=\"http:\/\/DesignGrotten.dk\/\">DesignGrotten.dk<\/a>\u00a0som er en lille webshop, som importerer \u00e6stetisk og funktionelt design<\/li>\n<li><a href=\"http:\/\/VoipSnak.dk\/\">VoipSnak.dk<\/a>\u00a0som er Danmark st\u00f8rste IP-telefoni forum og bbPress 2.0 installation (indtil videre :-)).<\/li>\n<li>Ud over disse to sites, s\u00e5 roder jeg ogs\u00e5 med nogle mindre sites p\u00e5\u00a0<a href=\"http:\/\/Trendminers.dk\/\">Trendminers.dk<\/a>,\u00a0<a href=\"http:\/\/Kroketmesteren.dk\/\">Kroketmesteren.dk<\/a>\u00a0og\u00a0<a href=\"http:\/\/Gamification.dk\/\">Gamification.dk<\/a><\/li>\n<\/ul>\n\t\t\t\t\t\t<\/div>\n\t\t\t\t\t<\/div>\n\t\t\t\t\n\t\t\t<\/div>\n\t\t<\/div>\n\n\t\t\n","protected":false},"excerpt":{"rendered":"","protected":false},"author":5310838,"featured_media":0,"parent":0,"menu_order":0,"comment_status":"open","ping_status":"open","template":"template-full-width.php","meta":{"jetpack_post_was_ever_published":false,"footnotes":""},"class_list":["post-418","page","type-page","status-publish","hentry"],"jetpack_shortlink":"https:\/\/wp.me\/P1Ncpa-6K","jetpack_sharing_enabled":true,"_links":{"self":[{"href":"https:\/\/denmark.wordcamp.org\/2011\/wp-json\/wp\/v2\/pages\/418","targetHints":{"allow":["GET"]}}],"collection":[{"href":"https:\/\/denmark.wordcamp.org\/2011\/wp-json\/wp\/v2\/pages"}],"about":[{"href":"https:\/\/denmark.wordcamp.org\/2011\/wp-json\/wp\/v2\/types\/page"}],"author":[{"embeddable":true,"href":"https:\/\/denmark.wordcamp.org\/2011\/wp-json\/wp\/v2\/users\/5310838"}],"replies":[{"embeddable":true,"href":"https:\/\/denmark.wordcamp.org\/2011\/wp-json\/wp\/v2\/comments?post=418"}],"version-history":[{"count":3,"href":"https:\/\/denmark.wordcamp.org\/2011\/wp-json\/wp\/v2\/pages\/418\/revisions"}],"predecessor-version":[{"id":682,"href":"https:\/\/denmark.wordcamp.org\/2011\/wp-json\/wp\/v2\/pages\/418\/revisions\/682"}],"wp:attachment":[{"href":"https:\/\/denmark.wordcamp.org\/2011\/wp-json\/wp\/v2\/media?parent=418"}],"curies":[{"name":"wp","href":"https:\/\/api.w.org\/{rel}","templated":true}]}}