{"id":435,"date":"2011-09-14T11:00:00","date_gmt":"2011-09-14T09:00:00","guid":{"rendered":"https:\/\/2011.denmark.wordcamp.org\/?page_id=435"},"modified":"2012-11-08T14:58:56","modified_gmt":"2012-11-08T12:58:56","slug":"oplaeg","status":"publish","type":"page","link":"https:\/\/denmark.wordcamp.org\/2011\/oplaeg\/","title":{"rendered":"Opl\u00e6g"},"content":{"rendered":"\n\t\t<div class=\"cpt-loop sessions\">\n\t\t\t\n\t\t\t<div class=\"grid_6 alpha\">\n\t\t\t\t\n\t\t\t\t\t\n\t\t\t\t\t<div id=\"post-630\" class=\"session odd post-630 wcb_session type-wcb_session status-publish hentry wcb_track-hovedforlob\" >\n\t\t\t\t\t\t<h3 class=\"entry-title session-title\">\n\t\t\t\t\t\t\t<a href=\"https:\/\/denmark.wordcamp.org\/2011\/session\/wordpress-theming\/\">\n\t\t\t\t\t\t\t\tWordPress theming\t\t\t\t\t\t\t<\/a>\n\t\t\t\t\t\t<\/h3>\n\n\t\t\t\t\t\t<div class=\"entry-meta session-speakers session-meta\"><a href=\"https:\/\/denmark.wordcamp.org\/2011\/track\/hovedforlob\/\">Hovedforl\u00f8b Track<\/a><\/div>\n\t\t\t\t\t\t<div class=\"entry-content session-description\">\n\t\t\t\t\t\t\t\t\t\t\t\t\t\t<p>Lisa vil tale om WordPress theming. Om at  v\u00e6lge et tema til et website, om at tilpasse og \u00e6ndre det &#8211; eller lave et tema fra bunden.<br \/>\nHvorfor hun helst undg\u00e5r themes med &#8216;Options&#8217; og hellere bruger functions og stylesheet til sine tilpasninger.<br \/>\nSkr\u00e6ddersyet enkelthed fremfor kompliceret tagen h\u00f8jde for alle behov.<\/p>\n\t\t\t\t\t\t<\/div>\n\t\t\t\t\t<\/div>\n\n\t\t\t\t\n\t\t\t\t\t\n\t\t\t\t\t<div id=\"post-585\" class=\"session even post-585 wcb_session type-wcb_session status-publish hentry wcb_track-hovedforlob\" >\n\t\t\t\t\t\t<h3 class=\"entry-title session-title\">\n\t\t\t\t\t\t\t<a href=\"https:\/\/denmark.wordcamp.org\/2011\/session\/fra-0-til-webshop-pa-en-aften\/\">\n\t\t\t\t\t\t\t\tFra 0 til webshop p\u00e5 en aften\t\t\t\t\t\t\t<\/a>\n\t\t\t\t\t\t<\/h3>\n\n\t\t\t\t\t\t<div class=\"entry-meta session-speakers session-meta\">Presented by Thomas Clausen <span class=\"meta-sep meta-sep-bull\">&bull;<\/span> <a href=\"https:\/\/denmark.wordcamp.org\/2011\/track\/hovedforlob\/\">Hovedforl\u00f8b Track<\/a><\/div>\n\t\t\t\t\t\t<div class=\"entry-content session-description\">\n\t\t\t\t\t\t\t\t\t\t\t\t\t\t<p>Thomas vil tale om de forskellige trin der er i at komme fra ide til webshop. Det netop etablerede <a href=\"http:\/\/designgrotten.dk\">DesignGrotten.dk<\/a> er den case han vil l\u00f8be igennem, og i processen komme med forskellige anbefalinger og gode r\u00e5d. <\/p>\n<p>Du vil kunne f\u00e5 svar p\u00e5 f\u00f8lgende sp\u00f8rgsm\u00e5l:<br \/>\n&#8211; Hvordan opretter man et CVR nummer?<br \/>\n&#8211; Er wp e-commerce eller woocommerce bedst?<br \/>\n&#8211; Hvilke plugins er gode at bruge?<br \/>\n&#8211; Hvordan bruger man de sociale medier til at drive trafik ind p\u00e5 sitet?<br \/>\n&#8211; hvordan ops\u00e6tter man betalingsgateway?<\/p>\n\t\t\t\t\t\t<\/div>\n\t\t\t\t\t<\/div>\n\n\t\t\t\t\n\t\t\t\t\t\n\t\t\t\t\t<div id=\"post-522\" class=\"session odd post-522 wcb_session type-wcb_session status-publish hentry wcb_track-hovedforlob\" >\n\t\t\t\t\t\t<h3 class=\"entry-title session-title\">\n\t\t\t\t\t\t\t<a href=\"https:\/\/denmark.wordcamp.org\/2011\/session\/om-wordpress-danmark\/\">\n\t\t\t\t\t\t\t\tOm WordPress Danmark\t\t\t\t\t\t\t<\/a>\n\t\t\t\t\t\t<\/h3>\n\n\t\t\t\t\t\t<div class=\"entry-meta session-speakers session-meta\">Presented by Mark Thomas Gazel <span class=\"meta-sep meta-sep-bull\">&bull;<\/span> <a href=\"https:\/\/denmark.wordcamp.org\/2011\/track\/hovedforlob\/\">Hovedforl\u00f8b Track<\/a><\/div>\n\t\t\t\t\t\t<div class=\"entry-content session-description\">\n\t\t\t\t\t\t\t\t\t\t\t\t\t\t<p>Om WordPress Danmark og hvad der er sket siden sidst og hvordan du kan hj\u00e6lpe, hvis du har lyst.<\/p>\n\t\t\t\t\t\t<\/div>\n\t\t\t\t\t<\/div>\n\n\t\t\t\t\n\t\t\t\t\t\n\t\t\t\t\t<div id=\"post-476\" class=\"session even post-476 wcb_session type-wcb_session status-publish hentry wcb_track-hovedforlob\" >\n\t\t\t\t\t\t<h3 class=\"entry-title session-title\">\n\t\t\t\t\t\t\t<a href=\"https:\/\/denmark.wordcamp.org\/2011\/session\/praesentation-af-wordpress-websteder-i-danmark\/\">\n\t\t\t\t\t\t\t\tPr\u00e6sentation af WordPress websteder i Danmark\t\t\t\t\t\t\t<\/a>\n\t\t\t\t\t\t<\/h3>\n\n\t\t\t\t\t\t<div class=\"entry-meta session-speakers session-meta\"><a href=\"https:\/\/denmark.wordcamp.org\/2011\/track\/hovedforlob\/\">Hovedforl\u00f8b Track<\/a><\/div>\n\t\t\t\t\t\t<div class=\"entry-content session-description\">\n\t\t\t\t\t\t\t\t\t\t\t\t\t\t<p>F\u00f8rl\u00f8b med 5-min presentationer af\u00a0nogle af de nyeste sites der er lavet i Danmark p\u00e5 WP platformen. Alle kan melde sig til at pr\u00e6sentere.<\/p>\n<p>Pr\u00e6senter gerne dine egne sites, eller pr\u00e6senter sites du synes er specielt interessante.<\/p>\n\t\t\t\t\t\t<\/div>\n\t\t\t\t\t<\/div>\n\n\t\t\t\t\n\t\t\t\t\t\n\t\t\t\t\t<div id=\"post-472\" class=\"session odd post-472 wcb_session type-wcb_session status-publish hentry wcb_track-hovedforlob\" >\n\t\t\t\t\t\t<h3 class=\"entry-title session-title\">\n\t\t\t\t\t\t\t<a href=\"https:\/\/denmark.wordcamp.org\/2011\/session\/om-at-arbejde-distribueret-for-automattic\/\">\n\t\t\t\t\t\t\t\tOm at arbejde distribueret for Automattic\t\t\t\t\t\t\t<\/a>\n\t\t\t\t\t\t<\/h3>\n\n\t\t\t\t\t\t<div class=\"entry-meta session-speakers session-meta\">Presented by Joen Asmussen <span class=\"meta-sep meta-sep-bull\">&bull;<\/span> <a href=\"https:\/\/denmark.wordcamp.org\/2011\/track\/hovedforlob\/\">Hovedforl\u00f8b Track<\/a><\/div>\n\t\t\t\t\t\t<div class=\"entry-content session-description\">\n\t\t\t\t\t\t\t\t\t\t\t\t\t\t<p>Om\u00a0\u00a0(P2 tema\u2019et, IRC, Skype)<\/p>\n\t\t\t\t\t\t<\/div>\n\t\t\t\t\t<\/div>\n\n\t\t\t\t\n\t\t\t\t\t\n\t\t\t\t\t<div id=\"post-468\" class=\"session even post-468 wcb_session type-wcb_session status-publish hentry wcb_track-hovedforlob\" >\n\t\t\t\t\t\t<h3 class=\"entry-title session-title\">\n\t\t\t\t\t\t\t<a href=\"https:\/\/denmark.wordcamp.org\/2011\/session\/om-responsive-webdesign\/\">\n\t\t\t\t\t\t\t\tOm responsive webdesign\t\t\t\t\t\t\t<\/a>\n\t\t\t\t\t\t<\/h3>\n\n\t\t\t\t\t\t<div class=\"entry-meta session-speakers session-meta\">Presented by Steffen J\u00f8rgensen <span class=\"meta-sep meta-sep-bull\">&bull;<\/span> <a href=\"https:\/\/denmark.wordcamp.org\/2011\/track\/hovedforlob\/\">Hovedforl\u00f8b Track<\/a><\/div>\n\t\t\t\t\t\t<div class=\"entry-content session-description\">\n\t\t\t\t\t\t\t\t\t\t\t\t\t\t\t\t\t\t\t\t<\/div>\n\t\t\t\t\t<\/div>\n\n\t\t\t\t\n\t\t\t\t\t<\/div><div class=\"grid_6 omega\">\n\t\t\t\t\t<div id=\"post-466\" class=\"session odd post-466 wcb_session type-wcb_session status-publish hentry wcb_track-hovedforlob\" >\n\t\t\t\t\t\t<h3 class=\"entry-title session-title\">\n\t\t\t\t\t\t\t<a href=\"https:\/\/denmark.wordcamp.org\/2011\/session\/fra-video-til-blogwebsted\/\">\n\t\t\t\t\t\t\t\tS\u00e5dan laver du succesfulde videoer til dit websted\t\t\t\t\t\t\t<\/a>\n\t\t\t\t\t\t<\/h3>\n\n\t\t\t\t\t\t<div class=\"entry-meta session-speakers session-meta\">Presented by Oliver Nielsen <span class=\"meta-sep meta-sep-bull\">&bull;<\/span> <a href=\"https:\/\/denmark.wordcamp.org\/2011\/track\/hovedforlob\/\">Hovedforl\u00f8b Track<\/a><\/div>\n\t\t\t\t\t\t<div class=\"entry-content session-description\">\n\t\t\t\t\t\t\t\t\t\t\t\t\t\t<p>Hvordan du kreativt laver videoer til dit websted.<\/p>\n\t\t\t\t\t\t<\/div>\n\t\t\t\t\t<\/div>\n\n\t\t\t\t\n\t\t\t\t\t\n\t\t\t\t\t<div id=\"post-447\" class=\"session even post-447 wcb_session type-wcb_session status-publish hentry wcb_track-hovedforlob\" >\n\t\t\t\t\t\t<h3 class=\"entry-title session-title\">\n\t\t\t\t\t\t\t<a href=\"https:\/\/denmark.wordcamp.org\/2011\/session\/wordpress-themes-mere-end-design\/\">\n\t\t\t\t\t\t\t\tWordPress themes &#8211; mere end design?\t\t\t\t\t\t\t<\/a>\n\t\t\t\t\t\t<\/h3>\n\n\t\t\t\t\t\t<div class=\"entry-meta session-speakers session-meta\">Presented by Mikkel Breum <span class=\"meta-sep meta-sep-bull\">&bull;<\/span> <a href=\"https:\/\/denmark.wordcamp.org\/2011\/track\/hovedforlob\/\">Hovedforl\u00f8b Track<\/a><\/div>\n\t\t\t\t\t\t<div class=\"entry-content session-description\">\n\t\t\t\t\t\t\t\t\t\t\t\t\t\t<p>Opl\u00e6g om, hvordan WordPress themes efterh\u00e5nden har udviklet sig til avancerede produkter der g\u00e5r langt ud over det, som themes oprindeligt var t\u00e6nkt som \u2013 nemlig at v\u00e6re en designskabelon.\u00a0Vi skal se p\u00e5, hvordan man v\u00e6lger et theme ud fra andet end de designm\u00e6ssige parametre, og p\u00e5, hvordan funktionaliteter kan indeb\u00e6re, at brugeren l\u00e5ses fast i et theme, s\u00e5 det ikke l\u00e6ngere let kan skiftes ud.<\/p>\n<p>For brugere kan det v\u00e6re sv\u00e6rt at vide, og overskue, hvilke parametre som er vigtige at unders\u00f8ge, ved valg af theme. Mange themes l\u00e5ser brugeren fast, fordi det kan v\u00e6re sv\u00e6rt at skifte fra et avanceret theme uden at \u00f8del\u00e6gge og miste det indhold man har opbygget p\u00e5 sin hjemmeside.<\/p>\n<p>Mange brugere ser kun p\u00e5 designet, n\u00e5r de skal v\u00e6lge et theme. Men mindst liges\u00e5 vigtigt at det, at vurdere et theme i forhold til performance, kompatibilitet, sikkerhed og \u00e5benhed.<\/p>\n<p>\u00d8nsker man at holde indhold og pr\u00e6sentation adskilt fra hinanden, s\u00e5ledes at designet kan udskiftes uafh\u00e6ngigt at indholdet, s\u00e5 skal man v\u00e6re opm\u00e6rksom p\u00e5, at avancerede themes der rummer egne shortcodes custom post types, l\u00e5ser en fast, s\u00e5 dette ikke l\u00e6ngere er s\u00e5 let. Her m\u00e5man som bruger afveje behovet for en hurtig ud-af-boksen l\u00f8sning, med en mere langsigtet strategi.<\/p>\n<p>Det er en interessant problematik, som er relevant b\u00e5de for brugere og for udviklere. Vi tager et kik\u00a0p\u00e5 diskussionen omkring best-practises indenfor udviklerkredse, hvor vi skal se p\u00e5 forskellige l\u00f8sningsmodeller, og p\u00e5, hvordan theme frameworks passer ind i et st\u00f8rre WordPress perspektiv, i forhold til usability, design og funktionalitet.<\/p>\n<p>Jeg h\u00e5ber med opl\u00e6gget at kunne hj\u00e6lpe almindelige brugere til en bedre forst\u00e5else af hvad et theme er, og hvordan man v\u00e6lger et godt et. Samtidig skulle det give brugere en bedre foruds\u00e6tning for, at kommunikere med deres udvikler, omkring valg og modificering af theme.<\/p>\n<p>For udviklere kan det godt v\u00e6re, at der ikke er s\u00e5 meget nyt i dette opl\u00e6g, men s\u00e5 h\u00e5ber jeg det kan give anledning til en debat omkring best practices.<\/p>\n\t\t\t\t\t\t<\/div>\n\t\t\t\t\t<\/div>\n\n\t\t\t\t\t\t\t<\/div>\n\t\t<\/div>\n\n\t\t\n","protected":false},"excerpt":{"rendered":"","protected":false},"author":5310838,"featured_media":0,"parent":0,"menu_order":0,"comment_status":"open","ping_status":"open","template":"template-full-width.php","meta":{"jetpack_post_was_ever_published":false,"footnotes":""},"class_list":["post-435","page","type-page","status-publish","hentry"],"jetpack_shortlink":"https:\/\/wp.me\/P1Ncpa-71","jetpack_sharing_enabled":true,"_links":{"self":[{"href":"https:\/\/denmark.wordcamp.org\/2011\/wp-json\/wp\/v2\/pages\/435","targetHints":{"allow":["GET"]}}],"collection":[{"href":"https:\/\/denmark.wordcamp.org\/2011\/wp-json\/wp\/v2\/pages"}],"about":[{"href":"https:\/\/denmark.wordcamp.org\/2011\/wp-json\/wp\/v2\/types\/page"}],"author":[{"embeddable":true,"href":"https:\/\/denmark.wordcamp.org\/2011\/wp-json\/wp\/v2\/users\/5310838"}],"replies":[{"embeddable":true,"href":"https:\/\/denmark.wordcamp.org\/2011\/wp-json\/wp\/v2\/comments?post=435"}],"version-history":[{"count":11,"href":"https:\/\/denmark.wordcamp.org\/2011\/wp-json\/wp\/v2\/pages\/435\/revisions"}],"predecessor-version":[{"id":687,"href":"https:\/\/denmark.wordcamp.org\/2011\/wp-json\/wp\/v2\/pages\/435\/revisions\/687"}],"wp:attachment":[{"href":"https:\/\/denmark.wordcamp.org\/2011\/wp-json\/wp\/v2\/media?parent=435"}],"curies":[{"name":"wp","href":"https:\/\/api.w.org\/{rel}","templated":true}]}}