{"id":553,"date":"2011-10-01T09:02:26","date_gmt":"2011-10-01T07:02:26","guid":{"rendered":"https:\/\/2011.denmark.wordcamp.org\/?page_id=553"},"modified":"2011-11-14T16:55:10","modified_gmt":"2011-11-14T14:55:10","slug":"program","status":"publish","type":"page","link":"https:\/\/denmark.wordcamp.org\/2011\/program\/","title":{"rendered":"Program"},"content":{"rendered":"<p>Dette er programmet for de to dage. Det kan \u00e6ndre sig, s\u00e5 kik forbi j\u00e6vnligt. Senest \u00e6ndret 2. november.<\/p>\n<table width=\"630\">\n<tbody>\n<tr>\n<th scope=\"col\" colspan=\"3\">\n<h1>WordCamp program 2011<\/h1>\n<\/th>\n<\/tr>\n<tr>\n<td><\/td>\n<td><\/td>\n<td><\/td>\n<\/tr>\n<tr>\n<td colspan=\"2\"><strong>L\u00f8rdag<\/strong><\/td>\n<td><\/td>\n<\/tr>\n<tr>\n<td>09.00<\/td>\n<td>Indregistrering<br \/>\nMorgenmad\/velkomst<\/td>\n<td><\/td>\n<\/tr>\n<tr>\n<td>10.00<\/td>\n<td>Video &#8211; fra optagelse til blog<\/td>\n<td>Oliver Nielsen<\/td>\n<\/tr>\n<tr>\n<td>11.00<\/td>\n<td>Webshop &#8211; fra cvr til det endelige websted<\/td>\n<td>Thomas Clausen<\/td>\n<\/tr>\n<tr>\n<td>12.00<\/td>\n<td>Frokost<\/td>\n<td><\/td>\n<\/tr>\n<tr>\n<td>12.30<\/td>\n<td>Keynote: Bukser ikke p\u00e5kr\u00e6vet (om at arbejde for Automattic)<\/td>\n<td>Joen Asmussen<\/td>\n<\/tr>\n<tr>\n<td>14.00<\/td>\n<td>Themes &#8211; uden indstillinger, men med masser af functions<\/td>\n<td>Lisa Risager<\/td>\n<\/tr>\n<tr>\n<td>15.00<\/td>\n<td><del>WordPress Danmark &#8211; her, nu og i fremtiden<\/del><\/td>\n<td>Mark Thomas Gazel<\/td>\n<\/tr>\n<tr>\n<td><\/td>\n<td><\/td>\n<td><\/td>\n<\/tr>\n<tr>\n<td colspan=\"2\"><strong>S\u00f8ndag<\/strong><\/td>\n<td><\/td>\n<\/tr>\n<tr>\n<td>09.00<\/td>\n<td>Morgenmad og hygge<\/td>\n<td><\/td>\n<\/tr>\n<tr>\n<td>10.00<\/td>\n<td>Post Types, Post Formats og Taxonomies<\/td>\n<td>Thomas Clausen<\/td>\n<\/tr>\n<tr>\n<td>11.00<\/td>\n<td>WordPress Danmark &#8211; her, nu og i fremtiden<\/td>\n<td>Mark Thomas Gazel<\/td>\n<\/tr>\n<tr>\n<td>12.00<\/td>\n<td>Frokost<\/td>\n<td><\/td>\n<\/tr>\n<tr>\n<td>12.30<\/td>\n<td>WordPress Themes &#8211; mere end design?<\/td>\n<td>Mikkel W. Breum<\/td>\n<\/tr>\n<tr>\n<td>14.00<\/td>\n<td>Pr\u00e6sentation af WordPress projekter &#8211; om at arbejde professionelt med WordPress<\/td>\n<td>K\u00e5re Mulvad<\/td>\n<\/tr>\n<tr>\n<td>15.00<\/td>\n<td>Roundup\/gruppem\u00f8de om hvordan vi kommer videre med WordPress i Danmark<\/td>\n<td>Mark, Lisa og mange flere<\/td>\n<\/tr>\n<\/tbody>\n<\/table>\n","protected":false},"excerpt":{"rendered":"<p>Dette er programmet for de to dage. Det kan \u00e6ndre sig, s\u00e5 kik forbi j\u00e6vnligt. Senest \u00e6ndret 2. november. WordCamp program 2011 L\u00f8rdag 09.00 Indregistrering Morgenmad\/velkomst 10.00 Video &#8211; fra optagelse til blog Oliver Nielsen 11.00 Webshop &#8211; fra cvr &hellip; <a href=\"https:\/\/denmark.wordcamp.org\/2011\/program\/\">Continue reading <span class=\"screen-reader-text\">Program<\/span>  <span class=\"meta-nav\">&rarr;<\/span><\/a><\/p>\n","protected":false},"author":50198,"featured_media":0,"parent":0,"menu_order":0,"comment_status":"open","ping_status":"open","template":"","meta":{"jetpack_post_was_ever_published":false,"footnotes":""},"class_list":["post-553","page","type-page","status-publish","hentry"],"jetpack_shortlink":"https:\/\/wp.me\/P1Ncpa-8V","jetpack_sharing_enabled":true,"_links":{"self":[{"href":"https:\/\/denmark.wordcamp.org\/2011\/wp-json\/wp\/v2\/pages\/553","targetHints":{"allow":["GET"]}}],"collection":[{"href":"https:\/\/denmark.wordcamp.org\/2011\/wp-json\/wp\/v2\/pages"}],"about":[{"href":"https:\/\/denmark.wordcamp.org\/2011\/wp-json\/wp\/v2\/types\/page"}],"author":[{"embeddable":true,"href":"https:\/\/denmark.wordcamp.org\/2011\/wp-json\/wp\/v2\/users\/50198"}],"replies":[{"embeddable":true,"href":"https:\/\/denmark.wordcamp.org\/2011\/wp-json\/wp\/v2\/comments?post=553"}],"version-history":[{"count":13,"href":"https:\/\/denmark.wordcamp.org\/2011\/wp-json\/wp\/v2\/pages\/553\/revisions"}],"predecessor-version":[{"id":556,"href":"https:\/\/denmark.wordcamp.org\/2011\/wp-json\/wp\/v2\/pages\/553\/revisions\/556"}],"wp:attachment":[{"href":"https:\/\/denmark.wordcamp.org\/2011\/wp-json\/wp\/v2\/media?parent=553"}],"curies":[{"name":"wp","href":"https:\/\/api.w.org\/{rel}","templated":true}]}}