{"id":558,"date":"2011-10-02T21:35:07","date_gmt":"2011-10-02T19:35:07","guid":{"rendered":"https:\/\/2011.denmark.wordcamp.org\/?page_id=558"},"modified":"2011-11-11T00:05:15","modified_gmt":"2011-11-10T22:05:15","slug":"tilmelding","status":"publish","type":"page","link":"https:\/\/denmark.wordcamp.org\/2011\/tilmelding\/","title":{"rendered":"Tilmelding"},"content":{"rendered":"<p>Vi k\u00f8rte en tilmeldingsrunde i for\u00e5ret, da vi p\u00e5 det tidspunkt regnede med at holde WordCamp den 16. og 17. april. Det endte vi med at aflyse\/flytte til efter\u00e5ret, da vi ikke kunne n\u00e5 at f\u00e5 et ordentligt program p\u00e5 plads. WordCamp bliver nu afholdt den 12. og 13. november. En del har dog tilmeldt sig i for\u00e5ret og de skal nurligvis ikke betale igen. Medmindre de siger noget andet, s\u00e5 er de stadig tilmeldt. Jeg har listet dem l\u00e6ngere nede.<\/p>\n<p>Andre fik deres penge retur (hvis alt er g\u00e5et vel) og de skal derfor tilmelde sig igen, hvis de vil deltage.<\/p>\n<p>Du tilmelder dig hos <a title=\"https:\/\/www.place2book.com\/event\/3169?locale=da\" href=\"https:\/\/www.place2book.com\/event\/3169?locale=da\">Place2book<\/a>.<\/p>\n<table width=\"100\" border=\"0\" cellspacing=\"0\" cellpadding=\"0\">\n<tbody>\n<tr>\n<td><\/td>\n<td>\n<div align=\"left\">Antal billetter<\/div>\n<\/td>\n<td>Fornavn<\/td>\n<td>Efternavn<\/td>\n<td>Websted<\/td>\n<\/tr>\n<tr>\n<td align=\"right\">\n<div align=\"left\">1<\/div>\n<\/td>\n<td align=\"right\">\n<div align=\"left\">1<\/div>\n<\/td>\n<td>Lisa<\/td>\n<td>Risager<\/td>\n<td><a href=\"http:\/\/lisarisager.dk\">http:\/\/lisarisager.dk<\/a><\/td>\n<\/tr>\n<tr>\n<td align=\"right\">\n<div align=\"left\">2<\/div>\n<\/td>\n<td align=\"right\">\n<div align=\"left\">1<\/div>\n<\/td>\n<td>John<\/td>\n<td>Sahl<\/td>\n<td><a href=\"http:\/\/autohenter.dk\">http:\/\/autohenter.dk<\/a><\/td>\n<\/tr>\n<tr>\n<td align=\"right\">\n<div align=\"left\">3<\/div>\n<\/td>\n<td align=\"right\">\n<div align=\"left\">1<\/div>\n<\/td>\n<td>Sia<\/td>\n<td>Nariman<\/td>\n<td><a href=\"http:\/\/chawg.org\">http:\/\/chawg.org<\/a><\/td>\n<\/tr>\n<tr>\n<td align=\"right\">\n<div align=\"left\">4<\/div>\n<\/td>\n<td align=\"right\">\n<div align=\"left\">1<\/div>\n<\/td>\n<td>Morten<\/td>\n<td>Knudsen<\/td>\n<td><a href=\"http:\/\/mortenknudsen.dk\">http:\/\/mortenknudsen.dk<\/a><\/td>\n<\/tr>\n<tr>\n<td align=\"right\">\n<div align=\"left\">5<\/div>\n<\/td>\n<td align=\"right\">\n<div align=\"left\">1<\/div>\n<\/td>\n<td>Steffen<\/td>\n<td>J\u00f8rgensen<\/td>\n<td><a href=\"http:\/\/stffn.dk\">http:\/\/stffn.dk<\/a><\/td>\n<\/tr>\n<tr>\n<td align=\"right\">\n<div align=\"left\">6<\/div>\n<\/td>\n<td align=\"right\">\n<div align=\"left\">1<\/div>\n<\/td>\n<td>K\u00e5re<\/td>\n<td>Mulvad<\/td>\n<td><a href=\"http:\/\/dejliglama.dk\">http:\/\/dejliglama.dk<\/a><\/td>\n<\/tr>\n<tr>\n<td align=\"right\">\n<div align=\"left\">7<\/div>\n<\/td>\n<td align=\"right\">\n<div align=\"left\">1<\/div>\n<\/td>\n<td>Bolette<\/td>\n<td>Obbek\u00e6r<\/td>\n<td><a href=\"http:\/\/www.bedreweb.dk\">http:\/\/www.bedreweb.dk<\/a><\/td>\n<\/tr>\n<tr>\n<td align=\"right\">\n<div align=\"left\">8<\/div>\n<\/td>\n<td align=\"right\">\n<div align=\"left\">1<\/div>\n<\/td>\n<td>Mark Thomas<\/td>\n<td>Gazel<\/td>\n<td><a href=\"http:\/\/mark.gazel.dk\">http:\/\/mark.gazel.dk<\/a><\/td>\n<\/tr>\n<tr>\n<td align=\"right\">\n<div align=\"left\">9<\/div>\n<\/td>\n<td align=\"right\">\n<div align=\"left\">1<\/div>\n<\/td>\n<td>Thomas<\/td>\n<td>Clausen<\/td>\n<td><a href=\"http:\/\/www.designgrotten.dk\">http:\/\/www.designgrotten.dk<\/a><\/td>\n<\/tr>\n<tr>\n<td align=\"right\">\n<div align=\"left\">10<\/div>\n<\/td>\n<td align=\"right\">\n<div align=\"left\">1<\/div>\n<\/td>\n<td>Jesper<\/td>\n<td>Laugesen<\/td>\n<td><a href=\"http:\/\/regnskabsskolen.dk\">http:\/\/regnskabsskolen.dk<\/a><\/td>\n<\/tr>\n<tr>\n<td align=\"right\">\n<div align=\"left\">11<\/div>\n<\/td>\n<td align=\"right\">\n<div align=\"left\">1<\/div>\n<\/td>\n<td>Louis Tim<\/td>\n<td>Larsen<\/td>\n<td><a href=\"http:\/\/regnskabsskolen.dk\">http:\/\/www.louis.dk<\/a><\/td>\n<\/tr>\n<tr>\n<td align=\"right\">\n<div align=\"left\">12<\/div>\n<\/td>\n<td align=\"right\">\n<div align=\"left\">2<\/div>\n<\/td>\n<td>Lars<\/td>\n<td>Bachmann<\/td>\n<td><a href=\"http:\/\/www.conseo.dk\">http:\/\/www.conseo.dk<\/a><\/td>\n<\/tr>\n<tr>\n<td align=\"right\">\n<div align=\"left\">13<\/div>\n<\/td>\n<td align=\"right\">\n<div align=\"left\">1<\/div>\n<\/td>\n<td>Karen<\/td>\n<td>Mardahl<\/td>\n<td><a href=\"http:\/\/www.mardahl.dk\">http:\/\/www.mardahl.dk<\/a><\/td>\n<\/tr>\n<tr>\n<td align=\"right\">\n<div align=\"left\">14<\/div>\n<\/td>\n<td align=\"right\">\n<div align=\"left\">1<\/div>\n<\/td>\n<td>Frederik<\/td>\n<td>Raabye<\/td>\n<td><\/td>\n<\/tr>\n<tr>\n<td align=\"right\">\n<div align=\"left\">15<\/div>\n<\/td>\n<td align=\"right\">\n<div align=\"left\">1<\/div>\n<\/td>\n<td>Claus<\/td>\n<td>Thomsen<\/td>\n<td><a href=\"http:\/\/www.regionh.dk\">http:\/\/www.regionh.dk<\/a><\/td>\n<\/tr>\n<tr>\n<td align=\"right\">\n<div align=\"left\">16<\/div>\n<\/td>\n<td align=\"right\">\n<div align=\"left\">1<\/div>\n<\/td>\n<td>Alma<\/td>\n<td>Sokolovic-Rasmussen<\/td>\n<td>(i stedet for Amelia Berkeley)<\/td>\n<\/tr>\n<tr>\n<td align=\"right\">\n<div align=\"left\">17<\/div>\n<\/td>\n<td align=\"right\">\n<div align=\"left\">2<\/div>\n<\/td>\n<td>John Schwartz<\/td>\n<td>Jacobsen<\/td>\n<td><\/td>\n<\/tr>\n<tr>\n<td align=\"right\">\n<div align=\"left\">18<\/div>\n<\/td>\n<td align=\"right\">\n<div align=\"left\">1<\/div>\n<\/td>\n<td>Astrid Maria<\/td>\n<td>Bigoni<\/td>\n<td><a href=\"http:\/\/astridmaria.dk\">http:\/\/astridmaria.dk<\/a><\/td>\n<\/tr>\n<tr>\n<td align=\"right\">\n<div align=\"left\">19<\/div>\n<\/td>\n<td align=\"right\">\n<div align=\"left\">1<\/div>\n<\/td>\n<td>Lotte<\/td>\n<td>Andreasen<\/td>\n<td><\/td>\n<\/tr>\n<tr>\n<td align=\"right\">\n<div align=\"left\">20<\/div>\n<\/td>\n<td align=\"right\">\n<div align=\"left\">1<\/div>\n<\/td>\n<td>Dorte<\/td>\n<td>Pedersen<\/td>\n<td><\/td>\n<\/tr>\n<tr>\n<td align=\"right\">\n<div align=\"left\">21<\/div>\n<\/td>\n<td align=\"right\">\n<div align=\"left\">1<\/div>\n<\/td>\n<td>David<\/td>\n<td>Garcia<\/td>\n<td><\/td>\n<\/tr>\n<tr>\n<td align=\"right\">\n<div align=\"left\">22<\/div>\n<\/td>\n<td align=\"right\">\n<div align=\"left\">1<\/div>\n<\/td>\n<td>Georg<\/td>\n<td>Adamsen<\/td>\n<td><a href=\"http:\/\/wordpress.blogos.dk\">http:\/\/wordpress.blogos.dk<\/a><\/td>\n<\/tr>\n<tr>\n<td align=\"right\">\n<div align=\"left\">23<\/div>\n<\/td>\n<td align=\"right\">\n<div align=\"left\">1<\/div>\n<\/td>\n<td>Pernille<\/td>\n<td>Gregersen<\/td>\n<td><\/td>\n<\/tr>\n<tr>\n<td align=\"right\">\n<div align=\"left\">24<\/div>\n<\/td>\n<td align=\"right\">\n<div align=\"left\">1<\/div>\n<\/td>\n<td>Thomas<\/td>\n<td>Gam Nielsen<\/td>\n<td><\/td>\n<\/tr>\n<tr>\n<td align=\"right\">\n<div align=\"left\">25<\/div>\n<\/td>\n<td align=\"right\">\n<div align=\"left\">1<\/div>\n<\/td>\n<td>Linda<\/td>\n<td>Kristiansen<\/td>\n<td><a href=\"http:\/\/www.lindakristiansen.dk\">http:\/\/www.lindakristiansen.dk<\/a><\/td>\n<\/tr>\n<tr>\n<td align=\"right\">\n<div align=\"left\">26<\/div>\n<\/td>\n<td align=\"right\">\n<div align=\"left\">1<\/div>\n<\/td>\n<td>Anja<\/td>\n<td>Lysholm<\/td>\n<td><a href=\"http:\/\/utroskab.org\">http:\/\/utroskab.org<\/a><\/td>\n<\/tr>\n<tr>\n<td align=\"right\">\n<div align=\"left\">27<\/div>\n<\/td>\n<td align=\"right\">\n<div align=\"left\">1<\/div>\n<\/td>\n<td>Katarina<\/td>\n<td>Tafvelin<\/td>\n<td><a href=\"http:\/\/www.bdforum.org\">http:\/\/www.bdforum.org<\/a><\/td>\n<\/tr>\n<tr>\n<td align=\"right\">\n<div align=\"left\">28<\/div>\n<\/td>\n<td align=\"right\">\n<div align=\"left\">1<\/div>\n<\/td>\n<td>Helge<\/td>\n<td>Larsen<\/td>\n<td><\/td>\n<\/tr>\n<tr>\n<td align=\"right\">\n<div align=\"left\">29<\/div>\n<\/td>\n<td align=\"right\">\n<div align=\"left\">1<\/div>\n<\/td>\n<td>Karin<\/td>\n<td>H\u00f8gh<\/td>\n<td><a href=\"http:\/\/podconsult.dk\">http:\/\/podconsult.dk<\/a><\/td>\n<\/tr>\n<tr>\n<td align=\"right\">\n<div align=\"left\">30<\/div>\n<\/td>\n<td align=\"right\">\n<div align=\"left\">2<\/div>\n<\/td>\n<td>Knut<\/td>\n<td>Sparhell<\/td>\n<td><a href=\"http:\/\/kreasjoner.com\">http:\/\/kreasjoner.com<\/a>, <a href=\"http:\/\/sparhell.no\/knut\">http:\/\/sparhell.no\/knut<\/a><\/td>\n<\/tr>\n<tr>\n<td align=\"right\">\n<div align=\"left\">31<\/div>\n<\/td>\n<td align=\"right\">\n<div align=\"left\">1<\/div>\n<\/td>\n<td>Mette<\/td>\n<td>Weber<\/td>\n<td><a href=\"https:\/\/www.metteweber.dk\">https:\/\/www.metteweber.dk<\/a><\/td>\n<\/tr>\n<tr>\n<td align=\"right\">\n<div align=\"left\">32<\/div>\n<\/td>\n<td align=\"right\">\n<div align=\"left\">1<\/div>\n<\/td>\n<td>Adriana<\/td>\n<td>Saenz<\/td>\n<td><a href=\"http:\/\/ciruelointeriors.wordpress.com\">http:\/\/ciruelointeriors.wordpress.com<\/a><\/td>\n<\/tr>\n<tr>\n<td align=\"right\">\n<div align=\"left\">33<\/div>\n<\/td>\n<td align=\"right\">\n<div align=\"left\">1<\/div>\n<\/td>\n<td>Johnny<\/td>\n<td>Fevre<\/td>\n<td><a href=\"http:\/\/i-sys.dk\">http:\/\/i-sys.dk<\/a><\/td>\n<\/tr>\n<tr>\n<td align=\"right\">\n<div align=\"left\">34<\/div>\n<\/td>\n<td align=\"right\">\n<div align=\"left\">1<\/div>\n<\/td>\n<td>Knut<\/td>\n<td>N\u00e4gele<\/td>\n<td><a href=\"http:\/\/kn.dk\">http:\/\/kn.dk<\/a><\/td>\n<\/tr>\n<tr>\n<td align=\"right\">\n<div align=\"left\">35<\/div>\n<\/td>\n<td align=\"right\">\n<div align=\"left\">1<\/div>\n<\/td>\n<td>Susie<\/td>\n<td>Christensen<\/td>\n<td><a href=\"http:\/\/www.alfakommunikation.dk\">http:\/\/www.alfakommunikation.dk<\/a><\/td>\n<\/tr>\n<tr>\n<td align=\"right\">\n<div align=\"left\">36<\/div>\n<\/td>\n<td align=\"right\">\n<div align=\"left\">1<\/div>\n<\/td>\n<td>Peter<\/td>\n<td>Liebst<\/td>\n<td><a href=\"http:\/\/www.ignesco.dk\">http:\/\/www.ignesco.dk<\/a><\/td>\n<\/tr>\n<tr>\n<td align=\"right\">\n<div align=\"left\">37<\/div>\n<\/td>\n<td align=\"right\">\n<div align=\"left\">1<\/div>\n<\/td>\n<td>Carsten<\/td>\n<td>Riis<\/td>\n<td><a href=\"http:\/\/www.de3faktorer.dk\">http:\/\/www.de3faktorer.dk<\/a><\/td>\n<\/tr>\n<tr>\n<td align=\"right\">\n<div align=\"left\">38<\/div>\n<\/td>\n<td align=\"right\">1<\/td>\n<td>S\u00f8ren<\/td>\n<td>Hugger M\u00f8ller<\/td>\n<td><a href=\"http:\/\/sorenhm.dk\">http:\/\/sorenhm.dk<\/a><\/td>\n<\/tr>\n<tr>\n<td align=\"right\">\n<div align=\"left\">39<\/div>\n<\/td>\n<td align=\"right\">\n<div align=\"left\">1<\/div>\n<\/td>\n<td>Ask<\/td>\n<td>Hybel<\/td>\n<td><a href=\"http:\/\/askhybel.dk\">http:\/\/askhybel.dk<\/a><\/td>\n<\/tr>\n<tr>\n<td align=\"right\">\n<div align=\"left\">40<\/div>\n<\/td>\n<td align=\"right\">1<\/td>\n<td>Thomas<\/td>\n<td>Hiilbig Pedersen<\/td>\n<td><\/td>\n<\/tr>\n<tr>\n<td align=\"right\">\n<div align=\"left\">41<\/div>\n<\/td>\n<td align=\"right\">\n<div align=\"left\">1<\/div>\n<\/td>\n<td>Jakob<\/td>\n<td>Lauridsen<\/td>\n<td><a href=\"http:\/\/www.jakoblauridsen.dk\">http:\/\/www.jakoblauridsen.dk<\/a><\/td>\n<\/tr>\n<tr>\n<td align=\"right\">\n<div align=\"left\">42<\/div>\n<\/td>\n<td align=\"right\">\n<div align=\"left\">1<\/div>\n<\/td>\n<td>Brian<\/td>\n<td>Brandt<\/td>\n<td><a href=\"http:\/\/wpdk.dk\">http:\/\/wpdk.dk<\/a><\/td>\n<\/tr>\n<tr>\n<td align=\"right\">\n<div align=\"left\">43<\/div>\n<\/td>\n<td align=\"right\">\n<div align=\"left\">1<\/div>\n<\/td>\n<td>Casper<\/td>\n<td>Reiff<\/td>\n<td><a href=\"http:\/\/reiffs.dk\">http:\/\/reiffs.dk<\/a><\/td>\n<\/tr>\n<tr>\n<td align=\"right\">\n<div align=\"left\">44<\/div>\n<\/td>\n<td align=\"right\">\n<div align=\"left\">1<\/div>\n<\/td>\n<td>Theis<\/td>\n<td>Kofoed Hjorth<\/td>\n<td><a href=\"http:\/\/www.likecph.dk\">http:\/\/www.likecph.dk<\/a><\/td>\n<\/tr>\n<tr>\n<td align=\"right\">\n<div align=\"left\">45<\/div>\n<\/td>\n<td align=\"right\">\n<div align=\"left\">1<\/div>\n<\/td>\n<td>Anders<\/td>\n<td>Krarup<\/td>\n<td><a href=\"http:\/\/supervillainhq.net\">http:\/\/supervillainhq.net<\/a><\/td>\n<\/tr>\n<tr>\n<td align=\"right\">\n<div align=\"left\">46<\/div>\n<\/td>\n<td align=\"right\">\n<div align=\"left\">1<\/div>\n<\/td>\n<td>Thomas Bo<\/td>\n<td>Christensen<\/td>\n<td><\/td>\n<\/tr>\n<tr>\n<td align=\"right\">\n<div align=\"left\">47<\/div>\n<\/td>\n<td align=\"right\">\n<div align=\"left\">1<\/div>\n<\/td>\n<td>Mikkel<\/td>\n<td>Breum<\/td>\n<td><a href=\"http:\/\/wpkitchen.com\">http:\/\/wpkitchen.com<\/a><\/td>\n<\/tr>\n<tr>\n<td align=\"right\">\n<div align=\"left\">48<\/div>\n<\/td>\n<td align=\"right\">\n<div align=\"left\">1<\/div>\n<\/td>\n<td height=\"17\">Andreas<\/td>\n<td>Hardrup<\/td>\n<td><\/td>\n<\/tr>\n<tr>\n<td align=\"right\">\n<div align=\"left\">49<\/div>\n<\/td>\n<td align=\"right\">\n<div align=\"left\">1<\/div>\n<\/td>\n<td height=\"17\">Lasse Claes<\/td>\n<td>Jacobsen<\/td>\n<td><a href=\"http:\/\/www.lasseclaes.dk\/whoop\/\">http:\/\/www.lasseclaes.dk\/whoop\/<\/a><\/td>\n<\/tr>\n<tr>\n<td align=\"right\">\n<div align=\"left\">50<\/div>\n<\/td>\n<td align=\"right\">\n<div align=\"left\">1<\/div>\n<\/td>\n<td height=\"17\">Oliver Nielsen<\/td>\n<td>WebMatros<\/td>\n<td><a href=\"http:\/\/www.lasseclaes.dk\/whoop\/\">http:\/\/www.webmatros.dk<\/a><\/td>\n<\/tr>\n<tr>\n<td align=\"right\">\n<div align=\"left\">51<\/div>\n<\/td>\n<td align=\"right\">\n<div align=\"left\">1<\/div>\n<\/td>\n<td height=\"17\">Kasper<\/td>\n<td>Bergholt<\/td>\n<td><a href=\"http:\/\/mediebevaegelsen.dk\">http:\/\/mediebevaegelsen.dk<\/a><\/td>\n<\/tr>\n<tr>\n<td align=\"right\">\n<div align=\"left\">52<\/div>\n<\/td>\n<td align=\"right\">\n<div align=\"left\">1<\/div>\n<\/td>\n<td height=\"17\">Maria<\/td>\n<td>Worm Reinhardt<\/td>\n<td><a href=\"http:\/\/mariawr.dk\">http:\/\/mariawr.dk<\/a><\/td>\n<\/tr>\n<tr>\n<td align=\"right\">\n<div align=\"left\">53<\/div>\n<\/td>\n<td align=\"right\">\n<div align=\"left\">1<\/div>\n<\/td>\n<td height=\"17\">Martin<\/td>\n<td>Flyvholm<\/td>\n<td><a href=\"http:\/\/www.flyveren.com\">http:\/\/www.flyveren.com<\/a><\/td>\n<\/tr>\n<tr>\n<td align=\"right\">\n<div align=\"left\">54<\/div>\n<\/td>\n<td align=\"right\">\n<div align=\"left\">1<\/div>\n<\/td>\n<td height=\"17\">Johnny<\/td>\n<td>Wichmann<\/td>\n<td><a href=\"http:\/\/wichmannreportage.dk\">http:\/\/wichmannreportage.dk<\/a><\/td>\n<\/tr>\n<tr>\n<td align=\"right\">\n<div align=\"left\">55<\/div>\n<\/td>\n<td align=\"right\">\n<div align=\"left\">1<\/div>\n<\/td>\n<td height=\"17\">Mikkel<\/td>\n<td>Hansen<\/td>\n<td><a href=\"http:\/\/ploghansen.dk\">http:\/\/ploghansen.dk<\/a><\/td>\n<\/tr>\n<tr>\n<td align=\"right\">\n<div align=\"left\">56<\/div>\n<\/td>\n<td align=\"right\">\n<div align=\"left\">1<\/div>\n<\/td>\n<td height=\"17\">Per<\/td>\n<td>Bovbjerg<\/td>\n<td><a href=\"http:\/\/spiritueltforum.net\">http:\/\/spiritueltforum.net<\/a><\/td>\n<\/tr>\n<tr>\n<td align=\"right\">\n<div align=\"left\">57<\/div>\n<\/td>\n<td align=\"right\">\n<div align=\"left\">1<\/div>\n<\/td>\n<td height=\"17\">Thomas<\/td>\n<td>Zacchi<\/td>\n<td><a href=\"http:\/\/www.intoto.dk\">http:\/\/www.intoto.dk<\/a><\/td>\n<\/tr>\n<tr>\n<td align=\"right\">\n<div align=\"left\">58<\/div>\n<\/td>\n<td align=\"right\">\n<div align=\"left\">1<\/div>\n<\/td>\n<td height=\"17\">Torben Stig<\/td>\n<td>Hansen<\/td>\n<td><a href=\"http:\/\/www.cokids.dk\">http:\/\/www.cokids.dk<\/a><\/td>\n<\/tr>\n<tr>\n<td align=\"right\">\n<div align=\"left\">59<\/div>\n<\/td>\n<td align=\"right\">\n<div align=\"left\">1<\/div>\n<\/td>\n<td height=\"17\">Nicolaj<\/td>\n<td>Christensen<\/td>\n<td><a href=\"http:\/\/www.vesterbrofestival.dk\">http:\/\/www.vesterbrofestival.dk<\/a><\/td>\n<\/tr>\n<tr>\n<td align=\"right\">\n<div align=\"left\">60<\/div>\n<\/td>\n<td align=\"right\">\n<div align=\"left\">1<\/div>\n<\/td>\n<td height=\"17\">Jakob<\/td>\n<td>Snedled<\/td>\n<td><a href=\"http:\/\/www.snedled.dk\">http:\/\/www.snedled.dk<\/a><\/td>\n<\/tr>\n<\/tbody>\n<\/table>\n","protected":false},"excerpt":{"rendered":"<p>Vi k\u00f8rte en tilmeldingsrunde i for\u00e5ret, da vi p\u00e5 det tidspunkt regnede med at holde WordCamp den 16. og 17. april. Det endte vi med at aflyse\/flytte til efter\u00e5ret, da vi ikke kunne n\u00e5 at f\u00e5 et ordentligt program p\u00e5 &hellip; <a href=\"https:\/\/denmark.wordcamp.org\/2011\/tilmelding\/\">Continue reading <span class=\"screen-reader-text\">Tilmelding<\/span>  <span class=\"meta-nav\">&rarr;<\/span><\/a><\/p>\n","protected":false},"author":50198,"featured_media":0,"parent":0,"menu_order":0,"comment_status":"open","ping_status":"open","template":"","meta":{"jetpack_post_was_ever_published":false,"footnotes":""},"class_list":["post-558","page","type-page","status-publish","hentry"],"jetpack_shortlink":"https:\/\/wp.me\/P1Ncpa-90","jetpack_sharing_enabled":true,"_links":{"self":[{"href":"https:\/\/denmark.wordcamp.org\/2011\/wp-json\/wp\/v2\/pages\/558","targetHints":{"allow":["GET"]}}],"collection":[{"href":"https:\/\/denmark.wordcamp.org\/2011\/wp-json\/wp\/v2\/pages"}],"about":[{"href":"https:\/\/denmark.wordcamp.org\/2011\/wp-json\/wp\/v2\/types\/page"}],"author":[{"embeddable":true,"href":"https:\/\/denmark.wordcamp.org\/2011\/wp-json\/wp\/v2\/users\/50198"}],"replies":[{"embeddable":true,"href":"https:\/\/denmark.wordcamp.org\/2011\/wp-json\/wp\/v2\/comments?post=558"}],"version-history":[{"count":40,"href":"https:\/\/denmark.wordcamp.org\/2011\/wp-json\/wp\/v2\/pages\/558\/revisions"}],"predecessor-version":[{"id":563,"href":"https:\/\/denmark.wordcamp.org\/2011\/wp-json\/wp\/v2\/pages\/558\/revisions\/563"}],"wp:attachment":[{"href":"https:\/\/denmark.wordcamp.org\/2011\/wp-json\/wp\/v2\/media?parent=558"}],"curies":[{"name":"wp","href":"https:\/\/api.w.org\/{rel}","templated":true}]}}