{"id":16936,"date":"2014-01-15T18:19:40","date_gmt":"2014-01-15T18:19:40","guid":{"rendered":"https:\/\/2014.denmark.wordcamp.org\/?page_id=16936"},"modified":"2014-05-09T13:16:19","modified_gmt":"2014-05-09T13:16:19","slug":"hvad-er-wordcamp","status":"publish","type":"page","link":"https:\/\/denmark.wordcamp.org\/2014\/hvad-er-wordcamp\/","title":{"rendered":"Hvad er WordCamp?"},"content":{"rendered":"<p>WordCamp er en 2-dages konference om alt der har med <a title=\"WordPress.org - ikke wordpress.com!\" href=\"http:\/\/wordpress.org\">WordPress<\/a> at g\u00f8re.<\/p>\n<p>WordCamp er et socialt arrangement, organiseret af frivillige WordPress-brugere. Alle &#8211; fra helt almindelig WordPress-bruger, til garvet udvikler &#8211; kan v\u00e6re med, udveksle viden, tips og id\u00e9er.<br \/>\n<a href=\"http:\/\/central.wordcamp.org\/what-to-expect\/\">Mere om WordCamps (p\u00e5 engelsk)<\/a>.<br \/>\n<a title=\"Program\" href=\"https:\/\/2014.denmark.wordcamp.org\/schedule\/\"><\/p>\n<h4>Se programmet<\/h4>\n<p><\/a><\/p>\n<p>&nbsp;<\/p>\n<h2>Er WordCamp noget for mig?<\/h2>\n<p>Ja, hvis du har lyst til at l\u00e6re mere om WordPress, har lyst til l\u00e6re andre WordPress-brugere at kende og ogs\u00e5 gerne hvis du har lyst til at fort\u00e6lle om hvordan du bruger WordPress &#8211; s\u00e5 er WordCamp noget for dig!<\/p>\n<h2>Hvad kan jeg bidrage med?<\/h2>\n<p>I l\u00f8bet af WordCamp har vi <a title=\"Frivillige\" href=\"https:\/\/2014.denmark.wordcamp.org\/frivillige\/\">brug for frivillige<\/a> til at hj\u00e6lpe med i vores <a href=\"https:\/\/2014.denmark.wordcamp.org\/happiness-bar\/\" title=\"Happiness bar\">Happiness Bar<\/a>, til check-in og uddeling af navneskilte, kaffebrygning og den slags.<\/p>\n<p><img loading=\"lazy\" decoding=\"async\" class=\"alignnone size-medium wp-image-17141\" src=\"https:\/\/2014.denmark.wordcamp.org\/files\/2014\/01\/handson-700x525.jpg\" alt=\"Hands on WordPress (Photo by Lisa Risager)\" width=\"700\" height=\"525\" srcset=\"https:\/\/denmark.wordcamp.org\/2014\/files\/2014\/01\/handson-700x525.jpg 700w, https:\/\/denmark.wordcamp.org\/2014\/files\/2014\/01\/handson-300x225.jpg 300w, https:\/\/denmark.wordcamp.org\/2014\/files\/2014\/01\/handson-1400x1050.jpg 1400w, https:\/\/denmark.wordcamp.org\/2014\/files\/2014\/01\/handson.jpg 1600w\" sizes=\"auto, (max-width: 700px) 100vw, 700px\" \/><\/p>\n","protected":false},"excerpt":{"rendered":"<p>WordCamp er en 2-dages konference om alt der har med WordPress at g\u00f8re. WordCamp er et socialt arrangement, organiseret af frivillige WordPress-brugere. Alle &#8211; fra helt almindelig WordPress-bruger, til garvet udvikler &#8211; kan v\u00e6re med, udveksle viden, tips og id\u00e9er. Mere om WordCamps (p\u00e5 engelsk). Se programmet &nbsp; Er WordCamp noget for mig? Ja, hvis &hellip; <a href=\"https:\/\/denmark.wordcamp.org\/2014\/hvad-er-wordcamp\/\" class=\"more-link\">Continue reading <span class=\"screen-reader-text\">Hvad er WordCamp?<\/span> <span class=\"meta-nav\">&rarr;<\/span><\/a><\/p>\n","protected":false},"author":5799700,"featured_media":0,"parent":0,"menu_order":0,"comment_status":"closed","ping_status":"closed","template":"","meta":{"jetpack_post_was_ever_published":false,"footnotes":""},"class_list":["post-16936","page","type-page","status-publish","hentry"],"jetpack_sharing_enabled":true,"_links":{"self":[{"href":"https:\/\/denmark.wordcamp.org\/2014\/wp-json\/wp\/v2\/pages\/16936","targetHints":{"allow":["GET"]}}],"collection":[{"href":"https:\/\/denmark.wordcamp.org\/2014\/wp-json\/wp\/v2\/pages"}],"about":[{"href":"https:\/\/denmark.wordcamp.org\/2014\/wp-json\/wp\/v2\/types\/page"}],"author":[{"embeddable":true,"href":"https:\/\/denmark.wordcamp.org\/2014\/wp-json\/wp\/v2\/users\/5799700"}],"replies":[{"embeddable":true,"href":"https:\/\/denmark.wordcamp.org\/2014\/wp-json\/wp\/v2\/comments?post=16936"}],"version-history":[{"count":23,"href":"https:\/\/denmark.wordcamp.org\/2014\/wp-json\/wp\/v2\/pages\/16936\/revisions"}],"predecessor-version":[{"id":442513,"href":"https:\/\/denmark.wordcamp.org\/2014\/wp-json\/wp\/v2\/pages\/16936\/revisions\/442513"}],"wp:attachment":[{"href":"https:\/\/denmark.wordcamp.org\/2014\/wp-json\/wp\/v2\/media?parent=16936"}],"curies":[{"name":"wp","href":"https:\/\/api.w.org\/{rel}","templated":true}]}}