{"id":2,"date":"2014-01-10T16:42:25","date_gmt":"2014-01-10T16:42:25","guid":{"rendered":"https:\/\/2014.denmark.wordcamp.org\/?page_id=2"},"modified":"2014-05-09T16:01:10","modified_gmt":"2014-05-09T16:01:10","slug":"talere","status":"publish","type":"page","link":"https:\/\/denmark.wordcamp.org\/2014\/talere\/","title":{"rendered":"Talere p\u00e5 WordCamp Danmark 2014"},"content":{"rendered":"\n\t<div class=\"wcorg-speakers\">\n\n\t\t\n\t\t\t<!-- Organizers note: The id attribute is deprecated and only remains for backwards compatibility, please use the corresponding class to target individual speakers -->\n\t\t\t<div id=\"wcorg-speaker-amit-kvint\" class=\"wcorg-speaker wcorg-speaker-amit-kvint wcorg-track-teknisk\">\n\t\t\t\t<h2>\n\t\t\t\t\t\n\t\t\t\t\t\tAmit Kvint\n\t\t\t\t\t\t\t\t\t<\/h2>\n\n\t\t\t\t<div class=\"wcorg-speaker-description\">\n\t\t\t\t\t<img alt='' src='https:\/\/secure.gravatar.com\/avatar\/5126c69c4f43fbc6eb54a865b6fab0a5401d9cd46ef87ee61141339d4041a38e?s=100&#038;d=mm&#038;r=g' srcset='https:\/\/secure.gravatar.com\/avatar\/5126c69c4f43fbc6eb54a865b6fab0a5401d9cd46ef87ee61141339d4041a38e?s=200&#038;d=mm&#038;r=g 2x' class='avatar avatar-100 photo' height='100' width='100' \/>\t\t\t\t\t<p>A web developer based in the south of Spain where it\u2019s warm and sunny. Amit has been creating for the web since the 90\u2019s and with WordPress since he came across it. Never made a single-language website and ended up working for WPML, specifically the theme compatibility project and all kinds of other stuff&#8230;<\/p>\n\t\t\t\t<\/div>\n\t\t\t<\/div>\n\n\t\t\n\t\t\t<!-- Organizers note: The id attribute is deprecated and only remains for backwards compatibility, please use the corresponding class to target individual speakers -->\n\t\t\t<div id=\"wcorg-speaker-andreas-ek\" class=\"wcorg-speaker wcorg-speaker-andreas-ek wcorg-track-teknisk\">\n\t\t\t\t<h2>\n\t\t\t\t\t\n\t\t\t\t\t\tAndreas Ek\n\t\t\t\t\t\t\t\t\t<\/h2>\n\n\t\t\t\t<div class=\"wcorg-speaker-description\">\n\t\t\t\t\t<img alt='' src='https:\/\/secure.gravatar.com\/avatar\/17f59e155e3e2ab97b70d7d7a3041d204cae96fcc74d8c304f103f18b84961f4?s=100&#038;d=mm&#038;r=g' srcset='https:\/\/secure.gravatar.com\/avatar\/17f59e155e3e2ab97b70d7d7a3041d204cae96fcc74d8c304f103f18b84961f4?s=200&#038;d=mm&#038;r=g 2x' class='avatar avatar-100 photo' height='100' width='100' \/>\t\t\t\t\t<p>Andreas Ek is the founder of Flowcom, an up-and-coming IT consulting company based in Sweden. Flowcom specializes in web production automation based on open source solutions such as WordPress. Andreas is the company\u2019s systems architect. His passion is automation and he has experience from building administrative web solutions for various industries, including education, publishing, and government.<\/p>\n\t\t\t\t<\/div>\n\t\t\t<\/div>\n\n\t\t\n\t\t\t<!-- Organizers note: The id attribute is deprecated and only remains for backwards compatibility, please use the corresponding class to target individual speakers -->\n\t\t\t<div id=\"wcorg-speaker-anton-stonor\" class=\"wcorg-speaker wcorg-speaker-anton-stonor wcorg-track-teknisk\">\n\t\t\t\t<h2>\n\t\t\t\t\t\n\t\t\t\t\t\tAnton Stonor\n\t\t\t\t\t\t\t\t\t<\/h2>\n\n\t\t\t\t<div class=\"wcorg-speaker-description\">\n\t\t\t\t\t<img alt='' src='https:\/\/secure.gravatar.com\/avatar\/c97a8bd6f596516523b5059b8ed9043a2f603b00b78ee52b183fc681e613e004?s=100&#038;d=mm&#038;r=g' srcset='https:\/\/secure.gravatar.com\/avatar\/c97a8bd6f596516523b5059b8ed9043a2f603b00b78ee52b183fc681e613e004?s=200&#038;d=mm&#038;r=g 2x' class='avatar avatar-100 photo' height='100' width='100' \/>\t\t\t\t\t<p>Holder af open source-software, der bare fungerer og er derfor ret glad for WordPress. Har bygget websites p\u00e5 en stribe platforme siden 1996 fra multisite-l\u00f8sninger for ministerier, over pengeindsamling for NGO\u2019er til live basketd\u00e6kning p\u00e5 mobilen til hobbybrug.<\/p>\n<p>I WordPress er det mest backend-udvikling af fx integration, jeg mest besk\u00e6ftiger mig med.<\/p>\n<p>Til dagligt er jeg udviklingschef i Headnet, hvor vi r\u00e5dgiver om og udvikler open source webl\u00f8sninger.<\/p>\n\t\t\t\t<\/div>\n\t\t\t<\/div>\n\n\t\t\n\t\t\t<!-- Organizers note: The id attribute is deprecated and only remains for backwards compatibility, please use the corresponding class to target individual speakers -->\n\t\t\t<div id=\"wcorg-speaker-bolette-obbekaer\" class=\"wcorg-speaker wcorg-speaker-bolette-obbekaer wcorg-track-brugere\">\n\t\t\t\t<h2>\n\t\t\t\t\t\n\t\t\t\t\t\tBolette Obbek\u00e6r\n\t\t\t\t\t\t\t\t\t<\/h2>\n\n\t\t\t\t<div class=\"wcorg-speaker-description\">\n\t\t\t\t\t<img alt='' src='https:\/\/secure.gravatar.com\/avatar\/40b50b3bd86b54be3b381b4225f25f1121663c106d386561395d8cc1a727f234?s=100&#038;d=mm&#038;r=g' srcset='https:\/\/secure.gravatar.com\/avatar\/40b50b3bd86b54be3b381b4225f25f1121663c106d386561395d8cc1a727f234?s=200&#038;d=mm&#038;r=g 2x' class='avatar avatar-100 photo' height='100' width='100' \/>\t\t\t\t\t<p>En visuel kommunikatrice med en indre n\u00f8rd, der k\u00e6mper for at komme ud. Har leget med WordPress siden 2008&#8230;mit fokus ligger p\u00e5 brugervenlighed og design.<\/p>\n<p>Se mere p\u00e5 &#8211;\u00a0<a href=\"http:\/\/bedreweb.dk\/\" target=\"_blank\">bedre web<\/a><\/p>\n\t\t\t\t<\/div>\n\t\t\t<\/div>\n\n\t\t\n\t\t\t<!-- Organizers note: The id attribute is deprecated and only remains for backwards compatibility, please use the corresponding class to target individual speakers -->\n\t\t\t<div id=\"wcorg-speaker-cathrine-wind-fallesen\" class=\"wcorg-speaker wcorg-speaker-cathrine-wind-fallesen wcorg-track-brugere\">\n\t\t\t\t<h2>\n\t\t\t\t\t\n\t\t\t\t\t\tCathrine Wind Fallesen\n\t\t\t\t\t\t\t\t\t<\/h2>\n\n\t\t\t\t<div class=\"wcorg-speaker-description\">\n\t\t\t\t\t<img alt='' src='https:\/\/secure.gravatar.com\/avatar\/2b4421bb9be112c060ddf6e5e31496bb846e513cc80d56983374fc990642b668?s=100&#038;d=mm&#038;r=g' srcset='https:\/\/secure.gravatar.com\/avatar\/2b4421bb9be112c060ddf6e5e31496bb846e513cc80d56983374fc990642b668?s=200&#038;d=mm&#038;r=g 2x' class='avatar avatar-100 photo' height='100' width='100' \/>\t\t\t\t\t<p>specialeskrivende p\u00e5 ITU (omkring brugeradoption indenfor mobilbetaling) og har arbejdet med WordPress i ca. 2 \u00e5r (siden ITUs introkursus til webdesign). Skriver ogs\u00e5 artikler for Geek Girl Mag, hvor mit interesse omr\u00e5de hovedsagligt er apps, men jeg har ogs\u00e5 en stor k\u00e6rlighed til gadgets og alt hvad Apple laver.<\/p>\n\t\t\t\t<\/div>\n\t\t\t<\/div>\n\n\t\t\n\t\t\t<!-- Organizers note: The id attribute is deprecated and only remains for backwards compatibility, please use the corresponding class to target individual speakers -->\n\t\t\t<div id=\"wcorg-speaker-connie-quist\" class=\"wcorg-speaker wcorg-speaker-connie-quist wcorg-track-teknisk\">\n\t\t\t\t<h2>\n\t\t\t\t\t\n\t\t\t\t\t\tConnie Quist\n\t\t\t\t\t\t\t\t\t<\/h2>\n\n\t\t\t\t<div class=\"wcorg-speaker-description\">\n\t\t\t\t\t<img alt='' src='https:\/\/secure.gravatar.com\/avatar\/?s=100&#038;d=mm&#038;r=g' srcset='https:\/\/secure.gravatar.com\/avatar\/?s=200&#038;d=mm&#038;r=g 2x' class='avatar avatar-100 photo avatar-default' height='100' width='100' \/>\t\t\t\t\t<p> Dansk-svenske Connie Quist sidder til dagligt med h\u00e5ndtering af kundernes sikkerhed hos Surftown.<\/p>\n\t\t\t\t<\/div>\n\t\t\t<\/div>\n\n\t\t\n\t\t\t<!-- Organizers note: The id attribute is deprecated and only remains for backwards compatibility, please use the corresponding class to target individual speakers -->\n\t\t\t<div id=\"wcorg-speaker-dorthe-sode-stengade-sonderskov\" class=\"wcorg-speaker wcorg-speaker-dorthe-sode-stengade-sonderskov wcorg-track-brugere\">\n\t\t\t\t<h2>\n\t\t\t\t\t\n\t\t\t\t\t\tDorthe Sode Stengade S\u00f8nderskov\n\t\t\t\t\t\t\t\t\t<\/h2>\n\n\t\t\t\t<div class=\"wcorg-speaker-description\">\n\t\t\t\t\t<img alt='' src='https:\/\/secure.gravatar.com\/avatar\/d136c9831e05e5304d978075cd6cde494ca3ea8a3088b3feec7d98f352e39029?s=100&#038;d=mm&#038;r=g' srcset='https:\/\/secure.gravatar.com\/avatar\/d136c9831e05e5304d978075cd6cde494ca3ea8a3088b3feec7d98f352e39029?s=200&#038;d=mm&#038;r=g 2x' class='avatar avatar-100 photo' height='100' width='100' \/>\t\t\t\t\t<p>WordPressblogger siden september 2012, men har arbejdet med web siden 2000. Har v\u00e6ret omkring de fleste webdiscipliner, dog med undtagelse af kodning og grafisk design. Jeg har arbejdet med markedsf\u00f8ring, kommunikation og faciliteret webprocesser hos BILLETnet og Topdanmark. Senest har jeg hjulpet selvst\u00e6ndige og iv\u00e6rks\u00e6ttere med kommunikation, brand og digital tilstedev\u00e6relse. \u2013 Cand.comm., projektleder og proceskonsulent.<\/p>\n\t\t\t\t<\/div>\n\t\t\t<\/div>\n\n\t\t\n\t\t\t<!-- Organizers note: The id attribute is deprecated and only remains for backwards compatibility, please use the corresponding class to target individual speakers -->\n\t\t\t<div id=\"wcorg-speaker-hanni-ross\" class=\"wcorg-speaker wcorg-speaker-hanni-ross wcorg-track-brugere\">\n\t\t\t\t<h2>\n\t\t\t\t\t\n\t\t\t\t\t\tHanni Ross\n\t\t\t\t\t\t\t\t\t<\/h2>\n\n\t\t\t\t<div class=\"wcorg-speaker-description\">\n\t\t\t\t\t<img alt='' src='https:\/\/secure.gravatar.com\/avatar\/7c6016cf71cbc7e5a2375177b36674a1948d0cea7995f16ee8707c9c2194b6e8?s=100&#038;d=mm&#038;r=g' srcset='https:\/\/secure.gravatar.com\/avatar\/7c6016cf71cbc7e5a2375177b36674a1948d0cea7995f16ee8707c9c2194b6e8?s=200&#038;d=mm&#038;r=g 2x' class='avatar avatar-100 photo' height='100' width='100' \/>\t\t\t\t\t\t\t\t\t<\/div>\n\t\t\t<\/div>\n\n\t\t\n\t\t\t<!-- Organizers note: The id attribute is deprecated and only remains for backwards compatibility, please use the corresponding class to target individual speakers -->\n\t\t\t<div id=\"wcorg-speaker-jens-ahrengot-boddum\" class=\"wcorg-speaker wcorg-speaker-jens-ahrengot-boddum wcorg-track-teknisk\">\n\t\t\t\t<h2>\n\t\t\t\t\t\n\t\t\t\t\t\tJens Ahrengot Boddum\n\t\t\t\t\t\t\t\t\t<\/h2>\n\n\t\t\t\t<div class=\"wcorg-speaker-description\">\n\t\t\t\t\t<img alt='' src='https:\/\/secure.gravatar.com\/avatar\/e6423478aced7ce8c941a453392ea67eb147fe2d55b8cba86d3c9dd10038967f?s=100&#038;d=mm&#038;r=g' srcset='https:\/\/secure.gravatar.com\/avatar\/e6423478aced7ce8c941a453392ea67eb147fe2d55b8cba86d3c9dd10038967f?s=200&#038;d=mm&#038;r=g 2x' class='avatar avatar-100 photo' height='100' width='100' \/>\t\t\t\t\t<p>I\u2019ve helped startups, music festivals, fashion brands and everything in-between reach their conversion goals by developing user-centric online strategies and products based on that strategy. <\/p>\n<p>I rely on modern technology to design and build mobile-first, highly performant solutions.<\/p>\n\t\t\t\t<\/div>\n\t\t\t<\/div>\n\n\t\t\n\t\t\t<!-- Organizers note: The id attribute is deprecated and only remains for backwards compatibility, please use the corresponding class to target individual speakers -->\n\t\t\t<div id=\"wcorg-speaker-jon-hansen\" class=\"wcorg-speaker wcorg-speaker-jon-hansen wcorg-track-teknisk\">\n\t\t\t\t<h2>\n\t\t\t\t\t\n\t\t\t\t\t\tJon F Hansen\n\t\t\t\t\t\t\t\t\t<\/h2>\n\n\t\t\t\t<div class=\"wcorg-speaker-description\">\n\t\t\t\t\t<img alt='' src='https:\/\/secure.gravatar.com\/avatar\/2d932a4d0878d5232184c28f38049d1b6dead8feea01e98caf954d75edfd3d3b?s=100&#038;d=mm&#038;r=g' srcset='https:\/\/secure.gravatar.com\/avatar\/2d932a4d0878d5232184c28f38049d1b6dead8feea01e98caf954d75edfd3d3b?s=200&#038;d=mm&#038;r=g 2x' class='avatar avatar-100 photo' height='100' width='100' \/>\t\t\t\t\t<p>Studerer til dagligt Informationsvidenskab p\u00e5 Aarhus Universitet og driver <a href=\"http:\/\/sitestop.dk\">Sitestop<\/a>, der arbejder med hjemmesidel\u00f8sninger med WordPress. Jeg startede som almindelig WordPressbruger med to danske hjemmesider om spil, film og gadgets. Gradvist blev min interesse udvidet til ogs\u00e5 at d\u00e6kke det tekniske, og det er der, jeg er i dag.<\/p>\n\t\t\t\t<\/div>\n\t\t\t<\/div>\n\n\t\t\n\t\t\t<!-- Organizers note: The id attribute is deprecated and only remains for backwards compatibility, please use the corresponding class to target individual speakers -->\n\t\t\t<div id=\"wcorg-speaker-kaare-mulvad-steffensen\" class=\"wcorg-speaker wcorg-speaker-kaare-mulvad-steffensen wcorg-track-brugere wcorg-track-teknisk\">\n\t\t\t\t<h2>\n\t\t\t\t\t\n\t\t\t\t\t\tK\u00e5re Mulvad Steffensen\n\t\t\t\t\t\t\t\t\t<\/h2>\n\n\t\t\t\t<div class=\"wcorg-speaker-description\">\n\t\t\t\t\t<img alt='' src='https:\/\/secure.gravatar.com\/avatar\/984810650404cb68d9c5e69e96a36dad540d41e584600796076752189e5235cc?s=100&#038;d=mm&#038;r=g' srcset='https:\/\/secure.gravatar.com\/avatar\/984810650404cb68d9c5e69e96a36dad540d41e584600796076752189e5235cc?s=200&#038;d=mm&#038;r=g 2x' class='avatar avatar-100 photo' height='100' width='100' \/>\t\t\t\t\t<p>Fra 2000 har min karrierer\u00a0g\u00e5et\u00a0fra udl\u00e6rt PHP udvikler, arbejde som ASP udvikler, Projektleder og\u00a0Produktudvikler til i 2005 at st\u00f8de p\u00e5 WordPress for f\u00f8rste gang. Jeg t\u00e6nkte, WFT!!\u00a0Alt det administrations interface jeg har kodet &#8211; og s\u00e5 f\u00e5r man det hele gratis her!<\/p>\n<p>Det var et overvejet men nemt valg da jeg i 2009 gik selvst\u00e6ndig, og har fokuseret 100% p\u00e5 WordPress siden. Idag driver jeg <a href=\"http:\/\/dejliglama.dk\" target=\"_blank\" rel=\"nofollow\">DejligLama.dk<\/a>\u00a0som et udviklingshus med et tilknyttet netv\u00e6rk af WordPress hajer &#8211; alle folk der forst\u00e5r WP&#8217;s styrker og svagheder.<\/p>\n\t\t\t\t<\/div>\n\t\t\t<\/div>\n\n\t\t\n\t\t\t<!-- Organizers note: The id attribute is deprecated and only remains for backwards compatibility, please use the corresponding class to target individual speakers -->\n\t\t\t<div id=\"wcorg-speaker-karen-mardahl\" class=\"wcorg-speaker wcorg-speaker-karen-mardahl wcorg-track-brugere\">\n\t\t\t\t<h2>\n\t\t\t\t\t\n\t\t\t\t\t\tKaren Mardahl\n\t\t\t\t\t\t\t\t\t<\/h2>\n\n\t\t\t\t<div class=\"wcorg-speaker-description\">\n\t\t\t\t\t<img alt='' src='https:\/\/secure.gravatar.com\/avatar\/ccbb0d0f39a3d7d2e66c6b1094532067a8292da909b61d41cf36d041c81ea208?s=100&#038;d=mm&#038;r=g' srcset='https:\/\/secure.gravatar.com\/avatar\/ccbb0d0f39a3d7d2e66c6b1094532067a8292da909b61d41cf36d041c81ea208?s=200&#038;d=mm&#038;r=g 2x' class='avatar avatar-100 photo' height='100' width='100' \/>\t\t\t\t\t<p>Glad og n\u00f8rdet amat\u00f8r, der er meget passioneret omkring tilg\u00e6ngelighed og brugervenlighed.<\/p>\n\t\t\t\t<\/div>\n\t\t\t<\/div>\n\n\t\t\n\t\t\t<!-- Organizers note: The id attribute is deprecated and only remains for backwards compatibility, please use the corresponding class to target individual speakers -->\n\t\t\t<div id=\"wcorg-speaker-magnus-nystedt\" class=\"wcorg-speaker wcorg-speaker-magnus-nystedt wcorg-track-teknisk\">\n\t\t\t\t<h2>\n\t\t\t\t\t\n\t\t\t\t\t\tMagnus Nystedt\n\t\t\t\t\t\t\t\t\t<\/h2>\n\n\t\t\t\t<div class=\"wcorg-speaker-description\">\n\t\t\t\t\t<img alt='' src='https:\/\/secure.gravatar.com\/avatar\/6ee9d71953095ef8f752ca81facae3801715b24e38b87920fcf10a1bdd163388?s=100&#038;d=mm&#038;r=g' srcset='https:\/\/secure.gravatar.com\/avatar\/6ee9d71953095ef8f752ca81facae3801715b24e38b87920fcf10a1bdd163388?s=200&#038;d=mm&#038;r=g 2x' class='avatar avatar-100 photo' height='100' width='100' \/>\t\t\t\t\t<p>Magnus Nystedt is the project and production manager at Flowcom, an up-and-coming IT consulting company based in Sweden. Flowcom specializes in web production automation based on open source solutions such as WordPress. Magnus has managed the team that rebuilt the web platform for a publishing house, using WordPress as the core. In his role at Flowcom he works daily with projects in primarily the education and publishing industries.<\/p>\n\t\t\t\t<\/div>\n\t\t\t<\/div>\n\n\t\t\n\t\t\t<!-- Organizers note: The id attribute is deprecated and only remains for backwards compatibility, please use the corresponding class to target individual speakers -->\n\t\t\t<div id=\"wcorg-speaker-martin-bay\" class=\"wcorg-speaker wcorg-speaker-martin-bay wcorg-track-brugere\">\n\t\t\t\t<h2>\n\t\t\t\t\t\n\t\t\t\t\t\tMartin Bay\n\t\t\t\t\t\t\t\t\t<\/h2>\n\n\t\t\t\t<div class=\"wcorg-speaker-description\">\n\t\t\t\t\t<img alt='' src='https:\/\/secure.gravatar.com\/avatar\/cc98028463cf55cfd2c0bdddd79fae0a78f4644d1f0106196c84075751e824af?s=100&#038;d=mm&#038;r=g' srcset='https:\/\/secure.gravatar.com\/avatar\/cc98028463cf55cfd2c0bdddd79fae0a78f4644d1f0106196c84075751e824af?s=200&#038;d=mm&#038;r=g 2x' class='avatar avatar-100 photo' height='100' width='100' \/>\t\t\t\t\t<p>Jeg er Martin Bay &#8211; medejer af <a href=\"http:\/\/foto-factory.dk\" target=\"_blank\">Foto Factory<\/a> &amp; <a href=\"http:\/\/nordicappeal.com\" target=\"_blank\">Nordic Appeal<\/a>.<\/p>\n<p><span style=\"line-height: 1.5\">WordPress-builder, fotograf, designer og meget mere. Jeg har arbejdet p\u00e5 WordPress i mange \u00e5r og skabt alt fra simple blogs til mere komplekse e-handels-websteder. Udover en k\u00e6rlighed til det store udend\u00f8rs elsker jeg at lave smukke og funktionelle WordPress hjemmesider.<\/span><\/p>\n\t\t\t\t<\/div>\n\t\t\t<\/div>\n\n\t\t\n\t\t\t<!-- Organizers note: The id attribute is deprecated and only remains for backwards compatibility, please use the corresponding class to target individual speakers -->\n\t\t\t<div id=\"wcorg-speaker-michael-bang\" class=\"wcorg-speaker wcorg-speaker-michael-bang wcorg-track-brugere\">\n\t\t\t\t<h2>\n\t\t\t\t\t\n\t\t\t\t\t\tMichael Bang\n\t\t\t\t\t\t\t\t\t<\/h2>\n\n\t\t\t\t<div class=\"wcorg-speaker-description\">\n\t\t\t\t\t<img alt='' src='https:\/\/secure.gravatar.com\/avatar\/2f7e465adf2774c927e82643c776138a826651f5e41360994dd7d016a1b1cd6e?s=100&#038;d=mm&#038;r=g' srcset='https:\/\/secure.gravatar.com\/avatar\/2f7e465adf2774c927e82643c776138a826651f5e41360994dd7d016a1b1cd6e?s=200&#038;d=mm&#038;r=g 2x' class='avatar avatar-100 photo' height='100' width='100' \/>\t\t\t\t\t<p>Jeg startede en blog p\u00e5\u00a0<a href=\"http:\/\/wordpress.com\/\" target=\"_blank\">wordpress.com<\/a>\u00a0for 5 &#8211; 6 \u00e5r siden. Den blev senere lavet om til en .org p\u00e5 mit eget dom\u00e6ne\u00a0<a href=\"http:\/\/michaelbang.com\/\" target=\"_blank\">michaelbang.com<\/a>, og sidste \u00e5r blev navnet \u00e6ndret til\u00a0<a href=\"http:\/\/fresk.dk\/\" target=\"_blank\">FRESK.dk<\/a>, der i dag er \u00e9n af Danmarks absolut st\u00f8rste fotoportaler. I januar 2014 havde vi over 100.000 unikke bes\u00f8gende. Derudover har jeg 4 aktive hjemmesider, der alle er bygget p\u00e5 WP.<\/p>\n\t\t\t\t<\/div>\n\t\t\t<\/div>\n\n\t\t\n\t\t\t<!-- Organizers note: The id attribute is deprecated and only remains for backwards compatibility, please use the corresponding class to target individual speakers -->\n\t\t\t<div id=\"wcorg-speaker-peter-lauge\" class=\"wcorg-speaker wcorg-speaker-peter-lauge wcorg-track-teknisk\">\n\t\t\t\t<h2>\n\t\t\t\t\t\n\t\t\t\t\t\tPeter Lauge\n\t\t\t\t\t\t\t\t\t<\/h2>\n\n\t\t\t\t<div class=\"wcorg-speaker-description\">\n\t\t\t\t\t<img alt='' src='https:\/\/secure.gravatar.com\/avatar\/899f030fe3f31f4384f21b556aea8b5dc2f39d7e0993c56e74987417eed94eda?s=100&#038;d=mm&#038;r=g' srcset='https:\/\/secure.gravatar.com\/avatar\/899f030fe3f31f4384f21b556aea8b5dc2f39d7e0993c56e74987417eed94eda?s=200&#038;d=mm&#038;r=g 2x' class='avatar avatar-100 photo' height='100' width='100' \/>\t\t\t\t\t<p>Jeg hedder Peter Lauge og er partner i Pixelhuset ApS. Jeg har arbejdet med udvikling af hjemmesider siden 1995 og har udviklet WordPress-l\u00f8sninger siden 2009.<\/p>\n\t\t\t\t<\/div>\n\t\t\t<\/div>\n\n\t\t\n\t\t\t<!-- Organizers note: The id attribute is deprecated and only remains for backwards compatibility, please use the corresponding class to target individual speakers -->\n\t\t\t<div id=\"wcorg-speaker-rene-frederiksen\" class=\"wcorg-speaker wcorg-speaker-rene-frederiksen wcorg-track-brugere\">\n\t\t\t\t<h2>\n\t\t\t\t\t\n\t\t\t\t\t\tRen\u00e9 Frederiksen\n\t\t\t\t\t\t\t\t\t<\/h2>\n\n\t\t\t\t<div class=\"wcorg-speaker-description\">\n\t\t\t\t\t<img alt='' src='https:\/\/secure.gravatar.com\/avatar\/f40c63ff79632048af0c99170318941737c1453fee013597771c753a71233ebe?s=100&#038;d=mm&#038;r=g' srcset='https:\/\/secure.gravatar.com\/avatar\/f40c63ff79632048af0c99170318941737c1453fee013597771c753a71233ebe?s=200&#038;d=mm&#038;r=g 2x' class='avatar avatar-100 photo' height='100' width='100' \/>\t\t\t\t\t<div>Arbejder til daglig som online ansvarlig i DFDS koncernen p\u00e5 tv\u00e6rs af flere markeder og\u00a0platforme. Mange \u00e5rs erfaring med online marketing, indhold, sociale medier mm.\u00a0herunder wordpress blogs i DFDS regi.<\/p>\n<p>I fritiden driver jeg Danmarks st\u00f8rste blog om roadtrips i USA,\u00a0<a href=\"http:\/\/renefrederiksen.dk\/\" target=\"_blank\">renefrederiksen.dk<\/a>\u00a0Har arbejdet med WordPress siden 2005.<\/div>\n\t\t\t\t<\/div>\n\t\t\t<\/div>\n\n\t\t\n\t\t\t<!-- Organizers note: The id attribute is deprecated and only remains for backwards compatibility, please use the corresponding class to target individual speakers -->\n\t\t\t<div id=\"wcorg-speaker-rene-skou\" class=\"wcorg-speaker wcorg-speaker-rene-skou wcorg-track-teknisk\">\n\t\t\t\t<h2>\n\t\t\t\t\t\n\t\t\t\t\t\tRen\u00e9 Skou\n\t\t\t\t\t\t\t\t\t<\/h2>\n\n\t\t\t\t<div class=\"wcorg-speaker-description\">\n\t\t\t\t\t<img alt='' src='https:\/\/secure.gravatar.com\/avatar\/bb11d62e8217a32c606df97063e7eb475f25f0f726b391357d65cf4b86f2d651?s=100&#038;d=mm&#038;r=g' srcset='https:\/\/secure.gravatar.com\/avatar\/bb11d62e8217a32c606df97063e7eb475f25f0f726b391357d65cf4b86f2d651?s=200&#038;d=mm&#038;r=g 2x' class='avatar avatar-100 photo' height='100' width='100' \/>\t\t\t\t\t<p>Ren\u00e9 har igennem det seneste 1,5 \u00e5r arbejdet med WordPress api, herunder udviklet themes, plugins, integrationer og webapi&#8217;er. Ren\u00e9 er tovholder for <a href=\"http:\/\/www.meetup.com\/WordPress-Arhus\/\">meetup gruppen i \u00c5rhus<\/a>.<\/p>\n\t\t\t\t<\/div>\n\t\t\t<\/div>\n\n\t\t\n\t\t\t<!-- Organizers note: The id attribute is deprecated and only remains for backwards compatibility, please use the corresponding class to target individual speakers -->\n\t\t\t<div id=\"wcorg-speaker-scott-basgaard\" class=\"wcorg-speaker wcorg-speaker-scott-basgaard wcorg-track-teknisk\">\n\t\t\t\t<h2>\n\t\t\t\t\t\n\t\t\t\t\t\tScott Basgaard\n\t\t\t\t\t\t\t\t\t<\/h2>\n\n\t\t\t\t<div class=\"wcorg-speaker-description\">\n\t\t\t\t\t<img alt='' src='https:\/\/secure.gravatar.com\/avatar\/a803061162a2088226d20c6567bfef085985fddeb3bb09ec41b89ea7a9a7e3d1?s=100&#038;d=mm&#038;r=g' srcset='https:\/\/secure.gravatar.com\/avatar\/a803061162a2088226d20c6567bfef085985fddeb3bb09ec41b89ea7a9a7e3d1?s=200&#038;d=mm&#038;r=g 2x' class='avatar avatar-100 photo' height='100' width='100' \/>\t\t\t\t\t<p>Scott Basgaard lives somewhere in the mountains of beautiful Southern Norway. Born and raised in New Jersey, he moved there to live with his wife Renate. He loves all things WordPress and organized the first WordCamp Norway in 2012. He\u2019s passionate about helping others and is the man behind a 24-hour-long WordPress event known as WordSesh. He&#8217;s previously worked at WebDevStudios and WooThemes and is now working at Human Made, a WordPress development company specializing in high-end WordPress, as a Project Manager.<\/p>\n\t\t\t\t<\/div>\n\t\t\t<\/div>\n\n\t\t\n\t\t\t<!-- Organizers note: The id attribute is deprecated and only remains for backwards compatibility, please use the corresponding class to target individual speakers -->\n\t\t\t<div id=\"wcorg-speaker-tom-risager\" class=\"wcorg-speaker wcorg-speaker-tom-risager wcorg-track-teknisk\">\n\t\t\t\t<h2>\n\t\t\t\t\t\n\t\t\t\t\t\tTom Risager\n\t\t\t\t\t\t\t\t\t<\/h2>\n\n\t\t\t\t<div class=\"wcorg-speaker-description\">\n\t\t\t\t\t<img alt='' src='https:\/\/secure.gravatar.com\/avatar\/29a2ec71c6635bb4673d06727e4cc89ba1d28850cbe7bfdbeb9f564167856fb0?s=100&#038;d=mm&#038;r=g' srcset='https:\/\/secure.gravatar.com\/avatar\/29a2ec71c6635bb4673d06727e4cc89ba1d28850cbe7bfdbeb9f564167856fb0?s=200&#038;d=mm&#038;r=g 2x' class='avatar avatar-100 photo' height='100' width='100' \/>\t\t\t\t\t<p>den ene halvdel af <a href=\"http:\/\/stickleback.dk\" target=\"_blank\" rel=\"nofollow\">Stickleback<\/a>. Bygger plugins og moduler og tager sig af serverdrift.<\/p>\n\t\t\t\t<\/div>\n\t\t\t<\/div>\n\n\t\t\n\t\t\t<!-- Organizers note: The id attribute is deprecated and only remains for backwards compatibility, please use the corresponding class to target individual speakers -->\n\t\t\t<div id=\"wcorg-speaker-trine-blume\" class=\"wcorg-speaker wcorg-speaker-trine-blume wcorg-track-brugere\">\n\t\t\t\t<h2>\n\t\t\t\t\t\n\t\t\t\t\t\tTrine Blume\n\t\t\t\t\t\t\t\t\t<\/h2>\n\n\t\t\t\t<div class=\"wcorg-speaker-description\">\n\t\t\t\t\t<img alt='' src='https:\/\/secure.gravatar.com\/avatar\/acab4373ce5fc0f57be8248fe9f22d316d9f9a0bb43c97ef72ba283ad8229b3f?s=100&#038;d=mm&#038;r=g' srcset='https:\/\/secure.gravatar.com\/avatar\/acab4373ce5fc0f57be8248fe9f22d316d9f9a0bb43c97ef72ba283ad8229b3f?s=200&#038;d=mm&#038;r=g 2x' class='avatar avatar-100 photo' height='100' width='100' \/>\t\t\t\t\t<p>Jeg h\u00f8rte om WP f\u00f8rste gang i 2009. En af mine venner havde bygget et site i wp vi skulle bruge til en lokal fotoklub. Jeg har roddet med hjemmesider i \u00e5revis og tidligere bikset en masse sammen selv i html og jeg var da \u00e6rligtalt lidt skeptisk i starten fordi ham jeg havde l\u00e6rt &#8220;mit kram&#8221; af var meget fokuseret p\u00e5 at hvis man selv havde lavet tingene fra bunden s\u00e5 vidste man hvad der l\u00e5 af kode i det..<\/p>\n<p>Da jeg begyndte at arbejde med det site til fotoklubben kunne jeg egentligt godt se at WP var ret nemt og meget fleksibel s\u00e5 jeg meldte mig til et kursus p\u00e5 Kolding Internationale business school som Brian Brandt stod for og efter det kursus var jeg helt hooked p\u00e5 WP.<\/p>\n<p>I den efterf\u00f8lgende periode arbejde jeg p\u00e5 et bureau hvor vi brugte et andes CMS og det var h\u00e5bl\u00f8st og vild besv\u00e6rligt s\u00e5 jeg blev enig med mig selv om at min n\u00e6ste job skulle v\u00e6re sted hvor WP kunne spille en aktiv rolle i min hverdag. Jeg blev ansat hos et rejsebureau i 2012 der stod overfor at skulle skifte hele deres webplatform ud.<\/p>\n<p>Jeg blev ansat som projektleder hos dem og har p\u00e5 halvandet \u00e5r konverteret 40 sites fra forskellige platforme til et stor WP multisite setup.\u00a0Jeg er ikke programm\u00f8r men jeg har l\u00e6rt en del ved hands on og af at lave fejl :-)<\/p>\n\t\t\t\t<\/div>\n\t\t\t<\/div>\n\n\t\t\n\t<\/div>\n\n\t\n","protected":false},"excerpt":{"rendered":"","protected":false},"author":50198,"featured_media":0,"parent":0,"menu_order":0,"comment_status":"closed","ping_status":"closed","template":"","meta":{"jetpack_post_was_ever_published":false,"footnotes":""},"class_list":["post-2","page","type-page","status-publish","hentry"],"jetpack_sharing_enabled":true,"_links":{"self":[{"href":"https:\/\/denmark.wordcamp.org\/2014\/wp-json\/wp\/v2\/pages\/2","targetHints":{"allow":["GET"]}}],"collection":[{"href":"https:\/\/denmark.wordcamp.org\/2014\/wp-json\/wp\/v2\/pages"}],"about":[{"href":"https:\/\/denmark.wordcamp.org\/2014\/wp-json\/wp\/v2\/types\/page"}],"author":[{"embeddable":true,"href":"https:\/\/denmark.wordcamp.org\/2014\/wp-json\/wp\/v2\/users\/50198"}],"replies":[{"embeddable":true,"href":"https:\/\/denmark.wordcamp.org\/2014\/wp-json\/wp\/v2\/comments?post=2"}],"version-history":[{"count":14,"href":"https:\/\/denmark.wordcamp.org\/2014\/wp-json\/wp\/v2\/pages\/2\/revisions"}],"predecessor-version":[{"id":442539,"href":"https:\/\/denmark.wordcamp.org\/2014\/wp-json\/wp\/v2\/pages\/2\/revisions\/442539"}],"wp:attachment":[{"href":"https:\/\/denmark.wordcamp.org\/2014\/wp-json\/wp\/v2\/media?parent=2"}],"curies":[{"name":"wp","href":"https:\/\/api.w.org\/{rel}","templated":true}]}}