{"id":377233,"date":"2014-04-03T12:17:26","date_gmt":"2014-04-03T12:17:26","guid":{"rendered":"https:\/\/2014.denmark.wordcamp.org\/?page_id=377233"},"modified":"2014-04-29T15:42:13","modified_gmt":"2014-04-29T15:42:13","slug":"opvarmning-til-wordcamp","status":"publish","type":"page","link":"https:\/\/denmark.wordcamp.org\/2014\/opvarmning-til-wordcamp\/","title":{"rendered":"Opvarmning til WordCamp"},"content":{"rendered":"<p>Som optakt til WordCamp holder vi et WordPress Meetup i K\u00f8benhavn den 12. maj, s\u00e5 hvis du har brug for lidt starthj\u00e6lp (eller kan yde hj\u00e6lp!), skulle du ogs\u00e5 tage og melde dig til det!<\/p>\n<p><strong>Vil du gerne i gang med WordPress, installere p\u00e5 eget dom\u00e6ne, vide hvordan du laver backup eller bare blive lidt klogere p\u00e5 alt det smarte du kan med temaer og menuer?<\/strong><\/p>\n<p>S\u00e5 meld dig til og m\u00f8d op med din computer.<\/p>\n<ul>\n<li>F\u00e5 en kort introduktion til hvad WordPress er og hvad WordPress kan<\/li>\n<li>F\u00e5 hj\u00e6lp til at installere WordPress p\u00e5 eget dom\u00e6ne<\/li>\n<li>F\u00e5 hj\u00e6lp til v\u00e6lge tema, bruge widgets og menuer<\/li>\n<\/ul>\n<p>PS: Husk at medbringe dine dom\u00e6ne- og hostingoplysninger (hvis du endnu ikke har k\u00f8bt webhosting, kan det v\u00e6re at Surftown har et godt tilbud denne aften).<\/p>\n<p>Tak til <a href=\"http:\/\/surftown.dk\/\" target=\"_blank\" rel=\"nofollow\">Surftown<\/a>, som sponsorer lokale samt en bid mad til deltagerne!<br \/>\nAdressen er:  Surftown, <a href=\"https:\/\/goo.gl\/maps\/fmXl6\" target=\"_blank\">Per Henrik Lings All\u00e9 4<\/a>, 4. sal, 2100 K\u00f8benhavn \u00d8<\/p>\n<div class=\"googlemaps\">\n\t\t\t\t<iframe loading=\"lazy\" width=\"400\" height=\"300\" frameborder=\"0\" scrolling=\"no\" marginheight=\"0\" marginwidth=\"0\"  src=\"https:\/\/maps.google.com\/maps\/embed?pb=!1m14!1m8!1m3!1d2248.1496771352895!2d12.572118999999999!3d55.70376999999999!3m2!1i1024!2i768!4f13.1!3m3!1m2!1s0x465252eda602775f:0xf94236f8beb80b90!2sSurftown!5e0!3m2!1sen!2s!4v1398785585339\"><\/iframe>\n\t\t\t<\/div>\n<p>&nbsp; <\/p>\n<p><a class=\"buy\" href=\"http:\/\/www.meetup.com\/WordPress-Copenhagen\/events\/174022692\/\">Tilmelding<\/a><\/p>\n<p>PS &#8211; Er du lidt mere erfaren, s\u00e5 meld dig som hj\u00e6lper til arrangementet &#8211; vi har brug for dig!<\/p>\n","protected":false},"excerpt":{"rendered":"<p>Som optakt til WordCamp holder vi et WordPress Meetup i K\u00f8benhavn den 12. maj, s\u00e5 hvis du har brug for lidt starthj\u00e6lp (eller kan yde hj\u00e6lp!), skulle du ogs\u00e5 tage og melde dig til det! Vil du gerne i gang med WordPress, installere p\u00e5 eget dom\u00e6ne, vide hvordan du laver backup eller bare blive lidt &hellip; <a href=\"https:\/\/denmark.wordcamp.org\/2014\/opvarmning-til-wordcamp\/\" class=\"more-link\">Continue reading <span class=\"screen-reader-text\">Opvarmning til WordCamp<\/span> <span class=\"meta-nav\">&rarr;<\/span><\/a><\/p>\n","protected":false},"author":5799700,"featured_media":0,"parent":0,"menu_order":0,"comment_status":"closed","ping_status":"closed","template":"","meta":{"jetpack_post_was_ever_published":false,"footnotes":""},"class_list":["post-377233","page","type-page","status-publish","hentry"],"jetpack_sharing_enabled":true,"_links":{"self":[{"href":"https:\/\/denmark.wordcamp.org\/2014\/wp-json\/wp\/v2\/pages\/377233","targetHints":{"allow":["GET"]}}],"collection":[{"href":"https:\/\/denmark.wordcamp.org\/2014\/wp-json\/wp\/v2\/pages"}],"about":[{"href":"https:\/\/denmark.wordcamp.org\/2014\/wp-json\/wp\/v2\/types\/page"}],"author":[{"embeddable":true,"href":"https:\/\/denmark.wordcamp.org\/2014\/wp-json\/wp\/v2\/users\/5799700"}],"replies":[{"embeddable":true,"href":"https:\/\/denmark.wordcamp.org\/2014\/wp-json\/wp\/v2\/comments?post=377233"}],"version-history":[{"count":7,"href":"https:\/\/denmark.wordcamp.org\/2014\/wp-json\/wp\/v2\/pages\/377233\/revisions"}],"predecessor-version":[{"id":442381,"href":"https:\/\/denmark.wordcamp.org\/2014\/wp-json\/wp\/v2\/pages\/377233\/revisions\/442381"}],"wp:attachment":[{"href":"https:\/\/denmark.wordcamp.org\/2014\/wp-json\/wp\/v2\/media?parent=377233"}],"curies":[{"name":"wp","href":"https:\/\/api.w.org\/{rel}","templated":true}]}}