{"id":442434,"date":"2014-05-08T09:14:02","date_gmt":"2014-05-08T09:14:02","guid":{"rendered":"https:\/\/2014.denmark.wordcamp.org\/?page_id=442434"},"modified":"2014-05-25T05:20:02","modified_gmt":"2014-05-25T05:20:02","slug":"press","status":"publish","type":"page","link":"https:\/\/denmark.wordcamp.org\/2014\/press\/","title":{"rendered":"PRESS"},"content":{"rendered":"<p><a title=\"WORD\" href=\"https:\/\/2014.denmark.wordcamp.org\/word\/\">Det andet spor<\/a> p\u00e5 WordCamp.<br \/>\nMestendels om kode, noget af det temmelig avanceret.<\/p>\n\n\t<div class=\"wcorg-sessions\">\n\t\t\n\t\t\t<div id=\"wcorg-session-442432\" class=\"wcorg-session\" >\n\t\t\t\t<h2>\n\t\t\t\t\tBedre s\u00f8gekvalitet i WordPress med Elasticsearch\t\t\t\t<\/h2>\n\n\t\t\t\t<div class=\"wcorg-session-description\">\n\t\t\t\t\t\t\t\t\t\t<p class=\"wcpt-session-meta\">Presented by <a href=\"https:\/\/denmark.wordcamp.org\/2014\/talere\/#wcorg-speaker-anton-stonor\">Anton Stonor<\/a> in PRESS.<\/p>\t\t\t\t\t<img alt='' src='https:\/\/secure.gravatar.com\/avatar\/c97a8bd6f596516523b5059b8ed9043a2f603b00b78ee52b183fc681e613e004?s=100&#038;d=mm&#038;r=g' class='avatar avatar-100 photo' height='100' width='100' \/>\t\t\t\t\t<p>Den indbyggede s\u00f8gefunktion i WordPress kommer somme tider til kort. Ikke altid dukker de mest relevante resultater frem f\u00f8rst.<br \/>\nI dette opl\u00e6g vil jeg vise, hvordan man kan forbedre s\u00f8geoplevelsen ved hj\u00e6lp af Elasticsearch.<br \/>\nEmner: Ranking, fuzzy search, auto suggest og indeksering af egne felter. <\/p>\n<p><a href=\"http:\/\/wordpress.tv\/2014\/08\/21\/anton-stonor-bedre-sogekvalitet-i-wordpress-med-elasticsearch\/\" target=\"_blank\">Se videooptagelse af Anton Stonor: &#8220;Bedre s\u00f8gekvalitet i WordPress med Elasticsearch&#8221; p\u00e5 WordCamp Danmark 2014<\/a><\/p>\n\n\t\t\t\t\t\t\t\t\t<\/div>\n\t\t\t<\/div>\n\n\t\t\n\t\t\t<div id=\"wcorg-session-442427\" class=\"wcorg-session\" >\n\t\t\t\t<h2>\n\t\t\t\t\tJavaScript og WordPress\t\t\t\t<\/h2>\n\n\t\t\t\t<div class=\"wcorg-session-description\">\n\t\t\t\t\t\t\t\t\t\t<p class=\"wcpt-session-meta\">Presented by <a href=\"https:\/\/denmark.wordcamp.org\/2014\/talere\/#wcorg-speaker-jens-ahrengot-boddum\">Jens Ahrengot Boddum<\/a> in PRESS.<\/p>\t\t\t\t\t<img alt='' src='https:\/\/secure.gravatar.com\/avatar\/e6423478aced7ce8c941a453392ea67eb147fe2d55b8cba86d3c9dd10038967f?s=100&#038;d=mm&#038;r=g' class='avatar avatar-100 photo' height='100' width='100' \/>\t\t\t\t\t<p>De websites som tr\u00e6kker priser hos Webby, Creative Circle,  The FWA og Awwwards, har de \u00e9n ting til f\u00e6lles: De bruger JavaScript for at g\u00f8re brugeroplevelsen flydende, hurtig og interaktiv.<\/p>\n<p>Jeg har udviklet flere prisvindende websites, som bruger en stor m\u00e6ngde JavaScript. P\u00e5 de 40 minutter vil vi kigge p\u00e5 nogle af mine cases, og hvordan jeg bruger JavaScript i mine WordPress l\u00f8sninger. Jeg vil ogs\u00e5 gennemg\u00e5 hvilke v\u00e6rkt\u00f8jer jeg bruger, til at holde min kode skalerbar, overskuelig og s\u00f8rge for at performance er i top.<\/p>\n<p>Selv om opl\u00e6ggets indhold er komplekst, vil jeg s\u00e5 vidt muligt holde mig til koncepter og eksempler, frem for at dykke ned i koden, s\u00e5 alle med basal forst\u00e5else for udvikling af WordPress temaer kan v\u00e6re med. <\/p>\n<p>Er der efterf\u00f8lgende sp\u00f8rgsm\u00e5l, s\u00e5 fang mig i pausen efter mit opl\u00e6g, og jeg vil gl\u00e6deligt uddybe den m\u00e5de jeg arbejder p\u00e5.<br \/>\n<a href=\"http:\/\/slides.com\/ahrengot\/js-og-wp\" target=\"_blank\">Slides<\/a><\/p>\n<p><a href=\"http:\/\/wordpress.tv\/2014\/08\/21\/jens-ahrengot-boddum-javascript-og-wordpress\/\" target=\"_blank\">Se videooptagelse af Jens Ahrengot Boddum: &#8220;JavaScript og WordPress&#8221; p\u00e5 WordCamp Danmark 2014<\/a><\/p>\n\n\t\t\t\t\t\t\t\t\t<\/div>\n\t\t\t<\/div>\n\n\t\t\n\t\t\t<div id=\"wcorg-session-442407\" class=\"wcorg-session\" >\n\t\t\t\t<h2>\n\t\t\t\t\t(EN) It&#8217;s Not Always a Pain in the Sass\t\t\t\t<\/h2>\n\n\t\t\t\t<div class=\"wcorg-session-description\">\n\t\t\t\t\t\t\t\t\t\t<p class=\"wcpt-session-meta\">Presented by <a href=\"https:\/\/denmark.wordcamp.org\/2014\/talere\/#wcorg-speaker-scott-basgaard\">Scott Basgaard<\/a> in PRESS.<\/p>\t\t\t\t\t<img alt='' src='https:\/\/secure.gravatar.com\/avatar\/a803061162a2088226d20c6567bfef085985fddeb3bb09ec41b89ea7a9a7e3d1?s=100&#038;d=mm&#038;r=g' class='avatar avatar-100 photo' height='100' width='100' \/>\t\t\t\t\t<p><strong>In English<\/strong><br \/>\nAn introduction to Sass, Grunt and how these tools can help speed up and streamline your WordPress development workflow.<\/p>\n<p><a href=\"http:\/\/scottbasgaard.com\/wordcamp\/wcdk\/2014\/#\/\" target=\"_blank\">Slides<\/a><\/p>\n<p><a href=\"http:\/\/wordpress.tv\/2014\/08\/20\/its-not-always-a-pain-in-the-sass\/\" target=\"_blank\">Se videooptagelse af Scott Basgaard: &#8220;It&#8217;s Not Always a Pain in the Sass&#8221; p\u00e5 WordCamp Danmark 2014<\/a><\/p>\n\n\t\t\t\t\t\t\t\t\t<\/div>\n\t\t\t<\/div>\n\n\t\t\n\t\t\t<div id=\"wcorg-session-442395\" class=\"wcorg-session\" >\n\t\t\t\t<h2>\n\t\t\t\t\t(EN) Next generation WordPress development\u2026 Today!\t\t\t\t<\/h2>\n\n\t\t\t\t<div class=\"wcorg-session-description\">\n\t\t\t\t\t\t\t\t\t\t<p class=\"wcpt-session-meta\">Presented by <a href=\"https:\/\/denmark.wordcamp.org\/2014\/talere\/#wcorg-speaker-magnus-nystedt\">Magnus Nystedt<\/a>, <a href=\"https:\/\/denmark.wordcamp.org\/2014\/talere\/#wcorg-speaker-andreas-ek\">Andreas Ek<\/a> in PRESS.<\/p>\t\t\t\t\t<img alt='' src='https:\/\/secure.gravatar.com\/avatar\/6ee9d71953095ef8f752ca81facae3801715b24e38b87920fcf10a1bdd163388?s=100&#038;d=mm&#038;r=g' class='avatar avatar-100 photo' height='100' width='100' \/><img alt='' src='https:\/\/secure.gravatar.com\/avatar\/17f59e155e3e2ab97b70d7d7a3041d204cae96fcc74d8c304f103f18b84961f4?s=100&#038;d=mm&#038;r=g' class='avatar avatar-100 photo' height='100' width='100' \/>\t\t\t\t\t<p><strong>In English<\/strong><br \/>\nAn entertaining and informative demonstration of a typical use case for WordPress development-, deployment-, and provisioning automation. Using technologies such as Vagrant, Ansible, Nginx, Ubuntu, and WP-CLI, we will show that there is a better way than using traditional development tools such as MAMP. We will end up with practical examples and leave the session with tools for everyone to use.<\/p>\n<p>This presentation is aimed at everyone with an interest in professional development environments for their WordPress projects, including developers, designers, project managers, as well as users.<\/p>\n<p><a href=\"http:\/\/www.flowcom.se\/wordcamp-denmark-flowcom\/\" target=\"_blank\">Slides<\/a><\/p>\n<p><a href=\"http:\/\/wordpress.tv\/2014\/08\/21\/magnus-nystedt-and-andreas-ek-next-generation-wordpress-development-today-2\/\" target=\"_blank\">Se videooptagelse af Magnus Nystedt &amp; Andreas Ek: &#8220;Next generation WordPress development\u2026 Today!&#8221; p\u00e5 WordCamp Danmark 2014<\/a><\/p>\n\n\t\t\t\t\t\t\t\t\t<\/div>\n\t\t\t<\/div>\n\n\t\t\n\t\t\t<div id=\"wcorg-session-2560\" class=\"wcorg-session\" >\n\t\t\t\t<h2>\n\t\t\t\t\t\u00c5rets Danske WordPress websted pr\u00e6senteret af UnoEuro &#8211; pr\u00e6sentation og prisoverr\u00e6kkelse\t\t\t\t<\/h2>\n\n\t\t\t\t<div class=\"wcorg-session-description\">\n\t\t\t\t\t\t\t\t\t\t<p class=\"wcpt-session-meta\">Presented by <a href=\"https:\/\/denmark.wordcamp.org\/2014\/talere\/#wcorg-speaker-kaare-mulvad-steffensen\">K\u00e5re Mulvad Steffensen<\/a> in PRESS, WORD.<\/p>\t\t\t\t\t<img alt='' src='https:\/\/secure.gravatar.com\/avatar\/984810650404cb68d9c5e69e96a36dad540d41e584600796076752189e5235cc?s=100&#038;d=mm&#038;r=g' class='avatar avatar-100 photo' height='100' width='100' \/>\t\t\t\t\t<p>Pr\u00e6sentation af de 3 popul\u00e6reste sites fra nomineringen: <a href=\"http:\/\/wp-designacademy.dk\/arets-dansks-wp\/\" target=\"_blank\">\u00c5rets danske WordPress-site<\/a><\/p>\n<p>\u00c5rets Danske WordPress 2014 sted er sponsoreret af <a href=\"http:\/\/www.unoeuro.com\" target=\"_blank\" rel=\"nofollow\">UnoEuro<\/a><\/p>\n\n\t\t\t\t\t\t\t\t\t<\/div>\n\t\t\t<\/div>\n\n\t\t\n\t\t\t<div id=\"wcorg-session-376746\" class=\"wcorg-session\" >\n\t\t\t\t<h2>\n\t\t\t\t\t(EN) Going Global &#8211; how to make your WordPress site multilingual\t\t\t\t<\/h2>\n\n\t\t\t\t<div class=\"wcorg-session-description\">\n\t\t\t\t\t\t\t\t\t\t<p class=\"wcpt-session-meta\">Presented by <a href=\"https:\/\/denmark.wordcamp.org\/2014\/talere\/#wcorg-speaker-amit-kvint\">Amit Kvint<\/a> in PRESS.<\/p>\t\t\t\t\t<img alt='' src='https:\/\/secure.gravatar.com\/avatar\/5126c69c4f43fbc6eb54a865b6fab0a5401d9cd46ef87ee61141339d4041a38e?s=100&#038;d=mm&#038;r=g' class='avatar avatar-100 photo' height='100' width='100' \/>\t\t\t\t\t<p><strong>In English<\/strong><br \/>\nTips and hints on creating multilingual WordPress sites with WPML &#8211; how to do it right: Choosing the right settings, following Google&#8217;s directives, making it easy for end users, editors, translators and developers. Combining WPML with WooCommerce for multilingual webshops.<br \/>\nAmit Kvint works for WPML.<\/p>\n<p><a href=\"http:\/\/www.slideshare.net\/webifish\/wcdk-making-your-wordpress-multilingual\" target=\"_blank\">Slides<\/a><\/p>\n<p><a href=\"http:\/\/wordpress.tv\/2014\/08\/21\/amit-kvint-going-global-how-to-make-your-wordpress-site-multilingual-2\/\" target=\"_blank\">Se videooptagelse af Amit Kvint: &#8220;Going Global &#8211; how to make your WordPress site multilingual&#8221; p\u00e5 WordCamp Danmark 2014<\/a><\/p>\n\n\t\t\t\t\t\t\t\t\t<\/div>\n\t\t\t<\/div>\n\n\t\t\n\t\t\t<div id=\"wcorg-session-62821\" class=\"wcorg-session\" >\n\t\t\t\t<h2>\n\t\t\t\t\tAvancerede WordPress-l\u00f8sninger\t\t\t\t<\/h2>\n\n\t\t\t\t<div class=\"wcorg-session-description\">\n\t\t\t\t\t\t\t\t\t\t<p class=\"wcpt-session-meta\">Presented by <a href=\"https:\/\/denmark.wordcamp.org\/2014\/talere\/#wcorg-speaker-peter-lauge\">Peter Lauge<\/a> in PRESS.<\/p>\t\t\t\t\t<img alt='' src='https:\/\/secure.gravatar.com\/avatar\/899f030fe3f31f4384f21b556aea8b5dc2f39d7e0993c56e74987417eed94eda?s=100&#038;d=mm&#038;r=g' class='avatar avatar-100 photo' height='100' width='100' \/>\t\t\t\t\t<p>Vi bruger n\u00e6sten altid WordPress som framework for de online l\u00f8sninger vi laver, helt fra meget sm\u00e5 l\u00f8sninger til store og komplekse l\u00f8sninger. Vi bruger generelt s\u00e5 f\u00e5 plugins som muligt, men koder alt fra bunden s\u00e5 det er optimeret til kundens l\u00f8sning. Der er ogs\u00e5 langt imellem at vi laver l\u00f8sninger p\u00e5 k\u00f8be-temaer, det er kun ved sm\u00e5 budgetter.<\/p>\n<p>Jeg vil gerne vise nogle af de mere komplekse l\u00f8sninger vi har lavet i WordPress, samt g\u00e5 lidt i dybden med de f\u00e5 plug-ins vi bruger:<br \/>\n1) Advanced Custom Fields<br \/>\n2) Advanced Custom Fields: Flexible Content Field<br \/>\n3) CMS Tree Page View<br \/>\n4) Members only<\/p>\n<p><a href=\"http:\/\/wordpress.tv\/2014\/07\/14\/peter-lauge-avancerede-wordpress-losninger-2\/\" target=\"_blank\">Se videooptagelse af Peter Laugesen: &#8220;Avancerede WordPress-l\u00f8sninger&#8221; p\u00e5 WordCamp Denmark 2014<\/a><\/p>\n\n\t\t\t\t\t\t\t\t\t<\/div>\n\t\t\t<\/div>\n\n\t\t\n\t\t\t<div id=\"wcorg-session-52250\" class=\"wcorg-session\" >\n\t\t\t\t<h2>\n\t\t\t\t\tWordPress og sikkerhed\t\t\t\t<\/h2>\n\n\t\t\t\t<div class=\"wcorg-session-description\">\n\t\t\t\t\t\t\t\t\t\t<p class=\"wcpt-session-meta\">Presented by <a href=\"https:\/\/denmark.wordcamp.org\/2014\/talere\/#wcorg-speaker-connie-quist\">Connie Quist<\/a> in PRESS.<\/p>\t\t\t\t\t<img alt='' src='https:\/\/secure.gravatar.com\/avatar\/?s=100&#038;d=mm&#038;r=g' class='avatar avatar-100 photo avatar-default' height='100' width='100' \/>\t\t\t\t\t<p>Dansk-svenske Connie Quist sidder til dagligt med h\u00e5ndtering af kundernes sikkerhed hos Surftown. Gennem sit arbejde ser han ofte de nyeste tricks, som ondsindede hackere bruger til at overtage og misbruge bl.a. WordPress-sider. I sit opl\u00e6g vil Connie demonstrere en r\u00e6kke simple tips og tricks, som hurtigt kan forbedre en WordPress-sides modstandsdygtighed mod hacking. Opl\u00e6gget viser samtidig fordelene ved at sikre sin blog \u2013 og det er slet ikke s\u00e5 f\u00e5 som man m\u00e5ske skulle tro.<\/p>\n<p><a href=\"http:\/\/surftownmarketing.com\/WordCamp_WordPress-og-Sikkerhed_v1.pdf\" target=\"_blank\">Slides<\/a><\/p>\n<p><a href=\"http:\/\/wordpress.tv\/2014\/08\/21\/connie-quist-wordpress-og-sikkerhed\/\" target=\"_blank\">Se videooptagelse af Connie Quist: &#8220;WordPress og sikkerhed&#8221; p\u00e5 WordCamp Danmark 2014<\/a><\/p>\n\n\t\t\t\t\t\t\t\t\t<\/div>\n\t\t\t<\/div>\n\n\t\t\n\t\t\t<div id=\"wcorg-session-22756\" class=\"wcorg-session\" >\n\t\t\t\t<h2>\n\t\t\t\t\tOverhold cookie-lovgivningen\t\t\t\t<\/h2>\n\n\t\t\t\t<div class=\"wcorg-session-description\">\n\t\t\t\t\t\t\t\t\t\t<p class=\"wcpt-session-meta\">Presented by <a href=\"https:\/\/denmark.wordcamp.org\/2014\/talere\/#wcorg-speaker-jon-hansen\">Jon F Hansen<\/a> in PRESS.<\/p>\t\t\t\t\t<img alt='' src='https:\/\/secure.gravatar.com\/avatar\/2d932a4d0878d5232184c28f38049d1b6dead8feea01e98caf954d75edfd3d3b?s=100&#038;d=mm&#038;r=g' class='avatar avatar-100 photo' height='100' width='100' \/>\t\t\t\t\t<p>Videoopl\u00e6g, der viser, hvordan man kan overholde cookie-lovgivningen. Der tages udgangspunkt i en konkret case med en kundeopgave, hvor der blev implementeret en l\u00f8sning, der venter med at s\u00e6tte cookies p\u00e5 den bes\u00f8gendes computer til den bes\u00f8gende har accepteret. Udgangspunktet er alts\u00e5 en konkret case, men der fort\u00e6lles ogs\u00e5 p\u00e5 et tilpas h\u00f8jt niveau til at opl\u00e6ggets indhold kan v\u00e6re en guide til hvordan man l\u00f8ser denne opgave p\u00e5 andre hjemmesider.<br \/>\n<a href=\"http:\/\/sitestop.dk\/wordcamp2014\" target=\"_blank\"><br \/>\nSe videoen<\/a> (videoen er desv\u00e6rre ikke l\u00e6ngere tilg\u00e6ngelig)<\/p>\n\n\t\t\t\t\t\t\t\t\t<\/div>\n\t\t\t<\/div>\n\n\t\t\n\t\t\t<div id=\"wcorg-session-20544\" class=\"wcorg-session\" >\n\t\t\t\t<h2>\n\t\t\t\t\tBrug Ajax\/javascript i WordPress temaer\t\t\t\t<\/h2>\n\n\t\t\t\t<div class=\"wcorg-session-description\">\n\t\t\t\t\t\t\t\t\t\t<p class=\"wcpt-session-meta\">Presented by <a href=\"https:\/\/denmark.wordcamp.org\/2014\/talere\/#wcorg-speaker-tom-risager\">Tom Risager<\/a> in PRESS.<\/p>\t\t\t\t\t<img alt='' src='https:\/\/secure.gravatar.com\/avatar\/29a2ec71c6635bb4673d06727e4cc89ba1d28850cbe7bfdbeb9f564167856fb0?s=100&#038;d=mm&#038;r=g' class='avatar avatar-100 photo' height='100' width='100' \/>\t\t\t\t\t<p>En demonstration af hvordan man kan lave en webside med WordPress-indhold der opdateres hentes ved hj\u00e6lp af Ajax og Javascript &#8211; d.v.s. uden at hele siden skal genindl\u00e6ses n\u00e5r indholdet \u00e6ndres.<\/p>\n<p>Indl\u00e6gget er beregnet p\u00e5 personer med nogen erfaring i at lave temaer og\/eller plugins til WordPress.<\/p>\n<p><a href=\"https:\/\/2014.denmark.wordcamp.org\/files\/2014\/01\/Ajaxdemo.pdf\">Slides<\/a><br \/>\n<a href=\"http:\/\/stickleback.dk\/brug-ajax-i-wordpress\/\" target=\"_blank\" rel=\"nofollow\">L\u00e6s artikel med kodeeksempler<\/a><\/p>\n<p><a href=\"http:\/\/wordpress.tv\/2014\/08\/21\/tom-risager-brug-ajaxjavascript-i-wordpress-temaer\/\" target=\"_blank\">Se videooptagelse af Tom Risager: &#8220;Brug Ajax\/javascript i WordPress temaer&#8221; p\u00e5 WordCamp Danmark 2014<\/a><\/p>\n\n\t\t\t\t\t\t\t\t\t<\/div>\n\t\t\t<\/div>\n\n\t\t\n\t\t\t<div id=\"wcorg-session-3829\" class=\"wcorg-session\" >\n\t\t\t\t<h2>\n\t\t\t\t\tPlugin udvikling: Kommunikation imellem to WordPress sites\t\t\t\t<\/h2>\n\n\t\t\t\t<div class=\"wcorg-session-description\">\n\t\t\t\t\t\t\t\t\t\t<p class=\"wcpt-session-meta\">Presented by <a href=\"https:\/\/denmark.wordcamp.org\/2014\/talere\/#wcorg-speaker-rene-skou\">Ren\u00e9 Skou<\/a> in PRESS.<\/p>\t\t\t\t\t<img alt='' src='https:\/\/secure.gravatar.com\/avatar\/bb11d62e8217a32c606df97063e7eb475f25f0f726b391357d65cf4b86f2d651?s=100&#038;d=mm&#038;r=g' class='avatar avatar-100 photo' height='100' width='100' \/>\t\t\t\t\t<p>Opl\u00e6gget er desv\u00e6rre aflyst p.gr.a. sygdom.<br \/>\n<a title=\"Ren\u00e9 Skou\" href=\"https:\/\/2014.denmark.wordcamp.org\/speaker\/rene-skou\/\">Ren\u00e9 Skou<\/a>\u00a0vil vise hvordan man laver et plugin der kan snakke sammen med et andet site via WordPress api&#8217;et. Indl\u00e6gget henvender sig til udviklere som har arbejdet med WordPress&#8217; forskelige api&#8217;er og object orienteret udvikling.<\/p>\n\n\t\t\t\t\t\t\t\t\t<\/div>\n\t\t\t<\/div>\n\n\t\t\t<\/div><!-- .wcorg-sessions -->\n\n\t\n<p><img loading=\"lazy\" decoding=\"async\" class=\"alignnone size-medium wp-image-214164\" src=\"https:\/\/2014.denmark.wordcamp.org\/files\/2014\/01\/wordcamp2014denmark-700x525.png\" alt=\"logo by Joen Asmussen\" width=\"700\" height=\"525\" srcset=\"https:\/\/denmark.wordcamp.org\/2014\/files\/2014\/01\/wordcamp2014denmark-700x525.png 700w, https:\/\/denmark.wordcamp.org\/2014\/files\/2014\/01\/wordcamp2014denmark-300x225.png 300w, https:\/\/denmark.wordcamp.org\/2014\/files\/2014\/01\/wordcamp2014denmark-400x300.png 400w, https:\/\/denmark.wordcamp.org\/2014\/files\/2014\/01\/wordcamp2014denmark.png 800w\" sizes=\"auto, (max-width: 700px) 100vw, 700px\" \/><\/p>\n","protected":false},"excerpt":{"rendered":"<p>Det andet spor p\u00e5 WordCamp. Mestendels om kode, noget af det temmelig avanceret.<\/p>\n","protected":false},"author":5799700,"featured_media":0,"parent":0,"menu_order":0,"comment_status":"closed","ping_status":"closed","template":"","meta":{"jetpack_post_was_ever_published":false,"footnotes":""},"class_list":["post-442434","page","type-page","status-publish","hentry"],"jetpack_sharing_enabled":true,"_links":{"self":[{"href":"https:\/\/denmark.wordcamp.org\/2014\/wp-json\/wp\/v2\/pages\/442434","targetHints":{"allow":["GET"]}}],"collection":[{"href":"https:\/\/denmark.wordcamp.org\/2014\/wp-json\/wp\/v2\/pages"}],"about":[{"href":"https:\/\/denmark.wordcamp.org\/2014\/wp-json\/wp\/v2\/types\/page"}],"author":[{"embeddable":true,"href":"https:\/\/denmark.wordcamp.org\/2014\/wp-json\/wp\/v2\/users\/5799700"}],"replies":[{"embeddable":true,"href":"https:\/\/denmark.wordcamp.org\/2014\/wp-json\/wp\/v2\/comments?post=442434"}],"version-history":[{"count":7,"href":"https:\/\/denmark.wordcamp.org\/2014\/wp-json\/wp\/v2\/pages\/442434\/revisions"}],"predecessor-version":[{"id":442634,"href":"https:\/\/denmark.wordcamp.org\/2014\/wp-json\/wp\/v2\/pages\/442434\/revisions\/442634"}],"wp:attachment":[{"href":"https:\/\/denmark.wordcamp.org\/2014\/wp-json\/wp\/v2\/media?parent=442434"}],"curies":[{"name":"wp","href":"https:\/\/api.w.org\/{rel}","templated":true}]}}