{"id":442437,"date":"2014-05-08T09:22:35","date_gmt":"2014-05-08T09:22:35","guid":{"rendered":"https:\/\/2014.denmark.wordcamp.org\/?page_id=442437"},"modified":"2014-05-08T13:02:48","modified_gmt":"2014-05-08T13:02:48","slug":"word","status":"publish","type":"page","link":"https:\/\/denmark.wordcamp.org\/2014\/word\/","title":{"rendered":"WORD"},"content":{"rendered":"<p><a href=\"https:\/\/2014.denmark.wordcamp.org\/press\/\" title=\"PRESS\">Det ene spor<\/a> p\u00e5 WordCamp.<br \/>\nN\u00e6sten ikke noget om kode, men meget om at bruge WordPress.<\/p>\n\n\t<div class=\"wcorg-sessions\">\n\t\t\n\t\t\t<div id=\"wcorg-session-163495\" class=\"wcorg-session\" >\n\t\t\t\t<h2>\n\t\t\t\t\tWordPress som fundament for en online butik\t\t\t\t<\/h2>\n\n\t\t\t\t<div class=\"wcorg-session-description\">\n\t\t\t\t\t\t\t\t\t\t<p class=\"wcpt-session-meta\">Presented by <a href=\"https:\/\/denmark.wordcamp.org\/2014\/talere\/#wcorg-speaker-martin-bay\">Martin Bay<\/a> in WORD.<\/p>\t\t\t\t\t<img alt='' src='https:\/\/secure.gravatar.com\/avatar\/cc98028463cf55cfd2c0bdddd79fae0a78f4644d1f0106196c84075751e824af?s=100&#038;d=mm&#038;r=g' class='avatar avatar-100 photo' height='100' width='100' \/>\t\t\t\t\t<p>Med Nordic Appeal som eksempel gennemg\u00e5es alt fra ide til salg. Hvad skal der til for at lave din egen online butik p\u00e5 nettet. Hvordan kommer du i gang og hvad hvilke kvalifikationer kr\u00e6ves der.<\/p>\n<p><a href=\"http:\/\/www.slideshare.net\/martinbayhebsgaard\/word-camp-2014-35113556\" target=\"_blank\">Slides<\/a><\/p>\n<p><a href=\"http:\/\/wordpress.tv\/2014\/08\/21\/martin-bay-wordpress-som-fundament-for-en-online-butik\/\" target=\"_blank\">Se videooptagelse af Martin Bay: &#8220;WordPress som fundament for en online butik&#8221; p\u00e5 WordCamp Danmark 2014<\/a><\/p>\n\n\t\t\t\t\t\t\t\t\t<\/div>\n\t\t\t<\/div>\n\n\t\t\n\t\t\t<div id=\"wcorg-session-3824\" class=\"wcorg-session\" >\n\t\t\t\t<h2>\n\t\t\t\t\tWordPress Multisite &#8211; fordele og ulemper\t\t\t\t<\/h2>\n\n\t\t\t\t<div class=\"wcorg-session-description\">\n\t\t\t\t\t\t\t\t\t\t<p class=\"wcpt-session-meta\">Presented by <a href=\"https:\/\/denmark.wordcamp.org\/2014\/talere\/#wcorg-speaker-trine-blume\">Trine Blume<\/a> in WORD.<\/p>\t\t\t\t\t<img alt='' src='https:\/\/secure.gravatar.com\/avatar\/acab4373ce5fc0f57be8248fe9f22d316d9f9a0bb43c97ef72ba283ad8229b3f?s=100&#038;d=mm&#038;r=g' class='avatar avatar-100 photo' height='100' width='100' \/>\t\t\t\t\t<p>Vores case med flere forskellige platforme, hvad har vi lavet af fejl, hvordan kunne vi have gjort anderledes inden vi startede og hvilke fordele og ulemper ser vi ved at k\u00f8re WP Multisite.<\/p>\n<p><a href=\"http:\/\/wordpress.tv\/2014\/08\/21\/trine-blume-wordpress-multisite-fordele-og-ulemper\/\" target=\"_blank\">Se videooptagelse af Trine Blume: &#8220;WordPress Multisite &#8211; fordele og ulemper&#8221; p\u00e5 WordCamp Danmark 2014<\/a><\/p>\n\n\t\t\t\t\t\t\t\t\t<\/div>\n\t\t\t<\/div>\n\n\t\t\n\t\t\t<div id=\"wcorg-session-442482\" class=\"wcorg-session\" >\n\t\t\t\t<h2>\n\t\t\t\t\tWordPress \u2013 fra Blog til Business\t\t\t\t<\/h2>\n\n\t\t\t\t<div class=\"wcorg-session-description\">\n\t\t\t\t\t\t\t\t\t\t<p class=\"wcpt-session-meta\">Presented by <a href=\"https:\/\/denmark.wordcamp.org\/2014\/talere\/#wcorg-speaker-dorthe-sode-stengade-sonderskov\">Dorthe Sode Stengade S\u00f8nderskov<\/a> in WORD.<\/p>\t\t\t\t\t<img alt='' src='https:\/\/secure.gravatar.com\/avatar\/d136c9831e05e5304d978075cd6cde494ca3ea8a3088b3feec7d98f352e39029?s=100&#038;d=mm&#038;r=g' class='avatar avatar-100 photo' height='100' width='100' \/>\t\t\t\t\t<p>WordPress har gjort teknikken lige til. Websites er for alle med en god id\u00e9 og lidt teknisk mod. S\u00e5 hvad fylder du p\u00e5 siderne? Hvad er sitets form\u00e5l? Hvordan organiserer du dit indhold? Og hvilke WordPress-features kan hj\u00e6lpe dig videre? \u2013\u00a0Med simple overvejelser kan du med WordPress skabe et solidt webfundament, der kan underst\u00f8tte dig i processen med at komme i gang med din blog, din business eller med at komme fra blog til business.\u00a0<\/p>\n<p><a href=\"http:\/\/wordpress.tv\/2014\/07\/08\/dorthe-sode-stengade-sonderskov-wordpress-fra-blog-til-business\/\" target=\"_blank\">Se videooptagelse af Dorthe Sode Stengade S\u00f8nderskov: &#8220;WordPress \u2013 fra Blog til Business&#8221; p\u00e5 WordCamp Denmark 2014<\/a><\/p>\n\n\t\t\t\t\t\t\t\t\t<\/div>\n\t\t\t<\/div>\n\n\t\t\n\t\t\t<div id=\"wcorg-session-20540\" class=\"wcorg-session\" >\n\t\t\t\t<h2>\n\t\t\t\t\tT\u00e6nk tilg\u00e6ngelighed og brugervenlighed ind i dine sites\t\t\t\t<\/h2>\n\n\t\t\t\t<div class=\"wcorg-session-description\">\n\t\t\t\t\t\t\t\t\t\t<p class=\"wcpt-session-meta\">Presented by <a href=\"https:\/\/denmark.wordcamp.org\/2014\/talere\/#wcorg-speaker-karen-mardahl\">Karen Mardahl<\/a> in WORD.<\/p>\t\t\t\t\t<img alt='' src='https:\/\/secure.gravatar.com\/avatar\/ccbb0d0f39a3d7d2e66c6b1094532067a8292da909b61d41cf36d041c81ea208?s=100&#038;d=mm&#038;r=g' class='avatar avatar-100 photo' height='100' width='100' \/>\t\t\t\t\t<p>Hvad kan du g\u00f8re for at dit WordPress site kan bruges af s\u00e5 mange som muligt? Har du h\u00f8rt om tilg\u00e6ngelighed? Med f\u00e5 tiltag kan dine sites, og hele internettet blive mere tilg\u00e6ngeligt for alle.<br \/>\nVi kigger b\u00e5de &#8220;foran&#8221; og &#8220;bagved&#8221; et WordPress site. Pr\u00e6sentation henvender sig til alle &#8211; hverdagsbloggere og slutbrugere, samt dem der laver sites til andre, fordi de kan l\u00e6re ting til gavn for deres egne slutbrugere.<\/p>\n<p><a href=\"http:\/\/www.slideshare.net\/kmardahl\/tilgngelighed-og\" target=\"_blank\">Slides<\/a><\/p>\n<p><a href=\"http:\/\/wordpress.tv\/2014\/08\/21\/karen-mardahl-taenk-tilgaengelighed-og-brugervenlighed-ind-i-dine-sites\/\" target=\"_blank\">Se videooptagelse af Karen Mardahl: &#8220;T\u00e6nk tilg\u00e6ngelighed og brugervenlighed ind i dine sites&#8221; p\u00e5 WordCamp Danmark 2014<\/a><\/p>\n\n\t\t\t\t\t\t\t\t\t<\/div>\n\t\t\t<\/div>\n\n\t\t\n\t\t\t<div id=\"wcorg-session-3822\" class=\"wcorg-session\" >\n\t\t\t\t<h2>\n\t\t\t\t\tS\u00e5dan tjente jeg 1 million med WordPress\t\t\t\t<\/h2>\n\n\t\t\t\t<div class=\"wcorg-session-description\">\n\t\t\t\t\t\t\t\t\t\t<p class=\"wcpt-session-meta\">Presented by <a href=\"https:\/\/denmark.wordcamp.org\/2014\/talere\/#wcorg-speaker-michael-bang\">Michael Bang<\/a> in WORD.<\/p>\t\t\t\t\t<img alt='' src='https:\/\/secure.gravatar.com\/avatar\/2f7e465adf2774c927e82643c776138a826651f5e41360994dd7d016a1b1cd6e?s=100&#038;d=mm&#038;r=g' class='avatar avatar-100 photo' height='100' width='100' \/>\t\t\t\t\t<p>Michael Bang fort\u00e6ller om, hvordan han har opbygget sin forretning p\u00e5 hjemmesider, der alle bygger p\u00e5 WordPress. Alene sidste \u00e5r omsatte de samlet for ca. 1 million kroner.<\/p>\n<p><a href=\"http:\/\/wordpress.tv\/2014\/08\/21\/michael-bang-sadan-tjente-jeg-1-million-med-wordpress\/\" target=\"_blank\">Se videooptagelse af Michael Bang: &#8220;S\u00e5dan tjente jeg 1 million med WordPress&#8221; p\u00e5 WordCamp Danmark 2014<\/a><\/p>\n\n\t\t\t\t\t\t\t\t\t<\/div>\n\t\t\t<\/div>\n\n\t\t\n\t\t\t<div id=\"wcorg-session-442253\" class=\"wcorg-session\" >\n\t\t\t\t<h2>\n\t\t\t\t\tResponsivt design\t\t\t\t<\/h2>\n\n\t\t\t\t<div class=\"wcorg-session-description\">\n\t\t\t\t\t\t\t\t\t\t<p class=\"wcpt-session-meta\">Presented by <a href=\"https:\/\/denmark.wordcamp.org\/2014\/talere\/#wcorg-speaker-cathrine-wind-fallesen\">Cathrine Wind Fallesen<\/a> in WORD.<\/p>\t\t\t\t\t<img alt='' src='https:\/\/secure.gravatar.com\/avatar\/2b4421bb9be112c060ddf6e5e31496bb846e513cc80d56983374fc990642b668?s=100&#038;d=mm&#038;r=g' class='avatar avatar-100 photo' height='100' width='100' \/>\t\t\t\t\t<p>Jeg er af den holdning at man ikke l\u00e6ngere kan frasige sig at lave et responsivt design og min tilgang til det er nok mere konceptuelt og teoretisk, da jeg endnu ikke har meget erfaring med st\u00f8rre implementeringer af denne holdning. Jeg kender dog til forskellige sp\u00e6ndende frameworks, og t\u00e6nker p\u00e5 et opl\u00e6g der har et fundament i en mere grundl\u00e6ggende responsiv forst\u00e5else, og underst\u00f8ttet med praktisk eksempler eller hj\u00e6lpemidler, hovedsagligt med tanke p\u00e5 mindre projekter og nybegyndere. Jeg er ogs\u00e5 villig til at debattere bedre tekniske l\u00f8sninger i forhold til det responsive, hvis nogen ville have kommentarer til det.<\/p>\n<p><a href=\"http:\/\/www.slideshare.net\/CathrineFallesen\/responsiv-design-wordcampcph-14\" target=\"_blank\">Slides<\/a><\/p>\n<p><a href=\"http:\/\/wordpress.tv\/2014\/08\/21\/cathrine-wind-fallesen-responsivt-design\/\" target=\"_blank\">Se videooptagelse af Cathrine Wind Fallesen: &#8220;Responsivt design&#8221; p\u00e5 WordCamp Danmark 2014<\/a><\/p>\n\n\t\t\t\t\t\t\t\t\t<\/div>\n\t\t\t<\/div>\n\n\t\t\n\t\t\t<div id=\"wcorg-session-442610\" class=\"wcorg-session\" >\n\t\t\t\t<h2>\n\t\t\t\t\tHappiness bar &#8211; part deux\t\t\t\t<\/h2>\n\n\t\t\t\t<div class=\"wcorg-session-description\">\n\t\t\t\t\t\t\t\t\t\t<p class=\"wcpt-session-meta\">Presented by <a href=\"https:\/\/denmark.wordcamp.org\/2014\/talere\/#wcorg-speaker-kaare-mulvad-steffensen\">K\u00e5re Mulvad Steffensen<\/a> in WORD.<\/p>\t\t\t\t\t<img alt='' src='https:\/\/secure.gravatar.com\/avatar\/984810650404cb68d9c5e69e96a36dad540d41e584600796076752189e5235cc?s=100&#038;d=mm&#038;r=g' class='avatar avatar-100 photo' height='100' width='100' \/>\t\t\t\t\t<p>V\u00e6r klar ved tasterne p\u00e5 din egen WordPress installation, og f\u00e5 svar og vejledning p\u00e5 f\u00e6lles og egne udfordringer n\u00e5r vi pr\u00f8ver at l\u00f8se\u00a0udfordringerne i l\u00f8bet af denne hands-on workshop.<\/p>\n<p>Jeg\u00a0fort\u00e6ller r\u00f8verhistorier fra et koderliv uden at blive <em>for<\/em>\u00a0teknisk, viser l\u00f8sninger \u00a0&#8211; hvis det er muligt &#8211; p\u00e5 de udfordringer vi alle har.<\/p>\n<p>Happiness bar folk er mere end velkommen til at v\u00e6re med :)<\/p>\n<p>&nbsp;<\/p>\n\n\t\t\t\t\t\t\t\t\t<\/div>\n\t\t\t<\/div>\n\n\t\t\n\t\t\t<div id=\"wcorg-session-442608\" class=\"wcorg-session\" >\n\t\t\t\t<h2>\n\t\t\t\t\tHappiness Bar &#8211; extended version\t\t\t\t<\/h2>\n\n\t\t\t\t<div class=\"wcorg-session-description\">\n\t\t\t\t\t\t\t\t\t\t<p class=\"wcpt-session-meta\">Presented by <a href=\"https:\/\/denmark.wordcamp.org\/2014\/talere\/#wcorg-speaker-kaare-mulvad-steffensen\">K\u00e5re Mulvad Steffensen<\/a> in WORD.<\/p>\t\t\t\t\t<img alt='' src='https:\/\/secure.gravatar.com\/avatar\/984810650404cb68d9c5e69e96a36dad540d41e584600796076752189e5235cc?s=100&#038;d=mm&#038;r=g' class='avatar avatar-100 photo' height='100' width='100' \/>\t\t\t\t\t<p>V\u00e6r klar ved tasterne p\u00e5 din egen WordPress installation, og f\u00e5 svar og vejledning p\u00e5 f\u00e6lles og egne udfordringer n\u00e5r vi pr\u00f8ver at l\u00f8se\u00a0udfordringerne i l\u00f8bet af denne hands-on workshop.<\/p>\n<p>Jeg\u00a0fort\u00e6ller hvad\u00a0Jetpack, Antispam bee, UpdraftPlus, CodeStyling Localization, Yoast SEO og Chromes Inspector g\u00f8r for mig, og hvordan disse og andre plugins og andre lette tweaks\u00a0kan lette vores WordPress arbejde.<\/p>\n<p>Happiness bar folk er mere end velkommen til at v\u00e6re med :)<\/p>\n<p>&nbsp;<\/p>\n\n\t\t\t\t\t\t\t\t\t<\/div>\n\t\t\t<\/div>\n\n\t\t\n\t\t\t<div id=\"wcorg-session-3373\" class=\"wcorg-session\" >\n\t\t\t\t<h2>\n\t\t\t\t\tFra blogger til autoritet &#8211; indhold, indtjening og teknik\t\t\t\t<\/h2>\n\n\t\t\t\t<div class=\"wcorg-session-description\">\n\t\t\t\t\t\t\t\t\t\t<p class=\"wcpt-session-meta\">Presented by <a href=\"https:\/\/denmark.wordcamp.org\/2014\/talere\/#wcorg-speaker-rene-frederiksen\">Ren\u00e9 Frederiksen<\/a> in WORD.<\/p>\t\t\t\t\t<img alt='' src='https:\/\/secure.gravatar.com\/avatar\/f40c63ff79632048af0c99170318941737c1453fee013597771c753a71233ebe?s=100&#038;d=mm&#038;r=g' class='avatar avatar-100 photo' height='100' width='100' \/>\t\t\t\t\t<p>L\u00e6r hvordan din blog kan blive mere end en dagbog for dig selv og hvordan fokus p\u00e5 en niche kan l\u00f8fte dig fra blogger til autoritet og g\u00f8re underv\u00e6rker for din bes\u00f8gstrafik.<br \/>\nH\u00f8r hvilke valg du skal tr\u00e6ffe i forbindelse med udviklingen af bloggen n\u00e5r det kommer til indhold, det tekniske og evt. indtjening.<br \/>\nFind ud af hvilke ulemper og muligheder der kommer med en successfuld blog og hvordan du udnytter dem bedst muligt.<\/p>\n<p><a title=\"Ren\u00e9s slides fra pr\u00e6sentationen\" href=\"http:\/\/www.slideshare.net\/renefred\/wordcamp-copenhagen-2014\" target=\"_blank\">Slides<\/a><\/p>\n<p><a href=\"http:\/\/wordpress.tv\/2014\/07\/08\/rene-frederiksen-from-blogger-to-authority-content-earnings-and-technique\/\" target=\"_blank\">Se videooptagelse af Ren\u00e9 Frederiksen: &#8220;From blogger to authority \u2013 content, earnings, and technique&#8221; p\u00e5 WordCamp Denmark 2014<\/a><\/p>\n\n\t\t\t\t\t\t\t\t\t<\/div>\n\t\t\t<\/div>\n\n\t\t\n\t\t\t<div id=\"wcorg-session-239742\" class=\"wcorg-session\" >\n\t\t\t\t<h2>\n\t\t\t\t\tDesigntendenser 2014\t\t\t\t<\/h2>\n\n\t\t\t\t<div class=\"wcorg-session-description\">\n\t\t\t\t\t\t\t\t\t\t<p class=\"wcpt-session-meta\">Presented by <a href=\"https:\/\/denmark.wordcamp.org\/2014\/talere\/#wcorg-speaker-bolette-obbekaer\">Bolette Obbek\u00e6r<\/a> in WORD.<\/p>\t\t\t\t\t<img alt='' src='https:\/\/secure.gravatar.com\/avatar\/40b50b3bd86b54be3b381b4225f25f1121663c106d386561395d8cc1a727f234?s=100&#038;d=mm&#038;r=g' class='avatar avatar-100 photo' height='100' width='100' \/>\t\t\t\t\t<p>Webdesign er lidt som mode, der er hele tiden flere tendenser p\u00e5 spil. Jeg giver dig en rundtur i de vigtigste tendenser lige nu; hvad er p\u00e5 vej op, hvad er p\u00e5 vej ned og hvad kommer vi til at se meget mere af. Du f\u00e5r set en masse interessante WordPress-sider og kommer til at h\u00f8re om gamle tegnefilm, t\u00f8j, st\u00f8rrelser i typografi og billeder etc.<\/p>\n<p>Indl\u00e6gget er velegnet til alle med interesse i webdesign. Der er lagt v\u00e6gt p\u00e5 inspiration og ikke hvordan-g\u00f8r-man-lige-det&#8230;<\/p>\n<p><a href=\"http:\/\/wordpress.tv\/2014\/07\/15\/bolette-obbekaer-designtendenser-2014\/\" target=\"_blank\">Se videooptagelse af Bolette Obbek\u00e6r: &#8220;Designtendenser 2014&#8221; p\u00e5 WordCamp Denmark 2014<\/a><\/p>\n\n\t\t\t\t\t\t\t\t\t<\/div>\n\t\t\t<\/div>\n\n\t\t\n\t\t\t<div id=\"wcorg-session-2560\" class=\"wcorg-session\" >\n\t\t\t\t<h2>\n\t\t\t\t\t\u00c5rets Danske WordPress websted pr\u00e6senteret af UnoEuro &#8211; pr\u00e6sentation og prisoverr\u00e6kkelse\t\t\t\t<\/h2>\n\n\t\t\t\t<div class=\"wcorg-session-description\">\n\t\t\t\t\t\t\t\t\t\t<p class=\"wcpt-session-meta\">Presented by <a href=\"https:\/\/denmark.wordcamp.org\/2014\/talere\/#wcorg-speaker-kaare-mulvad-steffensen\">K\u00e5re Mulvad Steffensen<\/a> in PRESS, WORD.<\/p>\t\t\t\t\t<img alt='' src='https:\/\/secure.gravatar.com\/avatar\/984810650404cb68d9c5e69e96a36dad540d41e584600796076752189e5235cc?s=100&#038;d=mm&#038;r=g' class='avatar avatar-100 photo' height='100' width='100' \/>\t\t\t\t\t<p>Pr\u00e6sentation af de 3 popul\u00e6reste sites fra nomineringen: <a href=\"http:\/\/wp-designacademy.dk\/arets-dansks-wp\/\" target=\"_blank\">\u00c5rets danske WordPress-site<\/a><\/p>\n<p>\u00c5rets Danske WordPress 2014 sted er sponsoreret af <a href=\"http:\/\/www.unoeuro.com\" target=\"_blank\" rel=\"nofollow\">UnoEuro<\/a><\/p>\n\n\t\t\t\t\t\t\t\t\t<\/div>\n\t\t\t<\/div>\n\n\t\t\n\t\t\t<div id=\"wcorg-session-442328\" class=\"wcorg-session\" >\n\t\t\t\t<h2>\n\t\t\t\t\t(EN) How to break your blog\t\t\t\t<\/h2>\n\n\t\t\t\t<div class=\"wcorg-session-description\">\n\t\t\t\t\t\t\t\t\t\t<p class=\"wcpt-session-meta\">Presented by <a href=\"https:\/\/denmark.wordcamp.org\/2014\/talere\/#wcorg-speaker-hanni-ross\">Hanni Ross<\/a> in WORD.<\/p>\t\t\t\t\t<img alt='' src='https:\/\/secure.gravatar.com\/avatar\/7c6016cf71cbc7e5a2375177b36674a1948d0cea7995f16ee8707c9c2194b6e8?s=100&#038;d=mm&#038;r=g' class='avatar avatar-100 photo' height='100' width='100' \/>\t\t\t\t\t<p><strong>In English<br \/>\n<\/strong>Hanni Ross will talk about what happens when you break your blog &#8211; and how to fix it.<\/p>\n<p><a href=\"http:\/\/wordpress.tv\/2014\/08\/21\/hanni-ross-how-to-break-your-blog\/\" target=\"_blank\">Se videooptagelse af Hanni Ross: &#8220;How to break your blog&#8221; p\u00e5 WordCamp Danmark 2014<\/a><\/p>\n\n\t\t\t\t\t\t\t\t\t<\/div>\n\t\t\t<\/div>\n\n\t\t\t<\/div><!-- .wcorg-sessions -->\n\n\t\n<p><img loading=\"lazy\" decoding=\"async\" class=\"alignnone size-medium wp-image-214164\" src=\"https:\/\/2014.denmark.wordcamp.org\/files\/2014\/01\/wordcamp2014denmark-700x525.png\" alt=\"logo by Joen Asmussen\" width=\"700\" height=\"525\" srcset=\"https:\/\/denmark.wordcamp.org\/2014\/files\/2014\/01\/wordcamp2014denmark-700x525.png 700w, https:\/\/denmark.wordcamp.org\/2014\/files\/2014\/01\/wordcamp2014denmark-300x225.png 300w, https:\/\/denmark.wordcamp.org\/2014\/files\/2014\/01\/wordcamp2014denmark-400x300.png 400w, https:\/\/denmark.wordcamp.org\/2014\/files\/2014\/01\/wordcamp2014denmark.png 800w\" sizes=\"auto, (max-width: 700px) 100vw, 700px\" \/><\/p>\n","protected":false},"excerpt":{"rendered":"<p>Det ene spor p\u00e5 WordCamp. N\u00e6sten ikke noget om kode, men meget om at bruge WordPress.<\/p>\n","protected":false},"author":5799700,"featured_media":0,"parent":0,"menu_order":0,"comment_status":"closed","ping_status":"closed","template":"","meta":{"jetpack_post_was_ever_published":false,"footnotes":""},"class_list":["post-442437","page","type-page","status-publish","hentry"],"jetpack_sharing_enabled":true,"_links":{"self":[{"href":"https:\/\/denmark.wordcamp.org\/2014\/wp-json\/wp\/v2\/pages\/442437","targetHints":{"allow":["GET"]}}],"collection":[{"href":"https:\/\/denmark.wordcamp.org\/2014\/wp-json\/wp\/v2\/pages"}],"about":[{"href":"https:\/\/denmark.wordcamp.org\/2014\/wp-json\/wp\/v2\/types\/page"}],"author":[{"embeddable":true,"href":"https:\/\/denmark.wordcamp.org\/2014\/wp-json\/wp\/v2\/users\/5799700"}],"replies":[{"embeddable":true,"href":"https:\/\/denmark.wordcamp.org\/2014\/wp-json\/wp\/v2\/comments?post=442437"}],"version-history":[{"count":5,"href":"https:\/\/denmark.wordcamp.org\/2014\/wp-json\/wp\/v2\/pages\/442437\/revisions"}],"predecessor-version":[{"id":442457,"href":"https:\/\/denmark.wordcamp.org\/2014\/wp-json\/wp\/v2\/pages\/442437\/revisions\/442457"}],"wp:attachment":[{"href":"https:\/\/denmark.wordcamp.org\/2014\/wp-json\/wp\/v2\/media?parent=442437"}],"curies":[{"name":"wp","href":"https:\/\/api.w.org\/{rel}","templated":true}]}}