{"id":5,"date":"2014-01-09T17:46:51","date_gmt":"2014-01-09T17:46:51","guid":{"rendered":"https:\/\/2014.denmark.wordcamp.org\/location\/"},"modified":"2014-04-18T13:51:31","modified_gmt":"2014-04-18T13:51:31","slug":"location","status":"publish","type":"page","link":"https:\/\/denmark.wordcamp.org\/2014\/location\/","title":{"rendered":"Stedet"},"content":{"rendered":"<p><img loading=\"lazy\" decoding=\"async\" class=\"alignnone size-medium wp-image-163721\" src=\"https:\/\/2014.denmark.wordcamp.org\/files\/2014\/01\/IMG_0581-700x393.jpg\" alt=\"one.com, Bernstorffsgade 50, K\u00f8benhavn\" width=\"700\" height=\"393\" srcset=\"https:\/\/denmark.wordcamp.org\/2014\/files\/2014\/01\/IMG_0581-700x393.jpg 700w, https:\/\/denmark.wordcamp.org\/2014\/files\/2014\/01\/IMG_0581-300x168.jpg 300w, https:\/\/denmark.wordcamp.org\/2014\/files\/2014\/01\/IMG_0581-1400x786.jpg 1400w, https:\/\/denmark.wordcamp.org\/2014\/files\/2014\/01\/IMG_0581-500x281.jpg 500w\" sizes=\"auto, (max-width: 700px) 100vw, 700px\" \/><\/p>\n<p>WordCamp 2014 afholdes hos <a href=\"http:\/\/one.com\" target=\"_blank\" rel=\"nofollow\">one.com<\/a>, Kalvebod Brygge 24, K\u00f8benhavn<\/p>\n<div class=\"googlemaps\">\n\t\t\t\t<iframe loading=\"lazy\" width=\"425\" height=\"350\" frameborder=\"0\" scrolling=\"no\" marginheight=\"0\" marginwidth=\"0\"  src=\"https:\/\/maps.google.dk\/maps?t=m&#038;sll=55.6680013,12.5710591&#038;sspn=0.0046471,0.0109864&#038;q=One.com&#038;cid=0xf3e632e6a6099b42&#038;ie=UTF8&#038;hnear=&#038;iwloc=A&#038;ll=55.667948,12.571141&#038;spn=0.006295,0.006295&#038;output=embed\"><\/iframe>\n\t\t\t<\/div>\n<p>&nbsp;<\/p>\n<p>&nbsp;<\/p>\n<h2>Transport<\/h2>\n<p>K\u00f8benhavns hovedbaneg\u00e5rd ligger 10 minutters gang fra one.com.<br \/>\nCykler kan parkeres udenfor indgangen, <a href=\"http:\/\/www.kk.dk\/da\/borger\/trafik\/parkering\/besoegende\/prisoversigt\" target=\"_blank\">biler kan parkeres p\u00e5 gaden overfor<\/a> (gr\u00f8n zone).<\/p>\n","protected":false},"excerpt":{"rendered":"<p>WordCamp 2014 afholdes hos one.com, Kalvebod Brygge 24, K\u00f8benhavn &nbsp; &nbsp; Transport K\u00f8benhavns hovedbaneg\u00e5rd ligger 10 minutters gang fra one.com. Cykler kan parkeres udenfor indgangen, biler kan parkeres p\u00e5 gaden overfor (gr\u00f8n zone).<\/p>\n","protected":false},"author":50198,"featured_media":0,"parent":0,"menu_order":0,"comment_status":"closed","ping_status":"closed","template":"","meta":{"jetpack_post_was_ever_published":false,"footnotes":""},"class_list":["post-5","page","type-page","status-publish","hentry"],"jetpack_sharing_enabled":true,"_links":{"self":[{"href":"https:\/\/denmark.wordcamp.org\/2014\/wp-json\/wp\/v2\/pages\/5","targetHints":{"allow":["GET"]}}],"collection":[{"href":"https:\/\/denmark.wordcamp.org\/2014\/wp-json\/wp\/v2\/pages"}],"about":[{"href":"https:\/\/denmark.wordcamp.org\/2014\/wp-json\/wp\/v2\/types\/page"}],"author":[{"embeddable":true,"href":"https:\/\/denmark.wordcamp.org\/2014\/wp-json\/wp\/v2\/users\/50198"}],"replies":[{"embeddable":true,"href":"https:\/\/denmark.wordcamp.org\/2014\/wp-json\/wp\/v2\/comments?post=5"}],"version-history":[{"count":13,"href":"https:\/\/denmark.wordcamp.org\/2014\/wp-json\/wp\/v2\/pages\/5\/revisions"}],"predecessor-version":[{"id":442280,"href":"https:\/\/denmark.wordcamp.org\/2014\/wp-json\/wp\/v2\/pages\/5\/revisions\/442280"}],"wp:attachment":[{"href":"https:\/\/denmark.wordcamp.org\/2014\/wp-json\/wp\/v2\/media?parent=5"}],"curies":[{"name":"wp","href":"https:\/\/api.w.org\/{rel}","templated":true}]}}