{"id":107,"date":"2015-03-12T19:31:26","date_gmt":"2015-03-12T18:31:26","guid":{"rendered":"https:\/\/2015.denmark.wordcamp.org\/?page_id=107"},"modified":"2016-04-10T22:13:09","modified_gmt":"2016-04-10T20:13:09","slug":"hvad-er-wordcamp","status":"publish","type":"page","link":"https:\/\/denmark.wordcamp.org\/2015\/hvad-er-wordcamp\/","title":{"rendered":"Hvad er WordCamp"},"content":{"rendered":"<p>WordCamp er en 2-dages konference om alt der har med <a href=\"http:\/\/wordpress.org\">WordPress<\/a> at g\u00f8re.<\/p>\n<p>WordCamp er et socialt arrangement, organiseret af frivillige WordPress-brugere. Alle \u2013 fra helt almindelig WordPress-bruger, til garvede udvikler \u2013 kan v\u00e6re med, udveksle viden, tips og id\u00e9er.<br \/>\n<a href=\"http:\/\/central.wordcamp.org\/what-to-expect\/\">Mere om WordCamps (p\u00e5 engelsk)<\/a>.<\/p>\n<p><!-- SE PROGRAMMET --><\/p>\n<h2>ER WORDCAMP NOGET FOR MIG?<\/h2>\n<p>Ja, hvis du har lyst til at l\u00e6re mere om WordPress, har lyst til l\u00e6re andre WordPress-brugere at kende og ogs\u00e5 gerne hvis du har lyst til at fort\u00e6lle om hvordan du bruger WordPress \u2013 s\u00e5 er WordCamp noget for dig!<\/p>\n<h2>HVAD KAN JEG BIDRAGE MED?<\/h2>\n<p>I l\u00f8bet af WordCamp har vi brug for frivillige til at hj\u00e6lpe med i vores Happiness Bar, til check-in og uddeling af navneskilte, kaffebrygning og den slags.<\/p>\n","protected":false},"excerpt":{"rendered":"<p>WordCamp er en 2-dages konference om alt der har med WordPress at g\u00f8re. WordCamp er et socialt arrangement, organiseret af frivillige WordPress-brugere. Alle \u2013 fra helt almindelig WordPress-bruger, til garvede udvikler \u2013 kan v\u00e6re med, udveksle viden, tips og id\u00e9er. Mere om WordCamps (p\u00e5 engelsk). ER WORDCAMP NOGET FOR MIG? Ja, hvis du har lyst &hellip; <a href=\"https:\/\/denmark.wordcamp.org\/2015\/hvad-er-wordcamp\/\" class=\"more-link\">L\u00e6s videre <span class=\"screen-reader-text\">Hvad er WordCamp<\/span> <span class=\"meta-nav\">&rarr;<\/span><\/a><\/p>\n","protected":false},"author":143158,"featured_media":0,"parent":0,"menu_order":0,"comment_status":"open","ping_status":"open","template":"","meta":{"_crdt_document":"","jetpack_post_was_ever_published":false,"footnotes":""},"class_list":["post-107","page","type-page","status-publish","hentry"],"jetpack_sharing_enabled":true,"jetpack_shortlink":"https:\/\/wp.me\/P67La0-1J","_links":{"self":[{"href":"https:\/\/denmark.wordcamp.org\/2015\/wp-json\/wp\/v2\/pages\/107","targetHints":{"allow":["GET"]}}],"collection":[{"href":"https:\/\/denmark.wordcamp.org\/2015\/wp-json\/wp\/v2\/pages"}],"about":[{"href":"https:\/\/denmark.wordcamp.org\/2015\/wp-json\/wp\/v2\/types\/page"}],"author":[{"embeddable":true,"href":"https:\/\/denmark.wordcamp.org\/2015\/wp-json\/wp\/v2\/users\/143158"}],"replies":[{"embeddable":true,"href":"https:\/\/denmark.wordcamp.org\/2015\/wp-json\/wp\/v2\/comments?post=107"}],"version-history":[{"count":4,"href":"https:\/\/denmark.wordcamp.org\/2015\/wp-json\/wp\/v2\/pages\/107\/revisions"}],"predecessor-version":[{"id":1045,"href":"https:\/\/denmark.wordcamp.org\/2015\/wp-json\/wp\/v2\/pages\/107\/revisions\/1045"}],"wp:attachment":[{"href":"https:\/\/denmark.wordcamp.org\/2015\/wp-json\/wp\/v2\/media?parent=107"}],"curies":[{"name":"wp","href":"https:\/\/api.w.org\/{rel}","templated":true}]}}