{"id":116,"date":"2015-03-12T19:37:03","date_gmt":"2015-03-12T18:37:03","guid":{"rendered":"https:\/\/2015.denmark.wordcamp.org\/?page_id=116"},"modified":"2015-03-12T19:37:03","modified_gmt":"2015-03-12T18:37:03","slug":"happiness-bar","status":"publish","type":"page","link":"https:\/\/denmark.wordcamp.org\/2015\/schedule\/happiness-bar\/","title":{"rendered":"Happiness bar"},"content":{"rendered":"<p>Under hele WordCamp Danmark er vores Happiness Bar \u00e5ben. Hvis du ikke ved hvad det er, s\u00e5 kan det bedst beskrives som en slags helpdesk, hvor man kan komme forbi og f\u00e5 hj\u00e6lp til at l\u00f8se en WordPress-udfordring. Standen bliver bemandet p\u00e5 skift af en flok meget venlige og vidende WordPress-entusiaster.<\/p>\n","protected":false},"excerpt":{"rendered":"<p>Under hele WordCamp Danmark er vores Happiness Bar \u00e5ben. Hvis du ikke ved hvad det er, s\u00e5 kan det bedst beskrives som en slags helpdesk, hvor man kan komme forbi og f\u00e5 hj\u00e6lp til at l\u00f8se en WordPress-udfordring. Standen bliver bemandet p\u00e5 skift af en flok meget venlige og vidende WordPress-entusiaster.<\/p>\n","protected":false},"author":143158,"featured_media":0,"parent":5,"menu_order":3,"comment_status":"open","ping_status":"open","template":"","meta":{"_crdt_document":"","jetpack_post_was_ever_published":false,"footnotes":""},"class_list":["post-116","page","type-page","status-publish","hentry"],"jetpack_sharing_enabled":true,"jetpack_shortlink":"https:\/\/wp.me\/P67La0-1S","_links":{"self":[{"href":"https:\/\/denmark.wordcamp.org\/2015\/wp-json\/wp\/v2\/pages\/116","targetHints":{"allow":["GET"]}}],"collection":[{"href":"https:\/\/denmark.wordcamp.org\/2015\/wp-json\/wp\/v2\/pages"}],"about":[{"href":"https:\/\/denmark.wordcamp.org\/2015\/wp-json\/wp\/v2\/types\/page"}],"author":[{"embeddable":true,"href":"https:\/\/denmark.wordcamp.org\/2015\/wp-json\/wp\/v2\/users\/143158"}],"replies":[{"embeddable":true,"href":"https:\/\/denmark.wordcamp.org\/2015\/wp-json\/wp\/v2\/comments?post=116"}],"version-history":[{"count":1,"href":"https:\/\/denmark.wordcamp.org\/2015\/wp-json\/wp\/v2\/pages\/116\/revisions"}],"predecessor-version":[{"id":117,"href":"https:\/\/denmark.wordcamp.org\/2015\/wp-json\/wp\/v2\/pages\/116\/revisions\/117"}],"up":[{"embeddable":true,"href":"https:\/\/denmark.wordcamp.org\/2015\/wp-json\/wp\/v2\/pages\/5"}],"wp:attachment":[{"href":"https:\/\/denmark.wordcamp.org\/2015\/wp-json\/wp\/v2\/media?parent=116"}],"curies":[{"name":"wp","href":"https:\/\/api.w.org\/{rel}","templated":true}]}}