{"id":5,"date":"2015-02-04T01:24:07","date_gmt":"2015-02-04T01:24:07","guid":{"rendered":"https:\/\/2015.denmark.wordcamp.org\/schedule\/"},"modified":"2015-09-24T11:32:20","modified_gmt":"2015-09-24T09:32:20","slug":"schedule","status":"publish","type":"page","link":"https:\/\/denmark.wordcamp.org\/2015\/schedule\/","title":{"rendered":"Program"},"content":{"rendered":"<h2>L\u00f8rdag d. 3. oktober<\/h2>\n<table class=\"wcpt-schedule\" border=\"0\"><thead><tr><th class=\"wcpt-col-time\">Tid<\/th><th class=\"wcpt-col-track\"> <span class=\"wcpt-track-name\">Word<\/span> <span class=\"wcpt-track-description\"><\/span> <\/th><th class=\"wcpt-col-track\"> <span class=\"wcpt-track-name\">Press<\/span> <span class=\"wcpt-track-description\"><\/span> <\/th><\/tr><\/thead><tbody><tr class=\"wcpt-time-0900 global-session velkomst-og-morgenmad\"><td class=\"wcpt-time\">09:00<\/td><td colspan=\"2\" class=\"wcb-track-press wcb-track-word wcpt-session-type-custom wcb-session-velkomst-og-morgenmad\" data-track-title=\"Press, Word\" data-session-id=\"376\"><div class=\"wcb-session-cell-content\"><span class=\"wcpt-session-title\">Velkomst og Morgenmad<\/span><\/div><\/td><\/tr><tr class=\"wcpt-time-1000\"><td class=\"wcpt-time\">10:00<\/td><td colspan=\"1\" class=\"wcb-speaker-dennis-kronborg wcb-track-word wcpt-session-type-session wcb-session-7-tips-til-at-faa-flere-tilmeldte-til-dit-nyhedsbrev\" data-track-title=\"Word\" data-session-id=\"572\"><div class=\"wcb-session-cell-content\"><a class=\"wcpt-session-title\" href=\"https:\/\/denmark.wordcamp.org\/2015\/session\/7-tips-til-at-faa-flere-tilmeldte-til-dit-nyhedsbrev\/\">7 tips til at f\u00e5 flere tilmeldte til dit nyhedsbrev<\/a> <span class=\"wcpt-session-speakers\">Dennis Kronborg<\/span><\/div><div class=\"wcb-session-favourite-icon\"><a href=\"#\" role=\"button\" class=\"fav-session-button\" aria-pressed=\"false\"><span class=\"screen-reader-text\">Foretrukken session: 7 tips til at f\u00e5 flere tilmeldte til dit nyhedsbrev<\/span><span class=\"dashicons dashicons-star-filled\"><\/span><\/a><\/div><\/td><td colspan=\"1\" class=\"wcb-speaker-torben-heikel-vinther wcb-track-press wcpt-session-type-session wcb-session-goer-wordpress-tilgaengelig-for-alle\" data-track-title=\"Press\" data-session-id=\"816\"><div class=\"wcb-session-cell-content\"><a class=\"wcpt-session-title\" href=\"https:\/\/denmark.wordcamp.org\/2015\/session\/goer-wordpress-tilgaengelig-for-alle\/\">G\u00f8r WordPress tilg\u00e6ngelig for alle<\/a> <span class=\"wcpt-session-speakers\">Torben Heikel Vinther<\/span><\/div><div class=\"wcb-session-favourite-icon\"><a href=\"#\" role=\"button\" class=\"fav-session-button\" aria-pressed=\"false\"><span class=\"screen-reader-text\">Foretrukken session: G\u00f8r WordPress tilg\u00e6ngelig for alle<\/span><span class=\"dashicons dashicons-star-filled\"><\/span><\/a><\/div><\/td><\/tr><tr class=\"wcpt-time-1100\"><td class=\"wcpt-time\">11:00<\/td><td colspan=\"1\" class=\"wcb-speaker-milene-rose-holm wcb-track-word wcpt-session-type-session wcb-session-et-kig-ned-i-min-vaerktoejskasse\" data-track-title=\"Word\" data-session-id=\"769\"><div class=\"wcb-session-cell-content\"><a class=\"wcpt-session-title\" href=\"https:\/\/denmark.wordcamp.org\/2015\/session\/et-kig-ned-i-min-vaerktoejskasse\/\">Et kig ned i min v\u00e6rkt\u00f8jskasse<\/a> <span class=\"wcpt-session-speakers\">Milene Rose Holm<\/span><\/div><div class=\"wcb-session-favourite-icon\"><a href=\"#\" role=\"button\" class=\"fav-session-button\" aria-pressed=\"false\"><span class=\"screen-reader-text\">Foretrukken session: Et kig ned i min v\u00e6rkt\u00f8jskasse<\/span><span class=\"dashicons dashicons-star-filled\"><\/span><\/a><\/div><\/td><td colspan=\"1\" class=\"wcb-speaker-steffen-gammelgaard wcb-track-press wcpt-session-type-session wcb-session-theme-customiser-utilizing-the-live-preview-options-for-themes\" data-track-title=\"Press\" data-session-id=\"660\"><div class=\"wcb-session-cell-content\"><a class=\"wcpt-session-title\" href=\"https:\/\/denmark.wordcamp.org\/2015\/session\/theme-customiser-utilizing-the-live-preview-options-for-themes\/\">Theme Customiser &#8211; Utilizing the live preview options for themes<\/a> <span class=\"wcpt-session-speakers\">Steffen Gammelgaard<\/span><\/div><div class=\"wcb-session-favourite-icon\"><a href=\"#\" role=\"button\" class=\"fav-session-button\" aria-pressed=\"false\"><span class=\"screen-reader-text\">Foretrukken session: Theme Customiser &#8211; Utilizing the live preview options for themes<\/span><span class=\"dashicons dashicons-star-filled\"><\/span><\/a><\/div><\/td><\/tr><tr class=\"wcpt-time-1200 global-session frokost\"><td class=\"wcpt-time\">12:00<\/td><td colspan=\"2\" class=\"wcb-track-press wcb-track-word wcpt-session-type-custom wcb-session-frokost\" data-track-title=\"Press, Word\" data-session-id=\"378\"><div class=\"wcb-session-cell-content\"><span class=\"wcpt-session-title\">Frokost<\/span><\/div><\/td><\/tr><tr class=\"wcpt-time-1300 global-session netvrkssession-word-press\"><td class=\"wcpt-time\">13:00<\/td><td colspan=\"2\" class=\"wcb-speaker-annette-q-pedersen wcb-speaker-kaare-mulvad-steffensen wcb-track-press wcb-track-word wcpt-session-type-session wcb-session-netvaerkssession\" data-track-title=\"Press, Word\" data-session-id=\"803\"><div class=\"wcb-session-cell-content\"><a class=\"wcpt-session-title\" href=\"https:\/\/denmark.wordcamp.org\/2015\/session\/netvaerkssession\/\">Netv\u00e6rkssession (Word + Press)<\/a> <span class=\"wcpt-session-speakers\">Annette Q Pedersen, K\u00e5re Mulvad Steffensen<\/span><\/div><div class=\"wcb-session-favourite-icon\"><a href=\"#\" role=\"button\" class=\"fav-session-button\" aria-pressed=\"false\"><span class=\"screen-reader-text\">Foretrukken session: Netv\u00e6rkssession (Word + Press)<\/span><span class=\"dashicons dashicons-star-filled\"><\/span><\/a><\/div><\/td><\/tr><tr class=\"wcpt-time-1400\"><td class=\"wcpt-time\">14:00<\/td><td colspan=\"1\" class=\"wcb-speaker-karin-hoegh wcb-track-word wcpt-session-type-session wcb-session-podcast-med-wordpress\" data-track-title=\"Word\" data-session-id=\"732\"><div class=\"wcb-session-cell-content\"><a class=\"wcpt-session-title\" href=\"https:\/\/denmark.wordcamp.org\/2015\/session\/podcast-med-wordpress\/\">Podcast med WordPress<\/a> <span class=\"wcpt-session-speakers\">Karin H\u00f8gh<\/span><\/div><div class=\"wcb-session-favourite-icon\"><a href=\"#\" role=\"button\" class=\"fav-session-button\" aria-pressed=\"false\"><span class=\"screen-reader-text\">Foretrukken session: Podcast med WordPress<\/span><span class=\"dashicons dashicons-star-filled\"><\/span><\/a><\/div><\/td><td colspan=\"1\" class=\"wcb-speaker-kristoffe-biglete wcb-track-press wcpt-session-type-session wcb-session-preparing-the-post-mobile-ux\" data-track-title=\"Press\" data-session-id=\"818\"><div class=\"wcb-session-cell-content\"><a class=\"wcpt-session-title\" href=\"https:\/\/denmark.wordcamp.org\/2015\/session\/preparing-the-post-mobile-ux\/\">Preparing the post-mobile UX<\/a> <span class=\"wcpt-session-speakers\">Kristoffe Biglete<\/span><\/div><div class=\"wcb-session-favourite-icon\"><a href=\"#\" role=\"button\" class=\"fav-session-button\" aria-pressed=\"false\"><span class=\"screen-reader-text\">Foretrukken session: Preparing the post-mobile UX<\/span><span class=\"dashicons dashicons-star-filled\"><\/span><\/a><\/div><\/td><\/tr><tr class=\"wcpt-time-1500\"><td class=\"wcpt-time\">15:00<\/td><td colspan=\"1\" class=\"wcb-speaker-valentin-vesa wcb-track-word wcpt-session-type-session wcb-session-one-wordpress-site-hacked-turned-to-successful-charity-network\" data-track-title=\"Word\" data-session-id=\"583\"><div class=\"wcb-session-cell-content\"><a class=\"wcpt-session-title\" href=\"https:\/\/denmark.wordcamp.org\/2015\/session\/one-wordpress-site-hacked-turned-to-successful-charity-network\/\">WordPress for charities &#8211; The Gift that keeps on giving<\/a> <span class=\"wcpt-session-speakers\">Valentin Vesa<\/span><\/div><div class=\"wcb-session-favourite-icon\"><a href=\"#\" role=\"button\" class=\"fav-session-button\" aria-pressed=\"false\"><span class=\"screen-reader-text\">Foretrukken session: WordPress for charities &#8211; The Gift that keeps on giving<\/span><span class=\"dashicons dashicons-star-filled\"><\/span><\/a><\/div><\/td><td colspan=\"1\" class=\"wcb-speaker-tobias-borg-petersen wcb-track-press wcpt-session-type-session wcb-session-hurtigere-websites-med-simple-optimeringer\" data-track-title=\"Press\" data-session-id=\"820\"><div class=\"wcb-session-cell-content\"><a class=\"wcpt-session-title\" href=\"https:\/\/denmark.wordcamp.org\/2015\/session\/hurtigere-websites-med-simple-optimeringer\/\">Hurtigere websites med simple optimeringer<\/a> <span class=\"wcpt-session-speakers\">Tobias Borg Petersen<\/span><\/div><div class=\"wcb-session-favourite-icon\"><a href=\"#\" role=\"button\" class=\"fav-session-button\" aria-pressed=\"false\"><span class=\"screen-reader-text\">Foretrukken session: Hurtigere websites med simple optimeringer<\/span><span class=\"dashicons dashicons-star-filled\"><\/span><\/a><\/div><\/td><\/tr><tr class=\"wcpt-time-1600 global-session tak-for-i-dag-vi-ses-igen-i-morgen\"><td class=\"wcpt-time\">16:00<\/td><td colspan=\"2\" class=\"wcb-track-press wcb-track-word wcpt-session-type-custom wcb-session-tak-for-i-dag-vi-ses-igen-i-morgen\" data-track-title=\"Press, Word\" data-session-id=\"387\"><div class=\"wcb-session-cell-content\"><span class=\"wcpt-session-title\">Tak for i dag &#8211; vi ses igen i morgen<\/span><\/div><\/td><\/tr><\/tbody><\/table>\n\t<div class=\"email-form fav-session-email-form-hide\">\n\t\t<!-- Tab links -->\n\t\t<div class=\"fav-session-share-tab\">\n\t\t\t\t\t\t\t<div class=\"fav-session-tablinks\" id=\"fav-session-btn-email\">\n\t\t\t\t\tE-mail\t\t\t\t<\/div>\n\t\t\t\n\t\t\t<div class=\"fav-session-tablinks\" id=\"fav-session-btn-link\">\n\t\t\t\tLink\t\t\t<\/div>\n\n\t\t\t<div class=\"fav-session-tablinks\" id=\"fav-session-btn-print\">\n\t\t\t\tUdskriv\t\t\t<\/div>\n\t\t<\/div>\n\n\t\t<!-- Tab content -->\n\t\t\t\t\t<div id=\"fav-session-tab-email\" class=\"fav-session-share-tabcontent\">\n\t\t\t\t<div id=\"fav-session-email-form\">\n\t\t\t\t\tSend mig mine favoritsessioner:\n\t\t\t\t\t<form id=\"fav-sessions-form\">\n\t\t\t\t\t\t<input\n\t\t\t\t\t\t\ttype=\"text\"\n\t\t\t\t\t\t\tname=\"email_address\"\n\t\t\t\t\t\t\tid=\"fav-sessions-email-address\"\n\t\t\t\t\t\t\tplaceholder=\"me@protonmail.com\"\n\t\t\t\t\t\t\/>\n\t\t\t\t\t\t<input type=\"submit\" value=\"Send\" \/>\n\t\t\t\t\t<\/form>\n\t\t\t\t<\/div>\n\n\t\t\t\t<div class=\"fav-session-email-wait-spinner\"><\/div>\n\t\t\t\t<div class=\"fav-session-email-result\"><\/div>\n\t\t\t<\/div>\n\t\t\n\t\t<div id=\"fav-session-tab-link\" class=\"fav-session-share-tabcontent\">\n\t\t\tDelbart link:\t\t\t<br \/>\n\t\t\t<a id=\"fav-sessions-link\" href=\"\"><\/a>\n\t\t<\/div>\n\n\t\t<div id=\"fav-session-tab-print\" class=\"fav-session-share-tabcontent\">\n\t\t\t<button id=\"fav-session-print\">\n\t\t\t\tUdskriv foretrukne sessioner\t\t\t<\/button>\n\t\t<\/div>\n\t<\/div>\n\n\t<a class=\"show-email-form\" href=\"javascript:\">\n\t\t<span class=\"dashicons dashicons-star-filled\"><\/span>\n\t\t<span class=\"dashicons dashicons-email-alt\"><\/span>\n\t<\/a>\n\n\t\n<h2>S\u00f8ndag d. 4. oktober<\/h2>\n<table class=\"wcpt-schedule\" border=\"0\"><thead><tr><th class=\"wcpt-col-time\">Tid<\/th><th class=\"wcpt-col-track\"> <span class=\"wcpt-track-name\">Word<\/span> <span class=\"wcpt-track-description\"><\/span> <\/th><th class=\"wcpt-col-track\"> <span class=\"wcpt-track-name\">Press<\/span> <span class=\"wcpt-track-description\"><\/span> <\/th><\/tr><\/thead><tbody><tr class=\"wcpt-time-0900 global-session morgenmad\"><td class=\"wcpt-time\">09:00<\/td><td colspan=\"2\" class=\"wcb-track-press wcb-track-word wcpt-session-type-custom wcb-session-morgenmad\" data-track-title=\"Press, Word\" data-session-id=\"391\"><div class=\"wcb-session-cell-content\"><span class=\"wcpt-session-title\">Morgenmad<\/span><\/div><\/td><\/tr><tr class=\"wcpt-time-1000\"><td class=\"wcpt-time\">10:00<\/td><td colspan=\"1\" class=\"wcb-speaker-kaare-mulvad-steffensen wcb-speaker-linda-kristiansen wcb-track-word wcpt-session-type-session wcb-session-live-happiness-bar\" data-track-title=\"Word\" data-session-id=\"778\"><div class=\"wcb-session-cell-content\"><a class=\"wcpt-session-title\" href=\"https:\/\/denmark.wordcamp.org\/2015\/session\/live-happiness-bar\/\">LIVE Happiness bar<\/a> <span class=\"wcpt-session-speakers\">K\u00e5re Mulvad Steffensen, Linda Kristiansen<\/span><\/div><div class=\"wcb-session-favourite-icon\"><a href=\"#\" role=\"button\" class=\"fav-session-button\" aria-pressed=\"false\"><span class=\"screen-reader-text\">Foretrukken session: LIVE Happiness bar<\/span><span class=\"dashicons dashicons-star-filled\"><\/span><\/a><\/div><\/td><td colspan=\"1\" class=\"wcb-speaker-torben-heikel-vinther wcb-track-press wcpt-session-type-session wcb-session-wordpress-lokal-udvikling-til-produktion\" data-track-title=\"Press\" data-session-id=\"822\"><div class=\"wcb-session-cell-content\"><a class=\"wcpt-session-title\" href=\"https:\/\/denmark.wordcamp.org\/2015\/session\/wordpress-lokal-udvikling-til-produktion\/\">WordPress lokal udvikling til produktion<\/a> <span class=\"wcpt-session-speakers\">Torben Heikel Vinther<\/span><\/div><div class=\"wcb-session-favourite-icon\"><a href=\"#\" role=\"button\" class=\"fav-session-button\" aria-pressed=\"false\"><span class=\"screen-reader-text\">Foretrukken session: WordPress lokal udvikling til produktion<\/span><span class=\"dashicons dashicons-star-filled\"><\/span><\/a><\/div><\/td><\/tr><tr class=\"wcpt-time-1100\"><td class=\"wcpt-time\">11:00<\/td><td colspan=\"1\" class=\"wcb-track-word wcpt-session-type-session wcb-session-8-fejl-selv-garvede-online-ivaerksaettere-begaar\" data-track-title=\"Word\" data-session-id=\"780\"><div class=\"wcb-session-cell-content\"><a class=\"wcpt-session-title\" href=\"https:\/\/denmark.wordcamp.org\/2015\/session\/8-fejl-selv-garvede-online-ivaerksaettere-begaar\/\">8 fejl selv garvede online iv\u00e6rks\u00e6ttere beg\u00e5r<\/a><\/div><div class=\"wcb-session-favourite-icon\"><a href=\"#\" role=\"button\" class=\"fav-session-button\" aria-pressed=\"false\"><span class=\"screen-reader-text\">Foretrukken session: 8 fejl selv garvede online iv\u00e6rks\u00e6ttere beg\u00e5r<\/span><span class=\"dashicons dashicons-star-filled\"><\/span><\/a><\/div><\/td><td colspan=\"1\" class=\"wcb-speaker-patrick-hesselberg wcb-track-press wcpt-session-type-session wcb-session-wp-core-hvor-er-vi-paa-vej-hen\" data-track-title=\"Press\" data-session-id=\"824\"><div class=\"wcb-session-cell-content\"><a class=\"wcpt-session-title\" href=\"https:\/\/denmark.wordcamp.org\/2015\/session\/wp-core-hvor-er-vi-paa-vej-hen\/\">WP Core &#8211; Hvor er vi p\u00e5 vej hen?<\/a> <span class=\"wcpt-session-speakers\">Patrick Hesselberg<\/span><\/div><div class=\"wcb-session-favourite-icon\"><a href=\"#\" role=\"button\" class=\"fav-session-button\" aria-pressed=\"false\"><span class=\"screen-reader-text\">Foretrukken session: WP Core &#8211; Hvor er vi p\u00e5 vej hen?<\/span><span class=\"dashicons dashicons-star-filled\"><\/span><\/a><\/div><\/td><\/tr><tr class=\"wcpt-time-1200 global-session frokost\"><td class=\"wcpt-time\">12:00<\/td><td colspan=\"2\" class=\"wcb-track-press wcb-track-word wcpt-session-type-custom wcb-session-frokost-2\" data-track-title=\"Press, Word\" data-session-id=\"394\"><div class=\"wcb-session-cell-content\"><span class=\"wcpt-session-title\">Frokost<\/span><\/div><\/td><\/tr><tr class=\"wcpt-time-1300\"><td class=\"wcpt-time\">13:00<\/td><td colspan=\"1\" class=\"wcb-speaker-torben-heikel-vinther wcb-track-word wcpt-session-type-session wcb-session-optimering-af-billeder-i-wordpress\" data-track-title=\"Word\" data-session-id=\"730\"><div class=\"wcb-session-cell-content\"><a class=\"wcpt-session-title\" href=\"https:\/\/denmark.wordcamp.org\/2015\/session\/optimering-af-billeder-i-wordpress\/\">Optimering af billeder i WordPress<\/a> <span class=\"wcpt-session-speakers\">Torben Heikel Vinther<\/span><\/div><div class=\"wcb-session-favourite-icon\"><a href=\"#\" role=\"button\" class=\"fav-session-button\" aria-pressed=\"false\"><span class=\"screen-reader-text\">Foretrukken session: Optimering af billeder i WordPress<\/span><span class=\"dashicons dashicons-star-filled\"><\/span><\/a><\/div><\/td><td class=\"wcpt-session-empty\"><\/td><\/tr><tr class=\"wcpt-time-1400\"><td class=\"wcpt-time\">14:00<\/td><td colspan=\"1\" class=\"wcb-speaker-linda-kristiansen wcb-track-word wcpt-session-type-session wcb-session-husk-nu-ogsaa-den-manuelle-backup\" data-track-title=\"Word\" data-session-id=\"784\"><div class=\"wcb-session-cell-content\"><a class=\"wcpt-session-title\" href=\"https:\/\/denmark.wordcamp.org\/2015\/session\/husk-nu-ogsaa-den-manuelle-backup\/\">Husk nu ogs\u00e5 den manuelle backup!<\/a> <span class=\"wcpt-session-speakers\">Linda Kristiansen<\/span><\/div><div class=\"wcb-session-favourite-icon\"><a href=\"#\" role=\"button\" class=\"fav-session-button\" aria-pressed=\"false\"><span class=\"screen-reader-text\">Foretrukken session: Husk nu ogs\u00e5 den manuelle backup!<\/span><span class=\"dashicons dashicons-star-filled\"><\/span><\/a><\/div><\/td><td colspan=\"1\" class=\"wcb-speaker-yan-knudtskov wcb-track-press wcpt-session-type-session wcb-session-vi-et-ansvar-for-vores-kunders-kunder\" data-track-title=\"Press\" data-session-id=\"720\"><div class=\"wcb-session-cell-content\"><a class=\"wcpt-session-title\" href=\"https:\/\/denmark.wordcamp.org\/2015\/session\/vi-et-ansvar-for-vores-kunders-kunder\/\">Vi et ansvar for vores kunders kunder<\/a> <span class=\"wcpt-session-speakers\">Yan Knudtskov<\/span><\/div><div class=\"wcb-session-favourite-icon\"><a href=\"#\" role=\"button\" class=\"fav-session-button\" aria-pressed=\"false\"><span class=\"screen-reader-text\">Foretrukken session: Vi et ansvar for vores kunders kunder<\/span><span class=\"dashicons dashicons-star-filled\"><\/span><\/a><\/div><\/td><\/tr><tr class=\"wcpt-time-1500\"><td class=\"wcpt-time\">15:00<\/td><td colspan=\"1\" class=\"wcb-speaker-mikkel-rommelhoff wcb-track-word wcpt-session-type-session wcb-session-undgaa-abonnement-hos-nets-som-ninja-i-woocommerce-betalingsloesninger\" data-track-title=\"Word\" data-session-id=\"786\"><div class=\"wcb-session-cell-content\"><a class=\"wcpt-session-title\" href=\"https:\/\/denmark.wordcamp.org\/2015\/session\/undgaa-abonnement-hos-nets-som-ninja-i-woocommerce-betalingsloesninger\/\">Bliv mester i WordPress WooCommerce betalingsl\u00f8sninger &#8211; en gang for alle<\/a> <span class=\"wcpt-session-speakers\">Mikkel Rommelhoff<\/span><\/div><div class=\"wcb-session-favourite-icon\"><a href=\"#\" role=\"button\" class=\"fav-session-button\" aria-pressed=\"false\"><span class=\"screen-reader-text\">Foretrukken session: Bliv mester i WordPress WooCommerce betalingsl\u00f8sninger &#8211; en gang for alle<\/span><span class=\"dashicons dashicons-star-filled\"><\/span><\/a><\/div><\/td><td colspan=\"1\" class=\"wcb-speaker-jens-e-hummelmose wcb-track-press wcpt-session-type-session wcb-session-saadan-kom-recordere-dk-paa-wordpress\" data-track-title=\"Press\" data-session-id=\"830\"><div class=\"wcb-session-cell-content\"><a class=\"wcpt-session-title\" href=\"https:\/\/denmark.wordcamp.org\/2015\/session\/saadan-kom-recordere-dk-paa-wordpress\/\">S\u00e5dan kom recordere.dk p\u00e5 WordPress<\/a> <span class=\"wcpt-session-speakers\">Jens E. Hummelmose<\/span><\/div><div class=\"wcb-session-favourite-icon\"><a href=\"#\" role=\"button\" class=\"fav-session-button\" aria-pressed=\"false\"><span class=\"screen-reader-text\">Foretrukken session: S\u00e5dan kom recordere.dk p\u00e5 WordPress<\/span><span class=\"dashicons dashicons-star-filled\"><\/span><\/a><\/div><\/td><\/tr><tr class=\"wcpt-time-1600 global-session rets-danske-wp-2015\"><td class=\"wcpt-time\">16:00<\/td><td colspan=\"2\" class=\"wcb-track-press wcb-track-word wcpt-session-type-custom wcb-session-aarets-danske-wp-2015\" data-track-title=\"Press, Word\" data-session-id=\"788\"><div class=\"wcb-session-cell-content\"><span class=\"wcpt-session-title\">\u00c5rets Danske WP 2015<\/span><\/div><\/td><\/tr><tr class=\"wcpt-time-1630 global-session tak-for-i-r\"><td class=\"wcpt-time\">16:30<\/td><td colspan=\"2\" class=\"wcb-track-press wcb-track-word wcpt-session-type-custom wcb-session-tak-for-i-ar\" data-track-title=\"Press, Word\" data-session-id=\"385\"><div class=\"wcb-session-cell-content\"><span class=\"wcpt-session-title\">Tak for i \u00e5r<\/span><\/div><\/td><\/tr><\/tbody><\/table>\n<p>Der tages forbehold for programmet.<\/p>\n","protected":false},"excerpt":{"rendered":"<p>L\u00f8rdag d. 3. oktober S\u00f8ndag d. 4. oktober Der tages forbehold for programmet.<\/p>\n","protected":false},"author":50198,"featured_media":0,"parent":0,"menu_order":0,"comment_status":"open","ping_status":"open","template":"","meta":{"_crdt_document":"","jetpack_post_was_ever_published":false,"footnotes":""},"class_list":["post-5","page","type-page","status-publish","hentry"],"jetpack_sharing_enabled":true,"jetpack_shortlink":"https:\/\/wp.me\/P67La0-5","_links":{"self":[{"href":"https:\/\/denmark.wordcamp.org\/2015\/wp-json\/wp\/v2\/pages\/5","targetHints":{"allow":["GET"]}}],"collection":[{"href":"https:\/\/denmark.wordcamp.org\/2015\/wp-json\/wp\/v2\/pages"}],"about":[{"href":"https:\/\/denmark.wordcamp.org\/2015\/wp-json\/wp\/v2\/types\/page"}],"author":[{"embeddable":true,"href":"https:\/\/denmark.wordcamp.org\/2015\/wp-json\/wp\/v2\/users\/50198"}],"replies":[{"embeddable":true,"href":"https:\/\/denmark.wordcamp.org\/2015\/wp-json\/wp\/v2\/comments?post=5"}],"version-history":[{"count":8,"href":"https:\/\/denmark.wordcamp.org\/2015\/wp-json\/wp\/v2\/pages\/5\/revisions"}],"predecessor-version":[{"id":899,"href":"https:\/\/denmark.wordcamp.org\/2015\/wp-json\/wp\/v2\/pages\/5\/revisions\/899"}],"wp:attachment":[{"href":"https:\/\/denmark.wordcamp.org\/2015\/wp-json\/wp\/v2\/media?parent=5"}],"curies":[{"name":"wp","href":"https:\/\/api.w.org\/{rel}","templated":true}]}}