{"id":8,"date":"2015-02-04T01:24:07","date_gmt":"2015-02-04T01:24:07","guid":{"rendered":"https:\/\/2015.denmark.wordcamp.org\/sponsors\/"},"modified":"2015-10-08T09:38:27","modified_gmt":"2015-10-08T07:38:27","slug":"sponsorer","status":"publish","type":"page","link":"https:\/\/denmark.wordcamp.org\/2015\/hvad-er-wordcamp\/sponsorer\/","title":{"rendered":"Sponsorer"},"content":{"rendered":"<h2>Sponsorer af WordCamp 2015<\/h2>\n\n\t<div class=\"wcorg-sponsors\">\n\t\t\n\t\t\t<div class=\"wcorg-sponsor-level-globale-sponsorer-global-community-sponsors\">\n\t\t\t\t<h2>Globale sponsorer (Global Community sponsors)<\/h2>\n\n\t\t\t\t\n\t\t\t\t\t<div id=\"wcorg-sponsor-736\" class=\"wcorg-sponsor\">\n\t\t\t\t\t\t\t\t\t\t\t\t\t\t\t\t\t\t\t\t\t<h3>\n\t\t\t\t\t\t\t\t\tJetpack\t\t\t\t\t\t\t\t<\/h3>\n\t\t\t\t\t\t\t\t\t\t\t\t\t\n\t\t\t\t\t\t<div class=\"wcorg-sponsor-description\">\n\t\t\t\t\t\t\t\t\t\t\t\t\t\t\t<img loading=\"lazy\" decoding=\"async\" width=\"940\" height=\"198\" src=\"https:\/\/denmark.wordcamp.org\/2015\/files\/2015\/09\/jetpack-logo-horizontal-940x198.png\" class=\"attachment-wcb-sponsor-logo-horizontal-2x size-wcb-sponsor-logo-horizontal-2x wp-post-image\" alt=\"Jetpack\" srcset=\"https:\/\/denmark.wordcamp.org\/2015\/files\/2015\/09\/jetpack-logo-horizontal-940x198.png 940w, https:\/\/denmark.wordcamp.org\/2015\/files\/2015\/09\/jetpack-logo-horizontal-940x198-300x63.png 300w, https:\/\/denmark.wordcamp.org\/2015\/files\/2015\/09\/jetpack-logo-horizontal-940x198-500x105.png 500w\" sizes=\"auto, (max-width: 940px) 100vw, 940px\" \/>\t\t\t\t\t\t\t\n\t\t\t\t\t\t\t\t\t\t\t\t\t\t\t<div>\n<p class=\"p1\"><span class=\"s1\">Jetpack is a free WordPress plugin that simplifies managing your sites by connecting to <a href=\"http:\/\/wordpress.com\/\" rel=\"nofollow\"><span class=\"s2\">WordPress.com<\/span><\/a>. This connection enables Photon (global CDN for images), uptime monitoring, brute force protection, traffic-boosting tools, single sign on, multiple site management, and automatic or bulk plugin updates. Additionally Jetpack includes several features that help you customize the look-and-feel of your site without needing extra plugins. More information can be found at\u00a0<\/span><span class=\"s1\">jetpack.me<\/span><\/p>\n<\/div>\n\t\t\t\t\t\t\t\t\t\t\t\t\t<\/div>\n\t\t\t\t\t<\/div><!-- #sponsor -->\n\t\t\t\t\n\t\t\t\t\t<div id=\"wcorg-sponsor-20\" class=\"wcorg-sponsor\">\n\t\t\t\t\t\t\t\t\t\t\t\t\t\t\t\t\t\t\t\t\t<h3>\n\t\t\t\t\t\t\t\t\tBluehost\t\t\t\t\t\t\t\t<\/h3>\n\t\t\t\t\t\t\t\t\t\t\t\t\t\n\t\t\t\t\t\t<div class=\"wcorg-sponsor-description\">\n\t\t\t\t\t\t\t\t\t\t\t\t\t\t\t<img loading=\"lazy\" decoding=\"async\" width=\"651\" height=\"137\" src=\"https:\/\/denmark.wordcamp.org\/2015\/files\/2015\/09\/bh_logo_2015.png\" class=\"attachment-wcb-sponsor-logo-horizontal-2x size-wcb-sponsor-logo-horizontal-2x wp-post-image\" alt=\"Bluehost\" srcset=\"https:\/\/denmark.wordcamp.org\/2015\/files\/2015\/09\/bh_logo_2015.png 651w, https:\/\/denmark.wordcamp.org\/2015\/files\/2015\/09\/bh_logo_2015-300x63.png 300w, https:\/\/denmark.wordcamp.org\/2015\/files\/2015\/09\/bh_logo_2015-500x105.png 500w\" sizes=\"auto, (max-width: 651px) 100vw, 651px\" \/>\t\t\t\t\t\t\t\n\t\t\t\t\t\t\t\t\t\t\t\t\t\t\t<p><a href=\"http:\/\/bluehost.com\" rel=\"nofollow\">Bluehost<\/a> has been a WordPress partner since 2005 and powers over one million WordPress sites. Their goal is to provide outstanding hosting services and customer support for the best possible price. Bluehost is also constantly innovating and upgrading their services and infrastructure at no additional cost to their customers. Join the millions of other website owners that have already chosen Bluehost and see how they can help you with your site.<\/p>\n\t\t\t\t\t\t\t\t\t\t\t\t\t<\/div>\n\t\t\t\t\t<\/div><!-- #sponsor -->\n\t\t\t\t\n\t\t\t\t\t<div id=\"wcorg-sponsor-743\" class=\"wcorg-sponsor\">\n\t\t\t\t\t\t\t\t\t\t\t\t\t\t\t\t\t\t\t\t\t<h3>\n\t\t\t\t\t\t\t\t\tGoDaddy\t\t\t\t\t\t\t\t<\/h3>\n\t\t\t\t\t\t\t\t\t\t\t\t\t\n\t\t\t\t\t\t<div class=\"wcorg-sponsor-description\">\n\t\t\t\t\t\t\t\t\t\t\t\t\t\t\t<img loading=\"lazy\" decoding=\"async\" width=\"940\" height=\"198\" src=\"https:\/\/denmark.wordcamp.org\/2015\/files\/2015\/09\/GoDaddy_Pro-940x198.png\" class=\"attachment-wcb-sponsor-logo-horizontal-2x size-wcb-sponsor-logo-horizontal-2x wp-post-image\" alt=\"GoDaddy\" srcset=\"https:\/\/denmark.wordcamp.org\/2015\/files\/2015\/09\/GoDaddy_Pro-940x198.png 940w, https:\/\/denmark.wordcamp.org\/2015\/files\/2015\/09\/GoDaddy_Pro-940x198-300x63.png 300w, https:\/\/denmark.wordcamp.org\/2015\/files\/2015\/09\/GoDaddy_Pro-940x198-500x105.png 500w\" sizes=\"auto, (max-width: 940px) 100vw, 940px\" \/>\t\t\t\t\t\t\t\n\t\t\t\t\t\t\t\t\t\t\t\t\t\t\t<p>GoDaddy\u2019s mission is to radically shift the global economy toward small businesses by empowering people to easily start, confidently grow and successfully run their own ventures. With more than 12 million customers worldwide and 57 million domain names under management, GoDaddy gives small business owners the tools to name their idea, build a beautiful online presence, attract customers and manage their business.<\/p>\n\t\t\t\t\t\t\t\t\t\t\t\t\t<\/div>\n\t\t\t\t\t<\/div><!-- #sponsor -->\n\t\t\t\t\n\t\t\t\t\t<div id=\"wcorg-sponsor-746\" class=\"wcorg-sponsor\">\n\t\t\t\t\t\t\t\t\t\t\t\t\t\t\t\t\t\t\t\t\t<h3>\n\t\t\t\t\t\t\t\t\tPlanetHoster\t\t\t\t\t\t\t\t<\/h3>\n\t\t\t\t\t\t\t\t\t\t\t\t\t\n\t\t\t\t\t\t<div class=\"wcorg-sponsor-description\">\n\t\t\t\t\t\t\t\t\t\t\t\t\t\t\t<img loading=\"lazy\" decoding=\"async\" width=\"326\" height=\"101\" src=\"https:\/\/denmark.wordcamp.org\/2015\/files\/2015\/09\/planethoster-WEB.png\" class=\"attachment-wcb-sponsor-logo-horizontal-2x size-wcb-sponsor-logo-horizontal-2x wp-post-image\" alt=\"PlanetHoster\" srcset=\"https:\/\/denmark.wordcamp.org\/2015\/files\/2015\/09\/planethoster-WEB.png 326w, https:\/\/denmark.wordcamp.org\/2015\/files\/2015\/09\/planethoster-WEB-300x93.png 300w\" sizes=\"auto, (max-width: 326px) 100vw, 326px\" \/>\t\t\t\t\t\t\t\n\t\t\t\t\t\t\t\t\t\t\t\t\t\t\t<p>PlanetHoster offers premium hosting solutions to WordPress users worldwide. Whether it\u2019s shared hosting, managed VPS, dedicated servers and much more, PlanetHoster\u2019s customers report that these affordable, feature-packed hosting solutions exceed their expectations. Their certified engineers are very experienced with WordPress. They work hard to assure that your WordPress site will run very fast and will be hosted in a secure, 24\/7 monitored environment. If you want to offer the best latency to your visitors by being hosted whether in Europe or in North America, PlanetHoster might be right for you.<\/p>\n\t\t\t\t\t\t\t\t\t\t\t\t\t<\/div>\n\t\t\t\t\t<\/div><!-- #sponsor -->\n\t\t\t\t\n\t\t\t\t\t<div id=\"wcorg-sponsor-19\" class=\"wcorg-sponsor\">\n\t\t\t\t\t\t\t\t\t\t\t\t\t\t\t\t\t\t\t\t\t<h3>\n\t\t\t\t\t\t\t\t\tWPML\t\t\t\t\t\t\t\t<\/h3>\n\t\t\t\t\t\t\t\t\t\t\t\t\t\n\t\t\t\t\t\t<div class=\"wcorg-sponsor-description\">\n\t\t\t\t\t\t\t\t\t\t\t\t\t\t\t<img loading=\"lazy\" decoding=\"async\" width=\"940\" height=\"198\" src=\"https:\/\/denmark.wordcamp.org\/2015\/files\/2015\/02\/wpml-web-940x198.png\" class=\"attachment-wcb-sponsor-logo-horizontal-2x size-wcb-sponsor-logo-horizontal-2x wp-post-image\" alt=\"WPML\" srcset=\"https:\/\/denmark.wordcamp.org\/2015\/files\/2015\/02\/wpml-web-940x198.png 940w, https:\/\/denmark.wordcamp.org\/2015\/files\/2015\/02\/wpml-web-940x198-300x63.png 300w, https:\/\/denmark.wordcamp.org\/2015\/files\/2015\/02\/wpml-web-940x198-500x105.png 500w\" sizes=\"auto, (max-width: 940px) 100vw, 940px\" \/>\t\t\t\t\t\t\t\n\t\t\t\t\t\t\t\t\t\t\t\t\t\t\t<p>WPML turns WordPress websites multilingual. It works with caching, SEO and E-Commerce plugins, and allows the building of complete multilingual sites. WPML powers simple blogs as well as corporate and enterprise sites.<\/p>\n<p>WPML allows users to translate everything in the site, including content, menus, widgets and even theme and plugin texts. WPML powers over 400,000 commercial websites from all over the world.<\/p>\n<p>More information about going multilingual can be found at <a href=\"http:\/\/wpml.org\" rel=\"nofollow\">WPML.org<\/a><\/p>\n\t\t\t\t\t\t\t\t\t\t\t\t\t<\/div>\n\t\t\t\t\t<\/div><!-- #sponsor -->\n\t\t\t\t\t\t\t<\/div><!-- .wcorg-sponsor-level -->\n\t\t\n\t\t\t<div class=\"wcorg-sponsor-level-super-administrator\">\n\t\t\t\t<h2>Super Administrator<\/h2>\n\n\t\t\t\t\n\t\t\t\t\t<div id=\"wcorg-sponsor-476\" class=\"wcorg-sponsor\">\n\t\t\t\t\t\t\t\t\t\t\t\t\t\t\t\t\t\t\t\t\t<h3>\n\t\t\t\t\t\t\t\t\tIT-Universitet i K\u00f8benhavn\t\t\t\t\t\t\t\t<\/h3>\n\t\t\t\t\t\t\t\t\t\t\t\t\t\n\t\t\t\t\t\t<div class=\"wcorg-sponsor-description\">\n\t\t\t\t\t\t\t\t\t\t\t\t\t\t\t\t\t\t\t\t\t\t\n\t\t\t\t\t\t\t\t\t\t\t\t\t\t\t<p><a href=\"http:\/\/itu.dk\" target=\"_blank\" rel=\"nofollow\"><img loading=\"lazy\" decoding=\"async\" class=\"alignnone size-large wp-image-477\" src=\"https:\/\/2015.denmark.wordcamp.org\/files\/2015\/08\/ITU_logo_DK-1024x114.jpg\" alt=\"ITU_logo_DK\" width=\"604\" height=\"67\" srcset=\"https:\/\/denmark.wordcamp.org\/2015\/files\/2015\/08\/ITU_logo_DK-1024x114.jpg 1024w, https:\/\/denmark.wordcamp.org\/2015\/files\/2015\/08\/ITU_logo_DK-300x33.jpg 300w, https:\/\/denmark.wordcamp.org\/2015\/files\/2015\/08\/ITU_logo_DK-500x56.jpg 500w, https:\/\/denmark.wordcamp.org\/2015\/files\/2015\/08\/ITU_logo_DK.jpg 2000w\" sizes=\"auto, (max-width: 604px) 100vw, 604px\" \/><\/a><\/p>\n<p>Vi er Danmarks yngste universitet med it-uddannelser inden for games, design og kommunikation, softwareudvikling og business.<\/p>\n\t\t\t\t\t\t\t\t\t\t\t\t\t<\/div>\n\t\t\t\t\t<\/div><!-- #sponsor -->\n\t\t\t\t\n\t\t\t\t\t<div id=\"wcorg-sponsor-555\" class=\"wcorg-sponsor\">\n\t\t\t\t\t\t\t\t\t\t\t\t\t\t\t\t\t\t\t\t\t<h3>\n\t\t\t\t\t\t\t\t\tOne.com\t\t\t\t\t\t\t\t<\/h3>\n\t\t\t\t\t\t\t\t\t\t\t\t\t\n\t\t\t\t\t\t<div class=\"wcorg-sponsor-description\">\n\t\t\t\t\t\t\t\t\t\t\t\t\t\t\t\t\t\t\t\t\t\t\n\t\t\t\t\t\t\t\t\t\t\t\t\t\t\t<p><a href=\"http:\/\/one.com\" rel=\"nofollow\"><img loading=\"lazy\" decoding=\"async\" class=\"alignnone size-full wp-image-556\" src=\"https:\/\/2015.denmark.wordcamp.org\/files\/2015\/08\/one-com.png\" alt=\"one-com\" width=\"762\" height=\"224\" srcset=\"https:\/\/denmark.wordcamp.org\/2015\/files\/2015\/08\/one-com.png 762w, https:\/\/denmark.wordcamp.org\/2015\/files\/2015\/08\/one-com-300x88.png 300w, https:\/\/denmark.wordcamp.org\/2015\/files\/2015\/08\/one-com-500x147.png 500w\" sizes=\"auto, (max-width: 762px) 100vw, 762px\" \/><\/a><\/p>\n<p>One.com er en innovativ leverand\u00f8r af webhoteller. One.com (B-one) blev etableret i 2002 i Danmark og er i dag en af de f\u00f8rende virksomheder i Europa i formidling af dom\u00e6ner og salg af webhoteller.\u00a0Derudover en af de st\u00f8rste hosts af WordPress i Danmark, med over 300.000 installationer.<\/p>\n\t\t\t\t\t\t\t\t\t\t\t\t\t<\/div>\n\t\t\t\t\t<\/div><!-- #sponsor -->\n\t\t\t\t\t\t\t<\/div><!-- .wcorg-sponsor-level -->\n\t\t\n\t\t\t<div class=\"wcorg-sponsor-level-administrator\">\n\t\t\t\t<h2>Administrator<\/h2>\n\n\t\t\t\t\n\t\t\t\t\t<div id=\"wcorg-sponsor-399\" class=\"wcorg-sponsor\">\n\t\t\t\t\t\t\t\t\t\t\t\t\t\t\t\t\t\t\t\t\t<h3>\n\t\t\t\t\t\t\t\t\tDejligLama\t\t\t\t\t\t\t\t<\/h3>\n\t\t\t\t\t\t\t\t\t\t\t\t\t\n\t\t\t\t\t\t<div class=\"wcorg-sponsor-description\">\n\t\t\t\t\t\t\t\t\t\t\t\t\t\t\t\t\t\t\t\t\t\t\n\t\t\t\t\t\t\t\t\t\t\t\t\t\t\t<p><a href=\"http:\/\/dejliglama.dk\" target=\"_blank\" rel=\"nofollow\"><img loading=\"lazy\" decoding=\"async\" class=\"alignnone size-large wp-image-433\" src=\"https:\/\/2015.denmark.wordcamp.org\/files\/2015\/08\/2014_DejligLama_logo_sticker-1024x402.png\" alt=\"2014_DejligLama_logo_sticker\" width=\"604\" height=\"237\" srcset=\"https:\/\/denmark.wordcamp.org\/2015\/files\/2015\/08\/2014_DejligLama_logo_sticker-1024x402.png 1024w, https:\/\/denmark.wordcamp.org\/2015\/files\/2015\/08\/2014_DejligLama_logo_sticker-300x118.png 300w, https:\/\/denmark.wordcamp.org\/2015\/files\/2015\/08\/2014_DejligLama_logo_sticker-500x196.png 500w\" sizes=\"auto, (max-width: 604px) 100vw, 604px\" \/><\/a><\/p>\n<p>&nbsp;<\/p>\n<p><span style=\"font-weight: 400\">DejligLama r\u00e5dgiver, vejleder underviser og r\u00e5ber op om WordPress og din digitale strategi. Jeg besk\u00e6ftiger mig 100% WordPress, og har gjort det i ca. 2190 dage. Kom og sig hej til mig ved Word-sporet, eller i Happiness baren! <\/span><\/p>\n<p><span style=\"font-weight: 400\">Mvh. K\u00e5re Mulvad Steffensen<br \/>\ncore@dejliglama.dk<br \/>\n@dejliglama.<\/span><\/p>\n\t\t\t\t\t\t\t\t\t\t\t\t\t<\/div>\n\t\t\t\t\t<\/div><!-- #sponsor -->\n\t\t\t\t\n\t\t\t\t\t<div id=\"wcorg-sponsor-951\" class=\"wcorg-sponsor\">\n\t\t\t\t\t\t\t\t\t\t\t\t\t\t\t\t\t\t\t\t\t<h3>\n\t\t\t\t\t\t\t\t\tPeytz &amp; Co\t\t\t\t\t\t\t\t<\/h3>\n\t\t\t\t\t\t\t\t\t\t\t\t\t\n\t\t\t\t\t\t<div class=\"wcorg-sponsor-description\">\n\t\t\t\t\t\t\t\t\t\t\t\t\t\t\t<img loading=\"lazy\" decoding=\"async\" width=\"600\" height=\"148\" src=\"https:\/\/denmark.wordcamp.org\/2015\/files\/2015\/10\/logo.png\" class=\"attachment-wcb-sponsor-logo-horizontal-2x size-wcb-sponsor-logo-horizontal-2x wp-post-image\" alt=\"Peytz &amp; Co\" srcset=\"https:\/\/denmark.wordcamp.org\/2015\/files\/2015\/10\/logo.png 600w, https:\/\/denmark.wordcamp.org\/2015\/files\/2015\/10\/logo-300x74.png 300w, https:\/\/denmark.wordcamp.org\/2015\/files\/2015\/10\/logo-500x123.png 500w\" sizes=\"auto, (max-width: 600px) 100vw, 600px\" \/>\t\t\t\t\t\t\t\n\t\t\t\t\t\t\t\t\t\t\t\t\t\t\t<p><strong>Peytz &amp; Co<\/strong> is a full service web agency established in 2002 that brings together 100+ creative, analytical and technical minds.<\/p>\n<p>We have developed websites using WordPress for clients large and small. Our WordPress team contribute to the community and help organize WordPress meetups in Copenhagen.<\/p>\n\t\t\t\t\t\t\t\t\t\t\t\t\t<\/div>\n\t\t\t\t\t<\/div><!-- #sponsor -->\n\t\t\t\t\t\t\t<\/div><!-- .wcorg-sponsor-level -->\n\t\t\n\t\t\t<div class=\"wcorg-sponsor-level-bidragyder\">\n\t\t\t\t<h2>Bidragyder<\/h2>\n\n\t\t\t\t\n\t\t\t\t\t<div id=\"wcorg-sponsor-539\" class=\"wcorg-sponsor\">\n\t\t\t\t\t\t\t\t\t\t\t\t\t\t\t\t\t\t\t\t\t<h3>\n\t\t\t\t\t\t\t\t\tDigital Dawn\t\t\t\t\t\t\t\t<\/h3>\n\t\t\t\t\t\t\t\t\t\t\t\t\t\n\t\t\t\t\t\t<div class=\"wcorg-sponsor-description\">\n\t\t\t\t\t\t\t\t\t\t\t\t\t\t\t\t\t\t\t\t\t\t\n\t\t\t\t\t\t\t\t\t\t\t\t\t\t\t<p><img decoding=\"async\" class=\"alignnone size-full wp-image-540\" src=\"https:\/\/2015.denmark.wordcamp.org\/files\/2015\/08\/COMBO_CO_00000-Custom.png\" alt=\"COMBO_CO_00000 (Custom)\" width=\"600\" srcset=\"https:\/\/denmark.wordcamp.org\/2015\/files\/2015\/08\/COMBO_CO_00000-Custom.png 800w, https:\/\/denmark.wordcamp.org\/2015\/files\/2015\/08\/COMBO_CO_00000-Custom-300x180.png 300w, https:\/\/denmark.wordcamp.org\/2015\/files\/2015\/08\/COMBO_CO_00000-Custom-500x300.png 500w\" sizes=\"(max-width: 800px) 100vw, 800px\" \/><\/p>\n<p>Hos Digital Dawn producerer vi videoer med fokus p\u00e5 promovering af produkter og visioner s\u00e5vel som konferencer og events.\u00a0Vi er en fleksibel nyopstartet virksomhed, der br\u00e6nder for produktion af videoer i alle aspekter. Vi vil st\u00e5 for videooptagelse af talere ved dette \u00e5rs WordCamp. Kom og hils p\u00e5 os mellem talerne, vi gl\u00e6der os til at m\u00f8de dig.<\/p>\n<p>Mvh.<br \/>\nJeppe, Markus og Frederik<\/p>\n\t\t\t\t\t\t\t\t\t\t\t\t\t<\/div>\n\t\t\t\t\t<\/div><!-- #sponsor -->\n\t\t\t\t\n\t\t\t\t\t<div id=\"wcorg-sponsor-640\" class=\"wcorg-sponsor\">\n\t\t\t\t\t\t\t\t\t\t\t\t\t\t\t\t\t\t\t\t\t<h3>\n\t\t\t\t\t\t\t\t\tRen\u00e9Sejling.dk\t\t\t\t\t\t\t\t<\/h3>\n\t\t\t\t\t\t\t\t\t\t\t\t\t\n\t\t\t\t\t\t<div class=\"wcorg-sponsor-description\">\n\t\t\t\t\t\t\t\t\t\t\t\t\t\t\t\t\t\t\t\t\t\t\n\t\t\t\t\t\t\t\t\t\t\t\t\t\t\t<p><a href=\"http:\/\/ReneSejling.dk\" target=\"_blank\" rel=\"nofollow\"><img loading=\"lazy\" decoding=\"async\" class=\"alignnone size-full wp-image-641\" src=\"https:\/\/2015.denmark.wordcamp.org\/files\/2015\/09\/renesejling.jpeg\" alt=\"renesejling\" width=\"640\" height=\"129\" srcset=\"https:\/\/denmark.wordcamp.org\/2015\/files\/2015\/09\/renesejling.jpeg 640w, https:\/\/denmark.wordcamp.org\/2015\/files\/2015\/09\/renesejling-300x60.jpeg 300w, https:\/\/denmark.wordcamp.org\/2015\/files\/2015\/09\/renesejling-500x101.jpeg 500w\" sizes=\"auto, (max-width: 640px) 100vw, 640px\" \/><\/a>ReneSejling.dk laver skr\u00e6ddersyede webl\u00f8sninger uden bekymringer. Jeg laver hjemmesider der virker og er nemme at bruge for dig i det daglige. Med omkring 20 \u00e5rs erfaring ved jeg hvordan tingene skal h\u00e6nge sammen.<\/p>\n\t\t\t\t\t\t\t\t\t\t\t\t\t<\/div>\n\t\t\t\t\t<\/div><!-- #sponsor -->\n\t\t\t\t\n\t\t\t\t\t<div id=\"wcorg-sponsor-680\" class=\"wcorg-sponsor\">\n\t\t\t\t\t\t\t\t\t\t\t\t\t\t\t\t\t\t\t\t\t<h3>\n\t\t\t\t\t\t\t\t\tGigahost\t\t\t\t\t\t\t\t<\/h3>\n\t\t\t\t\t\t\t\t\t\t\t\t\t\n\t\t\t\t\t\t<div class=\"wcorg-sponsor-description\">\n\t\t\t\t\t\t\t\t\t\t\t\t\t\t\t\t\t\t\t\t\t\t\n\t\t\t\t\t\t\t\t\t\t\t\t\t\t\t<p><a href=\"http:\/\/gigahost.dk\" target=\"_blank\" rel=\"nofollow\"><img loading=\"lazy\" decoding=\"async\" class=\"alignnone size-large wp-image-681\" src=\"https:\/\/2015.denmark.wordcamp.org\/files\/2015\/09\/gigahost_logo_white_on_black_1700-1024x120.png\" alt=\"gigahost_logo_white_on_black_1700\" width=\"604\" height=\"71\" srcset=\"https:\/\/denmark.wordcamp.org\/2015\/files\/2015\/09\/gigahost_logo_white_on_black_1700-1024x120.png 1024w, https:\/\/denmark.wordcamp.org\/2015\/files\/2015\/09\/gigahost_logo_white_on_black_1700-300x35.png 300w, https:\/\/denmark.wordcamp.org\/2015\/files\/2015\/09\/gigahost_logo_white_on_black_1700-500x59.png 500w, https:\/\/denmark.wordcamp.org\/2015\/files\/2015\/09\/gigahost_logo_white_on_black_1700.png 1700w\" sizes=\"auto, (max-width: 604px) 100vw, 604px\" \/><\/a><\/p>\n<p>Gigahost blev etableret i 2005 som et webhotel til alle dem der gerne vil have flere hjemmesider samlet et sted, uden at skulle betale urimelige gebyrer eller k\u00f8be et nyt webhotel hver gang.\u00a0Gigahost er det eneste webhotel i Danmark der tilbyder ubegr\u00e6nset antal hjemmesider, dom\u00e6ner, email adresser, databaser og trafik. Ingen undtagelser.<\/p>\n\t\t\t\t\t\t\t\t\t\t\t\t\t<\/div>\n\t\t\t\t\t<\/div><!-- #sponsor -->\n\t\t\t\t\n\t\t\t\t\t<div id=\"wcorg-sponsor-759\" class=\"wcorg-sponsor\">\n\t\t\t\t\t\t\t\t\t\t\t\t\t\t\t\t\t\t\t\t\t<h3>\n\t\t\t\t\t\t\t\t\tVisser Labs\t\t\t\t\t\t\t\t<\/h3>\n\t\t\t\t\t\t\t\t\t\t\t\t\t\n\t\t\t\t\t\t<div class=\"wcorg-sponsor-description\">\n\t\t\t\t\t\t\t\t\t\t\t\t\t\t\t<img loading=\"lazy\" decoding=\"async\" width=\"800\" height=\"245\" src=\"https:\/\/denmark.wordcamp.org\/2015\/files\/2015\/09\/visserlabs-800_notrans.png\" class=\"attachment-wcb-sponsor-logo-horizontal-2x size-wcb-sponsor-logo-horizontal-2x wp-post-image\" alt=\"Visser Labs\" srcset=\"https:\/\/denmark.wordcamp.org\/2015\/files\/2015\/09\/visserlabs-800_notrans.png 800w, https:\/\/denmark.wordcamp.org\/2015\/files\/2015\/09\/visserlabs-800_notrans-300x92.png 300w, https:\/\/denmark.wordcamp.org\/2015\/files\/2015\/09\/visserlabs-800_notrans-500x153.png 500w\" sizes=\"auto, (max-width: 800px) 100vw, 800px\" \/>\t\t\t\t\t\t\t\n\t\t\t\t\t\t\t\t\t\t\t\t\t\t\t<p>Working exclusively with WordPress to help e-commerce store owners &#8211; be that WooCommerce, WP e-Commerce or Jigoshop &#8211; to get more out of their store. \ud83d\ude42<\/p>\n\t\t\t\t\t\t\t\t\t\t\t\t\t<\/div>\n\t\t\t\t\t<\/div><!-- #sponsor -->\n\t\t\t\t\t\t\t<\/div><!-- .wcorg-sponsor-level -->\n\t\t\n\t\t\t<div class=\"wcorg-sponsor-level-abonnent\">\n\t\t\t\t<h2>Abonnent<\/h2>\n\n\t\t\t\t\n\t\t\t\t\t<div id=\"wcorg-sponsor-411\" class=\"wcorg-sponsor\">\n\t\t\t\t\t\t\t\t\t\t\t\t\t\t\t\t\t\t\t\t\t<h3>\n\t\t\t\t\t\t\t\t\tMammaShop\t\t\t\t\t\t\t\t<\/h3>\n\t\t\t\t\t\t\t\t\t\t\t\t\t\n\t\t\t\t\t\t<div class=\"wcorg-sponsor-description\">\n\t\t\t\t\t\t\t\t\t\t\t\t\t\t\t\t\t\t\t\t\t\t\n\t\t\t\t\t\t\t\t\t\t\t\t\t\t\t<p><a href=\"http:\/\/mammashop.dk\" target=\"_blank\" rel=\"nofollow\"><img loading=\"lazy\" decoding=\"async\" class=\"alignnone size-full wp-image-412\" src=\"https:\/\/2015.denmark.wordcamp.org\/files\/2015\/08\/mamma-logo.png\" alt=\"mamma-logo\" width=\"250\" height=\"53\" \/><\/a><\/p>\n<p><span style=\"font-weight: 400\">MammaShop s\u00e6lger produkter til gravide, nybagte m\u00f8dre og sm\u00e5b\u00f8rn. Vi har fokus p\u00e5 at have et stort sortiment, og vi g\u00e5r efter bredden. Webshoppen har eksisteret siden 2006, og drives til dagligt med lager og kontor i Aarhus. MammaShop s\u00e6lger i Danmark og Sverige.<\/span><\/p>\n\t\t\t\t\t\t\t\t\t\t\t\t\t<\/div>\n\t\t\t\t\t<\/div><!-- #sponsor -->\n\t\t\t\t\n\t\t\t\t\t<div id=\"wcorg-sponsor-414\" class=\"wcorg-sponsor\">\n\t\t\t\t\t\t\t\t\t\t\t\t\t\t\t\t\t\t\t\t\t<h3>\n\t\t\t\t\t\t\t\t\tUnitate\t\t\t\t\t\t\t\t<\/h3>\n\t\t\t\t\t\t\t\t\t\t\t\t\t\n\t\t\t\t\t\t<div class=\"wcorg-sponsor-description\">\n\t\t\t\t\t\t\t\t\t\t\t\t\t\t\t\t\t\t\t\t\t\t\n\t\t\t\t\t\t\t\t\t\t\t\t\t\t\t<p><a href=\"http:\/\/unitate.dk\/\" target=\"_blank\" rel=\"nofollow\"><img loading=\"lazy\" decoding=\"async\" class=\"alignnone size-large wp-image-456\" src=\"https:\/\/2015.denmark.wordcamp.org\/files\/2015\/08\/Unitate-logo-1024x291.png\" alt=\"Unitate logo\" width=\"604\" height=\"172\" srcset=\"https:\/\/denmark.wordcamp.org\/2015\/files\/2015\/08\/Unitate-logo-1024x291.png 1024w, https:\/\/denmark.wordcamp.org\/2015\/files\/2015\/08\/Unitate-logo-300x85.png 300w, https:\/\/denmark.wordcamp.org\/2015\/files\/2015\/08\/Unitate-logo-500x142.png 500w\" sizes=\"auto, (max-width: 604px) 100vw, 604px\" \/><\/a><\/p>\n<p><span style=\"font-weight: 400\">Unitate.dk er stedet for nye og eksisterende WordPress bloggere, som samler alle de bedste guides dedikeret til bloggere. Bagved Unitate.dk st\u00e5r en r\u00e6kke WordPress bloggere med mange \u00e5r p\u00e5 bagen, som dagligt hj\u00e6lper bloggere med alt fra hvordan en blog laves til hvordan denne skal markedsf\u00f8res. Unitate.dk blev stiftet i 2013 og skrives i dag af 4 bloggere og et st\u00e6rkt tema af faste g\u00e6stebloggere. Bes\u00f8g http:\/\/unitate.dk\/ for mere information.<\/span><\/p>\n\t\t\t\t\t\t\t\t\t\t\t\t\t<\/div>\n\t\t\t\t\t<\/div><!-- #sponsor -->\n\t\t\t\t\n\t\t\t\t\t<div id=\"wcorg-sponsor-419\" class=\"wcorg-sponsor\">\n\t\t\t\t\t\t\t\t\t\t\t\t\t\t\t\t\t\t\t\t\t<h3>\n\t\t\t\t\t\t\t\t\tCompell\t\t\t\t\t\t\t\t<\/h3>\n\t\t\t\t\t\t\t\t\t\t\t\t\t\n\t\t\t\t\t\t<div class=\"wcorg-sponsor-description\">\n\t\t\t\t\t\t\t\t\t\t\t\t\t\t\t\t\t\t\t\t\t\t\n\t\t\t\t\t\t\t\t\t\t\t\t\t\t\t<p style=\"text-align: left\"><a href=\"http:\/\/compell.dk\" target=\"_blank\" rel=\"nofollow\"><img loading=\"lazy\" decoding=\"async\" class=\"alignnone size-full wp-image-420\" src=\"https:\/\/2015.denmark.wordcamp.org\/files\/2015\/08\/Compelllogo.png\" alt=\"Compelllogo\" width=\"148\" height=\"51\" \/><\/a><\/p>\n<p style=\"text-align: left\">\n<p style=\"text-align: left\"><span style=\"font-weight: 400\">Compell er et digitalt bureau med fokus p\u00e5 resultater. Vi hj\u00e6lper vores kunder med at n\u00e5 deres m\u00e5ls\u00e6tninger gennem intelligent digital markedsf\u00f8ring. Vi tager udgangspunkt i realiserbare l\u00f8sninger og skaber derved den bedst mulige marketing anbefaling, ud fra de ambitioner og det budget der er til r\u00e5dighed.<\/span><\/p>\n\t\t\t\t\t\t\t\t\t\t\t\t\t<\/div>\n\t\t\t\t\t<\/div><!-- #sponsor -->\n\t\t\t\t\n\t\t\t\t\t<div id=\"wcorg-sponsor-436\" class=\"wcorg-sponsor\">\n\t\t\t\t\t\t\t\t\t\t\t\t\t\t\t\t\t\t\t\t\t<h3>\n\t\t\t\t\t\t\t\t\tApp Academy\t\t\t\t\t\t\t\t<\/h3>\n\t\t\t\t\t\t\t\t\t\t\t\t\t\n\t\t\t\t\t\t<div class=\"wcorg-sponsor-description\">\n\t\t\t\t\t\t\t\t\t\t\t\t\t\t\t\t\t\t\t\t\t\t\n\t\t\t\t\t\t\t\t\t\t\t\t\t\t\t<p><a href=\"http:\/\/appacademy.dk\/\" target=\"_blank\" rel=\"nofollow\"><img loading=\"lazy\" decoding=\"async\" class=\"alignnone size-full wp-image-437\" src=\"https:\/\/2015.denmark.wordcamp.org\/files\/2015\/08\/Alle-fortjener-at-kunne-programmere-App-Academy.png\" alt=\"Alle fortjener at kunne programmere   App Academy\" width=\"324\" height=\"85\" srcset=\"https:\/\/denmark.wordcamp.org\/2015\/files\/2015\/08\/Alle-fortjener-at-kunne-programmere-App-Academy.png 324w, https:\/\/denmark.wordcamp.org\/2015\/files\/2015\/08\/Alle-fortjener-at-kunne-programmere-App-Academy-300x79.png 300w\" sizes=\"auto, (max-width: 324px) 100vw, 324px\" \/><\/a><\/p>\n<p><span style=\"font-weight: 400\">App Academy udbyder kurser i programmering og webudvikling. Hos os kan du l\u00e6re at programmere i PHP, at lave dine egne WordPress-plugins og -temaer, og vi kan ogs\u00e5 hj\u00e6lpe dig til at blive en effektiv administrator af et WordPress-site.<\/span><\/p>\n\t\t\t\t\t\t\t\t\t\t\t\t\t<\/div>\n\t\t\t\t\t<\/div><!-- #sponsor -->\n\t\t\t\t\t\t\t<\/div><!-- .wcorg-sponsor-level -->\n\t\t\t<\/div><!-- .wcorg-sponsors -->\n\n\t\n<h3>Vil du v\u00e6re med til at sponsorere WordCamp?<\/h3>\n<p>Se vores indl\u00e6g,\u00a0<a href=\"\/2015\/call-for-sponsors\" rel=\"nofollow\">Sponsorer &#8211; kom glad!<\/a>, for flere detaljer.<\/p>\n","protected":false},"excerpt":{"rendered":"<p>Sponsorer af WordCamp 2015 Vil du v\u00e6re med til at sponsorere WordCamp? Se vores indl\u00e6g,\u00a0Sponsorer &#8211; kom glad!, for flere detaljer.<\/p>\n","protected":false},"author":50198,"featured_media":0,"parent":107,"menu_order":3,"comment_status":"open","ping_status":"open","template":"","meta":{"jetpack_post_was_ever_published":false,"footnotes":""},"class_list":["post-8","page","type-page","status-publish","hentry"],"jetpack_sharing_enabled":true,"jetpack_shortlink":"https:\/\/wp.me\/P67La0-8","_links":{"self":[{"href":"https:\/\/denmark.wordcamp.org\/2015\/wp-json\/wp\/v2\/pages\/8","targetHints":{"allow":["GET"]}}],"collection":[{"href":"https:\/\/denmark.wordcamp.org\/2015\/wp-json\/wp\/v2\/pages"}],"about":[{"href":"https:\/\/denmark.wordcamp.org\/2015\/wp-json\/wp\/v2\/types\/page"}],"author":[{"embeddable":true,"href":"https:\/\/denmark.wordcamp.org\/2015\/wp-json\/wp\/v2\/users\/50198"}],"replies":[{"embeddable":true,"href":"https:\/\/denmark.wordcamp.org\/2015\/wp-json\/wp\/v2\/comments?post=8"}],"version-history":[{"count":12,"href":"https:\/\/denmark.wordcamp.org\/2015\/wp-json\/wp\/v2\/pages\/8\/revisions"}],"predecessor-version":[{"id":1017,"href":"https:\/\/denmark.wordcamp.org\/2015\/wp-json\/wp\/v2\/pages\/8\/revisions\/1017"}],"up":[{"embeddable":true,"href":"https:\/\/denmark.wordcamp.org\/2015\/wp-json\/wp\/v2\/pages\/107"}],"wp:attachment":[{"href":"https:\/\/denmark.wordcamp.org\/2015\/wp-json\/wp\/v2\/media?parent=8"}],"curies":[{"name":"wp","href":"https:\/\/api.w.org\/{rel}","templated":true}]}}