{"id":12,"date":"2016-02-25T19:35:15","date_gmt":"2016-02-25T18:35:15","guid":{"rendered":"https:\/\/2016.denmark.wordcamp.org\/organizers\/"},"modified":"2016-04-25T03:47:15","modified_gmt":"2016-04-25T01:47:15","slug":"organizers","status":"publish","type":"page","link":"https:\/\/denmark.wordcamp.org\/2016\/about\/organizers\/","title":{"rendered":"Organizers"},"content":{"rendered":"\t<div class=\"wcorg-organizers\">\n\n\t\t\n\t\t\t<div class=\"wcorg-organizer\">\n\t\t\t\t<h2>Kristoffe Biglete<\/h2>\n\t\t\t\t<div class=\"wcorg-organizer-description\">\n\t\t\t\t\t\t\t\t\t\t<img alt='' src='https:\/\/secure.gravatar.com\/avatar\/135255b204505538f5c4a2b2726b3745a6072d3c74f913991ee17f9541821c63?s=100&#038;d=mm&#038;r=g' srcset='https:\/\/secure.gravatar.com\/avatar\/135255b204505538f5c4a2b2726b3745a6072d3c74f913991ee17f9541821c63?s=200&#038;d=mm&#038;r=g 2x' class='avatar avatar-100 photo' height='100' width='100' \/>\t\t\t\t\t\t\t\t\t<\/div>\n\t\t\t<\/div>\n\n\t\t\n\t\t\t<div class=\"wcorg-organizer\">\n\t\t\t\t<h2>Aline Talatinian<\/h2>\n\t\t\t\t<div class=\"wcorg-organizer-description\">\n\t\t\t\t\t\t\t\t\t\t<img alt='' src='https:\/\/secure.gravatar.com\/avatar\/b12f2ad46e1f68568e00b618d29686174957d8ce3fd8ea77105a8d9cd6194673?s=100&#038;d=mm&#038;r=g' srcset='https:\/\/secure.gravatar.com\/avatar\/b12f2ad46e1f68568e00b618d29686174957d8ce3fd8ea77105a8d9cd6194673?s=200&#038;d=mm&#038;r=g 2x' class='avatar avatar-100 photo' height='100' width='100' \/>\t\t\t\t\t<p><span style=\"font-weight: 400\">Kunstner, underviser og selv-udgivelses hj\u00e6lper. Jeg meldte mig som frivillig til sidste Wordcamp og n\u00f8d det s\u00e5 meget, at i \u00e5r blev jeg tovholder for frivillige.<\/span><\/p>\n<p><a href=\"http:\/\/www.alinetalatinian.com\/\">alinetalatinian.com<\/a><\/p>\n\t\t\t\t<\/div>\n\t\t\t<\/div>\n\n\t\t\n\t\t\t<div class=\"wcorg-organizer\">\n\t\t\t\t<h2>Yan Knudtskov<\/h2>\n\t\t\t\t<div class=\"wcorg-organizer-description\">\n\t\t\t\t\t\t\t\t\t\t<img alt='' src='https:\/\/secure.gravatar.com\/avatar\/bb762be84299b84a524731b0229d4bf618bf97a92a81c50d0fdd3c73974e1b5b?s=100&#038;d=mm&#038;r=g' srcset='https:\/\/secure.gravatar.com\/avatar\/bb762be84299b84a524731b0229d4bf618bf97a92a81c50d0fdd3c73974e1b5b?s=200&#038;d=mm&#038;r=g 2x' class='avatar avatar-100 photo' height='100' width='100' \/>\t\t\t\t\t<p>Selvst\u00e6ndig, Ejer af <a href=\"https:\/\/yanco.dk\" rel=\"nofollow\">Yan&amp;Co<\/a><\/p>\n<p>Jeg\u00a0er uddannet IT Ingeni\u00f8r og startede min\u00a0karriere med, at arbejde for private konsulenthuse, Udenrigsministeriet og senere Danmarks Radio som udvikler og har bl.a. v\u00e6ret med til, at bygge Danmarks Radios OnDemand platforme, CMS system og DR NetRadio.<\/p>\n<p>Siden 2008 har jeg\u00a0arbejdet med WordPress og bygget alt fra hjemmesider, webshops og integrationer, til onlinekursus systemer og plugins.<\/p>\n<p><a href=\"https:\/\/dk.linkedin.com\/in\/yanknudtskov\" target=\"_blank\">LinkedIn Profil<\/a><\/p>\n\t\t\t\t<\/div>\n\t\t\t<\/div>\n\n\t\t\n\t\t\t<div class=\"wcorg-organizer\">\n\t\t\t\t<h2>Chris Andersen<\/h2>\n\t\t\t\t<div class=\"wcorg-organizer-description\">\n\t\t\t\t\t\t\t\t\t\t<img alt='' src='https:\/\/secure.gravatar.com\/avatar\/81550929eaf5799d532e1bd6f5ca8803fbb0c87c00a4fc0d4eb03208932fc372?s=100&#038;d=mm&#038;r=g' srcset='https:\/\/secure.gravatar.com\/avatar\/81550929eaf5799d532e1bd6f5ca8803fbb0c87c00a4fc0d4eb03208932fc372?s=200&#038;d=mm&#038;r=g 2x' class='avatar avatar-100 photo' height='100' width='100' \/>\t\t\t\t\t<p>Selvst\u00e6ndig med <a href=\"http:\/\/wpwoo.dk\">WPWOO<\/a> og &#8220;n\u00f8rder&#8221; med kurser, projekter, WordPress websites og WooCommerce webshops. Som tysker er jeg specialist i\u00a0det tyske marked. Aktiv i\u00a0WordPress som organisator og opl\u00e6gsholder i\u00a0<a href=\"http:\/\/www.meetup.com\/WordPress-Aarhus\/\">WordPress Meetup Aarhus<\/a>.<\/p>\n\t\t\t\t<\/div>\n\t\t\t<\/div>\n\n\t\t\n\t\t\t<div class=\"wcorg-organizer\">\n\t\t\t\t<h2>Patrick Hesselberg<\/h2>\n\t\t\t\t<div class=\"wcorg-organizer-description\">\n\t\t\t\t\t\t\t\t\t\t<img alt='' src='https:\/\/secure.gravatar.com\/avatar\/6bbf6733c209208ceba31d55df0293748c7b5f0db106a0c0e7adff0aeccbfbb1?s=100&#038;d=mm&#038;r=g' srcset='https:\/\/secure.gravatar.com\/avatar\/6bbf6733c209208ceba31d55df0293748c7b5f0db106a0c0e7adff0aeccbfbb1?s=200&#038;d=mm&#038;r=g 2x' class='avatar avatar-100 photo' height='100' width='100' \/>\t\t\t\t\t<p>WP backend\/php udvikler hos <a href=\"http:\/\/peytz.dk\/medarbejdere\/phh\">Peytz &amp; Co<\/a>, samt aktiv i det danske WordPress community.<\/p>\n\t\t\t\t<\/div>\n\t\t\t<\/div>\n\n\t\t\n\t\t\t<div class=\"wcorg-organizer\">\n\t\t\t\t<h2>Mark Thomas Gazel<\/h2>\n\t\t\t\t<div class=\"wcorg-organizer-description\">\n\t\t\t\t\t\t\t\t\t\t<img alt='' src='https:\/\/secure.gravatar.com\/avatar\/3a92b2482da1c099794f7cf4e515487fd613b85145fbf1d2024226979328e473?s=100&#038;d=mm&#038;r=g' srcset='https:\/\/secure.gravatar.com\/avatar\/3a92b2482da1c099794f7cf4e515487fd613b85145fbf1d2024226979328e473?s=200&#038;d=mm&#038;r=g 2x' class='avatar avatar-100 photo' height='100' width='100' \/>\t\t\t\t\t<p>Jeg arbejder til dagligt i <a href=\"http:\/\/kubik.kk.dk\/kulturvesterbro\/\">Kulturanstalten<\/a> p\u00e5 Vesterbro i K\u00f8benhavn, hvor jeg hovedsagligt arbejder med kommunikation. Har brugt WordPress siden version 1.5.2, hvilket svarer til efter\u00e5ret 2005. Har v\u00e6ret koordinator og tovholder for WordPress Danmark siden maj 2010.<\/p>\n<p>Har v\u00e6ret med til at arrangere de fem tidligere WordCamps der har v\u00e6ret i Danmark.<\/p>\n\t\t\t\t<\/div>\n\t\t\t<\/div>\n\n\t\t\n\t\t\t<div class=\"wcorg-organizer\">\n\t\t\t\t<h2>K\u00e5re Mulvad Steffensen<\/h2>\n\t\t\t\t<div class=\"wcorg-organizer-description\">\n\t\t\t\t\t\t\t\t\t\t<img alt='' src='https:\/\/secure.gravatar.com\/avatar\/984810650404cb68d9c5e69e96a36dad540d41e584600796076752189e5235cc?s=100&#038;d=mm&#038;r=g' srcset='https:\/\/secure.gravatar.com\/avatar\/984810650404cb68d9c5e69e96a36dad540d41e584600796076752189e5235cc?s=200&#038;d=mm&#038;r=g 2x' class='avatar avatar-100 photo' height='100' width='100' \/>\t\t\t\t\t<p>Jeg r\u00e5dgiver, bygger,\u00a0underviser og r\u00e5ber op om WordPress og din digitale strategi. Det sker i firmaet <a href=\"http:\/\/www.dejliglama.dk\" target=\"_blank\">DejligLama<\/a>. Jeg besk\u00e6ftiger mig 100% med WordPress, og har gjort det i ca. 2500 dage. Kom og sig hej til mig i Happiness baren hvor jeg hj\u00e6lper med stort og sm\u00e5t \ud83d\ude42<\/p>\n<p>Mvh. K\u00e5re Mulvad Steffensen<br \/>\n<a href=\"mailto:core@dejliglama.dk\" target=\"_blank\">core@dejliglama.dk<\/a><br \/>\n@dejliglama<\/p>\n\t\t\t\t<\/div>\n\t\t\t<\/div>\n\n\t\t\n\t\t\t<div class=\"wcorg-organizer\">\n\t\t\t\t<h2>Linda Kristiansen<\/h2>\n\t\t\t\t<div class=\"wcorg-organizer-description\">\n\t\t\t\t\t\t\t\t\t\t<img alt='' src='https:\/\/secure.gravatar.com\/avatar\/215eacc97307c262413218c220d3bf63c69b51e263c5ecd36b0282238cc566ec?s=100&#038;d=mm&#038;r=g' srcset='https:\/\/secure.gravatar.com\/avatar\/215eacc97307c262413218c220d3bf63c69b51e263c5ecd36b0282238cc566ec?s=200&#038;d=mm&#038;r=g 2x' class='avatar avatar-100 photo' height='100' width='100' \/>\t\t\t\t\t<p>Selvst\u00e6ndig med <a href=\"http:\/\/visue.dk\" target=\"_blank\" rel=\"nofollow\">Visue<\/a> og har et meget n\u00e6rt forhold til min pc. I 2008 havde jeg nok stiftet bekendtskab med flere andre CMS\u2019er, men blev vildt forelsket ved f\u00f8rste m\u00f8de med WordPress.<\/p>\n\t\t\t\t<\/div>\n\t\t\t<\/div>\n\n\t\t\n\t<\/div><!-- .wcorg-organizers -->\n\t\n","protected":false},"excerpt":{"rendered":"","protected":false},"author":9300121,"featured_media":0,"parent":109,"menu_order":0,"comment_status":"closed","ping_status":"closed","template":"","meta":{"jetpack_post_was_ever_published":false,"footnotes":""},"class_list":["post-12","page","type-page","status-publish","hentry"],"jetpack_sharing_enabled":true,"_links":{"self":[{"href":"https:\/\/denmark.wordcamp.org\/2016\/wp-json\/wp\/v2\/pages\/12","targetHints":{"allow":["GET"]}}],"collection":[{"href":"https:\/\/denmark.wordcamp.org\/2016\/wp-json\/wp\/v2\/pages"}],"about":[{"href":"https:\/\/denmark.wordcamp.org\/2016\/wp-json\/wp\/v2\/types\/page"}],"author":[{"embeddable":true,"href":"https:\/\/denmark.wordcamp.org\/2016\/wp-json\/wp\/v2\/users\/9300121"}],"replies":[{"embeddable":true,"href":"https:\/\/denmark.wordcamp.org\/2016\/wp-json\/wp\/v2\/comments?post=12"}],"version-history":[{"count":4,"href":"https:\/\/denmark.wordcamp.org\/2016\/wp-json\/wp\/v2\/pages\/12\/revisions"}],"predecessor-version":[{"id":394,"href":"https:\/\/denmark.wordcamp.org\/2016\/wp-json\/wp\/v2\/pages\/12\/revisions\/394"}],"up":[{"embeddable":true,"href":"https:\/\/denmark.wordcamp.org\/2016\/wp-json\/wp\/v2\/pages\/109"}],"wp:attachment":[{"href":"https:\/\/denmark.wordcamp.org\/2016\/wp-json\/wp\/v2\/media?parent=12"}],"curies":[{"name":"wp","href":"https:\/\/api.w.org\/{rel}","templated":true}]}}