{"id":478,"date":"2016-04-28T22:58:26","date_gmt":"2016-04-28T20:58:26","guid":{"rendered":"https:\/\/2016.denmark.wordcamp.org\/?page_id=478"},"modified":"2016-04-28T22:59:36","modified_gmt":"2016-04-28T20:59:36","slug":"award","status":"publish","type":"page","link":"https:\/\/denmark.wordcamp.org\/2016\/award\/","title":{"rendered":"Award"},"content":{"rendered":"<p>For 4. \u00e5r i tr\u00e6k, uddeles popularitets prisen \u00c5rets Danske WP Award. I \u00e5r dystes i kategorierne Design, Hastighed, Integration og Mobiloptimering.<\/p>\n<p style=\"text-align: center\"><a href=\"http:\/\/aaretsdanskewp.dk\/tilmeld-loesning\/\" target=\"_blank\">Tilmeld dit site her inden 10. Maj<\/a><\/p>\n<p>&nbsp;<\/p>\n<p><strong>Design<\/strong>, Integration og Mobiloptimering er kategorier hvor vinderen findes ved afstemning. Det er alts\u00e5 DIG der bestemmer hvilken l\u00f8sning der er f\u00e5r flest stemmer.<\/p>\n<p><strong>Integration<\/strong> er en ny kategori i \u00e5r, hvor vi \u00f8nsker at s\u00e6tte fokus p\u00e5 WordPress evner til at arbejde sammen med eksterne services. Det kan ske vha. et plugin, i temaet eller p\u00e5 anden vis. F.eks. kunne baggrunden p\u00e5 et site skifte billede, alt efter vejr data hentet p\u00e5 dmi.dk, eller WordPress kunne hente data fra et af de offentlige \u00e5bne data API&#8217;er for at visualisere denne. Uanset l\u00f8sning, skal det v\u00e6re synligt for normale bes\u00f8gende p\u00e5 sitet.<\/p>\n<p><strong>Hastighed<\/strong> afg\u00f8res ud fra 3 m\u00e5linger foretaget p\u00e5 et hemmeligt tidspunkt p\u00e5 de tilmeldte l\u00f8sninger. Gennemsnitte af m\u00e5lingerne bliver omregnet til point som afg\u00f8r placeringen af den enkelte l\u00f8sning i kategorien.<\/p>\n<h3>Vinderen findes<\/h3>\n<p>I hver kategori uddeles et diplom til den l\u00f8sning med flest stemmer. Den l\u00f8sning der har f\u00e5et flest stemmer uanset kategori tildeles \u00c5rets Danske WP Award ved overr\u00e6kkelsesceremoni p\u00e5 WordCampen.<\/p>\n<p style=\"text-align: center\"><a href=\"http:\/\/aaretsdanskewp.dk\/tilmeld-loesning\/\" target=\"_blank\">Tilmeld dit site her inden 10. Maj<\/a><\/p>\n","protected":false},"excerpt":{"rendered":"<p>For 4. \u00e5r i tr\u00e6k, uddeles popularitets prisen \u00c5rets Danske WP Award. I \u00e5r dystes i kategorierne Design, Hastighed, Integration og Mobiloptimering. Tilmeld dit site her inden 10. Maj &nbsp; Design, Integration og Mobiloptimering er kategorier hvor vinderen findes ved afstemning. Det er alts\u00e5 DIG der bestemmer hvilken l\u00f8sning der er f\u00e5r flest stemmer. Integration &hellip; <a href=\"https:\/\/denmark.wordcamp.org\/2016\/award\/\" class=\"more-link\">Continue reading<span class=\"screen-reader-text\"> &#8220;Award&#8221;<\/span><\/a><\/p>\n","protected":false},"author":2032722,"featured_media":0,"parent":0,"menu_order":0,"comment_status":"closed","ping_status":"closed","template":"","meta":{"jetpack_post_was_ever_published":false,"footnotes":""},"class_list":["post-478","page","type-page","status-publish","hentry"],"jetpack_sharing_enabled":true,"_links":{"self":[{"href":"https:\/\/denmark.wordcamp.org\/2016\/wp-json\/wp\/v2\/pages\/478","targetHints":{"allow":["GET"]}}],"collection":[{"href":"https:\/\/denmark.wordcamp.org\/2016\/wp-json\/wp\/v2\/pages"}],"about":[{"href":"https:\/\/denmark.wordcamp.org\/2016\/wp-json\/wp\/v2\/types\/page"}],"author":[{"embeddable":true,"href":"https:\/\/denmark.wordcamp.org\/2016\/wp-json\/wp\/v2\/users\/2032722"}],"replies":[{"embeddable":true,"href":"https:\/\/denmark.wordcamp.org\/2016\/wp-json\/wp\/v2\/comments?post=478"}],"version-history":[{"count":3,"href":"https:\/\/denmark.wordcamp.org\/2016\/wp-json\/wp\/v2\/pages\/478\/revisions"}],"predecessor-version":[{"id":481,"href":"https:\/\/denmark.wordcamp.org\/2016\/wp-json\/wp\/v2\/pages\/478\/revisions\/481"}],"wp:attachment":[{"href":"https:\/\/denmark.wordcamp.org\/2016\/wp-json\/wp\/v2\/media?parent=478"}],"curies":[{"name":"wp","href":"https:\/\/api.w.org\/{rel}","templated":true}]}}