{"id":734,"date":"2016-05-30T09:47:54","date_gmt":"2016-05-30T07:47:54","guid":{"rendered":"https:\/\/2016.denmark.wordcamp.org\/?page_id=734"},"modified":"2016-05-30T09:47:54","modified_gmt":"2016-05-30T07:47:54","slug":"oplaeggene-fra-wordcamp-2016","status":"publish","type":"page","link":"https:\/\/denmark.wordcamp.org\/2016\/oplaeggene-fra-wordcamp-2016\/","title":{"rendered":"Opl\u00e6ggene fra WordCamp 2016"},"content":{"rendered":"<p>Her samler vi\u00a0links til pr\u00e6sentationerne og videoerne fra WordCamp Denmark 2016<\/p>\n\n\t<div class=\"wcorg-sessions\">\n\t\t\n\t\t\t<div id=\"wcorg-session-608\" class=\"wcorg-session\" >\n\t\t\t\t<h2>\n\t\t\t\t\tHow not to build a front-end from scratch everytime\t\t\t\t<\/h2>\n\n\t\t\t\t<div class=\"wcorg-session-description\">\n\t\t\t\t\t\t\t\t\t\t\t\t\t\t\t\t\t\t\t\t<p>From starting a blank canvas theme with custom CSS, or wanting to use a JS framework for your custom plugin, the problematic remains the same: how do I not build a front-end structure from scratch at every new project?<\/p>\n<p>To make sure not to waste precious time, and to be consistent in your workflow, automation and systematization of your front-end structure can be easily implemented through several tools.<br \/>\nThis presentation will present you among others things how I use SASS, Gulp, Bower, and other useful tools that will make your life so much easier.<\/p>\n\n\t\t\t\t\t\t\t\t\t\t\t<ul class=\"wcorg-session-links\">\n\t\t\t\t\t\t\t\t\t\t\t\t\t\t\t<li>\n\t\t\t\t\t\t\t\t\t<a href=\"http:\/\/slides.com\/kristoffebiglete\/frontend-automation-tools#\/\">\n\t\t\t\t\t\t\t\t\t\tSlides\t\t\t\t\t\t\t\t\t<\/a>\n\t\t\t\t\t\t\t\t<\/li>\n\t\t\t\t\t\t\t\t\t\t\t\t\t<\/ul>\n\t\t\t\t\t\t\t\t\t<\/div>\n\t\t\t<\/div>\n\n\t\t\n\t\t\t<div id=\"wcorg-session-561\" class=\"wcorg-session\" >\n\t\t\t\t<h2>\n\t\t\t\t\tWorkshop: Press\t\t\t\t<\/h2>\n\n\t\t\t\t<div class=\"wcorg-session-description\">\n\t\t\t\t\t\t\t\t\t\t\t\t\t\t\t\t\t\t\t\t\n\t\t\t\t\t\t\t\t\t<\/div>\n\t\t\t<\/div>\n\n\t\t\n\t\t\t<div id=\"wcorg-session-559\" class=\"wcorg-session\" >\n\t\t\t\t<h2>\n\t\t\t\t\tWorkshop: Word\t\t\t\t<\/h2>\n\n\t\t\t\t<div class=\"wcorg-session-description\">\n\t\t\t\t\t\t\t\t\t\t\t\t\t\t\t\t\t\t\t\t\n\t\t\t\t\t\t\t\t\t<\/div>\n\t\t\t<\/div>\n\n\t\t\n\t\t\t<div id=\"wcorg-session-535\" class=\"wcorg-session\" >\n\t\t\t\t<h2>\n\t\t\t\t\tFavorit-redskaber\t\t\t\t<\/h2>\n\n\t\t\t\t<div class=\"wcorg-session-description\">\n\t\t\t\t\t\t\t\t\t\t\t\t\t\t\t\t\t\t\t\t<p>I denne pr\u00e6sentation vil jeg give et smugkig p\u00e5 hvad der er mine favorit-redskaber n\u00e5r jeg laver en WP-side og hvad jeg kigger efter n\u00e5r jeg skal finde nyt. Vi vil runde hvilket tema(er) jeg prim\u00e6rt benytter, hvilke plugins jeg ikke kan leve uden og hvilke andre redskaber jeg bare synes er uundv\u00e6rlige.<\/p>\n\n\t\t\t\t\t\t\t\t\t\t\t<ul class=\"wcorg-session-links\">\n\t\t\t\t\t\t\t\t\t\t\t\t\t\t\t<li>\n\t\t\t\t\t\t\t\t\t<a href=\"https:\/\/visue.dk\/wp-content\/uploads\/2016\/05\/Visue-WordCamp-2016.pdf\" rel=\"nofollow\">\n\t\t\t\t\t\t\t\t\t\tSlides\t\t\t\t\t\t\t\t\t<\/a>\n\t\t\t\t\t\t\t\t<\/li>\n\t\t\t\t\t\t\t\t\t\t\t\t\t<\/ul>\n\t\t\t\t\t\t\t\t\t<\/div>\n\t\t\t<\/div>\n\n\t\t\n\t\t\t<div id=\"wcorg-session-493\" class=\"wcorg-session\" >\n\t\t\t\t<h2>\n\t\t\t\t\tLamaens Show and tell; &#8220;Hov, jeg ved ikke lige hvad der skete der, men&#8221;&#8230;\t\t\t\t<\/h2>\n\n\t\t\t\t<div class=\"wcorg-session-description\">\n\t\t\t\t\t\t\t\t\t\t\t\t\t\t\t\t\t\t\t\t<p>En Q&amp;A session hvor alle sp\u00f8rgsm\u00e5l kan stilles &#8211; det her er Happinessbaren extended, hvor jeg fors\u00f8ger &#8211; med hj\u00e6lp fra publikum &#8211; at give svar p\u00e5 stort og sm\u00e5t indenfor WordPress.<\/p>\n<p>Tidligere \u00e5r har vi l\u00f8st responsive problemer p\u00e5 temaer, diskutteret betalingsgateways, l\u00f8st CSS problemer og taget backups &#8220;live on stage&#8221; \ud83d\ude42<\/p>\n<p>Kom hvis du har et konkret problem du gerne vil have en l\u00f8sning p\u00e5!<\/p>\n\n\t\t\t\t\t\t\t\t\t<\/div>\n\t\t\t<\/div>\n\n\t\t\n\t\t\t<div id=\"wcorg-session-506\" class=\"wcorg-session\" >\n\t\t\t\t<h2>\n\t\t\t\t\tWP Plugin API (Hooks) samt real world examples\t\t\t\t<\/h2>\n\n\t\t\t\t<div class=\"wcorg-session-description\">\n\t\t\t\t\t\t\t\t\t\t\t\t\t\t\t\t\t\t\t\t<p>I denne pr\u00e6sentation vil pr\u00f8ve at give en introduktion WP Plugin API&#8217;et, s\u00e5 andre kan begynde at l\u00e6re at lave plugins. Ofte i WordPress ser man ofte l\u00f8sningen med en child-theme, men der ville jeg i de fleste tilf\u00e6lde hellere udvikle et lille plugin via. hooks.<\/p>\n<p>Jeg vil pr\u00f8ve kort at beskrive, hvordan jeg arbejder med API&#8217;et til dagligt, og eksempler fra den virkelige verden og fra virkelige kunder.<\/p>\n\n\t\t\t\t\t\t\t\t\t\t\t<ul class=\"wcorg-session-links\">\n\t\t\t\t\t\t\t\t\t\t\t\t\t\t\t<li>\n\t\t\t\t\t\t\t\t\t<a href=\"http:\/\/slides.com\/patrickholberghesselberg\/wp-plugin-api-hooks-samt-real-world-examples\">\n\t\t\t\t\t\t\t\t\t\tSlides\t\t\t\t\t\t\t\t\t<\/a>\n\t\t\t\t\t\t\t\t<\/li>\n\t\t\t\t\t\t\t\t\t\t\t\t\t<\/ul>\n\t\t\t\t\t\t\t\t\t<\/div>\n\t\t\t<\/div>\n\n\t\t\n\t\t\t<div id=\"wcorg-session-489\" class=\"wcorg-session\" >\n\t\t\t\t<h2>\n\t\t\t\t\tSEO af WordPress &#8211; fintun din WP til flere bes\u00f8gende fra Google\t\t\t\t<\/h2>\n\n\t\t\t\t<div class=\"wcorg-session-description\">\n\t\t\t\t\t\t\t\t\t\t\t\t\t\t\t\t\t\t\t\t<p>Du vil i denne pr\u00e6sentation blive pr\u00e6senteret for de optimeringer der kan styrke din position i Google. Det er med fokus p\u00e5 hvad du kan g\u00f8re i WordPress &#8211; b\u00e5de teknisk og indholdsm\u00e6ssigt. Det vil v\u00e6re en pr\u00e6sentation prim\u00e6rt for brugere &#8211; men udviklere vil kunne l\u00e6re et par tricks.<\/p>\n\n\t\t\t\t\t\t\t\t\t<\/div>\n\t\t\t<\/div>\n\n\t\t\n\t\t\t<div id=\"wcorg-session-330\" class=\"wcorg-session\" >\n\t\t\t\t<h2>\n\t\t\t\t\tHvordan bruger jeg WordPress strukturen passende til mit indhold?\t\t\t\t<\/h2>\n\n\t\t\t\t<div class=\"wcorg-session-description\">\n\t\t\t\t\t\t\t\t\t\t\t\t\t\t\t\t\t\t\t\t<p>Hvis du vil overf\u00f8re dit content \/ din struktur til WordPress, er der er mange muligheder:<br \/>\nMenuer, Portfolio, Pages (Parent- og Child), Posts, Kategorier, Tags, Tagcloud, Search, Produktmenu, Produktportfolio, Produktpages, Produktkategorier, Produkttags, Produkttagcloud osv.<\/p>\n<p>Men hvordan begynder du og hvordan benytter du mulighederne rigtig til din egen hjemmeside, s\u00e5 du samtidigt f\u00e5r en god Google ranking?<\/p>\n<p>I denne introduktion f\u00e5r du en indledende pr\u00e6sentation p\u00e5 max. 30 minutter, hvorefter du har mulighed for at stille sp\u00f8rgsm\u00e5l med dine egne eksempler.<\/p>\n\n\t\t\t\t\t\t\t\t\t\t\t<ul class=\"wcorg-session-links\">\n\t\t\t\t\t\t\t\t\t\t\t\t\t\t\t<li>\n\t\t\t\t\t\t\t\t\t<a href=\"https:\/\/slides.com\/chrisandersen\/wordcamp2016\/\">\n\t\t\t\t\t\t\t\t\t\tSlides\t\t\t\t\t\t\t\t\t<\/a>\n\t\t\t\t\t\t\t\t<\/li>\n\t\t\t\t\t\t\t\t\t\t\t\t\t<\/ul>\n\t\t\t\t\t\t\t\t\t<\/div>\n\t\t\t<\/div>\n\n\t\t\n\t\t\t<div id=\"wcorg-session-77\" class=\"wcorg-session\" >\n\t\t\t\t<h2>\n\t\t\t\t\tWordPress Sikkerhed &#8211; Enkle skridt til en roligere s\u00f8vn\t\t\t\t<\/h2>\n\n\t\t\t\t<div class=\"wcorg-session-description\">\n\t\t\t\t\t\t\t\t\t\t\t\t\t\t\t\t\t\t\t\t<p class=\"p1\"><span class=\"s1\">I l\u00f8bet af ca. 20 minutter gennemg\u00e5r vi hvorfor du b\u00f8r sikre dit WordPress site og hvordan du med enkle midler kan sikre dit WordPress site.<\/span><\/p>\n<p class=\"p1\"><span class=\"s1\">Vi vil overordnet gennemg\u00e5 de elementer din online strategi skal indholde, for at sikre dit indhold &#8211; og som virksomhed: Din forretning. <\/span><\/p>\n<p class=\"p1\"><span class=\"s1\">Du g\u00e5r fra opl\u00e6gget med v\u00e6rkt\u00f8jer til at g\u00e5 i gang og f\u00e5 sikret din WordPress side allerede samme eftermiddag.<\/span><\/p>\n\n\t\t\t\t\t\t\t\t\t\t\t<ul class=\"wcorg-session-links\">\n\t\t\t\t\t\t\t\t\t\t\t\t\t\t\t<li>\n\t\t\t\t\t\t\t\t\t<a href=\"https:\/\/yanco.dk\/wp-content\/uploads\/2016\/05\/WordCamp-2016-Danmark-WordPress-Sikkerhed-for-Begyndere.pdf\" rel=\"nofollow\">\n\t\t\t\t\t\t\t\t\t\tSlides\t\t\t\t\t\t\t\t\t<\/a>\n\t\t\t\t\t\t\t\t<\/li>\n\t\t\t\t\t\t\t\t\t\t\t\t\t<\/ul>\n\t\t\t\t\t\t\t\t\t<\/div>\n\t\t\t<\/div>\n\n\t\t\n\t\t\t<div id=\"wcorg-session-78\" class=\"wcorg-session\" >\n\t\t\t\t<h2>\n\t\t\t\t\tMake WordPress &#8211; Polyglots\t\t\t\t<\/h2>\n\n\t\t\t\t<div class=\"wcorg-session-description\">\n\t\t\t\t\t\t\t\t\t\t\t\t\t\t\t\t\t\t\t\t<p class=\"p1\"><span class=\"s1\">WordPress har fra f\u00f8rste f\u00e6rd v\u00e6ret klargjort til at v\u00e6re flersproget. Det samme har de fleste temaer og plugins. For nogle \u00e5r siden vendte det, s\u00e5 det nu er mere end 50%, der bruger WordPress med et andet sprog end engelsk.<\/span><\/p>\n<p class=\"p1\"><span class=\"s1\">I de sidste par \u00e5r har det ogs\u00e5 hos <a href=\"http:\/\/wordpress.org\/\"><span class=\"s2\">wordpress.org<\/span><\/a> f\u00e5et ekstra opm\u00e6rksomhed. Det kommer til udtryk ved at b\u00e5de temaer og plugins har f\u00e5et deres eget hj\u00f8rne af <a href=\"http:\/\/wordpress.org\/\"><span class=\"s2\">wordpress.org<\/span><\/a>, hvor udviklerne kan uploade deres arbejde og f\u00e5 det oversat.<\/span><\/p>\n<p class=\"p1\"><span class=\"s1\">Foruden ovensta\u00e5ende vil jeg fort\u00e6lle lidt om, hvordan du, hvis du har mod p\u00e5 det, kan hj\u00e6lpe med at overs\u00e6tte og bidrage til f\u00e6llesskabet.<\/span><\/p>\n\n\t\t\t\t\t\t\t\t\t<\/div>\n\t\t\t<\/div>\n\n\t\t\n\t\t\t<div id=\"wcorg-session-302\" class=\"wcorg-session\" >\n\t\t\t\t<h2>\n\t\t\t\t\tGit for WordPress udviklere\t\t\t\t<\/h2>\n\n\t\t\t\t<div class=\"wcorg-session-description\">\n\t\t\t\t\t\t\t\t\t\t\t\t\t\t\t\t\t\t\t\t<p>Hvis du er WordPress udvikler, er det n\u00e6sten stensikkert at du har h\u00f8rt om Git. Sammen med services som GitHub or Bitbucket har Git taget verdens webudviklere med storm. Det g\u00e6lder ogs\u00e5 WordPress udviklere.<br \/>\nGit g\u00f8r WordPress udvikling meget mere forn\u00f8jeligt og du b\u00f8r l\u00e6re at bruge det. Ikke nok med at Git sikrer dig at du har en backup af din kode og alle dens \u00e6ndringer, s\u00e5 muligg\u00f8r det ogs\u00e5 teamwork og solide deployments.<\/p>\n<p>I det her opl\u00e6g vil jeg opsummere nogle af de tips, tricks og v\u00e6rkt\u00f8jer som er inkluderet i min videoserie \u201cGit for WordPress developers\u201d. Omkring 2000 udviklere har allerede set materialet p\u00e5 enten <a href=\"http:\/\/git4wp.com\/\" target=\"_blank\">git4wp.com<\/a> eller <a href=\"http:\/\/wppusher.com\/\" target=\"_blank\">wppusher.com<\/a>, og den her pr\u00e6sentation bygger p\u00e5 alt det feedback som jeg har f\u00e5et tilbage fra dem.<\/p>\n\n\t\t\t\t\t\t\t\t\t<\/div>\n\t\t\t<\/div>\n\n\t\t\n\t\t\t<div id=\"wcorg-session-345\" class=\"wcorg-session\" >\n\t\t\t\t<h2>\n\t\t\t\t\tWordPress Temaudvikling Crash Course\t\t\t\t<\/h2>\n\n\t\t\t\t<div class=\"wcorg-session-description\">\n\t\t\t\t\t\t\t\t\t\t\t\t\t\t\t\t\t\t\t\t<p>Dette opl\u00e6g pr\u00e6senterer core concepts af WordPress temaudvikling. Opl\u00e6ggets format er en pr\u00e6sentation af elementer i udviklingen imens, at et grundl\u00e6ggende WordPress tema bliver udviklet. Det udarbejdede tema bliver tilg\u00e6ngeligt til download efter opl\u00e6gget.<\/p>\n<p>For at f\u00e5 det fulde udbytte af opl\u00e6gget forventes det at deltageren kender til:<br \/>\nHTML<br \/>\nCSS<\/p>\n<p>Det kan v\u00e6re en fordel at kende til JavaScritp\/jQuery og PHP, men det er absolut ikke et must.<\/p>\n<p>Form\u00e5let med dette opl\u00e6g er, at deltageren, efter dette opl\u00e6g, kan oprette et simpelt WordPress tema og har mod p\u00e5 dykke l\u00e6ngere ned i WordPress temaudvikling.<\/p>\n\n\t\t\t\t\t\t\t\t\t<\/div>\n\t\t\t<\/div>\n\n\t\t\n\t\t\t<div id=\"wcorg-session-82\" class=\"wcorg-session\" >\n\t\t\t\t<h2>\n\t\t\t\t\tNetv\u00e6rksession\t\t\t\t<\/h2>\n\n\t\t\t\t<div class=\"wcorg-session-description\">\n\t\t\t\t\t\t\t\t\t\t\t\t\t\t\t\t\t\t\t\t\n\t\t\t\t\t\t\t\t\t<\/div>\n\t\t\t<\/div>\n\n\t\t\n\t\t\t<div id=\"wcorg-session-69\" class=\"wcorg-session\" >\n\t\t\t\t<h2>\n\t\t\t\t\tHow to get (more) involved with WordPress\t\t\t\t<\/h2>\n\n\t\t\t\t<div class=\"wcorg-session-description\">\n\t\t\t\t\t\t\t\t\t\t\t\t\t\t\t\t\t\t\t\t<p class=\"p1\"><span class=\"s1\">I would show a summary of all the teams and ways of contributing to the open source WP project and how to start contributing in any of them and what they&#8217;re for. The idea is to show to the audience how easy it is to be a contributor no matter their level of technical knowledge, etc. Everyone is welcome to contribute to the project!<\/span><\/p>\n<p class=\"p1\">\n\n\t\t\t\t\t\t\t\t\t\t\t<ul class=\"wcorg-session-links\">\n\t\t\t\t\t\t\t\t\t\t\t\t\t\t\t<li>\n\t\t\t\t\t\t\t\t\t<a href=\"http:\/\/www.slideshare.net\/dorsvenabili\/wordcamp-denmark-2016-how-to-get-more-involved-with-wordpress\">\n\t\t\t\t\t\t\t\t\t\tSlides\t\t\t\t\t\t\t\t\t<\/a>\n\t\t\t\t\t\t\t\t<\/li>\n\t\t\t\t\t\t\t\t\t\t\t\t\t<\/ul>\n\t\t\t\t\t\t\t\t\t<\/div>\n\t\t\t<\/div>\n\n\t\t\n\t\t\t<div id=\"wcorg-session-39\" class=\"wcorg-session\" >\n\t\t\t\t<h2>\n\t\t\t\t\tSkab din vej til WordPress business\t\t\t\t<\/h2>\n\n\t\t\t\t<div class=\"wcorg-session-description\">\n\t\t\t\t\t\t\t\t\t\t\t\t\t\t\t\t\t\t\t\t<p>Alle veje f\u00f8rer til Rom. Det samme g\u00e6lder i forhold til, hvordan du kan k\u00f8re et WordPress-firma. Der er s\u00e5 mange m\u00e5der at g\u00f8re tingene p\u00e5, og som ny ejer kan det v\u00e6re sv\u00e6rt at finde den gode vej fra indkommende kundeemner og tilbudsskrivning, til udvikling og lancering. I dette opl\u00e6g tager jeg dig med p\u00e5 min vej og giver dig mulighed for at skabe din egen.<\/p>\n<p>Du beh\u00f8ver hverken at v\u00e6re programm\u00f8r eller hardcore udvikler, for at f\u00e5 noget ud af dette opl\u00e6g. Du beh\u00f8ver s\u00e5gar ikke at have dit eget WordPress-firma, for mange af mine tip er til gavn for alle WordPress-sites!<\/p>\n\n\t\t\t\t\t\t\t\t\t<\/div>\n\t\t\t<\/div>\n\n\t\t\t<\/div><!-- .wcorg-sessions -->\n\n\t\n","protected":false},"excerpt":{"rendered":"<p>Her samler vi\u00a0links til pr\u00e6sentationerne og videoerne fra WordCamp Denmark 2016<\/p>\n","protected":false},"author":8693898,"featured_media":0,"parent":0,"menu_order":0,"comment_status":"closed","ping_status":"closed","template":"","meta":{"jetpack_post_was_ever_published":false,"footnotes":""},"class_list":["post-734","page","type-page","status-publish","hentry"],"jetpack_sharing_enabled":true,"_links":{"self":[{"href":"https:\/\/denmark.wordcamp.org\/2016\/wp-json\/wp\/v2\/pages\/734","targetHints":{"allow":["GET"]}}],"collection":[{"href":"https:\/\/denmark.wordcamp.org\/2016\/wp-json\/wp\/v2\/pages"}],"about":[{"href":"https:\/\/denmark.wordcamp.org\/2016\/wp-json\/wp\/v2\/types\/page"}],"author":[{"embeddable":true,"href":"https:\/\/denmark.wordcamp.org\/2016\/wp-json\/wp\/v2\/users\/8693898"}],"replies":[{"embeddable":true,"href":"https:\/\/denmark.wordcamp.org\/2016\/wp-json\/wp\/v2\/comments?post=734"}],"version-history":[{"count":1,"href":"https:\/\/denmark.wordcamp.org\/2016\/wp-json\/wp\/v2\/pages\/734\/revisions"}],"predecessor-version":[{"id":735,"href":"https:\/\/denmark.wordcamp.org\/2016\/wp-json\/wp\/v2\/pages\/734\/revisions\/735"}],"wp:attachment":[{"href":"https:\/\/denmark.wordcamp.org\/2016\/wp-json\/wp\/v2\/media?parent=734"}],"curies":[{"name":"wp","href":"https:\/\/api.w.org\/{rel}","templated":true}]}}