{"id":8,"date":"2016-02-25T19:35:15","date_gmt":"2016-02-25T18:35:15","guid":{"rendered":"https:\/\/2016.denmark.wordcamp.org\/speakers\/"},"modified":"2016-05-09T19:17:42","modified_gmt":"2016-05-09T17:17:42","slug":"speakers","status":"publish","type":"page","link":"https:\/\/denmark.wordcamp.org\/2016\/speakers\/","title":{"rendered":"Opl\u00e6gsholdere"},"content":{"rendered":"\n\t<div class=\"wcorg-speakers\">\n\n\t\t\n\t\t\t<!-- Organizers note: The id attribute is deprecated and only remains for backwards compatibility, please use the corresponding class to target individual speakers -->\n\t\t\t<div id=\"wcorg-speaker-kristoffe-biglete\" class=\"wcorg-speaker wcorg-speaker-kristoffe-biglete wcorg-track-press\">\n\t\t\t\t<h2>\n\t\t\t\t\t\n\t\t\t\t\t\tKristoffe Biglete\n\t\t\t\t\t\t\t\t\t<\/h2>\n\n\t\t\t\t<div class=\"wcorg-speaker-description\">\n\t\t\t\t\t<img alt='' src='https:\/\/secure.gravatar.com\/avatar\/1dba44df7d94b559f0172aadf01e924d5cb3e747002588c5b6a5deda3c2e5c16?s=100&#038;d=mm&#038;r=g' srcset='https:\/\/secure.gravatar.com\/avatar\/1dba44df7d94b559f0172aadf01e924d5cb3e747002588c5b6a5deda3c2e5c16?s=200&#038;d=mm&#038;r=g 2x' class='avatar avatar-100 photo' height='100' width='100' \/>\t\t\t\t\t<p>I develop &amp; design sharp, good-looking and efficient websites,<br \/>\nI am specialized in information &amp;\u2008communication technologies.<\/p>\n<p>Specialties: web development &amp; webdesign, responsive design, flat &amp; retro-modern design, HTML5 &amp; CSS, WordPress, project &amp; event management.<\/p>\n\t\t\t\t<\/div>\n\t\t\t<\/div>\n\n\t\t\n\t\t\t<!-- Organizers note: The id attribute is deprecated and only remains for backwards compatibility, please use the corresponding class to target individual speakers -->\n\t\t\t<div id=\"wcorg-speaker-torben-heikel-vinther\" class=\"wcorg-speaker wcorg-speaker-torben-heikel-vinther wcorg-track-word\">\n\t\t\t\t<h2>\n\t\t\t\t\t\n\t\t\t\t\t\tTorben Heikel Vinther\n\t\t\t\t\t\t\t\t\t<\/h2>\n\n\t\t\t\t<div class=\"wcorg-speaker-description\">\n\t\t\t\t\t<img alt='' src='https:\/\/secure.gravatar.com\/avatar\/3edc616fdef299605f97bbcb6fac8c7a15b500e9bfb4eed9acdb75f8fce5d2af?s=100&#038;d=mm&#038;r=g' srcset='https:\/\/secure.gravatar.com\/avatar\/3edc616fdef299605f97bbcb6fac8c7a15b500e9bfb4eed9acdb75f8fce5d2af?s=200&#038;d=mm&#038;r=g 2x' class='avatar avatar-100 photo' height='100' width='100' \/>\t\t\t\t\t<p>Jeg er selvst\u00e6ndig WordPress-konsulent i mit firma Webfronten. Jeg udvikler WordPress-l\u00f8sninger for sm\u00e5 og mellemstore virksomheder og tilbyder serviceaftaler med l\u00f8bende vedligeholdelse og optimering af WordPress-sites.<\/p>\n\t\t\t\t<\/div>\n\t\t\t<\/div>\n\n\t\t\n\t\t\t<!-- Organizers note: The id attribute is deprecated and only remains for backwards compatibility, please use the corresponding class to target individual speakers -->\n\t\t\t<div id=\"wcorg-speaker-linda-kristiansen\" class=\"wcorg-speaker wcorg-speaker-linda-kristiansen wcorg-track-word\">\n\t\t\t\t<h2>\n\t\t\t\t\t\n\t\t\t\t\t\tLinda Kristiansen\n\t\t\t\t\t\t\t\t\t<\/h2>\n\n\t\t\t\t<div class=\"wcorg-speaker-description\">\n\t\t\t\t\t<img alt='' src='https:\/\/secure.gravatar.com\/avatar\/19a0b5534f5112550e9ef62682d0563be6b064cbaa1c9f5670cd0e72989abee5?s=100&#038;d=mm&#038;r=g' srcset='https:\/\/secure.gravatar.com\/avatar\/19a0b5534f5112550e9ef62682d0563be6b064cbaa1c9f5670cd0e72989abee5?s=200&#038;d=mm&#038;r=g 2x' class='avatar avatar-100 photo' height='100' width='100' \/>\t\t\t\t\t<p>Selvst\u00e6ndig med Visue, der prim\u00e6rt laver hjemmesider og webshops. Linda har arbejdet med forskellige CMS&#8217;er gennem \u00e5rene, men siden 2008 har WordPress v\u00e6ret grundstenen i de sider hun har lavet.<\/p>\n\t\t\t\t<\/div>\n\t\t\t<\/div>\n\n\t\t\n\t\t\t<!-- Organizers note: The id attribute is deprecated and only remains for backwards compatibility, please use the corresponding class to target individual speakers -->\n\t\t\t<div id=\"wcorg-speaker-patrick-holberg-hesselberg\" class=\"wcorg-speaker wcorg-speaker-patrick-holberg-hesselberg wcorg-track-press\">\n\t\t\t\t<h2>\n\t\t\t\t\t\n\t\t\t\t\t\tPatrick Holberg Hesselberg\n\t\t\t\t\t\t\t\t\t<\/h2>\n\n\t\t\t\t<div class=\"wcorg-speaker-description\">\n\t\t\t\t\t<img alt='' src='https:\/\/secure.gravatar.com\/avatar\/8dc48018d2b32cdb5922a7e4ab0f5fd591f5376df36074fa229e49dbddaaf9bc?s=100&#038;d=mm&#038;r=g' srcset='https:\/\/secure.gravatar.com\/avatar\/8dc48018d2b32cdb5922a7e4ab0f5fd591f5376df36074fa229e49dbddaaf9bc?s=200&#038;d=mm&#038;r=g 2x' class='avatar avatar-100 photo' height='100' width='100' \/>\t\t\t\t\t<p>Jeg er en backend\/PHP WP udvikler, som har en stor interesse i at n\u00f8rde med data, integrationer, og automatisering. Til dagligt arbejder jeg som WP Udvikler hos Peytz &amp; Co. Deltager ofte i Meetups i K\u00f8benhavn, f\u00f8lger WordPress trac tickets og har v\u00e6ret med til at tilf\u00f8je mindre patches til Core, samt udvikle plugin og temaer.<\/p>\n\t\t\t\t<\/div>\n\t\t\t<\/div>\n\n\t\t\n\t\t\t<!-- Organizers note: The id attribute is deprecated and only remains for backwards compatibility, please use the corresponding class to target individual speakers -->\n\t\t\t<div id=\"wcorg-speaker-kare-mulvad-steffensen\" class=\"wcorg-speaker wcorg-speaker-kare-mulvad-steffensen wcorg-track-word\">\n\t\t\t\t<h2>\n\t\t\t\t\t\n\t\t\t\t\t\tK\u00e5re Mulvad Steffensen\n\t\t\t\t\t\t\t\t\t<\/h2>\n\n\t\t\t\t<div class=\"wcorg-speaker-description\">\n\t\t\t\t\t<img alt='' src='https:\/\/secure.gravatar.com\/avatar\/984810650404cb68d9c5e69e96a36dad540d41e584600796076752189e5235cc?s=100&#038;d=mm&#038;r=g' srcset='https:\/\/secure.gravatar.com\/avatar\/984810650404cb68d9c5e69e96a36dad540d41e584600796076752189e5235cc?s=200&#038;d=mm&#038;r=g 2x' class='avatar avatar-100 photo' height='100' width='100' \/>\t\t\t\t\t<p>Har arbejdet med WordPress for 187 kunder til dato, r\u00e5dgiver firmaer som Henley Business School Denmark, International Management Education og ErhvervsAkademi Sj\u00e6lland. Har udgivet en APP til Google og IOS med WordPress som content delivery engine og er s\u00e6rlig stolt af mhcph.com, blog.phaseone.com og danner.dk. Arbejder i\u00f8vrigt sammen med Visue.dk, Digitaltales.dk og Julievintersborg.com. Har v\u00e6ret til alle WCEU&#8217;s og er stifter af den danske WP Award, som skal v\u00e6re med til at s\u00e6tte fokus p\u00e5 de mange l\u00f8sninger der kan laves i WordPress.<\/p>\n\t\t\t\t<\/div>\n\t\t\t<\/div>\n\n\t\t\n\t\t\t<!-- Organizers note: The id attribute is deprecated and only remains for backwards compatibility, please use the corresponding class to target individual speakers -->\n\t\t\t<div id=\"wcorg-speaker-brian-brandt\" class=\"wcorg-speaker wcorg-speaker-brian-brandt wcorg-track-word\">\n\t\t\t\t<h2>\n\t\t\t\t\t\n\t\t\t\t\t\tBrian Brandt\n\t\t\t\t\t\t\t\t\t<\/h2>\n\n\t\t\t\t<div class=\"wcorg-speaker-description\">\n\t\t\t\t\t<img alt='' src='https:\/\/secure.gravatar.com\/avatar\/f03ac01a39d43cfde1c15ea6bec81f41e98fdacad0723c78146090782709c4dd?s=100&#038;d=mm&#038;r=g' srcset='https:\/\/secure.gravatar.com\/avatar\/f03ac01a39d43cfde1c15ea6bec81f41e98fdacad0723c78146090782709c4dd?s=200&#038;d=mm&#038;r=g 2x' class='avatar avatar-100 photo' height='100' width='100' \/>\t\t\t\t\t<p>WordPress junkie der har arbejdet professionelt med WordPress siden 2005 i WPDK.dk. Har undervist, holdt foredrag, skrevet b\u00f8ger og udviklet sites i WordPress. Arbejder i dag prim\u00e6rt med online markedsf\u00f8ring og s\u00f8gemaskineoptimering i sin virksomhed ClickStarter.dk.<\/p>\n\t\t\t\t<\/div>\n\t\t\t<\/div>\n\n\t\t\n\t\t\t<!-- Organizers note: The id attribute is deprecated and only remains for backwards compatibility, please use the corresponding class to target individual speakers -->\n\t\t\t<div id=\"wcorg-speaker-mark-thomas-gazel\" class=\"wcorg-speaker wcorg-speaker-mark-thomas-gazel wcorg-track-word wcorg-track-press\">\n\t\t\t\t<h2>\n\t\t\t\t\t\n\t\t\t\t\t\tMark Thomas Gazel\n\t\t\t\t\t\t\t\t\t<\/h2>\n\n\t\t\t\t<div class=\"wcorg-speaker-description\">\n\t\t\t\t\t<img alt='' src='https:\/\/secure.gravatar.com\/avatar\/8b1bac5eddb33f992a4c7ecbd406220b58ec4c986118334efd40cbd5d6cd790b?s=100&#038;d=mm&#038;r=g' srcset='https:\/\/secure.gravatar.com\/avatar\/8b1bac5eddb33f992a4c7ecbd406220b58ec4c986118334efd40cbd5d6cd790b?s=200&#038;d=mm&#038;r=g 2x' class='avatar avatar-100 photo' height='100' width='100' \/>\t\t\t\t\t<p class=\"p1\">Tovholder for WordPress Danmark<\/p>\n<p class=\"p1\"> <a href=\"https:\/\/denmark.wordcamp.org\/2016\/speaker\/mark-thomas-gazel\/#more-305\" class=\"more-link\"><span aria-label=\"Continue reading Mark Thomas Gazel\">(more&hellip;)<\/span><\/a><\/p>\n\t\t\t\t<\/div>\n\t\t\t<\/div>\n\n\t\t\n\t\t\t<!-- Organizers note: The id attribute is deprecated and only remains for backwards compatibility, please use the corresponding class to target individual speakers -->\n\t\t\t<div id=\"wcorg-speaker-chris-andersen\" class=\"wcorg-speaker wcorg-speaker-chris-andersen wcorg-track-word\">\n\t\t\t\t<h2>\n\t\t\t\t\t\n\t\t\t\t\t\tChris Andersen\n\t\t\t\t\t\t\t\t\t<\/h2>\n\n\t\t\t\t<div class=\"wcorg-speaker-description\">\n\t\t\t\t\t<img alt='' src='https:\/\/secure.gravatar.com\/avatar\/81550929eaf5799d532e1bd6f5ca8803fbb0c87c00a4fc0d4eb03208932fc372?s=100&#038;d=mm&#038;r=g' srcset='https:\/\/secure.gravatar.com\/avatar\/81550929eaf5799d532e1bd6f5ca8803fbb0c87c00a4fc0d4eb03208932fc372?s=200&#038;d=mm&#038;r=g 2x' class='avatar avatar-100 photo' height='100' width='100' \/>\t\t\t\t\t<p>Organisator\u00a0i WordPress Aarhus Meetup<\/p>\n<p> <a href=\"https:\/\/denmark.wordcamp.org\/2016\/speaker\/chris-andersen\/#more-327\" class=\"more-link\"><span aria-label=\"Continue reading Chris Andersen\">(more&hellip;)<\/span><\/a><\/p>\n\t\t\t\t<\/div>\n\t\t\t<\/div>\n\n\t\t\n\t\t\t<!-- Organizers note: The id attribute is deprecated and only remains for backwards compatibility, please use the corresponding class to target individual speakers -->\n\t\t\t<div id=\"wcorg-speaker-yan-knudtskov\" class=\"wcorg-speaker wcorg-speaker-yan-knudtskov wcorg-track-press\">\n\t\t\t\t<h2>\n\t\t\t\t\t\n\t\t\t\t\t\tYan Knudtskov\n\t\t\t\t\t\t\t\t\t<\/h2>\n\n\t\t\t\t<div class=\"wcorg-speaker-description\">\n\t\t\t\t\t<img alt='' src='https:\/\/secure.gravatar.com\/avatar\/bb762be84299b84a524731b0229d4bf618bf97a92a81c50d0fdd3c73974e1b5b?s=100&#038;d=mm&#038;r=g' srcset='https:\/\/secure.gravatar.com\/avatar\/bb762be84299b84a524731b0229d4bf618bf97a92a81c50d0fdd3c73974e1b5b?s=200&#038;d=mm&#038;r=g 2x' class='avatar avatar-100 photo' height='100' width='100' \/>\t\t\t\t\t<p class=\"p1\">Ejer af Yan&amp;Co<\/p>\n<p class=\"p1\"> <a href=\"https:\/\/denmark.wordcamp.org\/2016\/speaker\/yan-knudtskov\/#more-339\" class=\"more-link\"><span aria-label=\"Continue reading Yan Knudtskov\">(more&hellip;)<\/span><\/a><\/p>\n\t\t\t\t<\/div>\n\t\t\t<\/div>\n\n\t\t\n\t\t\t<!-- Organizers note: The id attribute is deprecated and only remains for backwards compatibility, please use the corresponding class to target individual speakers -->\n\t\t\t<div id=\"wcorg-speaker-emil-wibe-lolk\" class=\"wcorg-speaker wcorg-speaker-emil-wibe-lolk wcorg-track-press\">\n\t\t\t\t<h2>\n\t\t\t\t\t\n\t\t\t\t\t\tEmil Wibe Lolk\n\t\t\t\t\t\t\t\t\t<\/h2>\n\n\t\t\t\t<div class=\"wcorg-speaker-description\">\n\t\t\t\t\t<img alt='' src='https:\/\/secure.gravatar.com\/avatar\/d793a75b30d8e9818d358163c22bd18b83a370a76ede5e0f535047a416511eea?s=100&#038;d=mm&#038;r=g' srcset='https:\/\/secure.gravatar.com\/avatar\/d793a75b30d8e9818d358163c22bd18b83a370a76ede5e0f535047a416511eea?s=200&#038;d=mm&#038;r=g 2x' class='avatar avatar-100 photo' height='100' width='100' \/>\t\t\t\t\t<p>Freelance Web Developer<\/p>\n<p> <a href=\"https:\/\/denmark.wordcamp.org\/2016\/speaker\/emil-wibe-lolk\/#more-343\" class=\"more-link\"><span aria-label=\"Continue reading Emil Wibe Lolk\">(more&hellip;)<\/span><\/a><\/p>\n\t\t\t\t<\/div>\n\t\t\t<\/div>\n\n\t\t\n\t\t\t<!-- Organizers note: The id attribute is deprecated and only remains for backwards compatibility, please use the corresponding class to target individual speakers -->\n\t\t\t<div id=\"wcorg-speaker-rocio-valdivia\" class=\"wcorg-speaker wcorg-speaker-rocio-valdivia wcorg-track-press wcorg-track-word\">\n\t\t\t\t<h2>\n\t\t\t\t\t\n\t\t\t\t\t\tRoc\u00edo Valdivia\n\t\t\t\t\t\t\t\t\t<\/h2>\n\n\t\t\t\t<div class=\"wcorg-speaker-description\">\n\t\t\t\t\t<img alt='' src='https:\/\/secure.gravatar.com\/avatar\/17e3cbd63c4ddcf873d1848277de062a48239d962359ecaf1978e966429f5b6f?s=100&#038;d=mm&#038;r=g' srcset='https:\/\/secure.gravatar.com\/avatar\/17e3cbd63c4ddcf873d1848277de062a48239d962359ecaf1978e966429f5b6f?s=200&#038;d=mm&#038;r=g 2x' class='avatar avatar-100 photo' height='100' width='100' \/>\t\t\t\t\t<p class=\"p1\">Speaker&#8217;s title<\/p>\n<p class=\"p1\"> <a href=\"https:\/\/denmark.wordcamp.org\/2016\/speaker\/rocio-valdivia\/#more-320\" class=\"more-link\"><span aria-label=\"Continue reading Roc\u00edo Valdivia\">(more&hellip;)<\/span><\/a><\/p>\n\t\t\t\t<\/div>\n\t\t\t<\/div>\n\n\t\t\n\t\t\t<!-- Organizers note: The id attribute is deprecated and only remains for backwards compatibility, please use the corresponding class to target individual speakers -->\n\t\t\t<div id=\"wcorg-speaker-peter-suhm\" class=\"wcorg-speaker wcorg-speaker-peter-suhm wcorg-track-press\">\n\t\t\t\t<h2>\n\t\t\t\t\t\n\t\t\t\t\t\tPeter Suhm\n\t\t\t\t\t\t\t\t\t<\/h2>\n\n\t\t\t\t<div class=\"wcorg-speaker-description\">\n\t\t\t\t\t<img alt='' src='https:\/\/secure.gravatar.com\/avatar\/f76938dc82d4f1cd0ab2effe6df5cdc3d467d959837f858f8abeca2fc4f23a68?s=100&#038;d=mm&#038;r=g' srcset='https:\/\/secure.gravatar.com\/avatar\/f76938dc82d4f1cd0ab2effe6df5cdc3d467d959837f858f8abeca2fc4f23a68?s=200&#038;d=mm&#038;r=g 2x' class='avatar avatar-100 photo' height='100' width='100' \/>\t\t\t\t\t<p>Founder af WP Pusher<\/p>\n<p> <a href=\"https:\/\/denmark.wordcamp.org\/2016\/speaker\/peter-suhm\/#more-300\" class=\"more-link\"><span aria-label=\"Continue reading Peter Suhm\">(more&hellip;)<\/span><\/a><\/p>\n\t\t\t\t<\/div>\n\t\t\t<\/div>\n\n\t\t\n\t<\/div>\n\n\t\n","protected":false},"excerpt":{"rendered":"","protected":false},"author":9300121,"featured_media":0,"parent":0,"menu_order":3,"comment_status":"closed","ping_status":"closed","template":"","meta":{"jetpack_post_was_ever_published":false,"footnotes":""},"class_list":["post-8","page","type-page","status-publish","hentry"],"jetpack_sharing_enabled":true,"_links":{"self":[{"href":"https:\/\/denmark.wordcamp.org\/2016\/wp-json\/wp\/v2\/pages\/8","targetHints":{"allow":["GET"]}}],"collection":[{"href":"https:\/\/denmark.wordcamp.org\/2016\/wp-json\/wp\/v2\/pages"}],"about":[{"href":"https:\/\/denmark.wordcamp.org\/2016\/wp-json\/wp\/v2\/types\/page"}],"author":[{"embeddable":true,"href":"https:\/\/denmark.wordcamp.org\/2016\/wp-json\/wp\/v2\/users\/9300121"}],"replies":[{"embeddable":true,"href":"https:\/\/denmark.wordcamp.org\/2016\/wp-json\/wp\/v2\/comments?post=8"}],"version-history":[{"count":2,"href":"https:\/\/denmark.wordcamp.org\/2016\/wp-json\/wp\/v2\/pages\/8\/revisions"}],"predecessor-version":[{"id":556,"href":"https:\/\/denmark.wordcamp.org\/2016\/wp-json\/wp\/v2\/pages\/8\/revisions\/556"}],"wp:attachment":[{"href":"https:\/\/denmark.wordcamp.org\/2016\/wp-json\/wp\/v2\/media?parent=8"}],"curies":[{"name":"wp","href":"https:\/\/api.w.org\/{rel}","templated":true}]}}