{"id":9,"date":"2016-02-25T19:35:15","date_gmt":"2016-02-25T18:35:15","guid":{"rendered":"https:\/\/2016.denmark.wordcamp.org\/sessions\/"},"modified":"2016-05-09T20:10:25","modified_gmt":"2016-05-09T18:10:25","slug":"program","status":"publish","type":"page","link":"https:\/\/denmark.wordcamp.org\/2016\/program\/","title":{"rendered":"Program"},"content":{"rendered":"<p>S\u00e5 er en stor del af opl\u00e6gsholderne p\u00e5 plads. Tidspunkterne er forel\u00f8bige og vil med stor sandsynlighed blive \u00e6ndret.<\/p>\n<h2>L\u00f8rdag d. 28.\u00a0maj<\/h2>\n<table class=\"wcpt-schedule\" border=\"0\"><thead><tr><th class=\"wcpt-col-time\">Time<\/th><th class=\"wcpt-col-track\"> <span class=\"wcpt-track-name\">Word<\/span> <span class=\"wcpt-track-description\"><\/span> <\/th><th class=\"wcpt-col-track\"> <span class=\"wcpt-track-name\">Press<\/span> <span class=\"wcpt-track-description\"><\/span> <\/th><\/tr><\/thead><tbody><tr class=\"wcpt-time-1000 global-session velkomst-og-morgenmad\"><td class=\"wcpt-time\">10:00<\/td><td colspan=\"2\" class=\"wcb-speaker-mark-thomas-gazel wcb-track-press wcb-track-word wcpt-session-type-custom wcb-session-velkomst-og-morgenmad\" data-track-title=\"Press, Word\" data-session-id=\"29\"><div class=\"wcb-session-cell-content\"><span class=\"wcpt-session-title\">Velkomst og Morgenmad<\/span> <span class=\"wcpt-session-speakers\"><a href=\"https:\/\/denmark.wordcamp.org\/2016\/speakers\/#wcorg-speaker-mark-thomas-gazel\">Mark Thomas Gazel<\/a><\/span><\/div><\/td><\/tr><tr class=\"wcpt-time-1100\"><td class=\"wcpt-time\">11:00<\/td><td colspan=\"1\" class=\"wcb-speaker-linda-kristiansen wcb-track-word wcpt-session-type-session wcb-session-favorit-redskaber\" data-track-title=\"Word\" data-session-id=\"535\"><div class=\"wcb-session-cell-content\"><a class=\"wcpt-session-title\" href=\"https:\/\/denmark.wordcamp.org\/2016\/session\/favorit-redskaber\/\">Favorit-redskaber<\/a> <span class=\"wcpt-session-speakers\"><a href=\"https:\/\/denmark.wordcamp.org\/2016\/speakers\/#wcorg-speaker-linda-kristiansen\">Linda Kristiansen<\/a><\/span><\/div><div class=\"wcb-session-favourite-icon\"><a href=\"#\" role=\"button\" class=\"fav-session-button\" aria-pressed=\"false\"><span class=\"screen-reader-text\">Favorite session: Favorit-redskaber<\/span><span class=\"dashicons dashicons-star-filled\"><\/span><\/a><\/div><\/td><td colspan=\"1\" class=\"wcb-speaker-emil-wibe-lolk wcb-track-press wcpt-session-type-session wcb-session-wordpress-temaudvikling-crash-course\" data-track-title=\"Press\" data-session-id=\"345\"><div class=\"wcb-session-cell-content\"><a class=\"wcpt-session-title\" href=\"https:\/\/denmark.wordcamp.org\/2016\/session\/wordpress-temaudvikling-crash-course\/\">WordPress Temaudvikling Crash Course<\/a> <span class=\"wcpt-session-speakers\"><a href=\"https:\/\/denmark.wordcamp.org\/2016\/speakers\/#wcorg-speaker-emil-wibe-lolk\">Emil Wibe Lolk<\/a><\/span><\/div><div class=\"wcb-session-favourite-icon\"><a href=\"#\" role=\"button\" class=\"fav-session-button\" aria-pressed=\"false\"><span class=\"screen-reader-text\">Favorite session: WordPress Temaudvikling Crash Course<\/span><span class=\"dashicons dashicons-star-filled\"><\/span><\/a><\/div><\/td><\/tr><tr class=\"wcpt-time-1140\"><td class=\"wcpt-time\">11:40<\/td><td colspan=\"1\" class=\"wcb-speaker-mark-thomas-gazel wcb-track-word wcpt-session-type-session wcb-session-make-wordpress-polyglots\" data-track-title=\"Word\" data-session-id=\"78\"><div class=\"wcb-session-cell-content\"><a class=\"wcpt-session-title\" href=\"https:\/\/denmark.wordcamp.org\/2016\/session\/make-wordpress-polyglots\/\">Make WordPress &#8211; Polyglots<\/a> <span class=\"wcpt-session-speakers\"><a href=\"https:\/\/denmark.wordcamp.org\/2016\/speakers\/#wcorg-speaker-mark-thomas-gazel\">Mark Thomas Gazel<\/a><\/span><\/div><div class=\"wcb-session-favourite-icon\"><a href=\"#\" role=\"button\" class=\"fav-session-button\" aria-pressed=\"false\"><span class=\"screen-reader-text\">Favorite session: Make WordPress &#8211; Polyglots<\/span><span class=\"dashicons dashicons-star-filled\"><\/span><\/a><\/div><\/td><td colspan=\"1\" class=\"wcb-speaker-peter-suhm wcb-track-press wcpt-session-type-session wcb-session-git-for-wordpress-udviklere\" data-track-title=\"Press\" data-session-id=\"302\"><div class=\"wcb-session-cell-content\"><a class=\"wcpt-session-title\" href=\"https:\/\/denmark.wordcamp.org\/2016\/session\/git-for-wordpress-udviklere\/\">Git for WordPress udviklere<\/a> <span class=\"wcpt-session-speakers\"><a href=\"https:\/\/denmark.wordcamp.org\/2016\/speakers\/#wcorg-speaker-peter-suhm\">Peter Suhm<\/a><\/span><\/div><div class=\"wcb-session-favourite-icon\"><a href=\"#\" role=\"button\" class=\"fav-session-button\" aria-pressed=\"false\"><span class=\"screen-reader-text\">Favorite session: Git for WordPress udviklere<\/span><span class=\"dashicons dashicons-star-filled\"><\/span><\/a><\/div><\/td><\/tr><tr class=\"wcpt-time-1230 global-session frokost\"><td class=\"wcpt-time\">12:30<\/td><td colspan=\"2\" class=\"wcb-track-press wcb-track-word wcpt-session-type-custom wcb-session-frokost-2\" data-track-title=\"Press, Word\" data-session-id=\"73\"><div class=\"wcb-session-cell-content\"><span class=\"wcpt-session-title\">Frokost<\/span><\/div><\/td><\/tr><tr class=\"wcpt-time-1300 global-session netvrksession\"><td class=\"wcpt-time\">13:00<\/td><td colspan=\"2\" class=\"wcb-track-press wcb-track-word wcpt-session-type-session wcb-session-netvaerksession\" data-track-title=\"Press, Word\" data-session-id=\"82\"><div class=\"wcb-session-cell-content\"><a class=\"wcpt-session-title\" href=\"https:\/\/denmark.wordcamp.org\/2016\/session\/netvaerksession\/\">Netv\u00e6rksession<\/a><\/div><div class=\"wcb-session-favourite-icon\"><a href=\"#\" role=\"button\" class=\"fav-session-button\" aria-pressed=\"false\"><span class=\"screen-reader-text\">Favorite session: Netv\u00e6rksession<\/span><span class=\"dashicons dashicons-star-filled\"><\/span><\/a><\/div><\/td><\/tr><tr class=\"wcpt-time-1330\"><td class=\"wcpt-time\">13:30<\/td><td colspan=\"1\" class=\"wcb-speaker-torben-heikel-vinther wcb-track-word wcpt-session-type-session wcb-session-skab-din-vej-til-wordpress-business\" data-track-title=\"Word\" data-session-id=\"39\"><div class=\"wcb-session-cell-content\"><a class=\"wcpt-session-title\" href=\"https:\/\/denmark.wordcamp.org\/2016\/session\/skab-din-vej-til-wordpress-business\/\">Skab din vej til WordPress business<\/a> <span class=\"wcpt-session-speakers\"><a href=\"https:\/\/denmark.wordcamp.org\/2016\/speakers\/#wcorg-speaker-torben-heikel-vinther\">Torben Heikel Vinther<\/a><\/span><\/div><div class=\"wcb-session-favourite-icon\"><a href=\"#\" role=\"button\" class=\"fav-session-button\" aria-pressed=\"false\"><span class=\"screen-reader-text\">Favorite session: Skab din vej til WordPress business<\/span><span class=\"dashicons dashicons-star-filled\"><\/span><\/a><\/div><\/td><td colspan=\"1\" class=\"wcb-speaker-patrick-holberg-hesselberg wcb-track-press wcpt-session-type-session wcb-session-wp-plugin-api-hooks-samt-real-world-examples\" data-track-title=\"Press\" data-session-id=\"506\"><div class=\"wcb-session-cell-content\"><a class=\"wcpt-session-title\" href=\"https:\/\/denmark.wordcamp.org\/2016\/session\/wp-plugin-api-hooks-samt-real-world-examples\/\">WP Plugin API (Hooks) samt real world examples<\/a> <span class=\"wcpt-session-speakers\"><a href=\"https:\/\/denmark.wordcamp.org\/2016\/speakers\/#wcorg-speaker-patrick-holberg-hesselberg\">Patrick Holberg Hesselberg<\/a><\/span><\/div><div class=\"wcb-session-favourite-icon\"><a href=\"#\" role=\"button\" class=\"fav-session-button\" aria-pressed=\"false\"><span class=\"screen-reader-text\">Favorite session: WP Plugin API (Hooks) samt real world examples<\/span><span class=\"dashicons dashicons-star-filled\"><\/span><\/a><\/div><\/td><\/tr><tr class=\"wcpt-time-1430\"><td class=\"wcpt-time\">14:30<\/td><td colspan=\"1\" class=\"wcb-track-word wcpt-session-type-session wcb-session-workshop-word\" data-track-title=\"Word\" data-session-id=\"559\"><div class=\"wcb-session-cell-content\"><a class=\"wcpt-session-title\" href=\"https:\/\/denmark.wordcamp.org\/2016\/session\/workshop-word\/\">Workshop: Word<\/a><\/div><div class=\"wcb-session-favourite-icon\"><a href=\"#\" role=\"button\" class=\"fav-session-button\" aria-pressed=\"false\"><span class=\"screen-reader-text\">Favorite session: Workshop: Word<\/span><span class=\"dashicons dashicons-star-filled\"><\/span><\/a><\/div><\/td><td colspan=\"1\" class=\"wcb-track-press wcpt-session-type-session wcb-session-workshop-press\" data-track-title=\"Press\" data-session-id=\"561\"><div class=\"wcb-session-cell-content\"><a class=\"wcpt-session-title\" href=\"https:\/\/denmark.wordcamp.org\/2016\/session\/workshop-press\/\">Workshop: Press<\/a><\/div><div class=\"wcb-session-favourite-icon\"><a href=\"#\" role=\"button\" class=\"fav-session-button\" aria-pressed=\"false\"><span class=\"screen-reader-text\">Favorite session: Workshop: Press<\/span><span class=\"dashicons dashicons-star-filled\"><\/span><\/a><\/div><\/td><\/tr><tr class=\"wcpt-time-1530 global-session tak-for-i-dag--vi-ses-igen-i-morgen\"><td class=\"wcpt-time\">15:30<\/td><td colspan=\"2\" class=\"wcb-track-press wcb-track-word wcpt-session-type-custom wcb-session-tak-for-i-dag-vi-ses-igen-i-morgen\" data-track-title=\"Press, Word\" data-session-id=\"87\"><div class=\"wcb-session-cell-content\"><span class=\"wcpt-session-title\">Tak for i dag \u2013 vi ses igen i morgen<\/span><\/div><\/td><\/tr><\/tbody><\/table>\n\t<div class=\"email-form fav-session-email-form-hide\">\n\t\t<!-- Tab links -->\n\t\t<div class=\"fav-session-share-tab\">\n\t\t\t\t\t\t\t<div class=\"fav-session-tablinks\" id=\"fav-session-btn-email\">\n\t\t\t\t\tEmail\t\t\t\t<\/div>\n\t\t\t\n\t\t\t<div class=\"fav-session-tablinks\" id=\"fav-session-btn-link\">\n\t\t\t\tLink\t\t\t<\/div>\n\n\t\t\t<div class=\"fav-session-tablinks\" id=\"fav-session-btn-print\">\n\t\t\t\tPrint\t\t\t<\/div>\n\t\t<\/div>\n\n\t\t<!-- Tab content -->\n\t\t\t\t\t<div id=\"fav-session-tab-email\" class=\"fav-session-share-tabcontent\">\n\t\t\t\t<div id=\"fav-session-email-form\">\n\t\t\t\t\tSend me my favorite sessions:\n\t\t\t\t\t<form id=\"fav-sessions-form\">\n\t\t\t\t\t\t<input\n\t\t\t\t\t\t\ttype=\"text\"\n\t\t\t\t\t\t\tname=\"email_address\"\n\t\t\t\t\t\t\tid=\"fav-sessions-email-address\"\n\t\t\t\t\t\t\tplaceholder=\"me@protonmail.com\"\n\t\t\t\t\t\t\/>\n\t\t\t\t\t\t<input type=\"submit\" value=\"Send\" \/>\n\t\t\t\t\t<\/form>\n\t\t\t\t<\/div>\n\n\t\t\t\t<div class=\"fav-session-email-wait-spinner\"><\/div>\n\t\t\t\t<div class=\"fav-session-email-result\"><\/div>\n\t\t\t<\/div>\n\t\t\n\t\t<div id=\"fav-session-tab-link\" class=\"fav-session-share-tabcontent\">\n\t\t\tShareable link:\t\t\t<br \/>\n\t\t\t<a id=\"fav-sessions-link\" href=\"\"><\/a>\n\t\t<\/div>\n\n\t\t<div id=\"fav-session-tab-print\" class=\"fav-session-share-tabcontent\">\n\t\t\t<button id=\"fav-session-print\">\n\t\t\t\tPrint favorite sessions\t\t\t<\/button>\n\t\t<\/div>\n\t<\/div>\n\n\t<a class=\"show-email-form\" href=\"javascript:\">\n\t\t<span class=\"dashicons dashicons-star-filled\"><\/span>\n\t\t<span class=\"dashicons dashicons-email-alt\"><\/span>\n\t<\/a>\n\n\t\n<h2>S\u00f8ndag d. 29.\u00a0maj<\/h2>\n<table class=\"wcpt-schedule\" border=\"0\"><thead><tr><th class=\"wcpt-col-time\">Time<\/th><th class=\"wcpt-col-track\"> <span class=\"wcpt-track-name\">Word<\/span> <span class=\"wcpt-track-description\"><\/span> <\/th><th class=\"wcpt-col-track\"> <span class=\"wcpt-track-name\">Press<\/span> <span class=\"wcpt-track-description\"><\/span> <\/th><\/tr><\/thead><tbody><tr class=\"wcpt-time-1000 global-session morgenmad\"><td class=\"wcpt-time\">10:00<\/td><td colspan=\"2\" class=\"wcb-track-press wcb-track-word wcpt-session-type-custom wcb-session-morgenmad\" data-track-title=\"Press, Word\" data-session-id=\"43\"><div class=\"wcb-session-cell-content\"><span class=\"wcpt-session-title\">Morgenmad<\/span><\/div><\/td><\/tr><tr class=\"wcpt-time-1100\"><td class=\"wcpt-time\">11:00<\/td><td colspan=\"1\" class=\"wcb-speaker-kare-mulvad-steffensen wcb-track-word wcpt-session-type-session wcb-session-lamaens-show-and-tell-hov-jeg-ved-ikke-lige-hvad-der-skete-der-men\" data-track-title=\"Word\" data-session-id=\"493\"><div class=\"wcb-session-cell-content\"><a class=\"wcpt-session-title\" href=\"https:\/\/denmark.wordcamp.org\/2016\/session\/lamaens-show-and-tell-hov-jeg-ved-ikke-lige-hvad-der-skete-der-men\/\">Lamaens Show and tell; &#8220;Hov, jeg ved ikke lige hvad der skete der, men&#8221;&#8230;<\/a> <span class=\"wcpt-session-speakers\"><a href=\"https:\/\/denmark.wordcamp.org\/2016\/speakers\/#wcorg-speaker-kare-mulvad-steffensen\">K\u00e5re Mulvad Steffensen<\/a><\/span><\/div><div class=\"wcb-session-favourite-icon\"><a href=\"#\" role=\"button\" class=\"fav-session-button\" aria-pressed=\"false\"><span class=\"screen-reader-text\">Favorite session: Lamaens Show and tell; &#8220;Hov, jeg ved ikke lige hvad der skete der, men&#8221;&#8230;<\/span><span class=\"dashicons dashicons-star-filled\"><\/span><\/a><\/div><\/td><td colspan=\"1\" class=\"wcb-speaker-kristoffe-biglete wcb-track-press wcpt-session-type-session wcb-session-how-not-to-build-a-front-end-from-scratch-everytime\" data-track-title=\"Press\" data-session-id=\"608\"><div class=\"wcb-session-cell-content\"><a class=\"wcpt-session-title\" href=\"https:\/\/denmark.wordcamp.org\/2016\/session\/how-not-to-build-a-front-end-from-scratch-everytime\/\">How not to build a front-end from scratch everytime<\/a> <span class=\"wcpt-session-speakers\"><a href=\"https:\/\/denmark.wordcamp.org\/2016\/speakers\/#wcorg-speaker-kristoffe-biglete\">Kristoffe Biglete<\/a><\/span><\/div><div class=\"wcb-session-favourite-icon\"><a href=\"#\" role=\"button\" class=\"fav-session-button\" aria-pressed=\"false\"><span class=\"screen-reader-text\">Favorite session: How not to build a front-end from scratch everytime<\/span><span class=\"dashicons dashicons-star-filled\"><\/span><\/a><\/div><\/td><\/tr><tr class=\"wcpt-time-1140\"><td class=\"wcpt-time\">11:40<\/td><td colspan=\"1\" class=\"wcb-speaker-brian-brandt wcb-track-word wcpt-session-type-session wcb-session-seo-af-wordpress-fintun-din-wp-til-flere-besogende-fra-google\" data-track-title=\"Word\" data-session-id=\"489\"><div class=\"wcb-session-cell-content\"><a class=\"wcpt-session-title\" href=\"https:\/\/denmark.wordcamp.org\/2016\/session\/seo-af-wordpress-fintun-din-wp-til-flere-besogende-fra-google\/\">SEO af WordPress &#8211; fintun din WP til flere bes\u00f8gende fra Google<\/a> <span class=\"wcpt-session-speakers\"><a href=\"https:\/\/denmark.wordcamp.org\/2016\/speakers\/#wcorg-speaker-brian-brandt\">Brian Brandt<\/a><\/span><\/div><div class=\"wcb-session-favourite-icon\"><a href=\"#\" role=\"button\" class=\"fav-session-button\" aria-pressed=\"false\"><span class=\"screen-reader-text\">Favorite session: SEO af WordPress &#8211; fintun din WP til flere bes\u00f8gende fra Google<\/span><span class=\"dashicons dashicons-star-filled\"><\/span><\/a><\/div><\/td><td colspan=\"1\" class=\"wcb-speaker-yan-knudtskov wcb-track-press wcpt-session-type-session wcb-session-wordpress-sikkerhed-enkle-skridt-til-en-roligere-sovn\" data-track-title=\"Press\" data-session-id=\"77\"><div class=\"wcb-session-cell-content\"><a class=\"wcpt-session-title\" href=\"https:\/\/denmark.wordcamp.org\/2016\/session\/wordpress-sikkerhed-enkle-skridt-til-en-roligere-sovn\/\">WordPress Sikkerhed &#8211; Enkle skridt til en roligere s\u00f8vn<\/a> <span class=\"wcpt-session-speakers\"><a href=\"https:\/\/denmark.wordcamp.org\/2016\/speakers\/#wcorg-speaker-yan-knudtskov\">Yan Knudtskov<\/a><\/span><\/div><div class=\"wcb-session-favourite-icon\"><a href=\"#\" role=\"button\" class=\"fav-session-button\" aria-pressed=\"false\"><span class=\"screen-reader-text\">Favorite session: WordPress Sikkerhed &#8211; Enkle skridt til en roligere s\u00f8vn<\/span><span class=\"dashicons dashicons-star-filled\"><\/span><\/a><\/div><\/td><\/tr><tr class=\"wcpt-time-1230 global-session frokost\"><td class=\"wcpt-time\">12:30<\/td><td colspan=\"2\" class=\"wcb-track-press wcb-track-word wcpt-session-type-custom wcb-session-frokost\" data-track-title=\"Press, Word\" data-session-id=\"74\"><div class=\"wcb-session-cell-content\"><span class=\"wcpt-session-title\">Frokost<\/span><\/div><\/td><\/tr><tr class=\"wcpt-time-1330 global-session how-to-get-more-involved-with-wordpress\"><td class=\"wcpt-time\">13:30<\/td><td colspan=\"2\" class=\"wcb-speaker-rocio-valdivia wcb-track-press wcb-track-word wcpt-session-type-session wcb-session-how-to-get-more-involved-with-wordpress\" data-track-title=\"Press, Word\" data-session-id=\"69\"><div class=\"wcb-session-cell-content\"><a class=\"wcpt-session-title\" href=\"https:\/\/denmark.wordcamp.org\/2016\/session\/how-to-get-more-involved-with-wordpress\/\">How to get (more) involved with WordPress<\/a> <span class=\"wcpt-session-speakers\"><a href=\"https:\/\/denmark.wordcamp.org\/2016\/speakers\/#wcorg-speaker-rocio-valdivia\">Roc\u00edo Valdivia<\/a><\/span><\/div><div class=\"wcb-session-favourite-icon\"><a href=\"#\" role=\"button\" class=\"fav-session-button\" aria-pressed=\"false\"><span class=\"screen-reader-text\">Favorite session: How to get (more) involved with WordPress<\/span><span class=\"dashicons dashicons-star-filled\"><\/span><\/a><\/div><\/td><\/tr><tr class=\"wcpt-time-1430\"><td class=\"wcpt-time\">14:30<\/td><td colspan=\"1\" class=\"wcb-speaker-chris-andersen wcb-track-word wcpt-session-type-session wcb-session-hvordan-bruger-jeg-wordpress-strukturen-passende-til-mit-indhold\" data-track-title=\"Word\" data-session-id=\"330\"><div class=\"wcb-session-cell-content\"><a class=\"wcpt-session-title\" href=\"https:\/\/denmark.wordcamp.org\/2016\/session\/hvordan-bruger-jeg-wordpress-strukturen-passende-til-mit-indhold\/\">Hvordan bruger jeg WordPress strukturen passende til mit indhold?<\/a> <span class=\"wcpt-session-speakers\"><a href=\"https:\/\/denmark.wordcamp.org\/2016\/speakers\/#wcorg-speaker-chris-andersen\">Chris Andersen<\/a><\/span><\/div><div class=\"wcb-session-favourite-icon\"><a href=\"#\" role=\"button\" class=\"fav-session-button\" aria-pressed=\"false\"><span class=\"screen-reader-text\">Favorite session: Hvordan bruger jeg WordPress strukturen passende til mit indhold?<\/span><span class=\"dashicons dashicons-star-filled\"><\/span><\/a><\/div><\/td><td class=\"wcpt-session-empty\"><\/td><\/tr><tr class=\"wcpt-time-1530 global-session tak-for-i-r-rets-danske-wp-award-uddeling\"><td class=\"wcpt-time\">15:30<\/td><td colspan=\"2\" class=\"wcb-track-press wcb-track-word wcpt-session-type-custom wcb-session-tak-for-i-aar\" data-track-title=\"Press, Word\" data-session-id=\"88\"><div class=\"wcb-session-cell-content\"><span class=\"wcpt-session-title\">Tak for i \u00e5r &amp; \u00c5rets Danske WP Award uddeling<\/span><\/div><\/td><\/tr><\/tbody><\/table>\n<p>Der tages forbehold for programmet.<\/p>\n","protected":false},"excerpt":{"rendered":"<p>S\u00e5 er en stor del af opl\u00e6gsholderne p\u00e5 plads. Tidspunkterne er forel\u00f8bige og vil med stor sandsynlighed blive \u00e6ndret. L\u00f8rdag d. 28.\u00a0maj S\u00f8ndag d. 29.\u00a0maj Der tages forbehold for programmet.<\/p>\n","protected":false},"author":9300121,"featured_media":0,"parent":0,"menu_order":5,"comment_status":"closed","ping_status":"closed","template":"","meta":{"jetpack_post_was_ever_published":false,"footnotes":""},"class_list":["post-9","page","type-page","status-publish","hentry"],"jetpack_sharing_enabled":true,"_links":{"self":[{"href":"https:\/\/denmark.wordcamp.org\/2016\/wp-json\/wp\/v2\/pages\/9","targetHints":{"allow":["GET"]}}],"collection":[{"href":"https:\/\/denmark.wordcamp.org\/2016\/wp-json\/wp\/v2\/pages"}],"about":[{"href":"https:\/\/denmark.wordcamp.org\/2016\/wp-json\/wp\/v2\/types\/page"}],"author":[{"embeddable":true,"href":"https:\/\/denmark.wordcamp.org\/2016\/wp-json\/wp\/v2\/users\/9300121"}],"replies":[{"embeddable":true,"href":"https:\/\/denmark.wordcamp.org\/2016\/wp-json\/wp\/v2\/comments?post=9"}],"version-history":[{"count":8,"href":"https:\/\/denmark.wordcamp.org\/2016\/wp-json\/wp\/v2\/pages\/9\/revisions"}],"predecessor-version":[{"id":811,"href":"https:\/\/denmark.wordcamp.org\/2016\/wp-json\/wp\/v2\/pages\/9\/revisions\/811"}],"wp:attachment":[{"href":"https:\/\/denmark.wordcamp.org\/2016\/wp-json\/wp\/v2\/media?parent=9"}],"curies":[{"name":"wp","href":"https:\/\/api.w.org\/{rel}","templated":true}]}}