{"id":11,"date":"2023-02-23T09:20:45","date_gmt":"2023-02-23T08:20:45","guid":{"rendered":"https:\/\/denmark.wordcamp.org\/2023\/location\/"},"modified":"2023-06-27T08:46:05","modified_gmt":"2023-06-27T06:46:05","slug":"location","status":"publish","type":"page","link":"https:\/\/denmark.wordcamp.org\/2023\/location\/","title":{"rendered":"Placering"},"content":{"rendered":"\n<h2 class=\"wp-block-heading\" id=\"aalborg-portland-park\">Aalborg Portland Park<\/h2>\n\n\n\n<nav aria-label=\"Indholdsfortegnelse\" class=\"wp-block-table-of-contents\"><ol><li><a class=\"wp-block-table-of-contents__entry\" href=\"https:\/\/denmark.wordcamp.org\/2023\/location\/#aalborg-portland-park\">Aalborg Portland Park<\/a><\/li><li><a class=\"wp-block-table-of-contents__entry\" href=\"https:\/\/denmark.wordcamp.org\/2023\/location\/#transport-og-parkering\">Transport og parkering<\/a><\/li><\/ol><\/nav>\n\n\n\n<p>WordCamp Denmark 2023 bliver afholdt p\u00e5 Aalborg Portland Park, der til daglig er hjemmebane for AaB fodbold.<\/p>\n\n\n\n<p>Vi skal ikke p\u00e5 banen, men bruger publikumsbokse og de faciliteter, der h\u00f8rer dertil. Men der vil v\u00e6re masser af mulighed for at se ud over gr\u00f8nsv\u00e6ren, da n\u00e6sten alle lokaler har store vinduer i den retning.<\/p>\n\n\n\n<div class=\"wp-block-buttons is-layout-flex wp-block-buttons-is-layout-flex\">\n<div class=\"wp-block-button\"><a class=\"wp-block-button__link wp-element-button\" href=\"https:\/\/goo.gl\/maps\/cKnjnuZ3JSoXPXKR7\" target=\"_blank\" rel=\"noreferrer noopener\">Se placering i Google Maps<\/a><\/div>\n<\/div>\n\n\n\n<div class=\"wp-block-jetpack-tiled-gallery alignwide is-style-rectangular\"><div class=\"tiled-gallery__gallery\"><div class=\"tiled-gallery__row\"><div class=\"tiled-gallery__col\" style=\"flex-basis:22.38300%\"><figure class=\"tiled-gallery__item\"><img decoding=\"async\" srcset=\"https:\/\/i1.wp.com\/denmark.wordcamp.org\/2023\/files\/2023\/06\/B7711791-FBA3-46CC-9414-1345AF94ED03_1_201_a-731x1024.jpeg?strip=info&#038;w=600&#038;ssl=1 600w,https:\/\/i1.wp.com\/denmark.wordcamp.org\/2023\/files\/2023\/06\/B7711791-FBA3-46CC-9414-1345AF94ED03_1_201_a-731x1024.jpeg?strip=info&#038;w=900&#038;ssl=1 900w,https:\/\/i1.wp.com\/denmark.wordcamp.org\/2023\/files\/2023\/06\/B7711791-FBA3-46CC-9414-1345AF94ED03_1_201_a-731x1024.jpeg?strip=info&#038;w=1200&#038;ssl=1 1200w,https:\/\/i1.wp.com\/denmark.wordcamp.org\/2023\/files\/2023\/06\/B7711791-FBA3-46CC-9414-1345AF94ED03_1_201_a-731x1024.jpeg?strip=info&#038;w=1500&#038;ssl=1 1500w,https:\/\/i1.wp.com\/denmark.wordcamp.org\/2023\/files\/2023\/06\/B7711791-FBA3-46CC-9414-1345AF94ED03_1_201_a-731x1024.jpeg?strip=info&#038;w=1800&#038;ssl=1 1800w,https:\/\/i1.wp.com\/denmark.wordcamp.org\/2023\/files\/2023\/06\/B7711791-FBA3-46CC-9414-1345AF94ED03_1_201_a-731x1024.jpeg?strip=info&#038;w=1828&#038;ssl=1 1828w\" alt=\"\" data-height=\"2560\" data-id=\"1136\" data-link=\"https:\/\/denmark.wordcamp.org\/2023\/location\/b7711791-fba3-46cc-9414-1345af94ed03_1_201_a\/\" data-url=\"https:\/\/denmark.wordcamp.org\/2023\/files\/2023\/06\/B7711791-FBA3-46CC-9414-1345AF94ED03_1_201_a-731x1024.jpeg\" data-width=\"1828\" src=\"https:\/\/i1.wp.com\/denmark.wordcamp.org\/2023\/files\/2023\/06\/B7711791-FBA3-46CC-9414-1345AF94ED03_1_201_a-731x1024.jpeg?ssl=1\" data-amp-layout=\"responsive\" \/><\/figure><\/div><div class=\"tiled-gallery__col\" style=\"flex-basis:22.39519%\"><figure class=\"tiled-gallery__item\"><img decoding=\"async\" srcset=\"https:\/\/i2.wp.com\/denmark.wordcamp.org\/2023\/files\/2023\/06\/Banen-731x1024.jpeg?strip=info&#038;w=600&#038;ssl=1 600w,https:\/\/i2.wp.com\/denmark.wordcamp.org\/2023\/files\/2023\/06\/Banen-731x1024.jpeg?strip=info&#038;w=900&#038;ssl=1 900w,https:\/\/i2.wp.com\/denmark.wordcamp.org\/2023\/files\/2023\/06\/Banen-731x1024.jpeg?strip=info&#038;w=1200&#038;ssl=1 1200w,https:\/\/i2.wp.com\/denmark.wordcamp.org\/2023\/files\/2023\/06\/Banen-731x1024.jpeg?strip=info&#038;w=1500&#038;ssl=1 1500w,https:\/\/i2.wp.com\/denmark.wordcamp.org\/2023\/files\/2023\/06\/Banen-731x1024.jpeg?strip=info&#038;w=1800&#038;ssl=1 1800w,https:\/\/i2.wp.com\/denmark.wordcamp.org\/2023\/files\/2023\/06\/Banen-731x1024.jpeg?strip=info&#038;w=1829&#038;ssl=1 1829w\" alt=\"\" data-height=\"2560\" data-id=\"1137\" data-link=\"https:\/\/denmark.wordcamp.org\/2023\/location\/banen\/\" data-url=\"https:\/\/denmark.wordcamp.org\/2023\/files\/2023\/06\/Banen-731x1024.jpeg\" data-width=\"1829\" src=\"https:\/\/i2.wp.com\/denmark.wordcamp.org\/2023\/files\/2023\/06\/Banen-731x1024.jpeg?ssl=1\" data-amp-layout=\"responsive\" \/><\/figure><\/div><div class=\"tiled-gallery__col\" style=\"flex-basis:55.22181%\"><figure class=\"tiled-gallery__item\"><img decoding=\"async\" srcset=\"https:\/\/i2.wp.com\/denmark.wordcamp.org\/2023\/files\/2023\/06\/9B1C30BC-B857-42D4-98A7-E8F2BB7519DF_1_201_a-1024x580.jpeg?strip=info&#038;w=600&#038;ssl=1 600w,https:\/\/i2.wp.com\/denmark.wordcamp.org\/2023\/files\/2023\/06\/9B1C30BC-B857-42D4-98A7-E8F2BB7519DF_1_201_a-1024x580.jpeg?strip=info&#038;w=900&#038;ssl=1 900w,https:\/\/i2.wp.com\/denmark.wordcamp.org\/2023\/files\/2023\/06\/9B1C30BC-B857-42D4-98A7-E8F2BB7519DF_1_201_a-1024x580.jpeg?strip=info&#038;w=1200&#038;ssl=1 1200w,https:\/\/i2.wp.com\/denmark.wordcamp.org\/2023\/files\/2023\/06\/9B1C30BC-B857-42D4-98A7-E8F2BB7519DF_1_201_a-1024x580.jpeg?strip=info&#038;w=1500&#038;ssl=1 1500w,https:\/\/i2.wp.com\/denmark.wordcamp.org\/2023\/files\/2023\/06\/9B1C30BC-B857-42D4-98A7-E8F2BB7519DF_1_201_a-1024x580.jpeg?strip=info&#038;w=1800&#038;ssl=1 1800w,https:\/\/i2.wp.com\/denmark.wordcamp.org\/2023\/files\/2023\/06\/9B1C30BC-B857-42D4-98A7-E8F2BB7519DF_1_201_a-1024x580.jpeg?strip=info&#038;w=2000&#038;ssl=1 2000w\" alt=\"\" data-height=\"1449\" data-id=\"1126\" data-link=\"https:\/\/denmark.wordcamp.org\/2023\/location\/9b1c30bc-b857-42d4-98a7-e8f2bb7519df_1_201_a\/\" data-url=\"https:\/\/denmark.wordcamp.org\/2023\/files\/2023\/06\/9B1C30BC-B857-42D4-98A7-E8F2BB7519DF_1_201_a-1024x580.jpeg\" data-width=\"2560\" src=\"https:\/\/i2.wp.com\/denmark.wordcamp.org\/2023\/files\/2023\/06\/9B1C30BC-B857-42D4-98A7-E8F2BB7519DF_1_201_a-1024x580.jpeg?ssl=1\" data-amp-layout=\"responsive\" \/><\/figure><\/div><\/div><div class=\"tiled-gallery__row\"><div class=\"tiled-gallery__col\" style=\"flex-basis:38.11695%\"><figure class=\"tiled-gallery__item\"><img decoding=\"async\" srcset=\"https:\/\/i0.wp.com\/denmark.wordcamp.org\/2023\/files\/2023\/06\/33D42195-20B2-4149-9D9A-C307C875F224-1024x580.png?strip=info&#038;w=600&#038;ssl=1 600w,https:\/\/i0.wp.com\/denmark.wordcamp.org\/2023\/files\/2023\/06\/33D42195-20B2-4149-9D9A-C307C875F224-1024x580.png?strip=info&#038;w=900&#038;ssl=1 900w,https:\/\/i0.wp.com\/denmark.wordcamp.org\/2023\/files\/2023\/06\/33D42195-20B2-4149-9D9A-C307C875F224-1024x580.png?strip=info&#038;w=1200&#038;ssl=1 1200w,https:\/\/i0.wp.com\/denmark.wordcamp.org\/2023\/files\/2023\/06\/33D42195-20B2-4149-9D9A-C307C875F224-1024x580.png?strip=info&#038;w=1500&#038;ssl=1 1500w,https:\/\/i0.wp.com\/denmark.wordcamp.org\/2023\/files\/2023\/06\/33D42195-20B2-4149-9D9A-C307C875F224-1024x580.png?strip=info&#038;w=1800&#038;ssl=1 1800w,https:\/\/i0.wp.com\/denmark.wordcamp.org\/2023\/files\/2023\/06\/33D42195-20B2-4149-9D9A-C307C875F224-1024x580.png?strip=info&#038;w=2000&#038;ssl=1 2000w\" alt=\"\" data-height=\"2400\" data-id=\"1129\" data-link=\"https:\/\/denmark.wordcamp.org\/2023\/location\/33d42195-20b2-4149-9d9a-c307c875f224\/\" data-url=\"https:\/\/denmark.wordcamp.org\/2023\/files\/2023\/06\/33D42195-20B2-4149-9D9A-C307C875F224-1024x580.png\" data-width=\"4240\" src=\"https:\/\/i0.wp.com\/denmark.wordcamp.org\/2023\/files\/2023\/06\/33D42195-20B2-4149-9D9A-C307C875F224-1024x580.png?ssl=1\" data-amp-layout=\"responsive\" \/><\/figure><\/div><div class=\"tiled-gallery__col\" style=\"flex-basis:15.47076%\"><figure class=\"tiled-gallery__item\"><img decoding=\"async\" srcset=\"https:\/\/i2.wp.com\/denmark.wordcamp.org\/2023\/files\/2023\/06\/42B326A0-AFBB-4602-83C7-F2AD9F2D213C_1_201_a-731x1024.jpeg?strip=info&#038;w=600&#038;ssl=1 600w,https:\/\/i2.wp.com\/denmark.wordcamp.org\/2023\/files\/2023\/06\/42B326A0-AFBB-4602-83C7-F2AD9F2D213C_1_201_a-731x1024.jpeg?strip=info&#038;w=900&#038;ssl=1 900w,https:\/\/i2.wp.com\/denmark.wordcamp.org\/2023\/files\/2023\/06\/42B326A0-AFBB-4602-83C7-F2AD9F2D213C_1_201_a-731x1024.jpeg?strip=info&#038;w=1200&#038;ssl=1 1200w,https:\/\/i2.wp.com\/denmark.wordcamp.org\/2023\/files\/2023\/06\/42B326A0-AFBB-4602-83C7-F2AD9F2D213C_1_201_a-731x1024.jpeg?strip=info&#038;w=1500&#038;ssl=1 1500w,https:\/\/i2.wp.com\/denmark.wordcamp.org\/2023\/files\/2023\/06\/42B326A0-AFBB-4602-83C7-F2AD9F2D213C_1_201_a-731x1024.jpeg?strip=info&#038;w=1800&#038;ssl=1 1800w,https:\/\/i2.wp.com\/denmark.wordcamp.org\/2023\/files\/2023\/06\/42B326A0-AFBB-4602-83C7-F2AD9F2D213C_1_201_a-731x1024.jpeg?strip=info&#038;w=1829&#038;ssl=1 1829w\" alt=\"\" data-height=\"2560\" data-id=\"1130\" data-link=\"https:\/\/denmark.wordcamp.org\/2023\/location\/42b326a0-afbb-4602-83c7-f2ad9f2d213c_1_201_a\/\" data-url=\"https:\/\/denmark.wordcamp.org\/2023\/files\/2023\/06\/42B326A0-AFBB-4602-83C7-F2AD9F2D213C_1_201_a-731x1024.jpeg\" data-width=\"1829\" src=\"https:\/\/i2.wp.com\/denmark.wordcamp.org\/2023\/files\/2023\/06\/42B326A0-AFBB-4602-83C7-F2AD9F2D213C_1_201_a-731x1024.jpeg?ssl=1\" data-amp-layout=\"responsive\" \/><\/figure><\/div><div class=\"tiled-gallery__col\" style=\"flex-basis:15.47076%\"><figure class=\"tiled-gallery__item\"><img decoding=\"async\" srcset=\"https:\/\/i0.wp.com\/denmark.wordcamp.org\/2023\/files\/2023\/06\/93CEC4BA-1FDD-4E55-A8FA-61069D68A156_1_201_a-731x1024.jpeg?strip=info&#038;w=600&#038;ssl=1 600w,https:\/\/i0.wp.com\/denmark.wordcamp.org\/2023\/files\/2023\/06\/93CEC4BA-1FDD-4E55-A8FA-61069D68A156_1_201_a-731x1024.jpeg?strip=info&#038;w=900&#038;ssl=1 900w,https:\/\/i0.wp.com\/denmark.wordcamp.org\/2023\/files\/2023\/06\/93CEC4BA-1FDD-4E55-A8FA-61069D68A156_1_201_a-731x1024.jpeg?strip=info&#038;w=1200&#038;ssl=1 1200w,https:\/\/i0.wp.com\/denmark.wordcamp.org\/2023\/files\/2023\/06\/93CEC4BA-1FDD-4E55-A8FA-61069D68A156_1_201_a-731x1024.jpeg?strip=info&#038;w=1500&#038;ssl=1 1500w,https:\/\/i0.wp.com\/denmark.wordcamp.org\/2023\/files\/2023\/06\/93CEC4BA-1FDD-4E55-A8FA-61069D68A156_1_201_a-731x1024.jpeg?strip=info&#038;w=1800&#038;ssl=1 1800w,https:\/\/i0.wp.com\/denmark.wordcamp.org\/2023\/files\/2023\/06\/93CEC4BA-1FDD-4E55-A8FA-61069D68A156_1_201_a-731x1024.jpeg?strip=info&#038;w=1829&#038;ssl=1 1829w\" alt=\"\" data-height=\"2560\" data-id=\"1131\" data-link=\"https:\/\/denmark.wordcamp.org\/2023\/location\/93cec4ba-1fdd-4e55-a8fa-61069d68a156_1_201_a\/\" data-url=\"https:\/\/denmark.wordcamp.org\/2023\/files\/2023\/06\/93CEC4BA-1FDD-4E55-A8FA-61069D68A156_1_201_a-731x1024.jpeg\" data-width=\"1829\" src=\"https:\/\/i0.wp.com\/denmark.wordcamp.org\/2023\/files\/2023\/06\/93CEC4BA-1FDD-4E55-A8FA-61069D68A156_1_201_a-731x1024.jpeg?ssl=1\" data-amp-layout=\"responsive\" \/><\/figure><\/div><div class=\"tiled-gallery__col\" style=\"flex-basis:15.47076%\"><figure class=\"tiled-gallery__item\"><img decoding=\"async\" srcset=\"https:\/\/i1.wp.com\/denmark.wordcamp.org\/2023\/files\/2023\/06\/992CBB85-6CD4-4E17-BEA3-3DEC2355FD8B_1_201_a-731x1024.jpeg?strip=info&#038;w=600&#038;ssl=1 600w,https:\/\/i1.wp.com\/denmark.wordcamp.org\/2023\/files\/2023\/06\/992CBB85-6CD4-4E17-BEA3-3DEC2355FD8B_1_201_a-731x1024.jpeg?strip=info&#038;w=900&#038;ssl=1 900w,https:\/\/i1.wp.com\/denmark.wordcamp.org\/2023\/files\/2023\/06\/992CBB85-6CD4-4E17-BEA3-3DEC2355FD8B_1_201_a-731x1024.jpeg?strip=info&#038;w=1200&#038;ssl=1 1200w,https:\/\/i1.wp.com\/denmark.wordcamp.org\/2023\/files\/2023\/06\/992CBB85-6CD4-4E17-BEA3-3DEC2355FD8B_1_201_a-731x1024.jpeg?strip=info&#038;w=1500&#038;ssl=1 1500w,https:\/\/i1.wp.com\/denmark.wordcamp.org\/2023\/files\/2023\/06\/992CBB85-6CD4-4E17-BEA3-3DEC2355FD8B_1_201_a-731x1024.jpeg?strip=info&#038;w=1800&#038;ssl=1 1800w,https:\/\/i1.wp.com\/denmark.wordcamp.org\/2023\/files\/2023\/06\/992CBB85-6CD4-4E17-BEA3-3DEC2355FD8B_1_201_a-731x1024.jpeg?strip=info&#038;w=1829&#038;ssl=1 1829w\" alt=\"\" data-height=\"2560\" data-id=\"1132\" data-link=\"https:\/\/denmark.wordcamp.org\/2023\/location\/992cbb85-6cd4-4e17-bea3-3dec2355fd8b_1_201_a\/\" data-url=\"https:\/\/denmark.wordcamp.org\/2023\/files\/2023\/06\/992CBB85-6CD4-4E17-BEA3-3DEC2355FD8B_1_201_a-731x1024.jpeg\" data-width=\"1829\" src=\"https:\/\/i1.wp.com\/denmark.wordcamp.org\/2023\/files\/2023\/06\/992CBB85-6CD4-4E17-BEA3-3DEC2355FD8B_1_201_a-731x1024.jpeg?ssl=1\" data-amp-layout=\"responsive\" \/><\/figure><\/div><div class=\"tiled-gallery__col\" style=\"flex-basis:15.47076%\"><figure class=\"tiled-gallery__item\"><img decoding=\"async\" srcset=\"https:\/\/i0.wp.com\/denmark.wordcamp.org\/2023\/files\/2023\/06\/6956DBAB-2FC2-4EDF-9194-38A9E5ABE18C_1_201_a-731x1024.jpeg?strip=info&#038;w=600&#038;ssl=1 600w,https:\/\/i0.wp.com\/denmark.wordcamp.org\/2023\/files\/2023\/06\/6956DBAB-2FC2-4EDF-9194-38A9E5ABE18C_1_201_a-731x1024.jpeg?strip=info&#038;w=900&#038;ssl=1 900w,https:\/\/i0.wp.com\/denmark.wordcamp.org\/2023\/files\/2023\/06\/6956DBAB-2FC2-4EDF-9194-38A9E5ABE18C_1_201_a-731x1024.jpeg?strip=info&#038;w=1200&#038;ssl=1 1200w,https:\/\/i0.wp.com\/denmark.wordcamp.org\/2023\/files\/2023\/06\/6956DBAB-2FC2-4EDF-9194-38A9E5ABE18C_1_201_a-731x1024.jpeg?strip=info&#038;w=1500&#038;ssl=1 1500w,https:\/\/i0.wp.com\/denmark.wordcamp.org\/2023\/files\/2023\/06\/6956DBAB-2FC2-4EDF-9194-38A9E5ABE18C_1_201_a-731x1024.jpeg?strip=info&#038;w=1800&#038;ssl=1 1800w,https:\/\/i0.wp.com\/denmark.wordcamp.org\/2023\/files\/2023\/06\/6956DBAB-2FC2-4EDF-9194-38A9E5ABE18C_1_201_a-731x1024.jpeg?strip=info&#038;w=1829&#038;ssl=1 1829w\" alt=\"\" data-height=\"2560\" data-id=\"1133\" data-link=\"https:\/\/denmark.wordcamp.org\/2023\/location\/6956dbab-2fc2-4edf-9194-38a9e5abe18c_1_201_a\/\" data-url=\"https:\/\/denmark.wordcamp.org\/2023\/files\/2023\/06\/6956DBAB-2FC2-4EDF-9194-38A9E5ABE18C_1_201_a-731x1024.jpeg\" data-width=\"1829\" src=\"https:\/\/i0.wp.com\/denmark.wordcamp.org\/2023\/files\/2023\/06\/6956DBAB-2FC2-4EDF-9194-38A9E5ABE18C_1_201_a-731x1024.jpeg?ssl=1\" data-amp-layout=\"responsive\" \/><\/figure><\/div><\/div><div class=\"tiled-gallery__row\"><div class=\"tiled-gallery__col\" style=\"flex-basis:55.11717%\"><figure class=\"tiled-gallery__item\"><img decoding=\"async\" srcset=\"https:\/\/i0.wp.com\/denmark.wordcamp.org\/2023\/files\/2023\/06\/875686EC-6808-49BC-8372-A138C14E8EDB_1_201_a-1024x580.jpeg?strip=info&#038;w=600&#038;ssl=1 600w,https:\/\/i0.wp.com\/denmark.wordcamp.org\/2023\/files\/2023\/06\/875686EC-6808-49BC-8372-A138C14E8EDB_1_201_a-1024x580.jpeg?strip=info&#038;w=900&#038;ssl=1 900w,https:\/\/i0.wp.com\/denmark.wordcamp.org\/2023\/files\/2023\/06\/875686EC-6808-49BC-8372-A138C14E8EDB_1_201_a-1024x580.jpeg?strip=info&#038;w=1200&#038;ssl=1 1200w,https:\/\/i0.wp.com\/denmark.wordcamp.org\/2023\/files\/2023\/06\/875686EC-6808-49BC-8372-A138C14E8EDB_1_201_a-1024x580.jpeg?strip=info&#038;w=1500&#038;ssl=1 1500w,https:\/\/i0.wp.com\/denmark.wordcamp.org\/2023\/files\/2023\/06\/875686EC-6808-49BC-8372-A138C14E8EDB_1_201_a-1024x580.jpeg?strip=info&#038;w=1800&#038;ssl=1 1800w,https:\/\/i0.wp.com\/denmark.wordcamp.org\/2023\/files\/2023\/06\/875686EC-6808-49BC-8372-A138C14E8EDB_1_201_a-1024x580.jpeg?strip=info&#038;w=2000&#038;ssl=1 2000w\" alt=\"\" data-height=\"1449\" data-id=\"1134\" data-link=\"https:\/\/denmark.wordcamp.org\/2023\/location\/875686ec-6808-49bc-8372-a138c14e8edb_1_201_a\/\" data-url=\"https:\/\/denmark.wordcamp.org\/2023\/files\/2023\/06\/875686EC-6808-49BC-8372-A138C14E8EDB_1_201_a-1024x580.jpeg\" data-width=\"2560\" src=\"https:\/\/i0.wp.com\/denmark.wordcamp.org\/2023\/files\/2023\/06\/875686EC-6808-49BC-8372-A138C14E8EDB_1_201_a-1024x580.jpeg?ssl=1\" data-amp-layout=\"responsive\" \/><\/figure><figure class=\"tiled-gallery__item\"><img decoding=\"async\" srcset=\"https:\/\/i2.wp.com\/denmark.wordcamp.org\/2023\/files\/2023\/06\/A4C8AE72-FE11-4F14-91A4-1AEA14007B82_1_201_a-1024x579.jpeg?strip=info&#038;w=600&#038;ssl=1 600w,https:\/\/i2.wp.com\/denmark.wordcamp.org\/2023\/files\/2023\/06\/A4C8AE72-FE11-4F14-91A4-1AEA14007B82_1_201_a-1024x579.jpeg?strip=info&#038;w=900&#038;ssl=1 900w,https:\/\/i2.wp.com\/denmark.wordcamp.org\/2023\/files\/2023\/06\/A4C8AE72-FE11-4F14-91A4-1AEA14007B82_1_201_a-1024x579.jpeg?strip=info&#038;w=1200&#038;ssl=1 1200w,https:\/\/i2.wp.com\/denmark.wordcamp.org\/2023\/files\/2023\/06\/A4C8AE72-FE11-4F14-91A4-1AEA14007B82_1_201_a-1024x579.jpeg?strip=info&#038;w=1500&#038;ssl=1 1500w,https:\/\/i2.wp.com\/denmark.wordcamp.org\/2023\/files\/2023\/06\/A4C8AE72-FE11-4F14-91A4-1AEA14007B82_1_201_a-1024x579.jpeg?strip=info&#038;w=1800&#038;ssl=1 1800w,https:\/\/i2.wp.com\/denmark.wordcamp.org\/2023\/files\/2023\/06\/A4C8AE72-FE11-4F14-91A4-1AEA14007B82_1_201_a-1024x579.jpeg?strip=info&#038;w=2000&#038;ssl=1 2000w\" alt=\"\" data-height=\"1448\" data-id=\"1135\" data-link=\"https:\/\/denmark.wordcamp.org\/2023\/location\/a4c8ae72-fe11-4f14-91a4-1aea14007b82_1_201_a\/\" data-url=\"https:\/\/denmark.wordcamp.org\/2023\/files\/2023\/06\/A4C8AE72-FE11-4F14-91A4-1AEA14007B82_1_201_a-1024x579.jpeg\" data-width=\"2560\" src=\"https:\/\/i2.wp.com\/denmark.wordcamp.org\/2023\/files\/2023\/06\/A4C8AE72-FE11-4F14-91A4-1AEA14007B82_1_201_a-1024x579.jpeg?ssl=1\" data-amp-layout=\"responsive\" \/><\/figure><\/div><div class=\"tiled-gallery__col\" style=\"flex-basis:44.88283%\"><figure class=\"tiled-gallery__item\"><img decoding=\"async\" srcset=\"https:\/\/i1.wp.com\/denmark.wordcamp.org\/2023\/files\/2023\/06\/BE8BA011-D875-4B0A-A854-6843878E62DC_1_201_a-731x1024.jpeg?strip=info&#038;w=600&#038;ssl=1 600w,https:\/\/i1.wp.com\/denmark.wordcamp.org\/2023\/files\/2023\/06\/BE8BA011-D875-4B0A-A854-6843878E62DC_1_201_a-731x1024.jpeg?strip=info&#038;w=900&#038;ssl=1 900w,https:\/\/i1.wp.com\/denmark.wordcamp.org\/2023\/files\/2023\/06\/BE8BA011-D875-4B0A-A854-6843878E62DC_1_201_a-731x1024.jpeg?strip=info&#038;w=1200&#038;ssl=1 1200w,https:\/\/i1.wp.com\/denmark.wordcamp.org\/2023\/files\/2023\/06\/BE8BA011-D875-4B0A-A854-6843878E62DC_1_201_a-731x1024.jpeg?strip=info&#038;w=1500&#038;ssl=1 1500w,https:\/\/i1.wp.com\/denmark.wordcamp.org\/2023\/files\/2023\/06\/BE8BA011-D875-4B0A-A854-6843878E62DC_1_201_a-731x1024.jpeg?strip=info&#038;w=1800&#038;ssl=1 1800w,https:\/\/i1.wp.com\/denmark.wordcamp.org\/2023\/files\/2023\/06\/BE8BA011-D875-4B0A-A854-6843878E62DC_1_201_a-731x1024.jpeg?strip=info&#038;w=1828&#038;ssl=1 1828w\" alt=\"\" data-height=\"2560\" data-id=\"1138\" data-link=\"https:\/\/denmark.wordcamp.org\/2023\/location\/be8ba011-d875-4b0a-a854-6843878e62dc_1_201_a\/\" data-url=\"https:\/\/denmark.wordcamp.org\/2023\/files\/2023\/06\/BE8BA011-D875-4B0A-A854-6843878E62DC_1_201_a-731x1024.jpeg\" data-width=\"1828\" src=\"https:\/\/i1.wp.com\/denmark.wordcamp.org\/2023\/files\/2023\/06\/BE8BA011-D875-4B0A-A854-6843878E62DC_1_201_a-731x1024.jpeg?ssl=1\" data-amp-layout=\"responsive\" \/><\/figure><\/div><\/div><\/div><\/div>\n\n\n\n<h2 class=\"wp-block-heading\" id=\"transport-og-parkering\">Transport og parkering<\/h2>\n\n\n\n<p><strong>Bybus<\/strong><\/p>\n\n\n\n<p>Tag linje 16 til Annebergvej eller linje 2 til Kastetvej.<\/p>\n\n\n\n<p><strong>Tog<\/strong><\/p>\n\n\n\n<p>St\u00e5 af toget ved Aalborg Vestby n\u00e6rbanestation. Herfra er der ca. 1 km. gang til&nbsp;Aalborg Portland Park&nbsp;ad Kastetvej Parkering.<\/p>\n\n\n\n<p><strong>Bil<\/strong><\/p>\n\n\n\n<p>P\u00e5 kortet kan du se de offentligt tilg\u00e6ngelige parkeringspladser og andet relevant i omr\u00e5det omkring&nbsp;Aalborg Portland Park.<\/p>\n\n\n\n<p>I \u00f8vrigt henviser vi til&nbsp;<a href=\"http:\/\/www.cwobel-ejendomme.dk\/ledige-lejemaal\/parkering-og-detail\/badehusvej-5-aalborg-p-hus-ledig\" target=\"_blank\" rel=\"noreferrer noopener\"><strong>C.W. Obel P-Hus<\/strong>,<\/a>&nbsp;som du finder p\u00e5 adressen Badehusvej 5, 9000 Aalborg.&nbsp;Herfra er der 10 min. gang til Aalborg Portland Park.<\/p>\n","protected":false},"excerpt":{"rendered":"<p>Aalborg Portland Park WordCamp Denmark 2023 bliver afholdt p\u00e5 Aalborg Portland Park, der til daglig er hjemmebane for AaB fodbold. Vi skal ikke p\u00e5 banen, men bruger publikumsbokse og de faciliteter, der h\u00f8rer dertil. Men der vil v\u00e6re masser af mulighed for at se ud over gr\u00f8nsv\u00e6ren, da n\u00e6sten alle lokaler har store vinduer i [&hellip;]<\/p>\n","protected":false},"author":2352283,"featured_media":0,"parent":0,"menu_order":0,"comment_status":"closed","ping_status":"closed","template":"","meta":{"advanced_seo_description":"","jetpack_seo_html_title":"","jetpack_seo_noindex":false,"jetpack_post_was_ever_published":false,"footnotes":""},"class_list":["post-11","page","type-page","status-publish","hentry"],"jetpack_sharing_enabled":true,"jetpack_likes_enabled":false,"jetpack_shortlink":"https:\/\/wp.me\/PeCbfU-b","_links":{"self":[{"href":"https:\/\/denmark.wordcamp.org\/2023\/wp-json\/wp\/v2\/pages\/11","targetHints":{"allow":["GET"]}}],"collection":[{"href":"https:\/\/denmark.wordcamp.org\/2023\/wp-json\/wp\/v2\/pages"}],"about":[{"href":"https:\/\/denmark.wordcamp.org\/2023\/wp-json\/wp\/v2\/types\/page"}],"author":[{"embeddable":true,"href":"https:\/\/denmark.wordcamp.org\/2023\/wp-json\/wp\/v2\/users\/2352283"}],"replies":[{"embeddable":true,"href":"https:\/\/denmark.wordcamp.org\/2023\/wp-json\/wp\/v2\/comments?post=11"}],"version-history":[{"count":7,"href":"https:\/\/denmark.wordcamp.org\/2023\/wp-json\/wp\/v2\/pages\/11\/revisions"}],"predecessor-version":[{"id":1147,"href":"https:\/\/denmark.wordcamp.org\/2023\/wp-json\/wp\/v2\/pages\/11\/revisions\/1147"}],"wp:attachment":[{"href":"https:\/\/denmark.wordcamp.org\/2023\/wp-json\/wp\/v2\/media?parent=11"}],"curies":[{"name":"wp","href":"https:\/\/api.w.org\/{rel}","templated":true}]}}