{"id":623,"date":"2023-05-25T21:23:00","date_gmt":"2023-05-25T19:23:00","guid":{"rendered":"https:\/\/denmark.wordcamp.org\/2023\/?page_id=623"},"modified":"2023-05-25T21:29:59","modified_gmt":"2023-05-25T19:29:59","slug":"event","status":"publish","type":"page","link":"https:\/\/denmark.wordcamp.org\/2023\/event\/","title":{"rendered":"Om WordCamp Denmark"},"content":{"rendered":"\n<p>WordCamp Denmark er det n\u00e6rmeste vi kommer en national, officiel WordPress konference.<\/p>\n\n\n\n<p>WordCamps er et begreb, der bruges globalt om regionale og lokale arrangementer, hvor WordPress-interesserede kan m\u00f8des, udveksle erfaringer og skabe netv\u00e6rk.<\/p>\n\n\n\n<p>Udover lokale Wordcamps findes der ogs\u00e5 regionale som fx WordCamp EU, WordCamp US og WordCamp Asia, der samler flere tusinde mennesker..<\/p>\n\n\n\n<p>Du kan se de kommende Wordcamps p\u00e5 <a href=\"https:\/\/central.wordcamp.org\/ \">https:\/\/central.wordcamp.org\/ <\/a><\/p>\n","protected":false},"excerpt":{"rendered":"<p>WordCamp Denmark er det n\u00e6rmeste vi kommer en national, officiel WordPress konference. WordCamps er et begreb, der bruges globalt om regionale og lokale arrangementer, hvor WordPress-interesserede kan m\u00f8des, udveksle erfaringer og skabe netv\u00e6rk. Udover lokale Wordcamps findes der ogs\u00e5 regionale som fx WordCamp EU, WordCamp US og WordCamp Asia, der samler flere tusinde mennesker.. Du [&hellip;]<\/p>\n","protected":false},"author":2352283,"featured_media":0,"parent":0,"menu_order":0,"comment_status":"closed","ping_status":"closed","template":"","meta":{"advanced_seo_description":"","jetpack_seo_html_title":"","jetpack_seo_noindex":false,"jetpack_post_was_ever_published":false,"footnotes":""},"class_list":["post-623","page","type-page","status-publish","hentry"],"jetpack_sharing_enabled":true,"jetpack_likes_enabled":false,"jetpack_shortlink":"https:\/\/wp.me\/PeCbfU-a3","_links":{"self":[{"href":"https:\/\/denmark.wordcamp.org\/2023\/wp-json\/wp\/v2\/pages\/623","targetHints":{"allow":["GET"]}}],"collection":[{"href":"https:\/\/denmark.wordcamp.org\/2023\/wp-json\/wp\/v2\/pages"}],"about":[{"href":"https:\/\/denmark.wordcamp.org\/2023\/wp-json\/wp\/v2\/types\/page"}],"author":[{"embeddable":true,"href":"https:\/\/denmark.wordcamp.org\/2023\/wp-json\/wp\/v2\/users\/2352283"}],"replies":[{"embeddable":true,"href":"https:\/\/denmark.wordcamp.org\/2023\/wp-json\/wp\/v2\/comments?post=623"}],"version-history":[{"count":4,"href":"https:\/\/denmark.wordcamp.org\/2023\/wp-json\/wp\/v2\/pages\/623\/revisions"}],"predecessor-version":[{"id":628,"href":"https:\/\/denmark.wordcamp.org\/2023\/wp-json\/wp\/v2\/pages\/623\/revisions\/628"}],"wp:attachment":[{"href":"https:\/\/denmark.wordcamp.org\/2023\/wp-json\/wp\/v2\/media?parent=623"}],"curies":[{"name":"wp","href":"https:\/\/api.w.org\/{rel}","templated":true}]}}