{"id":9,"date":"2023-02-23T09:20:45","date_gmt":"2023-02-23T08:20:45","guid":{"rendered":"https:\/\/denmark.wordcamp.org\/2023\/sessions\/"},"modified":"2023-06-24T12:11:04","modified_gmt":"2023-06-24T10:11:04","slug":"sessions","status":"publish","type":"page","link":"https:\/\/denmark.wordcamp.org\/2023\/sessions\/","title":{"rendered":"Sessions"},"content":{"rendered":"<ul class=\"wordcamp-block wordcamp-post-list has-layout-list wordcamp-sessions\"><li class=\"wordcamp-post-list__post wordcamp-clearfix\">\n<div class=\"wordcamp-session wordcamp-sessions__post slug-aabne-medier-og-ophavsret-faa-styr-paa-det-og-faa-flere-muligheder\">\n\t<h3 class=\"wordcamp-block__item-title wordcamp-sessions__title\"><a href=\"https:\/\/denmark.wordcamp.org\/2023\/session\/aabne-medier-og-ophavsret-faa-styr-paa-det-og-faa-flere-muligheder\/\">\u00c5bne medier og ophavsret &#8211; f\u00e5 styr p\u00e5 det &#8211; og f\u00e5 flere muligheder<\/a><\/h3>\n\t\n\t\t<p class=\"wordcamp-sessions__speakers\">\n\t\t\tPr\u00e6senteret af <a href=\"https:\/\/denmark.wordcamp.org\/2023\/speaker\/peter-leth\/\">Peter Leth<\/a>\t\t<\/p>\n\t\n\t\n\t\t\t<div class=\"wordcamp-block__item-content wordcamp-sessions__content is-excerpt\"><p>I mit opl\u00e6g vil jeg gerne give et par bud p\u00e5 hvordan \u00e5bne licenser og v\u00e6rkt\u00f8jer kan underst\u00f8tte dine ideer og behov. Med afs\u00e6t i siderne Medier for Alle og Tools for Alle samt siden Openverse.org fokuserer vi p\u00e5 hvordan du kan anvende \u00e5bne medier trygt, enkelt og effektivt.<\/p>\n<\/div>\t\n\t<\/div>\n\n<\/li><li class=\"wordcamp-post-list__post wordcamp-clearfix\">\n<div class=\"wordcamp-session wordcamp-sessions__post slug-digitalisering-med-wordpress-som-kernen-i-din-organisation\">\n\t<h3 class=\"wordcamp-block__item-title wordcamp-sessions__title\"><a href=\"https:\/\/denmark.wordcamp.org\/2023\/session\/digitalisering-med-wordpress-som-kernen-i-din-organisation\/\">Digitalisering med WordPress som kernen i din organisation.<\/a><\/h3>\n\t\n\t\t<p class=\"wordcamp-sessions__speakers\">\n\t\t\tPr\u00e6senteret af <a href=\"https:\/\/denmark.wordcamp.org\/2023\/speaker\/soeren-jensen\/\">S\u00f8ren Jensen<\/a>\t\t<\/p>\n\t\n\t\n\t\t\t<div class=\"wordcamp-block__item-content wordcamp-sessions__content is-excerpt\"><p>Digitalisering af virksomheder er afg\u00f8rende i dagens teknologiske landskab. Ved at udnytte automatiseringer og integrationer kan du \u00f8ge effektiviteten, forbedre kundeoplevelsen og optimere dine forretningsprocesser. Et kraftfuldt v\u00e6rkt\u00f8j til at opn\u00e5 dette er WordPress, en alsidig og brugervenlig platform. I mit opl\u00e6g vil vi udforske, hvordan du kan digitalisere din virksomhed eller organisation ved hj\u00e6lp &hellip; <\/p>\n<\/div>\t\n\t<\/div>\n\n<\/li><li class=\"wordcamp-post-list__post wordcamp-clearfix\">\n<div class=\"wordcamp-session wordcamp-sessions__post slug-faa-en-roligere-nattesoevn-ved-at-vaelge-dine-ulemper-frem-for-dine-fordele\">\n\t<h3 class=\"wordcamp-block__item-title wordcamp-sessions__title\"><a href=\"https:\/\/denmark.wordcamp.org\/2023\/session\/faa-en-roligere-nattesoevn-ved-at-vaelge-dine-ulemper-frem-for-dine-fordele\/\">F\u00e5 en roligere nattes\u00f8vn ved at v\u00e6lge dine ulemper frem for dine fordele<\/a><\/h3>\n\t\n\t\t<p class=\"wordcamp-sessions__speakers\">\n\t\t\tPr\u00e6senteret af <a href=\"https:\/\/denmark.wordcamp.org\/2023\/speaker\/yan-knudtskov\/\">Yan Knudtskov<\/a>\t\t<\/p>\n\t\n\t\n\t\t\t<div class=\"wordcamp-block__item-content wordcamp-sessions__content is-excerpt\"><p>F\u00e5 en roligere nattes\u00f8vn ved at v\u00e6lge dine ulemper frem for dine fordele En god nattes\u00f8vn er afg\u00f8rende for vores helbred og velv\u00e6re. Det vil hvem som helst nikke anerkendende til. M\u00e5ske kender du tanken ift. en kunde, et projekt eller opgave hvor du forestiller dig pengeposen, den potentielle positive omtale, at kunne f\u00e5 kunden &hellip; <\/p>\n<\/div>\t\n\t<\/div>\n\n<\/li><li class=\"wordcamp-post-list__post wordcamp-clearfix\">\n<div class=\"wordcamp-session wordcamp-sessions__post slug-generative-ai-vaerktoejer-som-hjaelp-til-kommunikation-og-kreativitet\">\n\t<h3 class=\"wordcamp-block__item-title wordcamp-sessions__title\"><a href=\"https:\/\/denmark.wordcamp.org\/2023\/session\/generative-ai-vaerktoejer-som-hjaelp-til-kommunikation-og-kreativitet\/\">Generative AI-v\u00e6rkt\u00f8jer som hj\u00e6lp til kommunikation og kreativitet<\/a><\/h3>\n\t\n\t\t<p class=\"wordcamp-sessions__speakers\">\n\t\t\tPr\u00e6senteret af <a href=\"https:\/\/denmark.wordcamp.org\/2023\/speaker\/mariabenedikte\/\">Maria Benedikte<\/a>\t\t<\/p>\n\t\n\t\n\t\t\t<div class=\"wordcamp-block__item-content wordcamp-sessions__content is-excerpt\"><p>Jeg har et opl\u00e6g der handler om Generative AI-v\u00e6rkt\u00f8jer. Hvordan kan du bruge dem til at sk\u00e6rpe din kommunikation og til at blive endnu mere kreativ. Jeg viser mulighederne i ChatGPT og Midjourney.<\/p>\n<\/div>\t\n\t<\/div>\n\n<\/li><li class=\"wordcamp-post-list__post wordcamp-clearfix\">\n<div class=\"wordcamp-session wordcamp-sessions__post slug-it-takes-a-village-opbygning-af-aktive-faellesskaber\">\n\t<h3 class=\"wordcamp-block__item-title wordcamp-sessions__title\"><a href=\"https:\/\/denmark.wordcamp.org\/2023\/session\/it-takes-a-village-opbygning-af-aktive-faellesskaber\/\">It takes a village -opbygning af aktive f\u00e6llesskaber<\/a><\/h3>\n\t\n\t\t<p class=\"wordcamp-sessions__speakers\">\n\t\t\tPr\u00e6senteret af <a href=\"https:\/\/denmark.wordcamp.org\/2023\/speaker\/morten-ellegaard\/\">Morten Ellegaard<\/a>\t\t<\/p>\n\t\n\t\n\t\t\t<div class=\"wordcamp-block__item-content wordcamp-sessions__content is-excerpt\"><p>Aktive Meetup grupper er rygraden i WordPress f\u00e6llesskaber. Ligesom lokalafdelinger i sports- og fritidsaktiviter er det i de sm\u00e5 lokalafdelinger, det hele starter. Kald det rekrutering, ledelsesudvikling eller f\u00f8dek\u00e6de &#8211; uden det f\u00f8rste niveau sker der ikke mere. S\u00e5 hvordan starter man en lokal gruppe op, hvordan holder man den igang?<\/p>\n<\/div>\t\n\t<\/div>\n\n<\/li><li class=\"wordcamp-post-list__post wordcamp-clearfix\">\n<div class=\"wordcamp-session wordcamp-sessions__post slug-dato-eller-kaereste-en-oversaetters-kvaler-uden-kontekst\">\n\t<h3 class=\"wordcamp-block__item-title wordcamp-sessions__title\"><a href=\"https:\/\/denmark.wordcamp.org\/2023\/session\/dato-eller-kaereste-en-oversaetters-kvaler-uden-kontekst\/\">Make WordPress &#8211; Polyglots<\/a><\/h3>\n\t\n\t\t<p class=\"wordcamp-sessions__speakers\">\n\t\t\tPr\u00e6senteret af <a href=\"https:\/\/denmark.wordcamp.org\/2023\/speaker\/mark-thomas-gazel\/\">Mark Thomas Gazel<\/a>\t\t<\/p>\n\t\n\t\n\t\t\t<div class=\"wordcamp-block__item-content wordcamp-sessions__content is-excerpt\"><p>Hvorfor overs\u00e6tte WordPress? Det er et stort arbejde, og kan vi ikke alle alligevel tale flydende engelsk? Det vil jeg pr\u00f8ve at besvare. Derudover vil jeg gennemg\u00e5 de udfordringer, der er ved at overs\u00e6tte software med mange &#8211; til lejligheden &#8211; opfundne ord og en del engelske ord, der ikke kan overs\u00e6ttes. Der gives ogs\u00e5 &hellip; <\/p>\n<\/div>\t\n\t<\/div>\n\n<\/li><li class=\"wordcamp-post-list__post wordcamp-clearfix\">\n<div class=\"wordcamp-session wordcamp-sessions__post slug-practical-techniques-for-sustainable-web-development\">\n\t<h3 class=\"wordcamp-block__item-title wordcamp-sessions__title\"><a href=\"https:\/\/denmark.wordcamp.org\/2023\/session\/practical-techniques-for-sustainable-web-development\/\">Practical techniques for sustainable web development<\/a><\/h3>\n\t\n\t\t<p class=\"wordcamp-sessions__speakers\">\n\t\t\tPr\u00e6senteret af <a href=\"https:\/\/denmark.wordcamp.org\/2023\/speaker\/bjarne-oldrup\/\">Bjarne Oldrup<\/a>\t\t<\/p>\n\t\n\t\n\t\t\t<div class=\"wordcamp-block__item-content wordcamp-sessions__content is-excerpt\"><p>This presentation is aimed at developers and owners of WordPress websites who are interested in measuring and reducing their website&#039;s carbon footprint. We will cover the following topics: \u00b7 How to objectively measure the carbon footprint of websites. \u00b7 How to identify the biggest culprits. \u00b7 How to optimise content such as video, audio, images, &hellip; <\/p>\n<\/div>\t\n\t<\/div>\n\n<\/li><li class=\"wordcamp-post-list__post wordcamp-clearfix\">\n<div class=\"wordcamp-session wordcamp-sessions__post slug-saadan-bliver-hjemmesiden-emotionelt-engagerende\">\n\t<h3 class=\"wordcamp-block__item-title wordcamp-sessions__title\"><a href=\"https:\/\/denmark.wordcamp.org\/2023\/session\/saadan-bliver-hjemmesiden-emotionelt-engagerende\/\">S\u00e5dan bliver hjemmesiden emotionelt engagerende<\/a><\/h3>\n\t\n\t\t<p class=\"wordcamp-sessions__speakers\">\n\t\t\tPr\u00e6senteret af <a href=\"https:\/\/denmark.wordcamp.org\/2023\/speaker\/sanne-dollerup\/\">Sanne Dollerup<\/a>\t\t<\/p>\n\t\n\t\n\t\t\t<div class=\"wordcamp-block__item-content wordcamp-sessions__content is-excerpt\"><p>Med udgangspunkt i segmenteringsv\u00e6rkt\u00f8jet: \u201dEmotionelle Kundetyper\u201d forklarer Sanne Dollerup, hvordan hjemmesider bliver f\u00f8lelsesm\u00e6ssigt engagerende, s\u00e5 de bes\u00f8gende bliver l\u00e6ngere og k\u00f8ber mere. Det handler om, at hjemmesider skal designes, s\u00e5 de konsekvent kommunikerer til \u00e9n kundetyper, og derved fremkalder en (ubevidst) emotionel reaktion. Det g\u00f8res blandt andet ved at udv\u00e6lge bestemte ord, tekst, grafik og &hellip; <\/p>\n<\/div>\t\n\t<\/div>\n\n<\/li><li class=\"wordcamp-post-list__post wordcamp-clearfix\">\n<div class=\"wordcamp-session wordcamp-sessions__post slug-saadan-kan-du-bruge-din-hjemmeside-til-en-medlemsklub\">\n\t<h3 class=\"wordcamp-block__item-title wordcamp-sessions__title\"><a href=\"https:\/\/denmark.wordcamp.org\/2023\/session\/saadan-kan-du-bruge-din-hjemmeside-til-en-medlemsklub\/\">S\u00e5dan kan du bruge din hjemmeside til en medlemsklub<\/a><\/h3>\n\t\n\t\t<p class=\"wordcamp-sessions__speakers\">\n\t\t\tPr\u00e6senteret af <a href=\"https:\/\/denmark.wordcamp.org\/2023\/speaker\/jette-droeger\/\">Jette Dr\u00f8ger<\/a>\t\t<\/p>\n\t\n\t\n\t\t\t<div class=\"wordcamp-block__item-content wordcamp-sessions__content is-excerpt\"><p>Glem alt om Thinkific, Simplero og EasyMe hvis du dr\u00f8mmer om at lave en medlemsklub. Du kan bruge din egen hjemmeside. Medlemklubber\/abonnementsforretninger er det nye sort i mange brancher og det er let at v\u00e6lge en f\u00e6rdig platform &#8211; og s\u00e5 linke over til den fra din hjemmeside. Men hvorfor, hvis du allerede har en &hellip; <\/p>\n<\/div>\t\n\t<\/div>\n\n<\/li><li class=\"wordcamp-post-list__post wordcamp-clearfix\">\n<div class=\"wordcamp-session wordcamp-sessions__post slug-skalering-paa-budget-med-woocommerce-til-stjernerne\">\n\t<h3 class=\"wordcamp-block__item-title wordcamp-sessions__title\"><a href=\"https:\/\/denmark.wordcamp.org\/2023\/session\/skalering-paa-budget-med-woocommerce-til-stjernerne\/\">Skalering p\u00e5 budget &#8211; med WooCommerce til stjernerne<\/a><\/h3>\n\t\n\t\t<p class=\"wordcamp-sessions__speakers\">\n\t\t\tPr\u00e6senteret af <a href=\"https:\/\/denmark.wordcamp.org\/2023\/speaker\/thomas-wittenburg\/\">Thomas Wittenburg<\/a>\t\t<\/p>\n\t\n\t\n\t\t\t<div class=\"wordcamp-block__item-content wordcamp-sessions__content is-excerpt\"><p>L\u00e6nge f\u00f8r Dash Two hed Dash Two, startede vi vores f\u00f8rste WooCoommerce-platform p\u00e5 merchcity.com Det er en handels- og markedplads for is\u00e6r kreative. Over \u00e5rene er platformen vokset, og i dag k\u00f8rer vi p\u00e5 en kontinu\u00e9rlig udbygning af platformens version 2, og vi har bygget flere platforme til. Vi kommer omkring hvorfor &quot;godt nok&quot; ofte &hellip; <\/p>\n<\/div>\t\n\t<\/div>\n\n<\/li><li class=\"wordcamp-post-list__post wordcamp-clearfix\">\n<div class=\"wordcamp-session wordcamp-sessions__post slug-tal-til-hulemanden-online\">\n\t<h3 class=\"wordcamp-block__item-title wordcamp-sessions__title\"><a href=\"https:\/\/denmark.wordcamp.org\/2023\/session\/tal-til-hulemanden-online\/\">Tal til hulemanden online<\/a><\/h3>\n\t\n\t\t<p class=\"wordcamp-sessions__speakers\">\n\t\t\tPr\u00e6senteret af <a href=\"https:\/\/denmark.wordcamp.org\/2023\/speaker\/jens-balle\/\">Jens Balle<\/a>\t\t<\/p>\n\t\n\t\n\t\t\t<div class=\"wordcamp-block__item-content wordcamp-sessions__content is-excerpt\"><p>Vi er alle curlingb\u00f8rn n\u00e5r vi er online. Det skal v\u00e6re nemt og vi vil ikke have forhindringer. Det skal du huske p\u00e5 n\u00e5r du designer, for s\u00e5 vil det p\u00e5virke din konverteringsrate positivt &#8211; det g\u00e6lder for b\u00e5de B2C og B2B, for i virkeligheden er det hele H2H (Hulemand til Hulemand). Med udgangspunkt i &hellip; <\/p>\n<\/div>\t\n\t<\/div>\n\n<\/li><li class=\"wordcamp-post-list__post wordcamp-clearfix\">\n<div class=\"wordcamp-session wordcamp-sessions__post slug-wordpress-climate-change-and-what-to-do-about-it\">\n\t<h3 class=\"wordcamp-block__item-title wordcamp-sessions__title\"><a href=\"https:\/\/denmark.wordcamp.org\/2023\/session\/wordpress-climate-change-and-what-to-do-about-it\/\">WordPress, Climate Change and what to do about it<\/a><\/h3>\n\t\n\t\t<p class=\"wordcamp-sessions__speakers\">\n\t\t\tPr\u00e6senteret af <a href=\"https:\/\/denmark.wordcamp.org\/2023\/speaker\/simon-kraft\/\">Simon Kraft<\/a>\t\t<\/p>\n\t\n\t\n\t\t\t<div class=\"wordcamp-block__item-content wordcamp-sessions__content is-excerpt\"><p>Every time, you load a website \u2014 even this one \u2014 a certain amount of carbon is emitted to the atmosphere. These emissions are tied to the amount of energy consumed in the process of delivering the websites content to your browser. Let\u2019s explore options for both, reducing your own websites greenhouse gas emissions and &hellip; <\/p>\n<\/div>\t\n\t<\/div>\n\n<\/li><\/ul>","protected":false},"excerpt":{"rendered":"","protected":false},"author":2352283,"featured_media":0,"parent":0,"menu_order":0,"comment_status":"closed","ping_status":"closed","template":"","meta":{"advanced_seo_description":"","jetpack_seo_html_title":"","jetpack_seo_noindex":false,"jetpack_post_was_ever_published":false,"footnotes":""},"class_list":["post-9","page","type-page","status-publish","hentry"],"jetpack_sharing_enabled":true,"jetpack_likes_enabled":false,"jetpack_shortlink":"https:\/\/wp.me\/PeCbfU-9","_links":{"self":[{"href":"https:\/\/denmark.wordcamp.org\/2023\/wp-json\/wp\/v2\/pages\/9","targetHints":{"allow":["GET"]}}],"collection":[{"href":"https:\/\/denmark.wordcamp.org\/2023\/wp-json\/wp\/v2\/pages"}],"about":[{"href":"https:\/\/denmark.wordcamp.org\/2023\/wp-json\/wp\/v2\/types\/page"}],"author":[{"embeddable":true,"href":"https:\/\/denmark.wordcamp.org\/2023\/wp-json\/wp\/v2\/users\/2352283"}],"replies":[{"embeddable":true,"href":"https:\/\/denmark.wordcamp.org\/2023\/wp-json\/wp\/v2\/comments?post=9"}],"version-history":[{"count":3,"href":"https:\/\/denmark.wordcamp.org\/2023\/wp-json\/wp\/v2\/pages\/9\/revisions"}],"predecessor-version":[{"id":1080,"href":"https:\/\/denmark.wordcamp.org\/2023\/wp-json\/wp\/v2\/pages\/9\/revisions\/1080"}],"wp:attachment":[{"href":"https:\/\/denmark.wordcamp.org\/2023\/wp-json\/wp\/v2\/media?parent=9"}],"curies":[{"name":"wp","href":"https:\/\/api.w.org\/{rel}","templated":true}]}}